{"id":9748,"date":"2017-01-04T13:22:56","date_gmt":"2017-01-04T16:22:56","guid":{"rendered":"https:\/\/www.orlandia.sp.gov.br\/novo\/?page_id=9748"},"modified":"2017-01-31T16:15:57","modified_gmt":"2017-01-31T19:15:57","slug":"jornal-oficial-de-orlandia-janeiro-de-2017","status":"publish","type":"page","link":"https:\/\/www.orlandia.sp.gov.br\/novo\/jornal-oficial-de-orlandia-janeiro-de-2017","title":{"rendered":"Jornal Oficial de Orl\u00e2ndia &#8211; Janeiro de 2017"},"content":{"rendered":"<p><a href=\"https:\/\/www.orlandia.sp.gov.br\/novo\/wp-content\/uploads\/2017\/01\/Jornal-Oficial-Orl\u00e2ndia-31-01-2017-EDI\u00c7\u00c3O-EXTRAORDIN\u00c1RIA.pdf\">&gt;&gt; Edi\u00e7\u00e3o 172 de 31 de Janeiro de 2017 &#8211; Edi\u00e7\u00e3o Extraordin\u00e1ria<\/a><\/p>\n<p><a href=\"https:\/\/www.orlandia.sp.gov.br\/novo\/wp-content\/uploads\/2017\/01\/Jornal-Oficial-Orl\u00e2ndia-31-01-2017.pdf\" target=\"_blank\">&gt;&gt; Edi\u00e7\u00e3o 171 de 31 de Janeiro de 2017<\/a><\/p>\n<p><a href=\"https:\/\/www.orlandia.sp.gov.br\/novo\/wp-content\/uploads\/2017\/01\/Jornal-Oficial-Orl\u00e2ndia-30-01-2017-EDI\u00c7\u00c3O-EXTRAORDIN\u00c1RIA.pdf\" target=\"_blank\">&gt;&gt; Edi\u00e7\u00e3o 170 de 30 de Janeiro de 2017 &#8211; Edi\u00e7\u00e3o Extraordin\u00e1ria<\/a><\/p>\n<p><a href=\"https:\/\/www.orlandia.sp.gov.br\/novo\/wp-content\/uploads\/2017\/01\/Jornal-Oficial-Orl\u00e2ndia-27-01-2017-EDI\u00c7\u00c3O-EXTRAORDIN\u00c1RIA.pdf\" target=\"_blank\">&gt;&gt; Edi\u00e7\u00e3o 169 de 27 de Janeiro de 2017 &#8211; Edi\u00e7\u00e3o Extraordin\u00e1ria<\/a><\/p>\n<p><a href=\"https:\/\/www.orlandia.sp.gov.br\/novo\/wp-content\/uploads\/2017\/01\/Jornal-Oficial-Orl\u00e2ndia-27-01-2017.pdf\" target=\"_blank\">&gt;&gt; Edi\u00e7\u00e3o 168 de 27 de Janeiro de 2017<\/a><\/p>\n<p><a href=\"https:\/\/www.orlandia.sp.gov.br\/novo\/wp-content\/uploads\/2017\/01\/Jornal-Oficial-Orl\u00e2ndia-26-01-2017-EDI\u00c7\u00c3O-EXTRAORDIN\u00c1RIA.pdf\" target=\"_blank\">&gt;&gt; Edi\u00e7\u00e3o 167 de 26 de Janeiro de 2017 &#8211; Edi\u00e7\u00e3o Extraordin\u00e1ria<\/a><\/p>\n<p><a href=\"https:\/\/www.orlandia.sp.gov.br\/novo\/wp-content\/uploads\/2017\/01\/Jornal-Oficial-Orl\u00e2ndia-25-01-2017-EDI\u00c7\u00c3O-EXTRAORDIN\u00c1RIA.pdf\" target=\"_blank\">&gt;&gt; Edi\u00e7\u00e3o 166 de 25 de Janeiro de 2017 &#8211; Edi\u00e7\u00e3o Extraordin\u00e1ria<\/a><\/p>\n<p><a href=\"https:\/\/www.orlandia.sp.gov.br\/novo\/wp-content\/uploads\/2017\/01\/Jornal-Oficial-Orl\u00e2ndia-24-01-2017-EDI\u00c7\u00c3O-EXTRAORDIN\u00c1RIA.pdf\" target=\"_blank\">&gt;&gt; Edi\u00e7\u00e3o 165 de 24 de Janeiro de 2017 &#8211; Edi\u00e7\u00e3o Extraordin\u00e1ria<\/a><\/p>\n<p><a href=\"https:\/\/www.orlandia.sp.gov.br\/novo\/wp-content\/uploads\/2017\/01\/Jornal-Oficial-Orl\u00e2ndia-24-01-2017.pdf\" target=\"_blank\">&gt;&gt; Edi\u00e7\u00e3o 164 de 24 de Janeiro de 2017<\/a><\/p>\n<p><a href=\"https:\/\/www.orlandia.sp.gov.br\/novo\/wp-content\/uploads\/2017\/01\/Jornal-Oficial-Orl\u00e2ndia-23-01-2017-EDI\u00c7\u00c3O-EXTRAORDIN\u00c1RIA.pdf\" target=\"_blank\">&gt;&gt; Edi\u00e7\u00e3o 163 de 23 de Janeiro de 2017 &#8211; Edi\u00e7\u00e3o Extraordin\u00e1ria<\/a><\/p>\n<p><a href=\"https:\/\/www.orlandia.sp.gov.br\/novo\/wp-content\/uploads\/2017\/01\/Jornal-Oficial-Orl\u00e2ndia-20-01-2017-EDI\u00c7\u00c3O-EXTRAORDIN\u00c1RIA.pdf\" target=\"_blank\">&gt;&gt; Edi\u00e7\u00e3o 162 de 20 de Janeiro de 2017 &#8211; Edi\u00e7\u00e3o Extraordin\u00e1ria<\/a><\/p>\n<p><a href=\"https:\/\/www.orlandia.sp.gov.br\/novo\/wp-content\/uploads\/2017\/01\/Jornal-Oficial-Orl\u00e2ndia-20-01-2017.pdf\" target=\"_blank\">&gt;&gt; Edi\u00e7\u00e3o 161 de 20 de Janeiro de 2017<\/a><\/p>\n<p><a href=\"https:\/\/www.orlandia.sp.gov.br\/novo\/wp-content\/uploads\/2017\/01\/Jornal-Oficial-Orl\u00e2ndia-17-01-2017.pdf\" target=\"_blank\">&gt;&gt; Edi\u00e7\u00e3o 160 de 17 de Janeiro de 2017<\/a><\/p>\n<p><a href=\"https:\/\/www.orlandia.sp.gov.br\/novo\/wp-content\/uploads\/2017\/01\/Jornal-Oficial-Orl\u00e2ndia-13-01-2017.pdf\" target=\"_blank\">&gt;&gt; Edi\u00e7\u00e3o 159 de 13 de Janeiro de 2017<\/a><\/p>\n<p><a href=\"https:\/\/www.orlandia.sp.gov.br\/novo\/wp-content\/uploads\/2017\/01\/Jornal-Oficial-Orl\u00e2ndia-10-01-2017.pdf\" target=\"_blank\">&gt;&gt; Edi\u00e7\u00e3o 158 de 10 de Janeiro de 2017<\/a><\/p>\n<p><a href=\"https:\/\/www.orlandia.sp.gov.br\/novo\/wp-content\/uploads\/2017\/01\/Jornal-Oficial-Orl\u00e2ndia-06-01-2017.pdf\" target=\"_blank\">&gt;&gt; Edi\u00e7\u00e3o 157 de 06 de Janeiro de 2017<\/a><\/p>\n<p><a href=\"https:\/\/www.orlandia.sp.gov.br\/novo\/wp-content\/uploads\/2017\/01\/Jornal-Oficial-Orl\u00e2ndia-05-01-2017-1.pdf\" target=\"_blank\">&gt;&gt; Edi\u00e7\u00e3o 156 de 05 de Janeiro de 2017 &#8211; Edi\u00e7\u00e3o Extraordin\u00e1ria<\/a><\/p>\n<p>&nbsp;<\/p>\n","protected":false},"excerpt":{"rendered":"<p>&gt;&gt; Edi\u00e7\u00e3o 172 de 31 de Janeiro de 2017 &#8211; Edi\u00e7\u00e3o Extraordin\u00e1ria &gt;&gt; Edi\u00e7\u00e3o 171 de 31 de Janeiro de<\/p>\n","protected":false},"author":1,"featured_media":0,"parent":0,"menu_order":0,"comment_status":"closed","ping_status":"closed","template":"","meta":{"ngg_post_thumbnail":0,"footnotes":""},"magazineBlocksPostFeaturedMedia":{"thumbnail":false,"medium":false,"medium_large":false,"large":false,"1536x1536":false,"2048x2048":false,"colormag-highlighted-post":false,"colormag-featured-post-medium":false,"colormag-featured-post-small":false,"colormag-featured-image":false,"colormag-default-news":false,"colormag-featured-image-large":false},"magazineBlocksPostAuthor":{"name":"admin","avatar":"https:\/\/secure.gravatar.com\/avatar\/5140b312f1bcbe8516bfaa79917f11b3?s=96&d=mm&r=g"},"magazineBlocksPostCommentsNumber":false,"magazineBlocksPostExcerpt":"&gt;&gt; Edi\u00e7\u00e3o 172 de 31 de Janeiro de 2017 &#8211; Edi\u00e7\u00e3o Extraordin\u00e1ria &gt;&gt; Edi\u00e7\u00e3o 171 de 31 de Janeiro de","magazineBlocksPostCategories":[],"_links":{"self":[{"href":"https:\/\/www.orlandia.sp.gov.br\/novo\/wp-json\/wp\/v2\/pages\/9748"}],"collection":[{"href":"https:\/\/www.orlandia.sp.gov.br\/novo\/wp-json\/wp\/v2\/pages"}],"about":[{"href":"https:\/\/www.orlandia.sp.gov.br\/novo\/wp-json\/wp\/v2\/types\/page"}],"author":[{"embeddable":true,"href":"https:\/\/www.orlandia.sp.gov.br\/novo\/wp-json\/wp\/v2\/users\/1"}],"replies":[{"embeddable":true,"href":"https:\/\/www.orlandia.sp.gov.br\/novo\/wp-json\/wp\/v2\/comments?post=9748"}],"version-history":[{"count":35,"href":"https:\/\/www.orlandia.sp.gov.br\/novo\/wp-json\/wp\/v2\/pages\/9748\/revisions"}],"predecessor-version":[{"id":10042,"href":"https:\/\/www.orlandia.sp.gov.br\/novo\/wp-json\/wp\/v2\/pages\/9748\/revisions\/10042"}],"wp:attachment":[{"href":"https:\/\/www.orlandia.sp.gov.br\/novo\/wp-json\/wp\/v2\/media?parent=9748"}],"curies":[{"name":"wp","href":"https:\/\/api.w.org\/{rel}","templated":true}]}}