{"id":9112,"date":"2016-07-21T10:03:22","date_gmt":"2016-07-21T13:03:22","guid":{"rendered":"https:\/\/www.orlandia.sp.gov.br\/novo\/?page_id=9112"},"modified":"2016-12-30T09:17:26","modified_gmt":"2016-12-30T12:17:26","slug":"jornal-oficial-de-orlandia-dezembro-de-2016","status":"publish","type":"page","link":"https:\/\/www.orlandia.sp.gov.br\/novo\/jornal-oficial-de-orlandia-dezembro-de-2016","title":{"rendered":"Jornal Oficial de Orl\u00e2ndia &#8211; Dezembro de 2016"},"content":{"rendered":"<p>&gt;&gt; <a href=\"https:\/\/www.orlandia.sp.gov.br\/novo\/wp-content\/uploads\/2016\/07\/Jornal_Oficial_Orlandia-30-12-16.pdf\">Edi\u00e7\u00e3o 155 de 30 de dezembro de 2016<br \/>\n<\/a>&gt;&gt; <a href=\"https:\/\/www.orlandia.sp.gov.br\/novo\/wp-content\/uploads\/2016\/07\/Jornal_Oficial_Orlandia-27-12-16.pdf\">Edi\u00e7\u00e3o 154 de 27 de dezembro de 2016<br \/>\n<\/a>&gt;&gt; <a href=\"https:\/\/www.orlandia.sp.gov.br\/novo\/wp-content\/uploads\/2016\/07\/Jornal_Oficial_Orlandia-23-12-16.pdf\">Edi\u00e7\u00e3o 153 de 23 de dezembro de 2016<br \/>\n<\/a>&gt;&gt; <a href=\"https:\/\/www.orlandia.sp.gov.br\/novo\/wp-content\/uploads\/2016\/07\/Jornal_Oficial_Orlandia-20-12-16-1.pdf\">Edi\u00e7\u00e3o 152 de 20 de dezembro de 2016<\/a><a href=\"https:\/\/www.orlandia.sp.gov.br\/novo\/wp-content\/uploads\/2016\/07\/Jornal_Oficial_Orlandia-20-12-16.pdf\"><br \/>\n<\/a>&gt;&gt; <a href=\"https:\/\/www.orlandia.sp.gov.br\/novo\/wp-content\/uploads\/2016\/07\/Jornal_Oficial_Orlandia-16-12-16-1.pdf\">Edi\u00e7\u00e3o 151 de 16 de dezembro de 2016<\/a><a href=\"https:\/\/www.orlandia.sp.gov.br\/novo\/wp-content\/uploads\/2016\/07\/Jornal_Oficial_Orlandia-16-12-16.pdf\"><br \/>\n<\/a>&gt;&gt; <a href=\"https:\/\/www.orlandia.sp.gov.br\/novo\/wp-content\/uploads\/2016\/07\/Jornal_Oficial_Orlandia-13-12-16-1.pdf\">Edi\u00e7\u00e3o 150 de 13 de dezembro de 2016<\/a><a href=\"https:\/\/www.orlandia.sp.gov.br\/novo\/wp-content\/uploads\/2016\/07\/Jornal_Oficial_Orlandia-13-12-16.pdf\"><br \/>\n<\/a>&gt;&gt; <a href=\"https:\/\/www.orlandia.sp.gov.br\/novo\/wp-content\/uploads\/2016\/07\/Jornal_Oficial_Orlandia-09-12-16-1.pdf\">Edi\u00e7\u00e3o 149 de 09 de dezembro de 2016<\/a><a href=\"https:\/\/www.orlandia.sp.gov.br\/novo\/wp-content\/uploads\/2016\/07\/Jornal_Oficial_Orlandia-09-12-16.pdf\"><br \/>\n<\/a>&gt;&gt; <a href=\"https:\/\/www.orlandia.sp.gov.br\/novo\/wp-content\/uploads\/2016\/07\/Jornal_Oficial_Orlandia-06-12-16-ed-ext.pdf\">Edi\u00e7\u00e3o 148 de 06 de dezembro de 2016 &#8211; Edi\u00e7\u00e3o Extraordin\u00e1ria<br \/>\n<\/a>&gt;&gt; <a href=\"https:\/\/www.orlandia.sp.gov.br\/novo\/wp-content\/uploads\/2016\/07\/Jornal_Oficial_Orlandia-06-12-16.pdf\">Edi\u00e7\u00e3o 147 de 06 de dezembro de 2016<br \/>\n<\/a>&gt;&gt; <a href=\"https:\/\/www.orlandia.sp.gov.br\/novo\/wp-content\/uploads\/2016\/07\/Jornal_Oficial_Orlandia-02-12-16-1.pdf\">Edi\u00e7\u00e3o 146 de 02 de dezembro de 2016<\/a><\/p>\n","protected":false},"excerpt":{"rendered":"<p>&gt;&gt; Edi\u00e7\u00e3o 155 de 30 de dezembro de 2016 &gt;&gt; Edi\u00e7\u00e3o 154 de 27 de dezembro de 2016 &gt;&gt; Edi\u00e7\u00e3o<\/p>\n","protected":false},"author":1,"featured_media":0,"parent":0,"menu_order":0,"comment_status":"closed","ping_status":"closed","template":"","meta":{"ngg_post_thumbnail":0,"footnotes":""},"magazineBlocksPostFeaturedMedia":{"thumbnail":false,"medium":false,"medium_large":false,"large":false,"1536x1536":false,"2048x2048":false,"colormag-highlighted-post":false,"colormag-featured-post-medium":false,"colormag-featured-post-small":false,"colormag-featured-image":false,"colormag-default-news":false,"colormag-featured-image-large":false},"magazineBlocksPostAuthor":{"name":"admin","avatar":"https:\/\/secure.gravatar.com\/avatar\/5140b312f1bcbe8516bfaa79917f11b3?s=96&d=mm&r=g"},"magazineBlocksPostCommentsNumber":false,"magazineBlocksPostExcerpt":"&gt;&gt; Edi\u00e7\u00e3o 155 de 30 de dezembro de 2016 &gt;&gt; Edi\u00e7\u00e3o 154 de 27 de dezembro de 2016 &gt;&gt; Edi\u00e7\u00e3o","magazineBlocksPostCategories":[],"_links":{"self":[{"href":"https:\/\/www.orlandia.sp.gov.br\/novo\/wp-json\/wp\/v2\/pages\/9112"}],"collection":[{"href":"https:\/\/www.orlandia.sp.gov.br\/novo\/wp-json\/wp\/v2\/pages"}],"about":[{"href":"https:\/\/www.orlandia.sp.gov.br\/novo\/wp-json\/wp\/v2\/types\/page"}],"author":[{"embeddable":true,"href":"https:\/\/www.orlandia.sp.gov.br\/novo\/wp-json\/wp\/v2\/users\/1"}],"replies":[{"embeddable":true,"href":"https:\/\/www.orlandia.sp.gov.br\/novo\/wp-json\/wp\/v2\/comments?post=9112"}],"version-history":[{"count":12,"href":"https:\/\/www.orlandia.sp.gov.br\/novo\/wp-json\/wp\/v2\/pages\/9112\/revisions"}],"predecessor-version":[{"id":9745,"href":"https:\/\/www.orlandia.sp.gov.br\/novo\/wp-json\/wp\/v2\/pages\/9112\/revisions\/9745"}],"wp:attachment":[{"href":"https:\/\/www.orlandia.sp.gov.br\/novo\/wp-json\/wp\/v2\/media?parent=9112"}],"curies":[{"name":"wp","href":"https:\/\/api.w.org\/{rel}","templated":true}]}}