{"id":9110,"date":"2016-07-21T10:02:15","date_gmt":"2016-07-21T13:02:15","guid":{"rendered":"https:\/\/www.orlandia.sp.gov.br\/novo\/?page_id=9110"},"modified":"2016-11-30T08:56:14","modified_gmt":"2016-11-30T11:56:14","slug":"jornal-oficial-de-orlandia-novembro-de-2016","status":"publish","type":"page","link":"https:\/\/www.orlandia.sp.gov.br\/novo\/jornal-oficial-de-orlandia-novembro-de-2016","title":{"rendered":"Jornal Oficial de Orl\u00e2ndia &#8211; Novembro de 2016"},"content":{"rendered":"<p>&gt;&gt;<a href=\"https:\/\/www.orlandia.sp.gov.br\/novo\/wp-content\/uploads\/2016\/07\/Jornal_Oficial_Orlandia-30-11-16-1.pdf\">Edi\u00e7\u00e3o 145 de 30 de novembro de 2o16 &#8211; Edi\u00e7\u00e3o Extraordin\u00e1ria<br \/>\n<\/a>&gt;&gt; <a href=\"https:\/\/www.orlandia.sp.gov.br\/novo\/wp-content\/uploads\/2016\/07\/Jornal_Oficial_Orlandia-29-11-16-1.pdf\">Edi\u00e7\u00e3o 144 de 29 de novembro de 2016<\/a><a href=\"https:\/\/www.orlandia.sp.gov.br\/novo\/wp-content\/uploads\/2016\/07\/Jornal_Oficial_Orlandia-29-11-16.pdf\"><br \/>\n<\/a>&gt;&gt;<a href=\"https:\/\/www.orlandia.sp.gov.br\/novo\/wp-content\/uploads\/2016\/07\/Jornal_Oficial_Orlandia-25-11-16.pdf\">Edi\u00e7\u00e3o 143 de 25 de novembro de 2016<br \/>\n<\/a>&gt;&gt;<a href=\"https:\/\/www.orlandia.sp.gov.br\/novo\/wp-content\/uploads\/2016\/07\/Jornal_Oficial_Orlandia-22-11-16.pdf\">Edi\u00e7\u00e3o 142 de 22 de novembro de 2016<br \/>\n<\/a>&gt;&gt; <a href=\"https:\/\/www.orlandia.sp.gov.br\/novo\/wp-content\/uploads\/2016\/07\/Jornal_Oficial_Orlandia-18-11-16-1.pdf\">Edi\u00e7\u00e3o 141 de 18 de novembro de 2016<\/a><a href=\"https:\/\/www.orlandia.sp.gov.br\/novo\/wp-content\/uploads\/2016\/07\/Jornal_Oficial_Orlandia-18-11-16.pdf\"><br \/>\n<\/a>&gt;&gt; <a href=\"https:\/\/www.orlandia.sp.gov.br\/novo\/wp-content\/uploads\/2016\/07\/Jornal_Oficial_Orlandia-11-11-16.pdf\">Edi\u00e7\u00e3o 140 de 11 de novembro de 2016<br \/>\n<\/a>&gt;&gt; <a href=\"https:\/\/www.orlandia.sp.gov.br\/novo\/wp-content\/uploads\/2016\/07\/Jornal_Oficial_Orlandia-08-11-16.pdf\">Edi\u00e7\u00e3o 139 de 08 de novembro de 2016<br \/>\n<\/a>&gt;&gt; <a href=\"https:\/\/www.orlandia.sp.gov.br\/novo\/wp-content\/uploads\/2016\/07\/Jornal_Oficial_Orlandia-04-11-16.pdf\">Edi\u00e7\u00e3o 138 de 04 de novembro de 2016<br \/>\n<\/a>&gt;&gt;<a href=\"https:\/\/www.orlandia.sp.gov.br\/novo\/wp-content\/uploads\/2016\/07\/Jornal_Oficial_Orlandia-01-11-16.pdf\">Edi\u00e7\u00e3o 137 de 01 de novembro de 2016<\/a><\/p>\n","protected":false},"excerpt":{"rendered":"<p>&gt;&gt;Edi\u00e7\u00e3o 145 de 30 de novembro de 2o16 &#8211; Edi\u00e7\u00e3o Extraordin\u00e1ria &gt;&gt; Edi\u00e7\u00e3o 144 de 29 de novembro de 2016<\/p>\n","protected":false},"author":1,"featured_media":0,"parent":0,"menu_order":0,"comment_status":"closed","ping_status":"closed","template":"","meta":{"ngg_post_thumbnail":0,"footnotes":""},"magazineBlocksPostFeaturedMedia":{"thumbnail":false,"medium":false,"medium_large":false,"large":false,"1536x1536":false,"2048x2048":false,"colormag-highlighted-post":false,"colormag-featured-post-medium":false,"colormag-featured-post-small":false,"colormag-featured-image":false,"colormag-default-news":false,"colormag-featured-image-large":false},"magazineBlocksPostAuthor":{"name":"admin","avatar":"https:\/\/secure.gravatar.com\/avatar\/5140b312f1bcbe8516bfaa79917f11b3?s=96&d=mm&r=g"},"magazineBlocksPostCommentsNumber":false,"magazineBlocksPostExcerpt":"&gt;&gt;Edi\u00e7\u00e3o 145 de 30 de novembro de 2o16 &#8211; Edi\u00e7\u00e3o Extraordin\u00e1ria &gt;&gt; Edi\u00e7\u00e3o 144 de 29 de novembro de 2016","magazineBlocksPostCategories":[],"_links":{"self":[{"href":"https:\/\/www.orlandia.sp.gov.br\/novo\/wp-json\/wp\/v2\/pages\/9110"}],"collection":[{"href":"https:\/\/www.orlandia.sp.gov.br\/novo\/wp-json\/wp\/v2\/pages"}],"about":[{"href":"https:\/\/www.orlandia.sp.gov.br\/novo\/wp-json\/wp\/v2\/types\/page"}],"author":[{"embeddable":true,"href":"https:\/\/www.orlandia.sp.gov.br\/novo\/wp-json\/wp\/v2\/users\/1"}],"replies":[{"embeddable":true,"href":"https:\/\/www.orlandia.sp.gov.br\/novo\/wp-json\/wp\/v2\/comments?post=9110"}],"version-history":[{"count":14,"href":"https:\/\/www.orlandia.sp.gov.br\/novo\/wp-json\/wp\/v2\/pages\/9110\/revisions"}],"predecessor-version":[{"id":9709,"href":"https:\/\/www.orlandia.sp.gov.br\/novo\/wp-json\/wp\/v2\/pages\/9110\/revisions\/9709"}],"wp:attachment":[{"href":"https:\/\/www.orlandia.sp.gov.br\/novo\/wp-json\/wp\/v2\/media?parent=9110"}],"curies":[{"name":"wp","href":"https:\/\/api.w.org\/{rel}","templated":true}]}}