{"id":9108,"date":"2016-07-21T10:01:13","date_gmt":"2016-07-21T13:01:13","guid":{"rendered":"https:\/\/www.orlandia.sp.gov.br\/novo\/?page_id=9108"},"modified":"2016-10-31T16:19:50","modified_gmt":"2016-10-31T19:19:50","slug":"jornal-oficial-de-orlandia-outubro-de-2016","status":"publish","type":"page","link":"https:\/\/www.orlandia.sp.gov.br\/novo\/jornal-oficial-de-orlandia-outubro-de-2016","title":{"rendered":"Jornal Oficial de Orl\u00e2ndia &#8211; Outubro de 2016"},"content":{"rendered":"<blockquote><p>&gt;&gt; <a href=\"https:\/\/www.orlandia.sp.gov.br\/novo\/wp-content\/uploads\/2016\/07\/Jornal_Oficial_Orlandia-27-10-16-1.pdf\">Edi\u00e7\u00e3o 136 de 27 de outubro de 2016 &#8211; Edi\u00e7\u00e3o Extraordin\u00e1ria<\/a><br \/>\n&gt;&gt;<a href=\"https:\/\/www.orlandia.sp.gov.br\/novo\/wp-content\/uploads\/2016\/07\/Jornal_Oficial_Orlandia-25-10-16.pdf\" rel=\"\">Edi\u00e7\u00e3o 135 de 25 de outubro de 2016<\/a><br \/>\n&gt;&gt;<a href=\"https:\/\/www.orlandia.sp.gov.br\/novo\/wp-content\/uploads\/2016\/07\/Jornal_Oficial_Orlandia-21-10-16.pdf\" rel=\"\">Edi\u00e7\u00e3o 134 de 21 de outubro de 2016<\/a><br \/>\n&gt;&gt;<a href=\"https:\/\/www.orlandia.sp.gov.br\/novo\/wp-content\/uploads\/2016\/07\/Jornal_Oficial_Orlandia-18-10-16.pdf\" rel=\"\">Edi\u00e7\u00e3o 133 de 18 de outubro de 2016<\/a><br \/>\n&gt;&gt;<a href=\"https:\/\/www.orlandia.sp.gov.br\/novo\/wp-content\/uploads\/2016\/07\/Jornal_Oficial_Orlandia-14-10-16-ed-ext.pdf\" rel=\"\">Edi\u00e7\u00e3o 132 de 14 de outubro de 2016 &#8211; Edi\u00e7\u00e3o Extraordin\u00e1ria<\/a><br \/>\n&gt;&gt;<a href=\"https:\/\/www.orlandia.sp.gov.br\/novo\/wp-content\/uploads\/2016\/07\/Jornal_Oficial_Orlandia-14-10-16.pdf\" rel=\"\">Edi\u00e7\u00e3o 131 de 14 de outubro de 2016<\/a><br \/>\n&gt;&gt;<a href=\"https:\/\/www.orlandia.sp.gov.br\/novo\/wp-content\/uploads\/2016\/07\/Jornal_Oficial_Orlandia-11-10-16.pdf\" rel=\"\">Edi\u00e7\u00e3o 130 de 11 de outubro de 2016<\/a><br \/>\n&gt;&gt;<a href=\"https:\/\/www.orlandia.sp.gov.br\/novo\/wp-content\/uploads\/2016\/07\/Jornal_Oficial_Orlandia-07-10-16-1.pdf\" rel=\"\">Edi\u00e7\u00e3o 129 de 07 de outubro de 2016<\/a><a href=\"https:\/\/www.orlandia.sp.gov.br\/novo\/wp-content\/uploads\/2016\/07\/Jornal_Oficial_Orlandia-07-10-16.pdf\" rel=\"\"><br \/>\n<\/a>&gt;&gt;<a href=\"https:\/\/www.orlandia.sp.gov.br\/novo\/wp-content\/uploads\/2016\/07\/Jornal_Oficial_Orlandia-04-10-16.pdf\" rel=\"\">Edi\u00e7\u00e3o 128 de 04 de outubro de 2016<\/a><\/p><\/blockquote>\n","protected":false},"excerpt":{"rendered":"<p>&gt;&gt; Edi\u00e7\u00e3o 136 de 27 de outubro de 2016 &#8211; Edi\u00e7\u00e3o Extraordin\u00e1ria &gt;&gt;Edi\u00e7\u00e3o 135 de 25 de outubro de 2016<\/p>\n","protected":false},"author":1,"featured_media":0,"parent":0,"menu_order":0,"comment_status":"closed","ping_status":"closed","template":"","meta":{"ngg_post_thumbnail":0,"footnotes":""},"magazineBlocksPostFeaturedMedia":{"thumbnail":false,"medium":false,"medium_large":false,"large":false,"1536x1536":false,"2048x2048":false,"colormag-highlighted-post":false,"colormag-featured-post-medium":false,"colormag-featured-post-small":false,"colormag-featured-image":false,"colormag-default-news":false,"colormag-featured-image-large":false},"magazineBlocksPostAuthor":{"name":"admin","avatar":"https:\/\/secure.gravatar.com\/avatar\/5140b312f1bcbe8516bfaa79917f11b3?s=96&d=mm&r=g"},"magazineBlocksPostCommentsNumber":false,"magazineBlocksPostExcerpt":"&gt;&gt; Edi\u00e7\u00e3o 136 de 27 de outubro de 2016 &#8211; Edi\u00e7\u00e3o Extraordin\u00e1ria &gt;&gt;Edi\u00e7\u00e3o 135 de 25 de outubro de 2016","magazineBlocksPostCategories":[],"_links":{"self":[{"href":"https:\/\/www.orlandia.sp.gov.br\/novo\/wp-json\/wp\/v2\/pages\/9108"}],"collection":[{"href":"https:\/\/www.orlandia.sp.gov.br\/novo\/wp-json\/wp\/v2\/pages"}],"about":[{"href":"https:\/\/www.orlandia.sp.gov.br\/novo\/wp-json\/wp\/v2\/types\/page"}],"author":[{"embeddable":true,"href":"https:\/\/www.orlandia.sp.gov.br\/novo\/wp-json\/wp\/v2\/users\/1"}],"replies":[{"embeddable":true,"href":"https:\/\/www.orlandia.sp.gov.br\/novo\/wp-json\/wp\/v2\/comments?post=9108"}],"version-history":[{"count":12,"href":"https:\/\/www.orlandia.sp.gov.br\/novo\/wp-json\/wp\/v2\/pages\/9108\/revisions"}],"predecessor-version":[{"id":9645,"href":"https:\/\/www.orlandia.sp.gov.br\/novo\/wp-json\/wp\/v2\/pages\/9108\/revisions\/9645"}],"wp:attachment":[{"href":"https:\/\/www.orlandia.sp.gov.br\/novo\/wp-json\/wp\/v2\/media?parent=9108"}],"curies":[{"name":"wp","href":"https:\/\/api.w.org\/{rel}","templated":true}]}}