{"id":9104,"date":"2016-07-21T09:57:19","date_gmt":"2016-07-21T12:57:19","guid":{"rendered":"https:\/\/www.orlandia.sp.gov.br\/novo\/?page_id=9104"},"modified":"2016-08-31T15:55:36","modified_gmt":"2016-08-31T18:55:36","slug":"jornal-oficial-de-orlandia-agosto-de-2016","status":"publish","type":"page","link":"https:\/\/www.orlandia.sp.gov.br\/novo\/jornal-oficial-de-orlandia-agosto-de-2016","title":{"rendered":"Jornal Oficial de Orl\u00e2ndia \u2013 Agosto de 2016"},"content":{"rendered":"<blockquote><p>&gt;&gt; <a href=\"https:\/\/www.orlandia.sp.gov.br\/novo\/wp-content\/uploads\/2016\/07\/Jornal_Oficial_Orlandia-30-08-16-ed-ext.pdf\" rel=\"\">Edi\u00e7\u00e3o 116 de 30 de agosto de 2016 &#8211; Edi\u00e7\u00e3o Extraordin\u00e1ria<br \/>\n<\/a>&gt;&gt;<a href=\"https:\/\/www.orlandia.sp.gov.br\/novo\/wp-content\/uploads\/2016\/07\/Jornal_Oficial_Orlandia-30-08-16.pdf\" rel=\"\">Edi\u00e7\u00e3o 115 de 30 de agosto de 2016<br \/>\n<\/a>&gt;&gt;<a href=\"https:\/\/www.orlandia.sp.gov.br\/novo\/wp-content\/uploads\/2016\/07\/Jornal_Oficial_Orlandia-26-08-16.pdf\" rel=\"\">Edi\u00e7\u00e3o 114 de 26 de agosto de 2016<\/a><br \/>\n&gt;&gt;<a href=\"https:\/\/www.orlandia.sp.gov.br\/novo\/wp-content\/uploads\/2016\/07\/Jornal_Oficial_Orlandia-23-08-16.pdf\" rel=\"\">Edi\u00e7\u00e3o 113 de 23 de agosto de 2016<br \/>\n<\/a>&gt;&gt;<a href=\"https:\/\/www.orlandia.sp.gov.br\/novo\/wp-content\/uploads\/2016\/07\/Jornal_Oficial_Orlandia-19-08-16.pdf\" rel=\"\">Edi\u00e7\u00e3o 112 de 19 de agosto de 2016<br \/>\n<\/a>&gt;&gt; <a href=\"https:\/\/www.orlandia.sp.gov.br\/novo\/wp-content\/uploads\/2016\/07\/Jornal_Oficial_Orlandia-16-08-16.pdf\" rel=\"\">Edi\u00e7\u00e3o 111 de 16 de agosto de 2016<br \/>\n<\/a>&gt;&gt;<a href=\"https:\/\/www.orlandia.sp.gov.br\/novo\/wp-content\/uploads\/2016\/07\/Jornal_Oficial_Orlandia-12-08-16-ed-ext.pdf\" rel=\"\">Edi\u00e7\u00e3o 110 de 12 de agosto de 2016 &#8211; Edi\u00e7\u00e3o Extraordin\u00e1ria<br \/>\n<\/a>&gt;&gt;<a href=\"https:\/\/www.orlandia.sp.gov.br\/novo\/wp-content\/uploads\/2016\/07\/Jornal_Oficial_Orlandia-12-08-16.pdf\" rel=\"\">Edi\u00e7\u00e3o 109 de 12 de agosto de 2016<br \/>\n<\/a><span style=\"line-height: 1.5;\">&gt;&gt;<\/span><a style=\"line-height: 1.5;\" href=\"https:\/\/www.orlandia.sp.gov.br\/novo\/wp-content\/uploads\/2016\/07\/Jornal_Oficial_Orlandia-09-08-16.pdf\" rel=\"\">Edi\u00e7\u00e3o 108 de 09 de agosto de 2016<br \/>\n<\/a>&gt;&gt;<a href=\"https:\/\/www.orlandia.sp.gov.br\/novo\/wp-content\/uploads\/2016\/07\/Jornal_Oficial_Orlandia-05-08-16-ed-ext.pdf\" rel=\"\">Edi\u00e7\u00e3o 107 de 05 de agosto de 2016 &#8211; Edi\u00e7\u00e3o Extraordin\u00e1ria<br \/>\n<\/a><span style=\"line-height: 1.5;\">&gt;&gt;<\/span><a style=\"line-height: 1.5;\" href=\"https:\/\/www.orlandia.sp.gov.br\/novo\/wp-content\/uploads\/2016\/07\/Jornal_Oficial_Orlandia-05-08-16.pdf\" rel=\"\">Edi\u00e7\u00e3o 106 de 05 de agosto de 2016<br \/>\n<\/a><span style=\"line-height: 1.5;\">&gt;&gt;<\/span><a style=\"line-height: 1.5;\" href=\"https:\/\/www.orlandia.sp.gov.br\/novo\/wp-content\/uploads\/2016\/07\/Jornal_Oficial_Orlandia-02-08-16.pdf\" rel=\"\">Edi\u00e7\u00e3o 105 de 02 de agosto de 2016<\/a><\/p><\/blockquote>\n","protected":false},"excerpt":{"rendered":"<p>&gt;&gt; Edi\u00e7\u00e3o 116 de 30 de agosto de 2016 &#8211; Edi\u00e7\u00e3o Extraordin\u00e1ria &gt;&gt;Edi\u00e7\u00e3o 115 de 30 de agosto de 2016<\/p>\n","protected":false},"author":1,"featured_media":0,"parent":0,"menu_order":0,"comment_status":"closed","ping_status":"closed","template":"","meta":{"ngg_post_thumbnail":0,"footnotes":""},"magazineBlocksPostFeaturedMedia":{"thumbnail":false,"medium":false,"medium_large":false,"large":false,"1536x1536":false,"2048x2048":false,"colormag-highlighted-post":false,"colormag-featured-post-medium":false,"colormag-featured-post-small":false,"colormag-featured-image":false,"colormag-default-news":false,"colormag-featured-image-large":false},"magazineBlocksPostAuthor":{"name":"admin","avatar":"https:\/\/secure.gravatar.com\/avatar\/5140b312f1bcbe8516bfaa79917f11b3?s=96&d=mm&r=g"},"magazineBlocksPostCommentsNumber":false,"magazineBlocksPostExcerpt":"&gt;&gt; Edi\u00e7\u00e3o 116 de 30 de agosto de 2016 &#8211; Edi\u00e7\u00e3o Extraordin\u00e1ria &gt;&gt;Edi\u00e7\u00e3o 115 de 30 de agosto de 2016","magazineBlocksPostCategories":[],"_links":{"self":[{"href":"https:\/\/www.orlandia.sp.gov.br\/novo\/wp-json\/wp\/v2\/pages\/9104"}],"collection":[{"href":"https:\/\/www.orlandia.sp.gov.br\/novo\/wp-json\/wp\/v2\/pages"}],"about":[{"href":"https:\/\/www.orlandia.sp.gov.br\/novo\/wp-json\/wp\/v2\/types\/page"}],"author":[{"embeddable":true,"href":"https:\/\/www.orlandia.sp.gov.br\/novo\/wp-json\/wp\/v2\/users\/1"}],"replies":[{"embeddable":true,"href":"https:\/\/www.orlandia.sp.gov.br\/novo\/wp-json\/wp\/v2\/comments?post=9104"}],"version-history":[{"count":15,"href":"https:\/\/www.orlandia.sp.gov.br\/novo\/wp-json\/wp\/v2\/pages\/9104\/revisions"}],"predecessor-version":[{"id":9387,"href":"https:\/\/www.orlandia.sp.gov.br\/novo\/wp-json\/wp\/v2\/pages\/9104\/revisions\/9387"}],"wp:attachment":[{"href":"https:\/\/www.orlandia.sp.gov.br\/novo\/wp-json\/wp\/v2\/media?parent=9104"}],"curies":[{"name":"wp","href":"https:\/\/api.w.org\/{rel}","templated":true}]}}