{"id":9038,"date":"2016-07-15T15:45:11","date_gmt":"2016-07-15T18:45:11","guid":{"rendered":"https:\/\/www.orlandia.sp.gov.br\/novo\/?page_id=9038"},"modified":"2016-07-15T15:45:11","modified_gmt":"2016-07-15T18:45:11","slug":"contas-publicas-de-2015-l-r-f-1-bimestre","status":"publish","type":"page","link":"https:\/\/www.orlandia.sp.gov.br\/novo\/contas-publicas-de-2015-l-r-f-1-bimestre","title":{"rendered":"Contas P\u00fablicas de 2015 \u2013 L.R.F. \u2013 1\u00b0 Bimestre"},"content":{"rendered":"<p>&gt;&gt; <a href=\"https:\/\/www.orlandia.sp.gov.br\/novo\/wp-content\/uploads\/2015\/03\/RREO-BALAN%C3%87O-OR%C3%87AMENT%C3%81RIO.pdf\" target=\"_blank\">BALAN\u00c7O OR\u00c7AMENT\u00c1RIO_1\u00ba BIMESTRE<\/a><\/p>\n<p>&gt;&gt; <a href=\"https:\/\/www.orlandia.sp.gov.br\/novo\/wp-content\/uploads\/2015\/03\/RREO-FUN%C3%87%C3%83O-E-SUBFUN%C3%87%C3%83O.pdf\" target=\"_blank\">DEMONSTRATIVO DE DESPESAS POR FUN\u00c7\u00c3O E SUBFUN\u00c7\u00c3O_1\u00ba BIMESTRE<\/a><\/p>\n","protected":false},"excerpt":{"rendered":"<p>&gt;&gt; BALAN\u00c7O OR\u00c7AMENT\u00c1RIO_1\u00ba BIMESTRE &gt;&gt; DEMONSTRATIVO DE DESPESAS POR FUN\u00c7\u00c3O E SUBFUN\u00c7\u00c3O_1\u00ba BIMESTRE<\/p>\n","protected":false},"author":1,"featured_media":0,"parent":0,"menu_order":0,"comment_status":"closed","ping_status":"closed","template":"","meta":{"ngg_post_thumbnail":0,"footnotes":""},"magazineBlocksPostFeaturedMedia":{"thumbnail":false,"medium":false,"medium_large":false,"large":false,"1536x1536":false,"2048x2048":false,"colormag-highlighted-post":false,"colormag-featured-post-medium":false,"colormag-featured-post-small":false,"colormag-featured-image":false,"colormag-default-news":false,"colormag-featured-image-large":false},"magazineBlocksPostAuthor":{"name":"admin","avatar":"https:\/\/secure.gravatar.com\/avatar\/5140b312f1bcbe8516bfaa79917f11b3?s=96&d=mm&r=g"},"magazineBlocksPostCommentsNumber":false,"magazineBlocksPostExcerpt":"&gt;&gt; BALAN\u00c7O OR\u00c7AMENT\u00c1RIO_1\u00ba BIMESTRE &gt;&gt; DEMONSTRATIVO DE DESPESAS POR FUN\u00c7\u00c3O E SUBFUN\u00c7\u00c3O_1\u00ba BIMESTRE","magazineBlocksPostCategories":[],"_links":{"self":[{"href":"https:\/\/www.orlandia.sp.gov.br\/novo\/wp-json\/wp\/v2\/pages\/9038"}],"collection":[{"href":"https:\/\/www.orlandia.sp.gov.br\/novo\/wp-json\/wp\/v2\/pages"}],"about":[{"href":"https:\/\/www.orlandia.sp.gov.br\/novo\/wp-json\/wp\/v2\/types\/page"}],"author":[{"embeddable":true,"href":"https:\/\/www.orlandia.sp.gov.br\/novo\/wp-json\/wp\/v2\/users\/1"}],"replies":[{"embeddable":true,"href":"https:\/\/www.orlandia.sp.gov.br\/novo\/wp-json\/wp\/v2\/comments?post=9038"}],"version-history":[{"count":1,"href":"https:\/\/www.orlandia.sp.gov.br\/novo\/wp-json\/wp\/v2\/pages\/9038\/revisions"}],"predecessor-version":[{"id":9039,"href":"https:\/\/www.orlandia.sp.gov.br\/novo\/wp-json\/wp\/v2\/pages\/9038\/revisions\/9039"}],"wp:attachment":[{"href":"https:\/\/www.orlandia.sp.gov.br\/novo\/wp-json\/wp\/v2\/media?parent=9038"}],"curies":[{"name":"wp","href":"https:\/\/api.w.org\/{rel}","templated":true}]}}