{"id":9034,"date":"2016-07-15T15:40:53","date_gmt":"2016-07-15T18:40:53","guid":{"rendered":"https:\/\/www.orlandia.sp.gov.br\/novo\/?page_id=9034"},"modified":"2016-07-15T15:40:53","modified_gmt":"2016-07-15T18:40:53","slug":"contas-publicas-de-2015-l-r-f-3-bimestre","status":"publish","type":"page","link":"https:\/\/www.orlandia.sp.gov.br\/novo\/contas-publicas-de-2015-l-r-f-3-bimestre","title":{"rendered":"Contas P\u00fablicas de 2015 \u2013 L.R.F. \u2013 3\u00b0 Bimestre"},"content":{"rendered":"<p>>> <a href=\"https:\/\/www.orlandia.sp.gov.br\/novo\/wp-content\/uploads\/2015\/03\/Balan%C3%A7o-Or%C3%A7ament%C3%A1rio-RREO-3%C2%BA-Bim.pdf\" target=\"_blank\">BALAN\u00c7O OR\u00c7AMENT\u00c1RIO \u00a03\u00ba BIMESTRE<\/a><\/p>\n<p>>> <a href=\"https:\/\/www.orlandia.sp.gov.br\/novo\/wp-content\/uploads\/2015\/03\/Dem-de-Restos-a-Pagar-3%C2%BA-Bim.pdf\" target=\"_blank\">DEMONSTRATIVO DE RESTOS A PAGAR 3\u00ba BIMESTRE<\/a><\/p>\n<p>>> <a href=\"https:\/\/www.orlandia.sp.gov.br\/novo\/wp-content\/uploads\/2015\/03\/Dem-Despesas-Pessoal-e-Previdenci%C3%A1rias-3%C2%BABim.pdf\" target=\"_blank\">DEMONSTRATIVO DE DESPESAS DE PESSOAL E PREVIDENCI\u00c1RIAS \u00a03\u00baBIMESTRE<\/a><\/p>\n<p>>> <a href=\"https:\/\/www.orlandia.sp.gov.br\/novo\/wp-content\/uploads\/2015\/03\/Dem-Exec-Desp-Fun%C3%A7%C3%A3o-e-Subfun%C3%A7%C3%A3o-RREO-3%C2%BA-Bim.pdf\" target=\"_blank\">DEMONSTRATIVO DE DESPESAS POR FUN\u00c7\u00c3O E SUBFUN\u00c7\u00c3O 3\u00ba BIMESTRE<\/a><\/p>\n<p>>> <a href=\"https:\/\/www.orlandia.sp.gov.br\/novo\/wp-content\/uploads\/2015\/03\/Dem-Receitas-e-Despesas-Previdenci%C3%A1rias-3%C2%BABim.pdf\" target=\"_blank\">DEMONSTRATIVO DE RECEITAS E DESPESAS PREVIDENCI\u00c1RIAS 3\u00baBIMESTRE<\/a><\/p>\n<p>>> <a href=\"https:\/\/www.orlandia.sp.gov.br\/novo\/wp-content\/uploads\/2015\/03\/Receita-Corrente-L%C3%ADquida-3%C2%BABim.pdf\" target=\"_blank\">RECEITA CORRENTE LIQUIDA 3\u00baBIMESTRE<\/a><\/p>\n","protected":false},"excerpt":{"rendered":"<p>>> BALAN\u00c7O OR\u00c7AMENT\u00c1RIO \u00a03\u00ba BIMESTRE >> DEMONSTRATIVO DE RESTOS A PAGAR 3\u00ba BIMESTRE >> DEMONSTRATIVO DE DESPESAS DE PESSOAL E<\/p>\n","protected":false},"author":1,"featured_media":0,"parent":0,"menu_order":0,"comment_status":"closed","ping_status":"closed","template":"","meta":{"ngg_post_thumbnail":0,"footnotes":""},"magazineBlocksPostFeaturedMedia":{"thumbnail":false,"medium":false,"medium_large":false,"large":false,"1536x1536":false,"2048x2048":false,"colormag-highlighted-post":false,"colormag-featured-post-medium":false,"colormag-featured-post-small":false,"colormag-featured-image":false,"colormag-default-news":false,"colormag-featured-image-large":false},"magazineBlocksPostAuthor":{"name":"admin","avatar":"https:\/\/secure.gravatar.com\/avatar\/5140b312f1bcbe8516bfaa79917f11b3?s=96&d=mm&r=g"},"magazineBlocksPostCommentsNumber":false,"magazineBlocksPostExcerpt":">> BALAN\u00c7O OR\u00c7AMENT\u00c1RIO \u00a03\u00ba BIMESTRE >> DEMONSTRATIVO DE RESTOS A PAGAR 3\u00ba BIMESTRE >> DEMONSTRATIVO DE DESPESAS DE PESSOAL E","magazineBlocksPostCategories":[],"_links":{"self":[{"href":"https:\/\/www.orlandia.sp.gov.br\/novo\/wp-json\/wp\/v2\/pages\/9034"}],"collection":[{"href":"https:\/\/www.orlandia.sp.gov.br\/novo\/wp-json\/wp\/v2\/pages"}],"about":[{"href":"https:\/\/www.orlandia.sp.gov.br\/novo\/wp-json\/wp\/v2\/types\/page"}],"author":[{"embeddable":true,"href":"https:\/\/www.orlandia.sp.gov.br\/novo\/wp-json\/wp\/v2\/users\/1"}],"replies":[{"embeddable":true,"href":"https:\/\/www.orlandia.sp.gov.br\/novo\/wp-json\/wp\/v2\/comments?post=9034"}],"version-history":[{"count":1,"href":"https:\/\/www.orlandia.sp.gov.br\/novo\/wp-json\/wp\/v2\/pages\/9034\/revisions"}],"predecessor-version":[{"id":9035,"href":"https:\/\/www.orlandia.sp.gov.br\/novo\/wp-json\/wp\/v2\/pages\/9034\/revisions\/9035"}],"wp:attachment":[{"href":"https:\/\/www.orlandia.sp.gov.br\/novo\/wp-json\/wp\/v2\/media?parent=9034"}],"curies":[{"name":"wp","href":"https:\/\/api.w.org\/{rel}","templated":true}]}}