{"id":9028,"date":"2016-07-15T15:34:49","date_gmt":"2016-07-15T18:34:49","guid":{"rendered":"https:\/\/www.orlandia.sp.gov.br\/novo\/?page_id=9028"},"modified":"2016-07-15T15:34:49","modified_gmt":"2016-07-15T18:34:49","slug":"contas-publicas-de-2015-l-r-f-6-bimestre","status":"publish","type":"page","link":"https:\/\/www.orlandia.sp.gov.br\/novo\/contas-publicas-de-2015-l-r-f-6-bimestre","title":{"rendered":"Contas P\u00fablicas de 2015 &#8211; L.R.F. &#8211; 6\u00b0 Bimestre"},"content":{"rendered":"<p>&gt;&gt; <a href=\"https:\/\/www.orlandia.sp.gov.br\/novo\/wp-content\/uploads\/2015\/03\/Balan%C3%A7o-Or%C3%A7ament%C3%A1rio-1.pdf\" target=\"_blank\" rel=\"\">BALAN\u00c7O OR\u00c7AMENT\u00c1RIO 6\u00ba BIMESTRE<\/a><\/p>\n<p>&gt;&gt; <a href=\"https:\/\/www.orlandia.sp.gov.br\/novo\/wp-content\/uploads\/2015\/03\/Calculo-Atuarial-6-BIMESTRE-2015.pdf\" target=\"_blank\" rel=\"\">CALCULO ATUARIAL 6\u00ba BIMESTRE<\/a><\/p>\n<p>&gt;&gt; <a href=\"https:\/\/www.orlandia.sp.gov.br\/novo\/wp-content\/uploads\/2015\/03\/Dem-Aliena%C3%A7%C3%A3o-de-Ativos-6-BIMESTRE-2015.pdf\" target=\"_blank\" rel=\"\">DEM ALIENA\u00c7\u00c3O ATIVOS 6\u00ba BIMESTRE<\/a><\/p>\n<p>&gt;&gt; <a href=\"https:\/\/www.orlandia.sp.gov.br\/novo\/wp-content\/uploads\/2015\/03\/Dem-Rec.-Desp.-Previdenciarias-6-BIMESTRE-2015.pdf\" target=\"_blank\" rel=\"\">DEM REC. DESP. PREVIDENCIARIAS 6\u00baBIMESTRE<\/a><\/p>\n<p>&gt;&gt; <a href=\"https:\/\/www.orlandia.sp.gov.br\/novo\/wp-content\/uploads\/2015\/03\/DEM-RECEITA-CORRENTE-LIQUIDA-6-BIMESTRE-2015.pdf\" target=\"_blank\" rel=\"\">DEM RECEITA CORRENTE LIQUIDA 6\u00baBIMESTRE<\/a><\/p>\n<p>&gt;&gt; <a href=\"https:\/\/www.orlandia.sp.gov.br\/novo\/wp-content\/uploads\/2015\/03\/DEM-RESTOS-A-PAGAR-6-BIMESTRE-2015.pdf\" target=\"_blank\" rel=\"\">DEM RESTOS A PAGAR 6\u00ba BIMESTRE<\/a><\/p>\n<p>&gt;&gt; <a href=\"https:\/\/www.orlandia.sp.gov.br\/novo\/wp-content\/uploads\/2015\/03\/Dem-Resultado-Nominal-6-BIMESTRE-2015.pdf\" target=\"_blank\" rel=\"\">DEM RESULTADO NOMINAL 6\u00ba BIMESTRE<\/a><\/p>\n<p>&gt;&gt; <a href=\"https:\/\/www.orlandia.sp.gov.br\/novo\/wp-content\/uploads\/2015\/03\/Dem-Resultado-Primario-6-BIMESTRE-2015.pdf\" target=\"_blank\" rel=\"\">DEM RESULTADO PRIMARIO 6\u00ba BIMESTRE<\/a><\/p>\n<p>&gt;&gt; <a href=\"https:\/\/www.orlandia.sp.gov.br\/novo\/wp-content\/uploads\/2015\/03\/Dem.-Despesas-Pessoal-e-Previdenciarias-6-BIMESTRE-2015.pdf\" target=\"_blank\" rel=\"\">DEM DESPESAS PESSOAL E PREVIDENCIARIAS 6\u00ba BIMESTRE<\/a><\/p>\n<p>&gt;&gt; <a href=\"https:\/\/www.orlandia.sp.gov.br\/novo\/wp-content\/uploads\/2015\/03\/Dem.-Execu%C3%A7%C3%A3o-das-Despesas-Fun%C3%A7%C3%A3o-e-Subfun%C3%A7%C3%A3o.pdf\" target=\"_blank\" rel=\"\">DEM EXECU\u00c7\u00c3O DAS DESPESAS FUN\u00c7\u00c3O E SUBFUN\u00c7\u00c3O 6\u00ba BIMESTRE<\/a><\/p>\n<p>&gt;&gt; <a href=\"https:\/\/www.orlandia.sp.gov.br\/novo\/wp-content\/uploads\/2015\/03\/Dem.-Opera%C3%A7%C3%B5es-de-Cr%C3%A9dito-6-BIMESTRE-2015.pdf\" target=\"_blank\" rel=\"\">DEM OPERA\u00c7\u00d5ES DE CR\u00c9DITO 6\u00ba BIMESTRE<\/a><\/p>\n<p>&gt;&gt; <a href=\"https:\/\/www.orlandia.sp.gov.br\/novo\/wp-content\/uploads\/2015\/03\/Dem.-Receita-Corrente-L%C3%ADquida-6%C2%BABim-2015.pdf\" target=\"_blank\" rel=\"\">DEM RECEITA CORRENTE LIQUIDA 6\u00baBIMESTRE<\/a><\/p>\n<p>&gt;&gt; <a href=\"https:\/\/www.orlandia.sp.gov.br\/novo\/wp-content\/uploads\/2015\/03\/Dem.-Restos-a-Pagar-6-BIMESTRE-2015.pdf\" target=\"_blank\" rel=\"\">DEM RESTOS A PAGAR 6\u00ba BIMESTRE<\/a><\/p>\n<p>&gt;&gt; <a href=\"https:\/\/www.orlandia.sp.gov.br\/novo\/wp-content\/uploads\/2015\/03\/Relat.-Gestao-Fiscal-6-BIMESTRE-2015.pdf\" target=\"_blank\" rel=\"\">RELAT\u00d3RIO DE GEST\u00c3O FISCAL 6\u00ba BIMESTRE<\/a><\/p>\n","protected":false},"excerpt":{"rendered":"<p>&gt;&gt; BALAN\u00c7O OR\u00c7AMENT\u00c1RIO 6\u00ba BIMESTRE &gt;&gt; CALCULO ATUARIAL 6\u00ba BIMESTRE &gt;&gt; DEM ALIENA\u00c7\u00c3O ATIVOS 6\u00ba BIMESTRE &gt;&gt; DEM REC. DESP.<\/p>\n","protected":false},"author":1,"featured_media":0,"parent":0,"menu_order":0,"comment_status":"closed","ping_status":"closed","template":"","meta":{"ngg_post_thumbnail":0,"footnotes":""},"magazineBlocksPostFeaturedMedia":{"thumbnail":false,"medium":false,"medium_large":false,"large":false,"1536x1536":false,"2048x2048":false,"colormag-highlighted-post":false,"colormag-featured-post-medium":false,"colormag-featured-post-small":false,"colormag-featured-image":false,"colormag-default-news":false,"colormag-featured-image-large":false},"magazineBlocksPostAuthor":{"name":"admin","avatar":"https:\/\/secure.gravatar.com\/avatar\/5140b312f1bcbe8516bfaa79917f11b3?s=96&d=mm&r=g"},"magazineBlocksPostCommentsNumber":false,"magazineBlocksPostExcerpt":"&gt;&gt; BALAN\u00c7O OR\u00c7AMENT\u00c1RIO 6\u00ba BIMESTRE &gt;&gt; CALCULO ATUARIAL 6\u00ba BIMESTRE &gt;&gt; DEM ALIENA\u00c7\u00c3O ATIVOS 6\u00ba BIMESTRE &gt;&gt; DEM REC. DESP.","magazineBlocksPostCategories":[],"_links":{"self":[{"href":"https:\/\/www.orlandia.sp.gov.br\/novo\/wp-json\/wp\/v2\/pages\/9028"}],"collection":[{"href":"https:\/\/www.orlandia.sp.gov.br\/novo\/wp-json\/wp\/v2\/pages"}],"about":[{"href":"https:\/\/www.orlandia.sp.gov.br\/novo\/wp-json\/wp\/v2\/types\/page"}],"author":[{"embeddable":true,"href":"https:\/\/www.orlandia.sp.gov.br\/novo\/wp-json\/wp\/v2\/users\/1"}],"replies":[{"embeddable":true,"href":"https:\/\/www.orlandia.sp.gov.br\/novo\/wp-json\/wp\/v2\/comments?post=9028"}],"version-history":[{"count":1,"href":"https:\/\/www.orlandia.sp.gov.br\/novo\/wp-json\/wp\/v2\/pages\/9028\/revisions"}],"predecessor-version":[{"id":9029,"href":"https:\/\/www.orlandia.sp.gov.br\/novo\/wp-json\/wp\/v2\/pages\/9028\/revisions\/9029"}],"wp:attachment":[{"href":"https:\/\/www.orlandia.sp.gov.br\/novo\/wp-json\/wp\/v2\/media?parent=9028"}],"curies":[{"name":"wp","href":"https:\/\/api.w.org\/{rel}","templated":true}]}}