{"id":9007,"date":"2016-07-15T14:33:12","date_gmt":"2016-07-15T17:33:12","guid":{"rendered":"https:\/\/www.orlandia.sp.gov.br\/novo\/?page_id=9007"},"modified":"2016-07-15T14:35:55","modified_gmt":"2016-07-15T17:35:55","slug":"contas-publicas-de-2015-ppa-ldo-loa","status":"publish","type":"page","link":"https:\/\/www.orlandia.sp.gov.br\/novo\/contas-publicas-de-2015-ppa-ldo-loa","title":{"rendered":"Contas P\u00fablicas de 2015 &#8211; PPA-LDO-LOA"},"content":{"rendered":"<p>&gt;&gt; <a href=\"https:\/\/www.orlandia.sp.gov.br\/novo\/wp-content\/uploads\/2015\/03\/LEI-OR%C3%87AMENT%C3%81RIA-2015.pdf\" target=\"_blank\" rel=\"\">LEI OR\u00c7AMENT\u00c1RIA 2015<\/a><\/p>\n<p>&gt;&gt; <a href=\"https:\/\/www.orlandia.sp.gov.br\/novo\/wp-content\/uploads\/2015\/03\/LEI-DIR.OR%C3%87AMENTARIAS-2015.pdf\" target=\"_blank\" rel=\"\">LEI DIR.OR\u00c7AMENTARIAS 2015<\/a><\/p>\n<p>&gt;&gt; <a href=\"https:\/\/www.orlandia.sp.gov.br\/novo\/wp-content\/uploads\/2015\/03\/LEI-PPA-2014-2017.pdf\" target=\"_blank\" rel=\"\">LEI PPA 2014-2017<\/a><\/p>\n","protected":false},"excerpt":{"rendered":"<p>&gt;&gt; LEI OR\u00c7AMENT\u00c1RIA 2015 &gt;&gt; LEI DIR.OR\u00c7AMENTARIAS 2015 &gt;&gt; LEI PPA 2014-2017<\/p>\n","protected":false},"author":1,"featured_media":0,"parent":0,"menu_order":0,"comment_status":"closed","ping_status":"closed","template":"","meta":{"ngg_post_thumbnail":0,"footnotes":""},"magazineBlocksPostFeaturedMedia":{"thumbnail":false,"medium":false,"medium_large":false,"large":false,"1536x1536":false,"2048x2048":false,"colormag-highlighted-post":false,"colormag-featured-post-medium":false,"colormag-featured-post-small":false,"colormag-featured-image":false,"colormag-default-news":false,"colormag-featured-image-large":false},"magazineBlocksPostAuthor":{"name":"admin","avatar":"https:\/\/secure.gravatar.com\/avatar\/5140b312f1bcbe8516bfaa79917f11b3?s=96&d=mm&r=g"},"magazineBlocksPostCommentsNumber":false,"magazineBlocksPostExcerpt":"&gt;&gt; LEI OR\u00c7AMENT\u00c1RIA 2015 &gt;&gt; LEI DIR.OR\u00c7AMENTARIAS 2015 &gt;&gt; LEI PPA 2014-2017","magazineBlocksPostCategories":[],"_links":{"self":[{"href":"https:\/\/www.orlandia.sp.gov.br\/novo\/wp-json\/wp\/v2\/pages\/9007"}],"collection":[{"href":"https:\/\/www.orlandia.sp.gov.br\/novo\/wp-json\/wp\/v2\/pages"}],"about":[{"href":"https:\/\/www.orlandia.sp.gov.br\/novo\/wp-json\/wp\/v2\/types\/page"}],"author":[{"embeddable":true,"href":"https:\/\/www.orlandia.sp.gov.br\/novo\/wp-json\/wp\/v2\/users\/1"}],"replies":[{"embeddable":true,"href":"https:\/\/www.orlandia.sp.gov.br\/novo\/wp-json\/wp\/v2\/comments?post=9007"}],"version-history":[{"count":3,"href":"https:\/\/www.orlandia.sp.gov.br\/novo\/wp-json\/wp\/v2\/pages\/9007\/revisions"}],"predecessor-version":[{"id":9010,"href":"https:\/\/www.orlandia.sp.gov.br\/novo\/wp-json\/wp\/v2\/pages\/9007\/revisions\/9010"}],"wp:attachment":[{"href":"https:\/\/www.orlandia.sp.gov.br\/novo\/wp-json\/wp\/v2\/media?parent=9007"}],"curies":[{"name":"wp","href":"https:\/\/api.w.org\/{rel}","templated":true}]}}