{"id":9003,"date":"2016-07-15T14:24:59","date_gmt":"2016-07-15T17:24:59","guid":{"rendered":"https:\/\/www.orlandia.sp.gov.br\/novo\/?page_id=9003"},"modified":"2016-07-15T14:24:59","modified_gmt":"2016-07-15T17:24:59","slug":"contas-publicas-de-2014-subvencoes","status":"publish","type":"page","link":"https:\/\/www.orlandia.sp.gov.br\/novo\/contas-publicas-de-2014-subvencoes","title":{"rendered":"Contas P\u00fablicas de 2014 &#8211; Subven\u00e7\u00f5es"},"content":{"rendered":"<p>&gt;&gt; <a href=\"https:\/\/www.orlandia.sp.gov.br\/novo\/wp-content\/uploads\/2014\/02\/SUBVENC%C3%95ES-2014.pdf\" target=\"_blank\">SUBVENC\u00d5ES<\/a><\/p>\n<p>&gt;&gt; <a href=\"https:\/\/www.orlandia.sp.gov.br\/novo\/wp-content\/uploads\/2014\/02\/RELA%C3%87%C3%83O-DE-REPASSES-DE-SUBVEN%C3%87%C3%95ES-2014.pdf\" target=\"_blank\">RELA\u00c7\u00c3O DE REPASSES DE SUBVEN\u00c7\u00d5ES \u2013 2014<\/a><\/p>\n","protected":false},"excerpt":{"rendered":"<p>&gt;&gt; SUBVENC\u00d5ES &gt;&gt; RELA\u00c7\u00c3O DE REPASSES DE SUBVEN\u00c7\u00d5ES \u2013 2014<\/p>\n","protected":false},"author":1,"featured_media":0,"parent":0,"menu_order":0,"comment_status":"closed","ping_status":"closed","template":"","meta":{"ngg_post_thumbnail":0,"footnotes":""},"magazineBlocksPostFeaturedMedia":{"thumbnail":false,"medium":false,"medium_large":false,"large":false,"1536x1536":false,"2048x2048":false,"colormag-highlighted-post":false,"colormag-featured-post-medium":false,"colormag-featured-post-small":false,"colormag-featured-image":false,"colormag-default-news":false,"colormag-featured-image-large":false},"magazineBlocksPostAuthor":{"name":"admin","avatar":"https:\/\/secure.gravatar.com\/avatar\/5140b312f1bcbe8516bfaa79917f11b3?s=96&d=mm&r=g"},"magazineBlocksPostCommentsNumber":false,"magazineBlocksPostExcerpt":"&gt;&gt; SUBVENC\u00d5ES &gt;&gt; RELA\u00c7\u00c3O DE REPASSES DE SUBVEN\u00c7\u00d5ES \u2013 2014","magazineBlocksPostCategories":[],"_links":{"self":[{"href":"https:\/\/www.orlandia.sp.gov.br\/novo\/wp-json\/wp\/v2\/pages\/9003"}],"collection":[{"href":"https:\/\/www.orlandia.sp.gov.br\/novo\/wp-json\/wp\/v2\/pages"}],"about":[{"href":"https:\/\/www.orlandia.sp.gov.br\/novo\/wp-json\/wp\/v2\/types\/page"}],"author":[{"embeddable":true,"href":"https:\/\/www.orlandia.sp.gov.br\/novo\/wp-json\/wp\/v2\/users\/1"}],"replies":[{"embeddable":true,"href":"https:\/\/www.orlandia.sp.gov.br\/novo\/wp-json\/wp\/v2\/comments?post=9003"}],"version-history":[{"count":1,"href":"https:\/\/www.orlandia.sp.gov.br\/novo\/wp-json\/wp\/v2\/pages\/9003\/revisions"}],"predecessor-version":[{"id":9004,"href":"https:\/\/www.orlandia.sp.gov.br\/novo\/wp-json\/wp\/v2\/pages\/9003\/revisions\/9004"}],"wp:attachment":[{"href":"https:\/\/www.orlandia.sp.gov.br\/novo\/wp-json\/wp\/v2\/media?parent=9003"}],"curies":[{"name":"wp","href":"https:\/\/api.w.org\/{rel}","templated":true}]}}