{"id":8964,"date":"2016-07-14T15:54:46","date_gmt":"2016-07-14T18:54:46","guid":{"rendered":"https:\/\/www.orlandia.sp.gov.br\/novo\/?page_id=8964"},"modified":"2016-07-14T16:37:29","modified_gmt":"2016-07-14T19:37:29","slug":"contas-publicas-de-2014-relacao-mensal-de-compras","status":"publish","type":"page","link":"https:\/\/www.orlandia.sp.gov.br\/novo\/contas-publicas-de-2014-relacao-mensal-de-compras","title":{"rendered":"Contas P\u00fablicas de 2014 &#8211; Rela\u00e7\u00e3o Mensal de Compras"},"content":{"rendered":"<p>&gt;&gt; <a href=\"https:\/\/www.orlandia.sp.gov.br\/novo\/wp-content\/uploads\/2014\/02\/Relacao_Mensal_de_Compras_janeiro_2014.pdf\" target=\"_blank\">Janeiro<\/a><\/p>\n<p>&gt;&gt; <a href=\"https:\/\/www.orlandia.sp.gov.br\/novo\/wp-content\/uploads\/2014\/02\/Rela%C3%A7%C3%A3o-Mensal-de-Compras-Fevereiro-2014.pdf\" target=\"_blank\">Fevereiro<\/a><\/p>\n<p>&gt;&gt; <a href=\"https:\/\/www.orlandia.sp.gov.br\/novo\/wp-content\/uploads\/2014\/02\/Rela%C3%A7%C3%A3o-Mensal-de-Compras-mar%C3%A7o-2014.pdf\" target=\"_blank\">Mar\u00e7o<\/a><\/p>\n<p>&gt;&gt; <a href=\"https:\/\/www.orlandia.sp.gov.br\/novo\/wp-content\/uploads\/2014\/02\/Rela%C3%A7%C3%A3o-Mensal-de-Compras-abril-2014.pdf\" target=\"_blank\">Abril<\/a><\/p>\n<p>&gt;&gt; <a href=\"https:\/\/www.orlandia.sp.gov.br\/novo\/wp-content\/uploads\/2014\/02\/Rela%C3%A7%C3%A3o-Mensal-de-Compras-Maio-de-2014.pdf\" target=\"_blank\">Maio<\/a><\/p>\n<p>&gt;&gt; <a href=\"https:\/\/www.orlandia.sp.gov.br\/novo\/wp-content\/uploads\/2014\/02\/Rela%C3%A7%C3%A3o-Mensal-de-Compras-Junho-de-2014.pdf\" target=\"_blank\">Junho<\/a><\/p>\n<p>&gt;&gt; <a href=\"https:\/\/www.orlandia.sp.gov.br\/novo\/wp-content\/uploads\/2014\/02\/Rela%C3%A7%C3%A3o-Mensal-de-Compras-Julho-de-2014.pdf\" target=\"_blank\">Julho<\/a><\/p>\n<p>&gt;&gt; <a href=\"https:\/\/www.orlandia.sp.gov.br\/novo\/wp-content\/uploads\/2014\/02\/Rela%C3%A7%C3%A3o-Mensal-de-Compras-Agosto-de-2014.pdf\" target=\"_blank\">Agosto<\/a><\/p>\n<p>&gt;&gt; <a href=\"https:\/\/www.orlandia.sp.gov.br\/novo\/wp-content\/uploads\/2014\/02\/Rela%C3%A7%C3%A3o-Mensal-de-Compras-setembro-de-2014.pdf\" target=\"_blank\">Setembro<\/a><\/p>\n<p>&gt;&gt; <a href=\"https:\/\/www.orlandia.sp.gov.br\/novo\/wp-content\/uploads\/2014\/02\/Rela%C3%A7%C3%A3o-Mensal-de-Compras-Outubro-de-2014.pdf\" target=\"_blank\">Outubro<\/a><\/p>\n<p>&gt;&gt; <a href=\"https:\/\/www.orlandia.sp.gov.br\/novo\/wp-content\/uploads\/2014\/02\/Rela%C3%A7%C3%A3o-Mensal-de-Compras-Novembro-de-2014.pdf\" target=\"_blank\">Novembro<\/a><\/p>\n<p>&gt;&gt; <a href=\"https:\/\/www.orlandia.sp.gov.br\/novo\/wp-content\/uploads\/2014\/02\/Rela%C3%A7%C3%A3o-Mensal-de-Compras-dezembro-de-2014.pdf\" target=\"_blank\">Dezembro<\/a><\/p>\n","protected":false},"excerpt":{"rendered":"<p>&gt;&gt; Janeiro &gt;&gt; Fevereiro &gt;&gt; Mar\u00e7o &gt;&gt; Abril &gt;&gt; Maio &gt;&gt; Junho &gt;&gt; Julho &gt;&gt; Agosto &gt;&gt; Setembro &gt;&gt; Outubro<\/p>\n","protected":false},"author":1,"featured_media":0,"parent":0,"menu_order":0,"comment_status":"closed","ping_status":"closed","template":"","meta":{"ngg_post_thumbnail":0,"footnotes":""},"magazineBlocksPostFeaturedMedia":{"thumbnail":false,"medium":false,"medium_large":false,"large":false,"1536x1536":false,"2048x2048":false,"colormag-highlighted-post":false,"colormag-featured-post-medium":false,"colormag-featured-post-small":false,"colormag-featured-image":false,"colormag-default-news":false,"colormag-featured-image-large":false},"magazineBlocksPostAuthor":{"name":"admin","avatar":"https:\/\/secure.gravatar.com\/avatar\/5140b312f1bcbe8516bfaa79917f11b3?s=96&d=mm&r=g"},"magazineBlocksPostCommentsNumber":false,"magazineBlocksPostExcerpt":"&gt;&gt; Janeiro &gt;&gt; Fevereiro &gt;&gt; Mar\u00e7o &gt;&gt; Abril &gt;&gt; Maio &gt;&gt; Junho &gt;&gt; Julho &gt;&gt; Agosto &gt;&gt; Setembro &gt;&gt; Outubro","magazineBlocksPostCategories":[],"_links":{"self":[{"href":"https:\/\/www.orlandia.sp.gov.br\/novo\/wp-json\/wp\/v2\/pages\/8964"}],"collection":[{"href":"https:\/\/www.orlandia.sp.gov.br\/novo\/wp-json\/wp\/v2\/pages"}],"about":[{"href":"https:\/\/www.orlandia.sp.gov.br\/novo\/wp-json\/wp\/v2\/types\/page"}],"author":[{"embeddable":true,"href":"https:\/\/www.orlandia.sp.gov.br\/novo\/wp-json\/wp\/v2\/users\/1"}],"replies":[{"embeddable":true,"href":"https:\/\/www.orlandia.sp.gov.br\/novo\/wp-json\/wp\/v2\/comments?post=8964"}],"version-history":[{"count":2,"href":"https:\/\/www.orlandia.sp.gov.br\/novo\/wp-json\/wp\/v2\/pages\/8964\/revisions"}],"predecessor-version":[{"id":8988,"href":"https:\/\/www.orlandia.sp.gov.br\/novo\/wp-json\/wp\/v2\/pages\/8964\/revisions\/8988"}],"wp:attachment":[{"href":"https:\/\/www.orlandia.sp.gov.br\/novo\/wp-json\/wp\/v2\/media?parent=8964"}],"curies":[{"name":"wp","href":"https:\/\/api.w.org\/{rel}","templated":true}]}}