{"id":8952,"date":"2016-07-14T15:22:58","date_gmt":"2016-07-14T18:22:58","guid":{"rendered":"https:\/\/www.orlandia.sp.gov.br\/novo\/?page_id=8952"},"modified":"2016-07-14T16:23:52","modified_gmt":"2016-07-14T19:23:52","slug":"contas-publicas-de-2014-lei-de-responsabilidade-fiscal-2-quadrimestre","status":"publish","type":"page","link":"https:\/\/www.orlandia.sp.gov.br\/novo\/contas-publicas-de-2014-lei-de-responsabilidade-fiscal-2-quadrimestre","title":{"rendered":"Contas P\u00fablicas de 2014 \u2013 Lei de Responsabilidade Fiscal &#8211; 2\u00b0 Quadrimestre"},"content":{"rendered":"<p>>> <a href=\"https:\/\/www.orlandia.sp.gov.br\/novo\/wp-content\/uploads\/2014\/02\/DEMONSTRATIVO-DE-DESPESA-COM-PESSOAL3.pdf\" target=\"_blank\">DEMONSTRATIVO DE DESPESA COM PESSOAL<\/a><\/p>\n<p>>> <a href=\"https:\/\/www.orlandia.sp.gov.br\/novo\/wp-content\/uploads\/2014\/02\/RECEITA-CORRENTE-L%C3%8DQUIDA1.pdf\" target=\"_blank\">RECEITA CORRENTE L\u00cdQUIDA<\/a><\/p>\n<p>>> <a href=\"https:\/\/www.orlandia.sp.gov.br\/novo\/wp-content\/uploads\/2014\/02\/RELAT%C3%93RIO-DE-GEST%C3%83O-FISCAL.pdf\" target=\"_blank\">RELAT\u00d3RIO DE GEST\u00c3O FISCAL<\/a><\/p>\n","protected":false},"excerpt":{"rendered":"<p>>> DEMONSTRATIVO DE DESPESA COM PESSOAL >> RECEITA CORRENTE L\u00cdQUIDA >> RELAT\u00d3RIO DE GEST\u00c3O FISCAL<\/p>\n","protected":false},"author":1,"featured_media":0,"parent":0,"menu_order":0,"comment_status":"closed","ping_status":"closed","template":"","meta":{"ngg_post_thumbnail":0,"footnotes":""},"magazineBlocksPostFeaturedMedia":{"thumbnail":false,"medium":false,"medium_large":false,"large":false,"1536x1536":false,"2048x2048":false,"colormag-highlighted-post":false,"colormag-featured-post-medium":false,"colormag-featured-post-small":false,"colormag-featured-image":false,"colormag-default-news":false,"colormag-featured-image-large":false},"magazineBlocksPostAuthor":{"name":"admin","avatar":"https:\/\/secure.gravatar.com\/avatar\/5140b312f1bcbe8516bfaa79917f11b3?s=96&d=mm&r=g"},"magazineBlocksPostCommentsNumber":false,"magazineBlocksPostExcerpt":">> DEMONSTRATIVO DE DESPESA COM PESSOAL >> RECEITA CORRENTE L\u00cdQUIDA >> RELAT\u00d3RIO DE GEST\u00c3O FISCAL","magazineBlocksPostCategories":[],"_links":{"self":[{"href":"https:\/\/www.orlandia.sp.gov.br\/novo\/wp-json\/wp\/v2\/pages\/8952"}],"collection":[{"href":"https:\/\/www.orlandia.sp.gov.br\/novo\/wp-json\/wp\/v2\/pages"}],"about":[{"href":"https:\/\/www.orlandia.sp.gov.br\/novo\/wp-json\/wp\/v2\/types\/page"}],"author":[{"embeddable":true,"href":"https:\/\/www.orlandia.sp.gov.br\/novo\/wp-json\/wp\/v2\/users\/1"}],"replies":[{"embeddable":true,"href":"https:\/\/www.orlandia.sp.gov.br\/novo\/wp-json\/wp\/v2\/comments?post=8952"}],"version-history":[{"count":2,"href":"https:\/\/www.orlandia.sp.gov.br\/novo\/wp-json\/wp\/v2\/pages\/8952\/revisions"}],"predecessor-version":[{"id":8980,"href":"https:\/\/www.orlandia.sp.gov.br\/novo\/wp-json\/wp\/v2\/pages\/8952\/revisions\/8980"}],"wp:attachment":[{"href":"https:\/\/www.orlandia.sp.gov.br\/novo\/wp-json\/wp\/v2\/media?parent=8952"}],"curies":[{"name":"wp","href":"https:\/\/api.w.org\/{rel}","templated":true}]}}