{"id":8939,"date":"2016-07-14T15:11:23","date_gmt":"2016-07-14T18:11:23","guid":{"rendered":"https:\/\/www.orlandia.sp.gov.br\/novo\/?page_id=8939"},"modified":"2016-07-14T16:24:28","modified_gmt":"2016-07-14T19:24:28","slug":"contas-publicas-de-2014-lei-de-responsabilidade-fiscal-2-bimestre","status":"publish","type":"page","link":"https:\/\/www.orlandia.sp.gov.br\/novo\/contas-publicas-de-2014-lei-de-responsabilidade-fiscal-2-bimestre","title":{"rendered":"Contas P\u00fablicas de 2014 \u2013 Lei de Responsabilidade Fiscal &#8211; 2\u00b0 Bimestre"},"content":{"rendered":"<p>>> <a href=\"https:\/\/www.orlandia.sp.gov.br\/novo\/wp-content\/uploads\/2014\/02\/BALAN%C3%87O-OR%C3%87AMENT%C3%81RIO2.pdf\" target=\"_blank\">BALAN\u00c7O OR\u00c7AMENT\u00c1RIO<\/a><\/p>\n<p>>> <a href=\"https:\/\/www.orlandia.sp.gov.br\/novo\/wp-content\/uploads\/2014\/02\/DEMONSTATIVO-DE-FUN%C3%87%C3%83O-E-SUBFUN%C3%87%C3%83O.pdf\" target=\"_blank\">DEMONSTRATIVO DE FUN\u00c7\u00c3O E SUBFUN\u00c7\u00c3O<\/a><\/p>\n","protected":false},"excerpt":{"rendered":"<p>>> BALAN\u00c7O OR\u00c7AMENT\u00c1RIO >> DEMONSTRATIVO DE FUN\u00c7\u00c3O E SUBFUN\u00c7\u00c3O<\/p>\n","protected":false},"author":1,"featured_media":0,"parent":0,"menu_order":0,"comment_status":"closed","ping_status":"closed","template":"","meta":{"ngg_post_thumbnail":0,"footnotes":""},"magazineBlocksPostFeaturedMedia":{"thumbnail":false,"medium":false,"medium_large":false,"large":false,"1536x1536":false,"2048x2048":false,"colormag-highlighted-post":false,"colormag-featured-post-medium":false,"colormag-featured-post-small":false,"colormag-featured-image":false,"colormag-default-news":false,"colormag-featured-image-large":false},"magazineBlocksPostAuthor":{"name":"admin","avatar":"https:\/\/secure.gravatar.com\/avatar\/5140b312f1bcbe8516bfaa79917f11b3?s=96&d=mm&r=g"},"magazineBlocksPostCommentsNumber":false,"magazineBlocksPostExcerpt":">> BALAN\u00c7O OR\u00c7AMENT\u00c1RIO >> DEMONSTRATIVO DE FUN\u00c7\u00c3O E SUBFUN\u00c7\u00c3O","magazineBlocksPostCategories":[],"_links":{"self":[{"href":"https:\/\/www.orlandia.sp.gov.br\/novo\/wp-json\/wp\/v2\/pages\/8939"}],"collection":[{"href":"https:\/\/www.orlandia.sp.gov.br\/novo\/wp-json\/wp\/v2\/pages"}],"about":[{"href":"https:\/\/www.orlandia.sp.gov.br\/novo\/wp-json\/wp\/v2\/types\/page"}],"author":[{"embeddable":true,"href":"https:\/\/www.orlandia.sp.gov.br\/novo\/wp-json\/wp\/v2\/users\/1"}],"replies":[{"embeddable":true,"href":"https:\/\/www.orlandia.sp.gov.br\/novo\/wp-json\/wp\/v2\/comments?post=8939"}],"version-history":[{"count":3,"href":"https:\/\/www.orlandia.sp.gov.br\/novo\/wp-json\/wp\/v2\/pages\/8939\/revisions"}],"predecessor-version":[{"id":8981,"href":"https:\/\/www.orlandia.sp.gov.br\/novo\/wp-json\/wp\/v2\/pages\/8939\/revisions\/8981"}],"wp:attachment":[{"href":"https:\/\/www.orlandia.sp.gov.br\/novo\/wp-json\/wp\/v2\/media?parent=8939"}],"curies":[{"name":"wp","href":"https:\/\/api.w.org\/{rel}","templated":true}]}}