{"id":8919,"date":"2016-07-14T14:25:58","date_gmt":"2016-07-14T17:25:58","guid":{"rendered":"https:\/\/www.orlandia.sp.gov.br\/novo\/?page_id=8919"},"modified":"2016-07-14T14:25:58","modified_gmt":"2016-07-14T17:25:58","slug":"contas-publicas-de-2013-relacao-mensal-de-compras","status":"publish","type":"page","link":"https:\/\/www.orlandia.sp.gov.br\/novo\/contas-publicas-de-2013-relacao-mensal-de-compras","title":{"rendered":"Contas P\u00fablicas de 2013 &#8211; Rela\u00e7\u00e3o Mensal de Compras"},"content":{"rendered":"<p><b>Artigo 16 da Lei N\u00ba 8666\/93<\/b><\/p>\n<p>&gt;&gt; <a href=\"https:\/\/www.orlandia.sp.gov.br\/contaspublicas\/relacao_mensal_de_compras_janeiro_2013.pdf\" target=\"_blank\">Janeiro<\/a><\/p>\n<p>&gt;&gt; <a href=\"https:\/\/www.orlandia.sp.gov.br\/contaspublicas\/relacao_mensal_de_compras_-_fevereiro_2013.pdf\" target=\"_blank\">Fevereiro<\/a><\/p>\n<p>&gt;&gt; <a href=\"https:\/\/www.orlandia.sp.gov.br\/contaspublicas\/relacao_mensal_de_compras_marco_de_2013.pdf\" target=\"_blank\">Mar\u00e7o<\/a><\/p>\n<p>&gt;&gt; <a href=\"https:\/\/www.orlandia.sp.gov.br\/contaspublicas\/relacao_mensal_de_compras_-_abril_2013.pdf\" target=\"_blank\">Abril<\/a><\/p>\n<p>&gt;&gt; <a href=\"https:\/\/www.orlandia.sp.gov.br\/contaspublicas\/relacao_mensal_de_compras_maio_2013.pdf\" target=\"_blank\">Maio<\/a><\/p>\n<p>&gt;&gt; <a href=\"https:\/\/www.orlandia.sp.gov.br\/contaspublicas\/relacao_mensal_de_compras_-_junho_2013.pdf\" target=\"_blank\">Junho<\/a><\/p>\n<p>&gt;&gt; <a href=\"https:\/\/www.orlandia.sp.gov.br\/contaspublicas\/relacao_mensal_de_compras_-_julho_de_2013.pdf\" target=\"_blank\">Julho<\/a><\/p>\n<p>&gt;&gt; <a href=\"https:\/\/www.orlandia.sp.gov.br\/contaspublicas\/relacao_mensal_de_compras_-_agosto_2013.pdf\" target=\"_blank\">Agosto<\/a><\/p>\n<p>&gt;&gt; <a href=\"https:\/\/www.orlandia.sp.gov.br\/contaspublicas\/relacao_mensal_de_compras_-_setembro_de_2013.pdf\" target=\"_blank\">Setembro<\/a><\/p>\n<p>&gt;&gt; <a href=\"https:\/\/www.orlandia.sp.gov.br\/novo\/wp-content\/uploads\/2013\/10\/Relacao_Mensal_de_Compras-outubro_de_2013.pdf\" target=\"_blank\">Outubro<\/a><\/p>\n<p>&gt;&gt; <a href=\"https:\/\/www.orlandia.sp.gov.br\/novo\/wp-content\/uploads\/2013\/10\/Relacao_Mensal_de_Compras_novembro-2013.pdf\" target=\"_blank\">Novembro<\/a><\/p>\n<p>&gt;&gt; <a href=\"https:\/\/www.orlandia.sp.gov.br\/novo\/wp-content\/uploads\/2013\/10\/Relacao-Mensal-de-Compras-Dezembro-de-2013.pdf\" target=\"_blank\">Dezembro<\/a><\/p>\n","protected":false},"excerpt":{"rendered":"<p>Artigo 16 da Lei N\u00ba 8666\/93 &gt;&gt; Janeiro &gt;&gt; Fevereiro &gt;&gt; Mar\u00e7o &gt;&gt; Abril &gt;&gt; Maio &gt;&gt; Junho &gt;&gt; Julho<\/p>\n","protected":false},"author":1,"featured_media":0,"parent":0,"menu_order":0,"comment_status":"closed","ping_status":"closed","template":"","meta":{"ngg_post_thumbnail":0,"footnotes":""},"magazineBlocksPostFeaturedMedia":{"thumbnail":false,"medium":false,"medium_large":false,"large":false,"1536x1536":false,"2048x2048":false,"colormag-highlighted-post":false,"colormag-featured-post-medium":false,"colormag-featured-post-small":false,"colormag-featured-image":false,"colormag-default-news":false,"colormag-featured-image-large":false},"magazineBlocksPostAuthor":{"name":"admin","avatar":"https:\/\/secure.gravatar.com\/avatar\/5140b312f1bcbe8516bfaa79917f11b3?s=96&d=mm&r=g"},"magazineBlocksPostCommentsNumber":false,"magazineBlocksPostExcerpt":"Artigo 16 da Lei N\u00ba 8666\/93 &gt;&gt; Janeiro &gt;&gt; Fevereiro &gt;&gt; Mar\u00e7o &gt;&gt; Abril &gt;&gt; Maio &gt;&gt; Junho &gt;&gt; Julho","magazineBlocksPostCategories":[],"_links":{"self":[{"href":"https:\/\/www.orlandia.sp.gov.br\/novo\/wp-json\/wp\/v2\/pages\/8919"}],"collection":[{"href":"https:\/\/www.orlandia.sp.gov.br\/novo\/wp-json\/wp\/v2\/pages"}],"about":[{"href":"https:\/\/www.orlandia.sp.gov.br\/novo\/wp-json\/wp\/v2\/types\/page"}],"author":[{"embeddable":true,"href":"https:\/\/www.orlandia.sp.gov.br\/novo\/wp-json\/wp\/v2\/users\/1"}],"replies":[{"embeddable":true,"href":"https:\/\/www.orlandia.sp.gov.br\/novo\/wp-json\/wp\/v2\/comments?post=8919"}],"version-history":[{"count":1,"href":"https:\/\/www.orlandia.sp.gov.br\/novo\/wp-json\/wp\/v2\/pages\/8919\/revisions"}],"predecessor-version":[{"id":8920,"href":"https:\/\/www.orlandia.sp.gov.br\/novo\/wp-json\/wp\/v2\/pages\/8919\/revisions\/8920"}],"wp:attachment":[{"href":"https:\/\/www.orlandia.sp.gov.br\/novo\/wp-json\/wp\/v2\/media?parent=8919"}],"curies":[{"name":"wp","href":"https:\/\/api.w.org\/{rel}","templated":true}]}}