{"id":8911,"date":"2016-07-14T14:11:39","date_gmt":"2016-07-14T17:11:39","guid":{"rendered":"https:\/\/www.orlandia.sp.gov.br\/novo\/?page_id=8911"},"modified":"2016-07-15T16:31:07","modified_gmt":"2016-07-15T19:31:07","slug":"contas-publicas-de-2013-balancos-anuais","status":"publish","type":"page","link":"https:\/\/www.orlandia.sp.gov.br\/novo\/contas-publicas-de-2013-balancos-anuais","title":{"rendered":"Contas P\u00fablicas de 2013 &#8211; Balan\u00e7os Anuais"},"content":{"rendered":"<p>&gt;&gt; <a href=\"https:\/\/www.orlandia.sp.gov.br\/novo\/wp-content\/uploads\/2013\/10\/BALAN%C3%87O-financeiro-2013.pdf\" target=\"_blank\">Balan\u00e7o financeiro<\/a><\/p>\n<p>&gt;&gt; <a href=\"https:\/\/www.orlandia.sp.gov.br\/novo\/wp-content\/uploads\/2013\/10\/Balan%C3%A7o-or%C3%A7amentario-2013.pdf\" target=\"_blank\">Balan\u00e7o or\u00e7ament\u00e1rio<\/a><\/p>\n<p>&gt;&gt; <a href=\"https:\/\/www.orlandia.sp.gov.br\/novo\/wp-content\/uploads\/2013\/10\/Balan%C3%A7o-Patrimonial-2013.pdf\" target=\"_blank\">Balan\u00e7o patrimonial<\/a><\/p>\n<p>&gt;&gt; <a href=\"https:\/\/www.orlandia.sp.gov.br\/novo\/wp-content\/uploads\/2013\/10\/Demonstra%C3%A7%C3%A3o-das-Variacoes-patrimoniais-2013.pdf\" target=\"_blank\">Demonstra\u00e7\u00e3o das Varia\u00e7\u00f5es patrimoniais<\/a><\/p>\n","protected":false},"excerpt":{"rendered":"<p>&gt;&gt; Balan\u00e7o financeiro &gt;&gt; Balan\u00e7o or\u00e7ament\u00e1rio &gt;&gt; Balan\u00e7o patrimonial &gt;&gt; Demonstra\u00e7\u00e3o das Varia\u00e7\u00f5es patrimoniais<\/p>\n","protected":false},"author":1,"featured_media":0,"parent":0,"menu_order":0,"comment_status":"closed","ping_status":"closed","template":"","meta":{"ngg_post_thumbnail":0,"footnotes":""},"magazineBlocksPostFeaturedMedia":{"thumbnail":false,"medium":false,"medium_large":false,"large":false,"1536x1536":false,"2048x2048":false,"colormag-highlighted-post":false,"colormag-featured-post-medium":false,"colormag-featured-post-small":false,"colormag-featured-image":false,"colormag-default-news":false,"colormag-featured-image-large":false},"magazineBlocksPostAuthor":{"name":"admin","avatar":"https:\/\/secure.gravatar.com\/avatar\/5140b312f1bcbe8516bfaa79917f11b3?s=96&d=mm&r=g"},"magazineBlocksPostCommentsNumber":false,"magazineBlocksPostExcerpt":"&gt;&gt; Balan\u00e7o financeiro &gt;&gt; Balan\u00e7o or\u00e7ament\u00e1rio &gt;&gt; Balan\u00e7o patrimonial &gt;&gt; Demonstra\u00e7\u00e3o das Varia\u00e7\u00f5es patrimoniais","magazineBlocksPostCategories":[],"_links":{"self":[{"href":"https:\/\/www.orlandia.sp.gov.br\/novo\/wp-json\/wp\/v2\/pages\/8911"}],"collection":[{"href":"https:\/\/www.orlandia.sp.gov.br\/novo\/wp-json\/wp\/v2\/pages"}],"about":[{"href":"https:\/\/www.orlandia.sp.gov.br\/novo\/wp-json\/wp\/v2\/types\/page"}],"author":[{"embeddable":true,"href":"https:\/\/www.orlandia.sp.gov.br\/novo\/wp-json\/wp\/v2\/users\/1"}],"replies":[{"embeddable":true,"href":"https:\/\/www.orlandia.sp.gov.br\/novo\/wp-json\/wp\/v2\/comments?post=8911"}],"version-history":[{"count":6,"href":"https:\/\/www.orlandia.sp.gov.br\/novo\/wp-json\/wp\/v2\/pages\/8911\/revisions"}],"predecessor-version":[{"id":9059,"href":"https:\/\/www.orlandia.sp.gov.br\/novo\/wp-json\/wp\/v2\/pages\/8911\/revisions\/9059"}],"wp:attachment":[{"href":"https:\/\/www.orlandia.sp.gov.br\/novo\/wp-json\/wp\/v2\/media?parent=8911"}],"curies":[{"name":"wp","href":"https:\/\/api.w.org\/{rel}","templated":true}]}}