{"id":8831,"date":"2016-07-14T09:30:50","date_gmt":"2016-07-14T12:30:50","guid":{"rendered":"https:\/\/www.orlandia.sp.gov.br\/novo\/?page_id=8831"},"modified":"2016-07-15T16:46:39","modified_gmt":"2016-07-15T19:46:39","slug":"contas-publicas-de-2009-balancos-anuais","status":"publish","type":"page","link":"https:\/\/www.orlandia.sp.gov.br\/novo\/contas-publicas-de-2009-balancos-anuais","title":{"rendered":"Contas P\u00fablicas de 2009 &#8211; Balan\u00e7os Anuais"},"content":{"rendered":"<p>&gt;&gt; <a href=\"https:\/\/www.orlandia.sp.gov.br\/contaspublicas\/balanco_financeiro_2009.pdf\" target=\"_blank\">Balan\u00e7o Financeiro Atual<\/a><\/p>\n<p>&gt;&gt; <a href=\"https:\/\/www.orlandia.sp.gov.br\/contaspublicas\/balanco_financeiro_consolidado_2009.pdf\" target=\"_blank\">Balan\u00e7o Financeiro Consolidado<\/a><\/p>\n<p>&gt;&gt; <a href=\"https:\/\/www.orlandia.sp.gov.br\/contaspublicas\/balanco_orcamentario_atual_2009.pdf\" target=\"_blank\">Balan\u00e7o Or\u00e7ament\u00e1rio Atual<\/a><\/p>\n<p>&gt;&gt; <a href=\"https:\/\/www.orlandia.sp.gov.br\/contaspublicas\/balanco_orcamentario_consolidado_2009.pdf\" target=\"_blank\">Balan\u00e7o Or\u00e7ament\u00e1rio Consolidado<\/a><\/p>\n<p>&gt;&gt; <a href=\"https:\/\/www.orlandia.sp.gov.br\/contaspublicas\/balanco_patrimonial_2009.pdf\" target=\"_blank\">Balan\u00e7o Patrimonial Atual<\/a><\/p>\n<p>&gt;&gt; <a href=\"https:\/\/www.orlandia.sp.gov.br\/contaspublicas\/balanco_patrimonial_consolidado_2009.pdf\" target=\"_blank\">Balan\u00e7o Patrimonial Consolidado<\/a><\/p>\n<p>&gt;&gt; <a href=\"https:\/\/www.orlandia.sp.gov.br\/contaspublicas\/variacoes_patrimoniais_atual_2009.pdf\" target=\"_blank\">Varia\u00e7\u00f5es Patrimoniais Atual<\/a><\/p>\n<p>&gt;&gt; <a href=\"https:\/\/www.orlandia.sp.gov.br\/contaspublicas\/variacoes_patrimoniais_consolidado_2009.pdf\" target=\"_blank\">Varia\u00e7\u00f5es Patrimoniais Consolidado<\/a><\/p>\n","protected":false},"excerpt":{"rendered":"<p>&gt;&gt; Balan\u00e7o Financeiro Atual &gt;&gt; Balan\u00e7o Financeiro Consolidado &gt;&gt; Balan\u00e7o Or\u00e7ament\u00e1rio Atual &gt;&gt; Balan\u00e7o Or\u00e7ament\u00e1rio Consolidado &gt;&gt; Balan\u00e7o Patrimonial Atual<\/p>\n","protected":false},"author":1,"featured_media":0,"parent":0,"menu_order":0,"comment_status":"closed","ping_status":"closed","template":"","meta":{"ngg_post_thumbnail":0,"footnotes":""},"magazineBlocksPostFeaturedMedia":{"thumbnail":false,"medium":false,"medium_large":false,"large":false,"1536x1536":false,"2048x2048":false,"colormag-highlighted-post":false,"colormag-featured-post-medium":false,"colormag-featured-post-small":false,"colormag-featured-image":false,"colormag-default-news":false,"colormag-featured-image-large":false},"magazineBlocksPostAuthor":{"name":"admin","avatar":"https:\/\/secure.gravatar.com\/avatar\/5140b312f1bcbe8516bfaa79917f11b3?s=96&d=mm&r=g"},"magazineBlocksPostCommentsNumber":false,"magazineBlocksPostExcerpt":"&gt;&gt; Balan\u00e7o Financeiro Atual &gt;&gt; Balan\u00e7o Financeiro Consolidado &gt;&gt; Balan\u00e7o Or\u00e7ament\u00e1rio Atual &gt;&gt; Balan\u00e7o Or\u00e7ament\u00e1rio Consolidado &gt;&gt; Balan\u00e7o Patrimonial Atual","magazineBlocksPostCategories":[],"_links":{"self":[{"href":"https:\/\/www.orlandia.sp.gov.br\/novo\/wp-json\/wp\/v2\/pages\/8831"}],"collection":[{"href":"https:\/\/www.orlandia.sp.gov.br\/novo\/wp-json\/wp\/v2\/pages"}],"about":[{"href":"https:\/\/www.orlandia.sp.gov.br\/novo\/wp-json\/wp\/v2\/types\/page"}],"author":[{"embeddable":true,"href":"https:\/\/www.orlandia.sp.gov.br\/novo\/wp-json\/wp\/v2\/users\/1"}],"replies":[{"embeddable":true,"href":"https:\/\/www.orlandia.sp.gov.br\/novo\/wp-json\/wp\/v2\/comments?post=8831"}],"version-history":[{"count":2,"href":"https:\/\/www.orlandia.sp.gov.br\/novo\/wp-json\/wp\/v2\/pages\/8831\/revisions"}],"predecessor-version":[{"id":9068,"href":"https:\/\/www.orlandia.sp.gov.br\/novo\/wp-json\/wp\/v2\/pages\/8831\/revisions\/9068"}],"wp:attachment":[{"href":"https:\/\/www.orlandia.sp.gov.br\/novo\/wp-json\/wp\/v2\/media?parent=8831"}],"curies":[{"name":"wp","href":"https:\/\/api.w.org\/{rel}","templated":true}]}}