{"id":8820,"date":"2016-07-14T09:05:38","date_gmt":"2016-07-14T12:05:38","guid":{"rendered":"https:\/\/www.orlandia.sp.gov.br\/novo\/?page_id=8820"},"modified":"2016-07-15T16:51:34","modified_gmt":"2016-07-15T19:51:34","slug":"contas-publicas-de-2008-balancos-anuais","status":"publish","type":"page","link":"https:\/\/www.orlandia.sp.gov.br\/novo\/contas-publicas-de-2008-balancos-anuais","title":{"rendered":"Contas P\u00fablicas de 2008 &#8211; Balan\u00e7os Anuais"},"content":{"rendered":"<p>&nbsp;<\/p>\n<p>&gt;&gt; <a href=\"https:\/\/www.orlandia.sp.gov.br\/contaspublicas\/balanco_financeiro_2008.pdf\" target=\"_blank\">Balan\u00e7o Financeiro<\/a><\/p>\n<p>&gt;&gt; <a href=\"https:\/\/www.orlandia.sp.gov.br\/contaspublicas\/balanco_orcamentario_2008.pdf\" target=\"_blank\">Balan\u00e7o Or\u00e7ament\u00e1rio<\/a><\/p>\n<p>&gt;&gt; <a href=\"https:\/\/www.orlandia.sp.gov.br\/contaspublicas\/balanco_patrimonial_2008.pdf\" target=\"_blank\">Balan\u00e7o Patrimonial<\/a><\/p>\n<p>&gt;&gt; <a href=\"https:\/\/www.orlandia.sp.gov.br\/contaspublicas\/balanco_variacoes_2008.pdf\" target=\"_blank\">Varia\u00e7\u00f5es Patrimoniais<\/a><\/p>\n","protected":false},"excerpt":{"rendered":"<p>&nbsp; &gt;&gt; Balan\u00e7o Financeiro &gt;&gt; Balan\u00e7o Or\u00e7ament\u00e1rio &gt;&gt; Balan\u00e7o Patrimonial &gt;&gt; Varia\u00e7\u00f5es Patrimoniais<\/p>\n","protected":false},"author":1,"featured_media":0,"parent":0,"menu_order":0,"comment_status":"closed","ping_status":"closed","template":"","meta":{"ngg_post_thumbnail":0,"footnotes":""},"magazineBlocksPostFeaturedMedia":{"thumbnail":false,"medium":false,"medium_large":false,"large":false,"1536x1536":false,"2048x2048":false,"colormag-highlighted-post":false,"colormag-featured-post-medium":false,"colormag-featured-post-small":false,"colormag-featured-image":false,"colormag-default-news":false,"colormag-featured-image-large":false},"magazineBlocksPostAuthor":{"name":"admin","avatar":"https:\/\/secure.gravatar.com\/avatar\/5140b312f1bcbe8516bfaa79917f11b3?s=96&d=mm&r=g"},"magazineBlocksPostCommentsNumber":false,"magazineBlocksPostExcerpt":"&nbsp; &gt;&gt; Balan\u00e7o Financeiro &gt;&gt; Balan\u00e7o Or\u00e7ament\u00e1rio &gt;&gt; Balan\u00e7o Patrimonial &gt;&gt; Varia\u00e7\u00f5es Patrimoniais","magazineBlocksPostCategories":[],"_links":{"self":[{"href":"https:\/\/www.orlandia.sp.gov.br\/novo\/wp-json\/wp\/v2\/pages\/8820"}],"collection":[{"href":"https:\/\/www.orlandia.sp.gov.br\/novo\/wp-json\/wp\/v2\/pages"}],"about":[{"href":"https:\/\/www.orlandia.sp.gov.br\/novo\/wp-json\/wp\/v2\/types\/page"}],"author":[{"embeddable":true,"href":"https:\/\/www.orlandia.sp.gov.br\/novo\/wp-json\/wp\/v2\/users\/1"}],"replies":[{"embeddable":true,"href":"https:\/\/www.orlandia.sp.gov.br\/novo\/wp-json\/wp\/v2\/comments?post=8820"}],"version-history":[{"count":2,"href":"https:\/\/www.orlandia.sp.gov.br\/novo\/wp-json\/wp\/v2\/pages\/8820\/revisions"}],"predecessor-version":[{"id":9071,"href":"https:\/\/www.orlandia.sp.gov.br\/novo\/wp-json\/wp\/v2\/pages\/8820\/revisions\/9071"}],"wp:attachment":[{"href":"https:\/\/www.orlandia.sp.gov.br\/novo\/wp-json\/wp\/v2\/media?parent=8820"}],"curies":[{"name":"wp","href":"https:\/\/api.w.org\/{rel}","templated":true}]}}