{"id":8793,"date":"2016-07-13T14:39:20","date_gmt":"2016-07-13T17:39:20","guid":{"rendered":"https:\/\/www.orlandia.sp.gov.br\/novo\/?page_id=8793"},"modified":"2016-07-13T14:39:20","modified_gmt":"2016-07-13T17:39:20","slug":"contas-publicas-de-2004-balancos-anuais","status":"publish","type":"page","link":"https:\/\/www.orlandia.sp.gov.br\/novo\/contas-publicas-de-2004-balancos-anuais","title":{"rendered":"Contas P\u00fablicas de 2004 &#8211; Balan\u00e7os Anuais"},"content":{"rendered":"<p style=\"text-align: justify;\">&gt;&gt; <a href=\"https:\/\/www.orlandia.sp.gov.br\/contaspublicas\/balanco_financeiro_2004.pdf\" target=\"_blank\">Balan\u00e7o Financeiro<\/a><\/p>\n<p style=\"text-align: justify;\">&gt;&gt; <a href=\"https:\/\/www.orlandia.sp.gov.br\/contaspublicas\/balanco_orcamentario_2004.pdf\" target=\"_blank\">Balan\u00e7o Or\u00e7ament\u00e1rio<\/a><\/p>\n<p style=\"text-align: justify;\">&gt;&gt; <a href=\"https:\/\/www.orlandia.sp.gov.br\/contaspublicas\/balanco_patrimonial_2004.pdf\" target=\"_blank\">Balan\u00e7o Patrimonial<\/a><\/p>\n<p style=\"text-align: justify;\">&gt;&gt; <a href=\"https:\/\/www.orlandia.sp.gov.br\/contaspublicas\/balanco_variacoes_2004.pdf\" target=\"_blank\">Balan\u00e7o Varia\u00e7\u00f5es<\/a><\/p>\n<p style=\"text-align: justify;\">&gt;&gt; <a href=\"https:\/\/www.orlandia.sp.gov.br\/contaspublicas\/demonstrativo_tributos_dezembro_2004.pdf\" target=\"_blank\">Demonstrativo Tributos Dezembro<\/a><\/p>\n<p style=\"text-align: justify;\">&gt;&gt; <a href=\"https:\/\/www.orlandia.sp.gov.br\/contaspublicas\/relatorio_gestao_fiscal_2004.pdf\" target=\"_blank\">Relat\u00f3rio Gest\u00e3o Fiscal<\/a><\/p>\n<p style=\"text-align: justify;\">&gt;&gt; <a href=\"https:\/\/www.orlandia.sp.gov.br\/contaspublicas\/relatorio_resumido_2004.pdf\" target=\"_blank\">Relat\u00f3rio Resumido<\/a><\/p>\n<p style=\"text-align: justify;\">&gt;&gt; <a href=\"https:\/\/www.orlandia.sp.gov.br\/contaspublicas\/relatorio_resumido01_2004.pdf\" target=\"_blank\">Relat\u00f3rio Resumido 01<\/a><\/p>\n","protected":false},"excerpt":{"rendered":"<p>&gt;&gt; Balan\u00e7o Financeiro &gt;&gt; Balan\u00e7o Or\u00e7ament\u00e1rio &gt;&gt; Balan\u00e7o Patrimonial &gt;&gt; Balan\u00e7o Varia\u00e7\u00f5es &gt;&gt; Demonstrativo Tributos Dezembro &gt;&gt; Relat\u00f3rio Gest\u00e3o Fiscal<\/p>\n","protected":false},"author":1,"featured_media":0,"parent":0,"menu_order":0,"comment_status":"closed","ping_status":"closed","template":"","meta":{"ngg_post_thumbnail":0,"footnotes":""},"magazineBlocksPostFeaturedMedia":{"thumbnail":false,"medium":false,"medium_large":false,"large":false,"1536x1536":false,"2048x2048":false,"colormag-highlighted-post":false,"colormag-featured-post-medium":false,"colormag-featured-post-small":false,"colormag-featured-image":false,"colormag-default-news":false,"colormag-featured-image-large":false},"magazineBlocksPostAuthor":{"name":"admin","avatar":"https:\/\/secure.gravatar.com\/avatar\/5140b312f1bcbe8516bfaa79917f11b3?s=96&d=mm&r=g"},"magazineBlocksPostCommentsNumber":false,"magazineBlocksPostExcerpt":"&gt;&gt; Balan\u00e7o Financeiro &gt;&gt; Balan\u00e7o Or\u00e7ament\u00e1rio &gt;&gt; Balan\u00e7o Patrimonial &gt;&gt; Balan\u00e7o Varia\u00e7\u00f5es &gt;&gt; Demonstrativo Tributos Dezembro &gt;&gt; Relat\u00f3rio Gest\u00e3o Fiscal","magazineBlocksPostCategories":[],"_links":{"self":[{"href":"https:\/\/www.orlandia.sp.gov.br\/novo\/wp-json\/wp\/v2\/pages\/8793"}],"collection":[{"href":"https:\/\/www.orlandia.sp.gov.br\/novo\/wp-json\/wp\/v2\/pages"}],"about":[{"href":"https:\/\/www.orlandia.sp.gov.br\/novo\/wp-json\/wp\/v2\/types\/page"}],"author":[{"embeddable":true,"href":"https:\/\/www.orlandia.sp.gov.br\/novo\/wp-json\/wp\/v2\/users\/1"}],"replies":[{"embeddable":true,"href":"https:\/\/www.orlandia.sp.gov.br\/novo\/wp-json\/wp\/v2\/comments?post=8793"}],"version-history":[{"count":1,"href":"https:\/\/www.orlandia.sp.gov.br\/novo\/wp-json\/wp\/v2\/pages\/8793\/revisions"}],"predecessor-version":[{"id":8794,"href":"https:\/\/www.orlandia.sp.gov.br\/novo\/wp-json\/wp\/v2\/pages\/8793\/revisions\/8794"}],"wp:attachment":[{"href":"https:\/\/www.orlandia.sp.gov.br\/novo\/wp-json\/wp\/v2\/media?parent=8793"}],"curies":[{"name":"wp","href":"https:\/\/api.w.org\/{rel}","templated":true}]}}