{"id":8782,"date":"2016-07-13T11:40:37","date_gmt":"2016-07-13T14:40:37","guid":{"rendered":"https:\/\/www.orlandia.sp.gov.br\/novo\/?page_id=8782"},"modified":"2016-07-29T09:48:41","modified_gmt":"2016-07-29T12:48:41","slug":"jornal-oficial-de-orlandia-julho-de-2016","status":"publish","type":"page","link":"https:\/\/www.orlandia.sp.gov.br\/novo\/jornal-oficial-de-orlandia-julho-de-2016","title":{"rendered":"Jornal Oficial de Orl\u00e2ndia &#8211; Julho de 2016"},"content":{"rendered":"<p>&gt;&gt; <a href=\"https:\/\/www.orlandia.sp.gov.br\/novo\/wp-content\/uploads\/2016\/07\/Jornal_Oficial_Orlandia-29-07-16.pdf\" rel=\"\">Edi\u00e7\u00e3o 104 de 29 de julho de 2016<\/a><\/p>\n<p>&gt;&gt;<a href=\"https:\/\/www.orlandia.sp.gov.br\/novo\/wp-content\/uploads\/2016\/07\/Jornal_Oficial_Orlandia-26-07-16.pdf\" rel=\"\">Edi\u00e7\u00e3o 103 de 26 de julho de 2016<\/a><\/p>\n<p>&gt;&gt;<a href=\"https:\/\/www.orlandia.sp.gov.br\/novo\/wp-content\/uploads\/2016\/07\/Jornal_Oficial_Orlandia-22-07-16.pdf\" rel=\"\">Edi\u00e7\u00e3o 102 de 22 de julho de 2016<\/a><\/p>\n<p>&gt;&gt; <a href=\"https:\/\/www.orlandia.sp.gov.br\/novo\/wp-content\/uploads\/2016\/07\/Jornal_Oficial_Orlandia-19-07-16.pdf\" rel=\"\">Edi\u00e7\u00e3o 101 de 19 de julho de 2016<\/a><\/p>\n<p>&gt;&gt; <a href=\"https:\/\/www.orlandia.sp.gov.br\/novo\/wp-content\/uploads\/2016\/07\/Jornal_Oficial_Orlandia-15-07-16.pdf\" rel=\"\">Edi\u00e7\u00e3o 100 de 15 de julho de 2016<\/a><\/p>\n<p>&gt;&gt;\u00a0<a href=\"https:\/\/www.orlandia.sp.gov.br\/novo\/wp-content\/uploads\/2014\/11\/Jornal_Oficial_Orlandia-12-07-16.pdf\" rel=\"\">Edi\u00e7\u00e3o 99 de 12 de julho de 2016<\/a><\/p>\n<p>&gt;&gt; <a href=\"https:\/\/www.orlandia.sp.gov.br\/novo\/wp-content\/uploads\/2014\/11\/Jornal_Oficial_Orlandia-08-07-16.pdf\" rel=\"\">Edi\u00e7\u00e3o 98 de 08 de julho de 2016<\/a><\/p>\n<p>&gt;&gt; <a href=\"https:\/\/www.orlandia.sp.gov.br\/novo\/wp-content\/uploads\/2014\/11\/Jornal_Oficial_Orlandia-05-07-16-ed-ext-1.pdf\" rel=\"\">Edi\u00e7\u00e3o 97 de 05 de julho de 2016 \u2013 Edi\u00e7\u00e3o Extraordin\u00e1ria<\/a><\/p>\n<p>&gt;&gt; <a href=\"https:\/\/www.orlandia.sp.gov.br\/novo\/wp-content\/uploads\/2014\/11\/Jornal_Oficial_Orlandia-05-07-16.pdf\" rel=\"\">Edi\u00e7\u00e3o 96 de 05 de julho de 2016<\/a><\/p>\n<p>&gt;&gt; <a href=\"https:\/\/www.orlandia.sp.gov.br\/novo\/wp-content\/uploads\/2014\/11\/Jornal_Oficial_Orlandia-01-07-16.pdf\" rel=\"\">Edi\u00e7\u00e3o 95 de 01 de julho de 2016<\/a><\/p>\n","protected":false},"excerpt":{"rendered":"<p>&gt;&gt; Edi\u00e7\u00e3o 104 de 29 de julho de 2016 &gt;&gt;Edi\u00e7\u00e3o 103 de 26 de julho de 2016 &gt;&gt;Edi\u00e7\u00e3o 102 de<\/p>\n","protected":false},"author":1,"featured_media":0,"parent":0,"menu_order":0,"comment_status":"closed","ping_status":"closed","template":"","meta":{"ngg_post_thumbnail":0,"footnotes":""},"magazineBlocksPostFeaturedMedia":{"thumbnail":false,"medium":false,"medium_large":false,"large":false,"1536x1536":false,"2048x2048":false,"colormag-highlighted-post":false,"colormag-featured-post-medium":false,"colormag-featured-post-small":false,"colormag-featured-image":false,"colormag-default-news":false,"colormag-featured-image-large":false},"magazineBlocksPostAuthor":{"name":"admin","avatar":"https:\/\/secure.gravatar.com\/avatar\/5140b312f1bcbe8516bfaa79917f11b3?s=96&d=mm&r=g"},"magazineBlocksPostCommentsNumber":false,"magazineBlocksPostExcerpt":"&gt;&gt; Edi\u00e7\u00e3o 104 de 29 de julho de 2016 &gt;&gt;Edi\u00e7\u00e3o 103 de 26 de julho de 2016 &gt;&gt;Edi\u00e7\u00e3o 102 de","magazineBlocksPostCategories":[],"_links":{"self":[{"href":"https:\/\/www.orlandia.sp.gov.br\/novo\/wp-json\/wp\/v2\/pages\/8782"}],"collection":[{"href":"https:\/\/www.orlandia.sp.gov.br\/novo\/wp-json\/wp\/v2\/pages"}],"about":[{"href":"https:\/\/www.orlandia.sp.gov.br\/novo\/wp-json\/wp\/v2\/types\/page"}],"author":[{"embeddable":true,"href":"https:\/\/www.orlandia.sp.gov.br\/novo\/wp-json\/wp\/v2\/users\/1"}],"replies":[{"embeddable":true,"href":"https:\/\/www.orlandia.sp.gov.br\/novo\/wp-json\/wp\/v2\/comments?post=8782"}],"version-history":[{"count":8,"href":"https:\/\/www.orlandia.sp.gov.br\/novo\/wp-json\/wp\/v2\/pages\/8782\/revisions"}],"predecessor-version":[{"id":9178,"href":"https:\/\/www.orlandia.sp.gov.br\/novo\/wp-json\/wp\/v2\/pages\/8782\/revisions\/9178"}],"wp:attachment":[{"href":"https:\/\/www.orlandia.sp.gov.br\/novo\/wp-json\/wp\/v2\/media?parent=8782"}],"curies":[{"name":"wp","href":"https:\/\/api.w.org\/{rel}","templated":true}]}}