{"id":8780,"date":"2016-07-13T11:39:01","date_gmt":"2016-07-13T14:39:01","guid":{"rendered":"https:\/\/www.orlandia.sp.gov.br\/novo\/?page_id=8780"},"modified":"2016-07-15T17:14:23","modified_gmt":"2016-07-15T20:14:23","slug":"jornal-oficial-de-orlandia-junho-de-2016","status":"publish","type":"page","link":"https:\/\/www.orlandia.sp.gov.br\/novo\/jornal-oficial-de-orlandia-junho-de-2016","title":{"rendered":"Jornal Oficial de Orl\u00e2ndia &#8211; Junho de 2016"},"content":{"rendered":"<p>&gt;&gt; <a href=\"https:\/\/www.orlandia.sp.gov.br\/novo\/wp-content\/uploads\/2014\/11\/Jornal_Oficial_Orlandia-28-06-16.pdf\" rel=\"\">Edi\u00e7\u00e3o 94 de 28 de junho de 2016<\/a><\/p>\n<p>&gt;&gt; <a href=\"https:\/\/www.orlandia.sp.gov.br\/novo\/wp-content\/uploads\/2014\/11\/Jornal_Oficial_Orlandia-24-06-16.pdf\" rel=\"\">Edi\u00e7\u00e3o 93 de 24 de junho de 2016<\/a><\/p>\n<p>&gt;&gt; <a href=\"https:\/\/www.orlandia.sp.gov.br\/novo\/wp-content\/uploads\/2014\/11\/Jornal_Oficial_Orlandia-21-06-16-ed-ext.pdf\" rel=\"\">Edi\u00e7\u00e3o 92 de 21 de junho de 2016 \u2013 Edi\u00e7\u00e3o Extraordin\u00e1ria<\/a><\/p>\n<p>&gt;&gt; <a href=\"https:\/\/www.orlandia.sp.gov.br\/novo\/wp-content\/uploads\/2014\/11\/Jornal_Oficial_Orlandia-21-06-16.pdf\" rel=\"\">Edi\u00e7\u00e3o 91 de 21 de junho de 2016<\/a><\/p>\n<p>&gt;&gt; <a href=\"https:\/\/www.orlandia.sp.gov.br\/novo\/wp-content\/uploads\/2014\/11\/Jornal_Oficial_Orlandia-17-06-16-ed-ext.pdf\" rel=\"\">Edi\u00e7\u00e3o 90 de 17 de junho de 2016 \u2013 Edi\u00e7\u00e3o Extraordin\u00e1ria<\/a><\/p>\n<p>&gt;&gt; <a href=\"https:\/\/www.orlandia.sp.gov.br\/novo\/wp-content\/uploads\/2014\/11\/Jornal_Oficial_Orlandia-17-06-16.pdf\" rel=\"\">Edi\u00e7\u00e3o 89 de 17 de junho de 2016<\/a><\/p>\n<p>&gt;&gt; <a href=\"https:\/\/www.orlandia.sp.gov.br\/novo\/wp-content\/uploads\/2014\/11\/Jornal_Oficial_Orlandia-14-06-16.pdf\" rel=\"\">Edi\u00e7\u00e3o 88 de 14 de junho de 2016<\/a><\/p>\n<p>&gt;&gt; <a href=\"https:\/\/www.orlandia.sp.gov.br\/novo\/wp-content\/uploads\/2014\/11\/Jornal_Oficial_Orlandia-10-06-16-ed-ext.pdf\" rel=\"\">Edi\u00e7\u00e3o 87 de 10 de junho de 2016 \u2013 Edi\u00e7\u00e3o Extraordin\u00e1ria<\/a><\/p>\n<p>&gt;&gt; <a href=\"https:\/\/www.orlandia.sp.gov.br\/novo\/wp-content\/uploads\/2014\/11\/Jornal_Oficial_Orlandia-10-06-16.pdf\" rel=\"\">Edi\u00e7\u00e3o 86 de 10 de junho de 2016<\/a><\/p>\n<p>&gt;&gt; <a href=\"https:\/\/www.orlandia.sp.gov.br\/novo\/wp-content\/uploads\/2014\/11\/Jornal_Oficial_Orlandia-07-06-16-1.pdf\" rel=\"\">Edi\u00e7\u00e3o 85 de 07 de junho de 2016<\/a><\/p>\n<p>&gt;&gt; <a href=\"https:\/\/www.orlandia.sp.gov.br\/novo\/wp-content\/uploads\/2014\/11\/Jornal_Oficial_Orlandia-03-06-16-ed-ext.pdf\" rel=\"\">Edi\u00e7\u00e3o 84 de 03 de junho de 2016 \u2013 Edi\u00e7\u00e3o Extraordin\u00e1ria<\/a><\/p>\n<p>&gt;&gt; <a href=\"https:\/\/www.orlandia.sp.gov.br\/novo\/wp-content\/uploads\/2014\/11\/Jornal_Oficial_Orlandia-03-06-16.pdf\" rel=\"\">Edi\u00e7\u00e3o 83 de 03 de junho de 2016<\/a><\/p>\n","protected":false},"excerpt":{"rendered":"<p>&gt;&gt; Edi\u00e7\u00e3o 94 de 28 de junho de 2016 &gt;&gt; Edi\u00e7\u00e3o 93 de 24 de junho de 2016 &gt;&gt; Edi\u00e7\u00e3o<\/p>\n","protected":false},"author":1,"featured_media":0,"parent":0,"menu_order":0,"comment_status":"closed","ping_status":"closed","template":"","meta":{"ngg_post_thumbnail":0,"footnotes":""},"magazineBlocksPostFeaturedMedia":{"thumbnail":false,"medium":false,"medium_large":false,"large":false,"1536x1536":false,"2048x2048":false,"colormag-highlighted-post":false,"colormag-featured-post-medium":false,"colormag-featured-post-small":false,"colormag-featured-image":false,"colormag-default-news":false,"colormag-featured-image-large":false},"magazineBlocksPostAuthor":{"name":"admin","avatar":"https:\/\/secure.gravatar.com\/avatar\/5140b312f1bcbe8516bfaa79917f11b3?s=96&d=mm&r=g"},"magazineBlocksPostCommentsNumber":false,"magazineBlocksPostExcerpt":"&gt;&gt; Edi\u00e7\u00e3o 94 de 28 de junho de 2016 &gt;&gt; Edi\u00e7\u00e3o 93 de 24 de junho de 2016 &gt;&gt; Edi\u00e7\u00e3o","magazineBlocksPostCategories":[],"_links":{"self":[{"href":"https:\/\/www.orlandia.sp.gov.br\/novo\/wp-json\/wp\/v2\/pages\/8780"}],"collection":[{"href":"https:\/\/www.orlandia.sp.gov.br\/novo\/wp-json\/wp\/v2\/pages"}],"about":[{"href":"https:\/\/www.orlandia.sp.gov.br\/novo\/wp-json\/wp\/v2\/types\/page"}],"author":[{"embeddable":true,"href":"https:\/\/www.orlandia.sp.gov.br\/novo\/wp-json\/wp\/v2\/users\/1"}],"replies":[{"embeddable":true,"href":"https:\/\/www.orlandia.sp.gov.br\/novo\/wp-json\/wp\/v2\/comments?post=8780"}],"version-history":[{"count":1,"href":"https:\/\/www.orlandia.sp.gov.br\/novo\/wp-json\/wp\/v2\/pages\/8780\/revisions"}],"predecessor-version":[{"id":8781,"href":"https:\/\/www.orlandia.sp.gov.br\/novo\/wp-json\/wp\/v2\/pages\/8780\/revisions\/8781"}],"wp:attachment":[{"href":"https:\/\/www.orlandia.sp.gov.br\/novo\/wp-json\/wp\/v2\/media?parent=8780"}],"curies":[{"name":"wp","href":"https:\/\/api.w.org\/{rel}","templated":true}]}}