{"id":8778,"date":"2016-07-13T11:36:16","date_gmt":"2016-07-13T14:36:16","guid":{"rendered":"https:\/\/www.orlandia.sp.gov.br\/novo\/?page_id=8778"},"modified":"2016-07-13T11:36:16","modified_gmt":"2016-07-13T14:36:16","slug":"jornal-oficial-de-orlandia-maio-de-2016","status":"publish","type":"page","link":"https:\/\/www.orlandia.sp.gov.br\/novo\/jornal-oficial-de-orlandia-maio-de-2016","title":{"rendered":"Jornal Oficial de Orl\u00e2ndia &#8211; Maio de 2016"},"content":{"rendered":"<p>&gt;&gt; <a href=\"https:\/\/www.orlandia.sp.gov.br\/novo\/wp-content\/uploads\/2014\/11\/Jornal_Oficial_Orlandia-31-05-16.pdf\" rel=\"\">Edi\u00e7\u00e3o 82 de 31 de maio de 2016<\/a><\/p>\n<p>&gt;&gt; <a href=\"https:\/\/www.orlandia.sp.gov.br\/novo\/wp-content\/uploads\/2014\/11\/Jornal_Oficial_Orlandia-25-05-16.pdf\" rel=\"\">Edi\u00e7\u00e3o 81 de 25 de maio de 2016 \u2013 Edi\u00e7\u00e3o Extraordin\u00e1ria<\/a><\/p>\n<p>&gt;&gt; <a href=\"https:\/\/www.orlandia.sp.gov.br\/novo\/wp-content\/uploads\/2014\/11\/Jornal_Oficial_Orlandia-24-05-15.pdf\" rel=\"\">Edi\u00e7\u00e3o 80 de 24 de maio de 2016<\/a><\/p>\n<p>&gt;&gt; <a href=\"https:\/\/www.orlandia.sp.gov.br\/novo\/wp-content\/uploads\/2014\/11\/Jornal_Oficial_Orlandia-20-05-16.pdf\" rel=\"\">Edi\u00e7\u00e3o 79 de 20 de maio de 2016<\/a><\/p>\n<p>&gt;&gt; <a href=\"https:\/\/www.orlandia.sp.gov.br\/novo\/wp-content\/uploads\/2014\/11\/Jornal_Oficial_Orlandia-17-05-16.pdf\" rel=\"\">Edi\u00e7\u00e3o 78 de 17 de maio de 2016<\/a><\/p>\n<p>&gt;&gt; <a href=\"https:\/\/www.orlandia.sp.gov.br\/novo\/wp-content\/uploads\/2014\/11\/Jornal_Oficial_Orlandia-13-05-16.pdf\" rel=\"\">Edi\u00e7\u00e3o 77 de 13 de maio de 2016<\/a><\/p>\n<p>&gt;&gt; <a href=\"https:\/\/www.orlandia.sp.gov.br\/novo\/wp-content\/uploads\/2014\/11\/Jornal_Oficial_Orlandia-10-05-16.pdf\" rel=\"\">Edi\u00e7\u00e3o 76 de 10 de maio de 2016<\/a><\/p>\n<p>&gt;&gt; <a href=\"https:\/\/www.orlandia.sp.gov.br\/novo\/wp-content\/uploads\/2014\/11\/Jornal_Oficial_Orlandia-06-05-16.pdf\" rel=\"\">Edi\u00e7\u00e3o 75 de 06 de maio de 2016<\/a><\/p>\n<p>&gt;&gt; <a href=\"https:\/\/www.orlandia.sp.gov.br\/novo\/wp-content\/uploads\/2014\/11\/Jornal_Oficial_Orlandia-03-05-16.pdf\" rel=\"\">Edi\u00e7\u00e3o 74 de 03 de maio de 2016<\/a><\/p>\n<p>&gt;&gt; <a href=\"https:\/\/www.orlandia.sp.gov.br\/novo\/wp-content\/uploads\/2014\/11\/Jornal_Oficial_Orlandia-02-05-16-ed-ext.pdf\" rel=\"\">Edi\u00e7\u00e3o 73 de 02 de maio de 2016 \u2013 Edi\u00e7\u00e3o Extraordin\u00e1ria<\/a><\/p>\n","protected":false},"excerpt":{"rendered":"<p>&gt;&gt; Edi\u00e7\u00e3o 82 de 31 de maio de 2016 &gt;&gt; Edi\u00e7\u00e3o 81 de 25 de maio de 2016 \u2013 Edi\u00e7\u00e3o<\/p>\n","protected":false},"author":1,"featured_media":0,"parent":0,"menu_order":0,"comment_status":"closed","ping_status":"closed","template":"","meta":{"ngg_post_thumbnail":0,"footnotes":""},"magazineBlocksPostFeaturedMedia":{"thumbnail":false,"medium":false,"medium_large":false,"large":false,"1536x1536":false,"2048x2048":false,"colormag-highlighted-post":false,"colormag-featured-post-medium":false,"colormag-featured-post-small":false,"colormag-featured-image":false,"colormag-default-news":false,"colormag-featured-image-large":false},"magazineBlocksPostAuthor":{"name":"admin","avatar":"https:\/\/secure.gravatar.com\/avatar\/5140b312f1bcbe8516bfaa79917f11b3?s=96&d=mm&r=g"},"magazineBlocksPostCommentsNumber":false,"magazineBlocksPostExcerpt":"&gt;&gt; Edi\u00e7\u00e3o 82 de 31 de maio de 2016 &gt;&gt; Edi\u00e7\u00e3o 81 de 25 de maio de 2016 \u2013 Edi\u00e7\u00e3o","magazineBlocksPostCategories":[],"_links":{"self":[{"href":"https:\/\/www.orlandia.sp.gov.br\/novo\/wp-json\/wp\/v2\/pages\/8778"}],"collection":[{"href":"https:\/\/www.orlandia.sp.gov.br\/novo\/wp-json\/wp\/v2\/pages"}],"about":[{"href":"https:\/\/www.orlandia.sp.gov.br\/novo\/wp-json\/wp\/v2\/types\/page"}],"author":[{"embeddable":true,"href":"https:\/\/www.orlandia.sp.gov.br\/novo\/wp-json\/wp\/v2\/users\/1"}],"replies":[{"embeddable":true,"href":"https:\/\/www.orlandia.sp.gov.br\/novo\/wp-json\/wp\/v2\/comments?post=8778"}],"version-history":[{"count":1,"href":"https:\/\/www.orlandia.sp.gov.br\/novo\/wp-json\/wp\/v2\/pages\/8778\/revisions"}],"predecessor-version":[{"id":8779,"href":"https:\/\/www.orlandia.sp.gov.br\/novo\/wp-json\/wp\/v2\/pages\/8778\/revisions\/8779"}],"wp:attachment":[{"href":"https:\/\/www.orlandia.sp.gov.br\/novo\/wp-json\/wp\/v2\/media?parent=8778"}],"curies":[{"name":"wp","href":"https:\/\/api.w.org\/{rel}","templated":true}]}}