{"id":8773,"date":"2016-07-13T10:59:30","date_gmt":"2016-07-13T13:59:30","guid":{"rendered":"https:\/\/www.orlandia.sp.gov.br\/novo\/?page_id=8773"},"modified":"2016-07-13T10:59:30","modified_gmt":"2016-07-13T13:59:30","slug":"jornal-oficial-de-orlandia-marco-de-2016","status":"publish","type":"page","link":"https:\/\/www.orlandia.sp.gov.br\/novo\/jornal-oficial-de-orlandia-marco-de-2016","title":{"rendered":"Jornal Oficial de Orl\u00e2ndia &#8211; Mar\u00e7o de 2016"},"content":{"rendered":"<p>&gt;&gt; <a href=\"https:\/\/www.orlandia.sp.gov.br\/novo\/wp-content\/uploads\/2014\/11\/Jornal_Oficial_Orlandia-29-03-16-ed-ext.pdf\" rel=\"\">Edi\u00e7\u00e3o 62 de 29 de mar\u00e7o de 2016 \u2013 Edi\u00e7\u00e3o Extraordin\u00e1ria<\/a><\/p>\n<p>&gt;&gt; <a href=\"https:\/\/www.orlandia.sp.gov.br\/novo\/wp-content\/uploads\/2014\/11\/Jornal_Oficial_Orlandia-29-03-16.pdf\" rel=\"\">Edi\u00e7\u00e3o 61 de 29 de mar\u00e7o de 2016<\/a><\/p>\n<p>&gt;&gt; <a href=\"https:\/\/www.orlandia.sp.gov.br\/novo\/wp-content\/uploads\/2014\/11\/Jornal_Oficial_Orlandia-24-03-16-ed-ext.pdf\" rel=\"\">Edi\u00e7\u00e3o 60 de 24 de mar\u00e7o de 2016 \u2013 Edi\u00e7\u00e3o Extraordin\u00e1ria<\/a><\/p>\n<p>&gt;&gt; <a href=\"https:\/\/www.orlandia.sp.gov.br\/novo\/wp-content\/uploads\/2014\/11\/Jornal_Oficial_Orlandia-22-03-16.pdf\" rel=\"\">Edi\u00e7\u00e3o 59 de 22 de mar\u00e7o de 2016<\/a><\/p>\n<p>&gt;&gt; <a href=\"https:\/\/www.orlandia.sp.gov.br\/novo\/wp-content\/uploads\/2014\/11\/Jornal_Oficial_Orlandia-18-03-16-ed-ext-2.pdf\" rel=\"\">Edi\u00e7\u00e3o 58 de 18 de mar\u00e7o de 2016 \u2013 Edi\u00e7\u00e3o Extraordin\u00e1ria<\/a><\/p>\n<p>&gt;&gt; <a href=\"https:\/\/www.orlandia.sp.gov.br\/novo\/wp-content\/uploads\/2014\/11\/Jornal_Oficial_Orlandia-18-03-16.pdf\" rel=\"\">Edi\u00e7\u00e3o 57 de 18 de mar\u00e7o de 2016<\/a><\/p>\n<p>&gt;&gt; <a href=\"https:\/\/www.orlandia.sp.gov.br\/novo\/wp-content\/uploads\/2014\/11\/Jornal_Oficial_Orlandia-15-03-16.pdf\" rel=\"\">Edi\u00e7\u00e3o 56 de 15 de mar\u00e7o de 2016<\/a><\/p>\n<p>&gt;&gt; <a href=\"https:\/\/www.orlandia.sp.gov.br\/novo\/wp-content\/uploads\/2014\/11\/Jornal_Oficial_Orlandia-11-03-16.pdf\" rel=\"\">Edi\u00e7\u00e3o 55 de 11 de mar\u00e7o de 2016<\/a><\/p>\n<p>&gt;&gt; <a href=\"https:\/\/www.orlandia.sp.gov.br\/novo\/wp-content\/uploads\/2014\/11\/Jornal_Oficial_Orlandia-08-03-16.pdf\" rel=\"\">Edi\u00e7\u00e3o 54 de 08 de mar\u00e7o de 2016<\/a><\/p>\n<p>&gt;&gt; <a href=\"https:\/\/www.orlandia.sp.gov.br\/novo\/wp-content\/uploads\/2014\/11\/Jornal_Oficial_Orlandia-04-03-16.pdf\" rel=\"\">Edi\u00e7\u00e3o 53 de 04 de mar\u00e7o de 2016<\/a><\/p>\n<p>&gt;&gt; <a href=\"https:\/\/www.orlandia.sp.gov.br\/novo\/wp-content\/uploads\/2014\/11\/Jornal_Oficial_Orlandia-02-03-16-ed-ext.pdf\" rel=\"\">Edi\u00e7\u00e3o 52 de 02 de mar\u00e7o de 2016<\/a><\/p>\n<p>&gt;&gt; <a href=\"https:\/\/www.orlandia.sp.gov.br\/novo\/wp-content\/uploads\/2014\/11\/Jornal_Oficial_Orlandia-29-02-16.pdf\" rel=\"\">Edi\u00e7\u00e3o 51 de 01 de mar\u00e7o de 2016<\/a><\/p>\n","protected":false},"excerpt":{"rendered":"<p>&gt;&gt; Edi\u00e7\u00e3o 62 de 29 de mar\u00e7o de 2016 \u2013 Edi\u00e7\u00e3o Extraordin\u00e1ria &gt;&gt; Edi\u00e7\u00e3o 61 de 29 de mar\u00e7o de<\/p>\n","protected":false},"author":1,"featured_media":0,"parent":0,"menu_order":0,"comment_status":"closed","ping_status":"closed","template":"","meta":{"ngg_post_thumbnail":0,"footnotes":""},"magazineBlocksPostFeaturedMedia":{"thumbnail":false,"medium":false,"medium_large":false,"large":false,"1536x1536":false,"2048x2048":false,"colormag-highlighted-post":false,"colormag-featured-post-medium":false,"colormag-featured-post-small":false,"colormag-featured-image":false,"colormag-default-news":false,"colormag-featured-image-large":false},"magazineBlocksPostAuthor":{"name":"admin","avatar":"https:\/\/secure.gravatar.com\/avatar\/5140b312f1bcbe8516bfaa79917f11b3?s=96&d=mm&r=g"},"magazineBlocksPostCommentsNumber":false,"magazineBlocksPostExcerpt":"&gt;&gt; Edi\u00e7\u00e3o 62 de 29 de mar\u00e7o de 2016 \u2013 Edi\u00e7\u00e3o Extraordin\u00e1ria &gt;&gt; Edi\u00e7\u00e3o 61 de 29 de mar\u00e7o de","magazineBlocksPostCategories":[],"_links":{"self":[{"href":"https:\/\/www.orlandia.sp.gov.br\/novo\/wp-json\/wp\/v2\/pages\/8773"}],"collection":[{"href":"https:\/\/www.orlandia.sp.gov.br\/novo\/wp-json\/wp\/v2\/pages"}],"about":[{"href":"https:\/\/www.orlandia.sp.gov.br\/novo\/wp-json\/wp\/v2\/types\/page"}],"author":[{"embeddable":true,"href":"https:\/\/www.orlandia.sp.gov.br\/novo\/wp-json\/wp\/v2\/users\/1"}],"replies":[{"embeddable":true,"href":"https:\/\/www.orlandia.sp.gov.br\/novo\/wp-json\/wp\/v2\/comments?post=8773"}],"version-history":[{"count":1,"href":"https:\/\/www.orlandia.sp.gov.br\/novo\/wp-json\/wp\/v2\/pages\/8773\/revisions"}],"predecessor-version":[{"id":8774,"href":"https:\/\/www.orlandia.sp.gov.br\/novo\/wp-json\/wp\/v2\/pages\/8773\/revisions\/8774"}],"wp:attachment":[{"href":"https:\/\/www.orlandia.sp.gov.br\/novo\/wp-json\/wp\/v2\/media?parent=8773"}],"curies":[{"name":"wp","href":"https:\/\/api.w.org\/{rel}","templated":true}]}}