{"id":8762,"date":"2016-07-13T10:21:42","date_gmt":"2016-07-13T13:21:42","guid":{"rendered":"https:\/\/www.orlandia.sp.gov.br\/novo\/?page_id=8762"},"modified":"2016-07-13T10:26:10","modified_gmt":"2016-07-13T13:26:10","slug":"jornal-oficial-de-orlandia-marco-de-2015","status":"publish","type":"page","link":"https:\/\/www.orlandia.sp.gov.br\/novo\/jornal-oficial-de-orlandia-marco-de-2015","title":{"rendered":"Jornal Oficial de Orl\u00e2ndia &#8211; Mar\u00e7o de 2015"},"content":{"rendered":"<p>&gt;&gt;\u00a0<a href=\"https:\/\/www.orlandia.sp.gov.br\/novo\/wp-content\/uploads\/2014\/11\/Jornal_Oficial_Orlandia-31-03-15.pdf\">Edi\u00e7\u00e3o 14 de 31 de mar\u00e7o de 2015<\/a><\/p>\n<p>&gt;&gt;\u00a0<a href=\"https:\/\/www.orlandia.sp.gov.br\/novo\/wp-content\/uploads\/2014\/11\/Jornal_Oficial_Orlandia-27-03-15-ed-ext..pdf\">Edi\u00e7\u00e3o 13 de 27 de mar\u00e7o de 2015 \u2013 Edi\u00e7\u00e3o Extraordin\u00e1ria<\/a><\/p>\n<p>&gt;&gt;\u00a0<a href=\"https:\/\/www.orlandia.sp.gov.br\/novo\/wp-content\/uploads\/2014\/11\/Jornal_Oficial_Orlandia-27-03-15.pdf\">Edi\u00e7\u00e3o 12 de 27 de mar\u00e7o de 2015<\/a><\/p>\n<p>&gt;&gt;\u00a0<a href=\"https:\/\/www.orlandia.sp.gov.br\/novo\/wp-content\/uploads\/2014\/11\/Jornal_Oficial_Orlandia-24-03-15-ed-ext..pdf\">Edi\u00e7\u00e3o 11 de 24 de mar\u00e7o de 2015 \u2013 Edi\u00e7\u00e3o Extraordin\u00e1ria<\/a><\/p>\n<p>&gt;&gt;\u00a0<a href=\"https:\/\/www.orlandia.sp.gov.br\/novo\/wp-content\/uploads\/2014\/11\/Jornal_Oficial_Orlandia-24-03-15.pdf\">Edi\u00e7\u00e3o 10 de 24 de mar\u00e7o de 2015<\/a><\/p>\n<p>&gt;&gt;\u00a0<a href=\"https:\/\/www.orlandia.sp.gov.br\/novo\/wp-content\/uploads\/2014\/11\/Jornal_Oficial_Orlandia-17-03-15-ed.-ext..pdf\">Edi\u00e7\u00e3o 09 de 17 de mar\u00e7o de 2015 \u2013 Edi\u00e7\u00e3o Extraordin\u00e1ria<\/a><\/p>\n<p>&gt;&gt;\u00a0<a href=\"https:\/\/www.orlandia.sp.gov.br\/novo\/wp-content\/uploads\/2014\/11\/Jornal_Oficial_Orlandia-17-03-151.pdf\">Edi\u00e7\u00e3o 08 de 17 de mar\u00e7o de 2015<\/a><\/p>\n<p>&gt;&gt;\u00a0<a href=\"https:\/\/www.orlandia.sp.gov.br\/novo\/wp-content\/uploads\/2014\/11\/Jornal_Oficial_Orlandia-13-03-15-ed-ext..pdf\">Edi\u00e7\u00e3o 07 de 13 de mar\u00e7o de 2015 \u2013 Edi\u00e7\u00e3o Extraordin\u00e1ria<\/a><\/p>\n<p>&gt;&gt;\u00a0<a href=\"https:\/\/www.orlandia.sp.gov.br\/novo\/wp-content\/uploads\/2014\/11\/Jornal_Oficial_Orlandia-13-03-151.pdf\">Edi\u00e7\u00e3o 06 de 13 de mar\u00e7o de 2015<\/a><\/p>\n","protected":false},"excerpt":{"rendered":"<p>&gt;&gt;\u00a0Edi\u00e7\u00e3o 14 de 31 de mar\u00e7o de 2015 &gt;&gt;\u00a0Edi\u00e7\u00e3o 13 de 27 de mar\u00e7o de 2015 \u2013 Edi\u00e7\u00e3o Extraordin\u00e1ria &gt;&gt;\u00a0Edi\u00e7\u00e3o<\/p>\n","protected":false},"author":1,"featured_media":0,"parent":0,"menu_order":0,"comment_status":"closed","ping_status":"closed","template":"","meta":{"ngg_post_thumbnail":0,"footnotes":""},"magazineBlocksPostFeaturedMedia":{"thumbnail":false,"medium":false,"medium_large":false,"large":false,"1536x1536":false,"2048x2048":false,"colormag-highlighted-post":false,"colormag-featured-post-medium":false,"colormag-featured-post-small":false,"colormag-featured-image":false,"colormag-default-news":false,"colormag-featured-image-large":false},"magazineBlocksPostAuthor":{"name":"admin","avatar":"https:\/\/secure.gravatar.com\/avatar\/5140b312f1bcbe8516bfaa79917f11b3?s=96&d=mm&r=g"},"magazineBlocksPostCommentsNumber":false,"magazineBlocksPostExcerpt":"&gt;&gt;\u00a0Edi\u00e7\u00e3o 14 de 31 de mar\u00e7o de 2015 &gt;&gt;\u00a0Edi\u00e7\u00e3o 13 de 27 de mar\u00e7o de 2015 \u2013 Edi\u00e7\u00e3o Extraordin\u00e1ria &gt;&gt;\u00a0Edi\u00e7\u00e3o","magazineBlocksPostCategories":[],"_links":{"self":[{"href":"https:\/\/www.orlandia.sp.gov.br\/novo\/wp-json\/wp\/v2\/pages\/8762"}],"collection":[{"href":"https:\/\/www.orlandia.sp.gov.br\/novo\/wp-json\/wp\/v2\/pages"}],"about":[{"href":"https:\/\/www.orlandia.sp.gov.br\/novo\/wp-json\/wp\/v2\/types\/page"}],"author":[{"embeddable":true,"href":"https:\/\/www.orlandia.sp.gov.br\/novo\/wp-json\/wp\/v2\/users\/1"}],"replies":[{"embeddable":true,"href":"https:\/\/www.orlandia.sp.gov.br\/novo\/wp-json\/wp\/v2\/comments?post=8762"}],"version-history":[{"count":2,"href":"https:\/\/www.orlandia.sp.gov.br\/novo\/wp-json\/wp\/v2\/pages\/8762\/revisions"}],"predecessor-version":[{"id":8765,"href":"https:\/\/www.orlandia.sp.gov.br\/novo\/wp-json\/wp\/v2\/pages\/8762\/revisions\/8765"}],"wp:attachment":[{"href":"https:\/\/www.orlandia.sp.gov.br\/novo\/wp-json\/wp\/v2\/media?parent=8762"}],"curies":[{"name":"wp","href":"https:\/\/api.w.org\/{rel}","templated":true}]}}