{"id":8760,"date":"2016-07-13T10:20:05","date_gmt":"2016-07-13T13:20:05","guid":{"rendered":"https:\/\/www.orlandia.sp.gov.br\/novo\/?page_id=8760"},"modified":"2016-07-13T10:24:04","modified_gmt":"2016-07-13T13:24:04","slug":"jornal-oficial-de-orlandia-abril-de-2015","status":"publish","type":"page","link":"https:\/\/www.orlandia.sp.gov.br\/novo\/jornal-oficial-de-orlandia-abril-de-2015","title":{"rendered":"Jornal Oficial de Orl\u00e2ndia &#8211; Abril de 2015"},"content":{"rendered":"<p>&gt;&gt;\u00a0<a href=\"https:\/\/www.orlandia.sp.gov.br\/novo\/wp-content\/uploads\/2014\/11\/Jornal_Oficial_Orlandia-17-04-15-ed-ext.pdf\">Edi\u00e7\u00e3o 24 de 17 de abril de 2015 \u2013 Edi\u00e7\u00e3o Extraordin\u00e1ria<\/a><\/p>\n<p>&gt;&gt;\u00a0<a href=\"https:\/\/www.orlandia.sp.gov.br\/novo\/wp-content\/uploads\/2014\/11\/Jornal_Oficial_Orlandia-17-04-15.pdf\">Edi\u00e7\u00e3o 23 de 17 de abril de 2015<\/a><\/p>\n<p>&gt;&gt;\u00a0<a href=\"https:\/\/www.orlandia.sp.gov.br\/novo\/wp-content\/uploads\/2014\/11\/Jornal_Oficial_Orlandia-15-04-15-ed-ext.pdf\">Edi\u00e7\u00e3o 22 de 15 de abril de 2015 \u2013 Edi\u00e7\u00e3o Extraordin\u00e1ria<\/a><\/p>\n<p>&gt;&gt;\u00a0<a href=\"https:\/\/www.orlandia.sp.gov.br\/novo\/wp-content\/uploads\/2014\/11\/Jornal_Oficial_Orlandia-14-04-15.pdf\">Edi\u00e7\u00e3o 21 de 14 de abril de 2015<\/a><\/p>\n<p>&gt;&gt;\u00a0<a href=\"https:\/\/www.orlandia.sp.gov.br\/novo\/wp-content\/uploads\/2014\/11\/Jornal_Oficial_Orlandia-10-04-15.pdf\">Edi\u00e7\u00e3o 20 de 10 de abril de 2015<\/a><\/p>\n<p>&gt;&gt;\u00a0<a href=\"https:\/\/www.orlandia.sp.gov.br\/novo\/wp-content\/uploads\/2014\/11\/Jornal_Oficial_Orlandia-08-04-15-ed-ext.pdf\">Edi\u00e7\u00e3o 19 de 08 de abril de 2015 \u2013 Edi\u00e7\u00e3o Extraordin\u00e1ria<\/a><\/p>\n<p>&gt;&gt;\u00a0<a href=\"https:\/\/www.orlandia.sp.gov.br\/novo\/wp-content\/uploads\/2014\/11\/Jornal_Oficial_Orlandia-07-04-15-ed-ext2.pdf\">Edi\u00e7\u00e3o 18 de 07 de abril de 2015 \u2013 Edi\u00e7\u00e3o Extraordin\u00e1ria<\/a><\/p>\n<p>&gt;&gt;\u00a0<a href=\"https:\/\/www.orlandia.sp.gov.br\/novo\/wp-content\/uploads\/2014\/11\/Jornal_Oficial_Orlandia-07-04-151.pdf\">Edi\u00e7\u00e3o 17 de 07 de abril de 2015<\/a><\/p>\n<p>&gt;&gt;\u00a0<a href=\"https:\/\/www.orlandia.sp.gov.br\/novo\/wp-content\/uploads\/2014\/11\/Jornal_Oficial_Orlandia-03-04-15.pdf\">Edi\u00e7\u00e3o 16 de 03 de abril de 2015<\/a><\/p>\n<p>&gt;&gt;\u00a0<a href=\"https:\/\/www.orlandia.sp.gov.br\/novo\/wp-content\/uploads\/2014\/11\/Jornal_Oficial_Orlandia-01-04-151.pdf\">Edi\u00e7\u00e3o 15 de 1 de abril de 2015 \u2013 Edi\u00e7\u00e3o Extraordin\u00e1ria<\/a><\/p>\n","protected":false},"excerpt":{"rendered":"<p>&gt;&gt;\u00a0Edi\u00e7\u00e3o 24 de 17 de abril de 2015 \u2013 Edi\u00e7\u00e3o Extraordin\u00e1ria &gt;&gt;\u00a0Edi\u00e7\u00e3o 23 de 17 de abril de 2015 &gt;&gt;\u00a0Edi\u00e7\u00e3o<\/p>\n","protected":false},"author":1,"featured_media":0,"parent":0,"menu_order":0,"comment_status":"closed","ping_status":"closed","template":"","meta":{"ngg_post_thumbnail":0,"footnotes":""},"magazineBlocksPostFeaturedMedia":{"thumbnail":false,"medium":false,"medium_large":false,"large":false,"1536x1536":false,"2048x2048":false,"colormag-highlighted-post":false,"colormag-featured-post-medium":false,"colormag-featured-post-small":false,"colormag-featured-image":false,"colormag-default-news":false,"colormag-featured-image-large":false},"magazineBlocksPostAuthor":{"name":"admin","avatar":"https:\/\/secure.gravatar.com\/avatar\/5140b312f1bcbe8516bfaa79917f11b3?s=96&d=mm&r=g"},"magazineBlocksPostCommentsNumber":false,"magazineBlocksPostExcerpt":"&gt;&gt;\u00a0Edi\u00e7\u00e3o 24 de 17 de abril de 2015 \u2013 Edi\u00e7\u00e3o Extraordin\u00e1ria &gt;&gt;\u00a0Edi\u00e7\u00e3o 23 de 17 de abril de 2015 &gt;&gt;\u00a0Edi\u00e7\u00e3o","magazineBlocksPostCategories":[],"_links":{"self":[{"href":"https:\/\/www.orlandia.sp.gov.br\/novo\/wp-json\/wp\/v2\/pages\/8760"}],"collection":[{"href":"https:\/\/www.orlandia.sp.gov.br\/novo\/wp-json\/wp\/v2\/pages"}],"about":[{"href":"https:\/\/www.orlandia.sp.gov.br\/novo\/wp-json\/wp\/v2\/types\/page"}],"author":[{"embeddable":true,"href":"https:\/\/www.orlandia.sp.gov.br\/novo\/wp-json\/wp\/v2\/users\/1"}],"replies":[{"embeddable":true,"href":"https:\/\/www.orlandia.sp.gov.br\/novo\/wp-json\/wp\/v2\/comments?post=8760"}],"version-history":[{"count":2,"href":"https:\/\/www.orlandia.sp.gov.br\/novo\/wp-json\/wp\/v2\/pages\/8760\/revisions"}],"predecessor-version":[{"id":8764,"href":"https:\/\/www.orlandia.sp.gov.br\/novo\/wp-json\/wp\/v2\/pages\/8760\/revisions\/8764"}],"wp:attachment":[{"href":"https:\/\/www.orlandia.sp.gov.br\/novo\/wp-json\/wp\/v2\/media?parent=8760"}],"curies":[{"name":"wp","href":"https:\/\/api.w.org\/{rel}","templated":true}]}}