{"id":87,"date":"2013-09-24T10:29:32","date_gmt":"2013-09-24T13:29:32","guid":{"rendered":"https:\/\/www.orlandia.sp.gov.br\/novo\/?page_id=87"},"modified":"2013-10-02T08:57:24","modified_gmt":"2013-10-02T11:57:24","slug":"historia","status":"publish","type":"page","link":"https:\/\/www.orlandia.sp.gov.br\/novo\/a-cidade\/historia","title":{"rendered":"Hist\u00f3ria"},"content":{"rendered":"<h2><\/h2>\n<p style=\"text-align: justify;\">O munic\u00edpio de Orl\u00e2ndia foi desmembrado de Batatais em 1890, tendo por sede a localidade denominada Esp\u00edrito Santo de Batatais. Por decreto estadual de 1896, essa localidade passou a denominar-se Nuporanga, a sede do munic\u00edpio, por for\u00e7a da lei de 25 de Novembro de 1909, foi transferida para o povoado de vila Orlando, que recebeu ent\u00e3o o nome de Orl\u00e2ndia, em homenagem ao Coronel Francisco Orlando Diniz Junqueira, fundador da cidade. Por essa mesma lei foi elevada \u00e0 categoria de munic\u00edpio, que foi instalado \u00e0 30 de Mar\u00e7o de 1910, data em que \u00e9 comemorado o anivers\u00e1rio do munic\u00edpio. Homem de larga vis\u00e3o o Cel. Francisco Orlando Diniz Junqueira, determinou que a cidade fosse projetada com caracter\u00edsticas urbanas modernas, cortadas por amplas avenidas. Orl\u00e2ndia afamada pela cultura de sua gente, nela despontando constantemente poetas de valor.<\/p>\n<hr \/>\n<p style=\"text-align: center;\"><img loading=\"lazy\" decoding=\"async\" class=\"entry-thumb wp-post-image aligncenter\" alt=\"coronel Francisco Orlando\" src=\"https:\/\/www.orlandia.sp.gov.br\/novo\/wp-content\/uploads\/2013\/09\/cor_francisco_orlando.jpg\" width=\"87\" height=\"120\" \/><\/p>\n<h4 style=\"text-align: center;\">\u00a0<b>Coronel Francisco Orlando nosso Patrono<\/b><\/h4>\n<p style=\"text-align: justify;\">\u00a0Francisco Orlando Diniz Junqueira (1858-1940), grande fazendeiro, plantador de caf\u00e9 e criador de gado Vacum e aprimorador da ra\u00e7a Mangalarga. Estabeleceu-se na Fazenda Bela Vista. Em 1900, a Cia Mogiana de Estradas de Ferro constru\u00edda um ramal at\u00e9 Uberaba, nas Minas Gerais, para o melhor aproveitamento da regi\u00e3o agr\u00edcola e escoamento de mercadorias da chamada Alta Mogiana. Em 1901, a esta\u00e7\u00e3o Coronel Orlando foi inaugurada e a seu redor come\u00e7aram a surgir as primeiras moradas passando a chamar-se Vila Orlando. Em 1907, foi levantado um cruzeiro para uma missa campal, onde a partir do ano seguinte, come\u00e7ou a constru\u00e7\u00e3o da Igreja de Santa Genoveva, em homenagem p\u00f3stuma \u00e0 esposa do Coronel Orlando, dona Genoveva Ang\u00e9lica Teixeira Junqueira.<\/p>\n<hr \/>\n<p style=\"text-align: center;\"><img loading=\"lazy\" decoding=\"async\" class=\"entry-thumb wp-post-image aligncenter\" alt=\"brasao de Orlandia\" src=\"https:\/\/www.orlandia.sp.gov.br\/novo\/wp-content\/uploads\/2013\/09\/brasao.gif\" width=\"170\" height=\"165\" \/><\/p>\n<h4 style=\"text-align: center;\"><b>Bras\u00e3o de Armas<\/b><\/h4>\n<p style=\"text-align: justify;\">Escudo portugu\u00eas, tradicionalmente usado no Brasil. O campo azul lembra a beleza da paisagem e a amenidade do clima da cidade, o vermelho lembra a coragem, a luta e generosidade do seu povo. A coroa mural, que encima o escudo, corresponde aos bras\u00f5es da cidade indicando a emancipa\u00e7\u00e3o pol\u00edtica dos munic\u00edpios. A \u00e1guia transportando uma tocha, \u00e9 o s\u00edmbolo do saber, a intelig\u00eancia, do progresso, da cultura, a chama \u00e9, ainda, o s\u00edmbolo da bravura, ideal e da f\u00e9. A bigorna significa o trabalho, a industria, a oficina, as profiss\u00f5es, encimada por uma pira acesa, lembra a humaniza\u00e7\u00e3o do trabalho e o valor transcendental do esfor\u00e7o humano. No simbolismo de conjunto &#8211; uma \u00e1guia ascendendo uma pira sobre uma bigorna &#8211; vemos o ideal e a f\u00e9, fecundando o trabalho. O capacete de a\u00e7o evoca a revolu\u00e7\u00e3o de 1932, em que a cidade teve participa\u00e7\u00e3o memor\u00e1vel: por extens\u00e3o, o estado de S\u00e3o Paulo e a sua for\u00e7a, nas bases e nos fundamentos da cidade, assim na inscri\u00e7\u00e3o em austera simplicidade, com o nome de Orl\u00e2ndia, apenas o nome de S\u00e3o Paulo. O capacete de a\u00e7o, s\u00edmbolo de luta, entre o nome de Orl\u00e2ndia e o de S\u00e3o Paulo, lembra tamb\u00e9m o Esp\u00edrito de bandeirismo do povo paulista e o pioneiro dos desbravadores do sert\u00e3o, entre os quais se inclui o Cel. Francisco Orlando Diniz Junqueira, fundador da cidade. Aos dois lados, ramos de caf\u00e9 lembram a primeira fonte de riqueza da cidade e o primeiro elemento de seu progresso, por extens\u00e3o \u00e1 lavoura e a pujan\u00e7a de sua agricultura.<\/p>\n<hr \/>\n<p style=\"text-align: center;\"><img loading=\"lazy\" decoding=\"async\" class=\"entry-thumb wp-post-image aligncenter\" alt=\"bandeira de Orlandia\" src=\"https:\/\/www.orlandia.sp.gov.br\/novo\/wp-content\/uploads\/2013\/09\/bandeira.jpg\" width=\"248\" height=\"150\" \/><\/p>\n<h4 style=\"text-align: center;\"><b>Bandeira da Cidade de Orl\u00e2ndia<\/b><\/h4>\n<p style=\"text-align: justify;\">A Bandeira do Munic\u00edpio de Orl\u00e2ndia \u00e9 uma extens\u00e3o do Bras\u00e3o de Armas da Cidade de Orl\u00e2ndia.<br \/>\nO campo azul lembra a beleza da paisagem e a amenidade do clima da cidade, e o vermelho lembra a coragem, a luta e a generosidade do seu povo.<br \/>\nOs dois campos envolvem o mapa estilizado do estado de S\u00e3o Paulo onde se situa Orl\u00e2ndia com seu Bras\u00e3o de Armas.<\/p>\n<p style=\"text-align: center;\"><b>Institu\u00edda pela Lei Municipal n\u00ba 867, no 64\u00ba aniversario da cidade, sendo:<\/b><br \/>\nPrefeito Municipal &#8211; Cyro Armando Catta Preta<br \/>\nVice Prefeito &#8211; Walter Bordignon<br \/>\nPresidente da C\u00e2mara &#8211; Silvio Ferraz Pires<\/p>\n<hr \/>\n<p style=\"text-align: center;\"><a href=\"https:\/\/www.orlandia.sp.gov.br\/novo\/wp-content\/uploads\/2013\/09\/obra_orlandia_antigamente.pdf\" target=\"_blank\"><br \/>\n<img loading=\"lazy\" decoding=\"async\" class=\"aligncenter\" alt=\"\" src=\"https:\/\/www.orlandia.sp.gov.br\/novo\/wp-content\/uploads\/2013\/09\/capa-pequena.jpg\" width=\"298\" height=\"190\" \/><\/a>Clique na imagem para acessar a obra<\/p>\n","protected":false},"excerpt":{"rendered":"<p>O munic\u00edpio de Orl\u00e2ndia foi desmembrado de Batatais em 1890, tendo por sede a localidade denominada Esp\u00edrito Santo de Batatais.<\/p>\n","protected":false},"author":1,"featured_media":0,"parent":978,"menu_order":0,"comment_status":"open","ping_status":"open","template":"","meta":{"ngg_post_thumbnail":0,"footnotes":""},"magazineBlocksPostFeaturedMedia":{"thumbnail":false,"medium":false,"medium_large":false,"large":false,"1536x1536":false,"2048x2048":false,"colormag-highlighted-post":false,"colormag-featured-post-medium":false,"colormag-featured-post-small":false,"colormag-featured-image":false,"colormag-default-news":false,"colormag-featured-image-large":false},"magazineBlocksPostAuthor":{"name":"admin","avatar":"https:\/\/secure.gravatar.com\/avatar\/5140b312f1bcbe8516bfaa79917f11b3?s=96&d=mm&r=g"},"magazineBlocksPostCommentsNumber":false,"magazineBlocksPostExcerpt":"O munic\u00edpio de Orl\u00e2ndia foi desmembrado de Batatais em 1890, tendo por sede a localidade denominada Esp\u00edrito Santo de Batatais.","magazineBlocksPostCategories":[],"_links":{"self":[{"href":"https:\/\/www.orlandia.sp.gov.br\/novo\/wp-json\/wp\/v2\/pages\/87"}],"collection":[{"href":"https:\/\/www.orlandia.sp.gov.br\/novo\/wp-json\/wp\/v2\/pages"}],"about":[{"href":"https:\/\/www.orlandia.sp.gov.br\/novo\/wp-json\/wp\/v2\/types\/page"}],"author":[{"embeddable":true,"href":"https:\/\/www.orlandia.sp.gov.br\/novo\/wp-json\/wp\/v2\/users\/1"}],"replies":[{"embeddable":true,"href":"https:\/\/www.orlandia.sp.gov.br\/novo\/wp-json\/wp\/v2\/comments?post=87"}],"version-history":[{"count":14,"href":"https:\/\/www.orlandia.sp.gov.br\/novo\/wp-json\/wp\/v2\/pages\/87\/revisions"}],"predecessor-version":[{"id":980,"href":"https:\/\/www.orlandia.sp.gov.br\/novo\/wp-json\/wp\/v2\/pages\/87\/revisions\/980"}],"up":[{"embeddable":true,"href":"https:\/\/www.orlandia.sp.gov.br\/novo\/wp-json\/wp\/v2\/pages\/978"}],"wp:attachment":[{"href":"https:\/\/www.orlandia.sp.gov.br\/novo\/wp-json\/wp\/v2\/media?parent=87"}],"curies":[{"name":"wp","href":"https:\/\/api.w.org\/{rel}","templated":true}]}}