{"id":8563,"date":"2016-07-04T10:54:29","date_gmt":"2016-07-04T13:54:29","guid":{"rendered":"https:\/\/www.orlandia.sp.gov.br\/novo\/?page_id=8563"},"modified":"2025-02-27T17:53:16","modified_gmt":"2025-02-27T20:53:16","slug":"portal-da-transparencia","status":"publish","type":"page","link":"https:\/\/www.orlandia.sp.gov.br\/novo\/portal-da-transparencia","title":{"rendered":"Portal da Transpar\u00eancia"},"content":{"rendered":"<div class=\"wpb-content-wrapper\"><p>[vc_row disable_element=&#8221;yes&#8221;][vc_column width=&#8221;1\/3&#8243; css=&#8221;.vc_custom_1467831929753{margin-top: -20px !important;}&#8221;][vc_column_text]<\/p>\n<div><a href=\"https:\/\/www.orlandia.sp.gov.br\/novo\/portal-da-transparencia-categorias\" rel=\"attachment wp-att-8584\"><img loading=\"lazy\" decoding=\"async\" class=\"alignleft size-full wp-image-8584\" src=\"https:\/\/www.orlandia.sp.gov.br\/novo\/wp-content\/uploads\/2016\/07\/2016_portal.png\" alt=\"2016_portal\" width=\"470\" height=\"122\" srcset=\"https:\/\/www.orlandia.sp.gov.br\/novo\/wp-content\/uploads\/2016\/07\/2016_portal.png 470w, https:\/\/www.orlandia.sp.gov.br\/novo\/wp-content\/uploads\/2016\/07\/2016_portal-300x78.png 300w\" sizes=\"(max-width: 470px) 100vw, 470px\" \/><\/a><\/div>\n<p>[\/vc_column_text][\/vc_column][vc_column width=&#8221;1\/3&#8243; css=&#8221;.vc_custom_1467831939687{margin-top: -20px !important;}&#8221;][vc_column_text]<a href=\"https:\/\/www.orlandia.sp.gov.br\/novo\/servicos\/contas-publicas-2\"><img loading=\"lazy\" decoding=\"async\" class=\"alignleft size-full wp-image-8583\" src=\"https:\/\/www.orlandia.sp.gov.br\/novo\/wp-content\/uploads\/2016\/07\/2015_contas.png\" alt=\"2015_portal\" width=\"470\" height=\"122\"><\/a>[\/vc_column_text][\/vc_column][vc_column width=&#8221;1\/3&#8243; css=&#8221;.vc_custom_1467831939687{margin-top: -20px !important;}&#8221;][vc_column_text]<a href=\"https:\/\/www.orlandia.sp.gov.br\/novo\/parcerias-lei-federal-n-13-0192014\"><img loading=\"lazy\" decoding=\"async\" class=\"alignleft size-full wp-image-8583\" src=\"https:\/\/www.orlandia.sp.gov.br\/novo\/wp-content\/uploads\/2017\/05\/lei_federal.png\" alt=\"2015_portal\" width=\"470\" height=\"122\"><\/a>[\/vc_column_text][\/vc_column][\/vc_row][vc_row css=&#8221;.vc_custom_1467831592757{margin-top: 50px !important;}&#8221;][vc_column][vc_column_text css=&#8221;&#8221;]<\/p>\n<h1 style=\"text-align: left;\"><strong><a href=\"https:\/\/transparencia.betha.cloud\/#\/g4LMLE0tdhYy3KiW3wWelg==\" target=\"_blank\" rel=\"noopener\">Portal da Transpar\u00eancia<\/a><\/strong><\/h1>\n<hr style=\"margin-top: -9px;\">\n<hr style=\"margin-top: -17px;\">\n<p>&nbsp;<\/p>\n<h1 style=\"margin-top: -25px;\"><strong><a href=\"https:\/\/www.orlandia.sp.gov.br\/novo\/acesso-a-informacao\">Acesso \u00e0 Informa\u00e7\u00e3o<\/a><\/strong><\/h1>\n<hr style=\"margin-top: -9px;\">\n<hr style=\"margin-top: -17px;\">\n<p>&nbsp;<\/p>\n<h1 style=\"margin-top: -25px;\"><strong><a href=\"https:\/\/transparencia.betha.cloud\/#\/g4LMLE0tdhYy3KiW3wWelg==\/consulta\/150468\" target=\"_blank\" rel=\"noopener\">Guarda Civil Municipal<\/a><\/strong><\/h1>\n<hr style=\"margin-top: -9px;\">\n<hr style=\"margin-top: -17px;\">\n<p>&nbsp;<\/p>\n<h1 style=\"margin-top: -25px;\"><strong><a href=\"https:\/\/www.orlandia.sp.gov.br\/novo\/wp-content\/uploads\/2025\/02\/02-Fevereiro-2025.pdf\" target=\"_blank\" rel=\"noopener\">Obras P\u00fablicas<\/a><\/strong><\/h1>\n<hr style=\"margin-top: -9px;\">\n<hr style=\"margin-top: -17px;\">\n<p>&nbsp;<\/p>\n<h1 style=\"margin-top: -25px;\"><strong><a href=\"https:\/\/www.orlandia.sp.gov.br\/novo\/cirurgias-eletivas-demanda-reprimida\">Cirurgias Eletivas &#8211; Demanda Reprimida<\/a><\/strong><\/h1>\n<hr style=\"margin-top: -9px;\">\n<hr style=\"margin-top: -17px;\">\n<p>&nbsp;<\/p>\n<h1 style=\"margin-top: -25px;\"><strong><a href=\"https:\/\/www.orlandia.sp.gov.br\/novo\/enderecos-publicos-de-orlandia\">Endere\u00e7os P\u00fablicos<br \/>\n<\/a><\/strong><\/h1>\n<hr style=\"margin-top: -9px;\">\n<hr style=\"margin-top: -17px;\">\n<p>&nbsp;<\/p>\n<h1 style=\"margin-top: -25px;\"><strong><a href=\"https:\/\/transparencia.betha.cloud\/#\/g4LMLE0tdhYy3KiW3wWelg==\/estrutura-organizacional\" target=\"_blank\" rel=\"noopener\">Estrutura Administrativa<br \/>\n<\/a><\/strong><\/h1>\n<hr style=\"margin-top: -9px;\">\n<hr style=\"margin-top: -17px;\">\n<p>&nbsp;[\/vc_column_text][\/vc_column][\/vc_row]<\/p>\n<\/div>","protected":false},"excerpt":{"rendered":"<p>[vc_row disable_element=&#8221;yes&#8221;][vc_column width=&#8221;1\/3&#8243; css=&#8221;.vc_custom_1467831929753{margin-top: -20px !important;}&#8221;][vc_column_text] [\/vc_column_text][\/vc_column][vc_column width=&#8221;1\/3&#8243; css=&#8221;.vc_custom_1467831939687{margin-top: -20px !important;}&#8221;][vc_column_text][\/vc_column_text][\/vc_column][vc_column width=&#8221;1\/3&#8243; css=&#8221;.vc_custom_1467831939687{margin-top: -20px !important;}&#8221;][vc_column_text][\/vc_column_text][\/vc_column][\/vc_row][vc_row css=&#8221;.vc_custom_1467831592757{margin-top: 50px !important;}&#8221;][vc_column][vc_column_text css=&#8221;&#8221;] Portal<\/p>\n","protected":false},"author":1,"featured_media":0,"parent":0,"menu_order":0,"comment_status":"closed","ping_status":"closed","template":"","meta":{"ngg_post_thumbnail":0,"footnotes":""},"magazineBlocksPostFeaturedMedia":{"thumbnail":false,"medium":false,"medium_large":false,"large":false,"1536x1536":false,"2048x2048":false,"colormag-highlighted-post":false,"colormag-featured-post-medium":false,"colormag-featured-post-small":false,"colormag-featured-image":false,"colormag-default-news":false,"colormag-featured-image-large":false},"magazineBlocksPostAuthor":{"name":"admin","avatar":"https:\/\/secure.gravatar.com\/avatar\/5140b312f1bcbe8516bfaa79917f11b3?s=96&d=mm&r=g"},"magazineBlocksPostCommentsNumber":false,"magazineBlocksPostExcerpt":"[vc_row disable_element=&#8221;yes&#8221;][vc_column width=&#8221;1\/3&#8243; css=&#8221;.vc_custom_1467831929753{margin-top: -20px !important;}&#8221;][vc_column_text] [\/vc_column_text][\/vc_column][vc_column width=&#8221;1\/3&#8243; css=&#8221;.vc_custom_1467831939687{margin-top: -20px !important;}&#8221;][vc_column_text][\/vc_column_text][\/vc_column][vc_column width=&#8221;1\/3&#8243; css=&#8221;.vc_custom_1467831939687{margin-top: -20px !important;}&#8221;][vc_column_text][\/vc_column_text][\/vc_column][\/vc_row][vc_row css=&#8221;.vc_custom_1467831592757{margin-top: 50px !important;}&#8221;][vc_column][vc_column_text css=&#8221;&#8221;] Portal","magazineBlocksPostCategories":[],"_links":{"self":[{"href":"https:\/\/www.orlandia.sp.gov.br\/novo\/wp-json\/wp\/v2\/pages\/8563"}],"collection":[{"href":"https:\/\/www.orlandia.sp.gov.br\/novo\/wp-json\/wp\/v2\/pages"}],"about":[{"href":"https:\/\/www.orlandia.sp.gov.br\/novo\/wp-json\/wp\/v2\/types\/page"}],"author":[{"embeddable":true,"href":"https:\/\/www.orlandia.sp.gov.br\/novo\/wp-json\/wp\/v2\/users\/1"}],"replies":[{"embeddable":true,"href":"https:\/\/www.orlandia.sp.gov.br\/novo\/wp-json\/wp\/v2\/comments?post=8563"}],"version-history":[{"count":51,"href":"https:\/\/www.orlandia.sp.gov.br\/novo\/wp-json\/wp\/v2\/pages\/8563\/revisions"}],"predecessor-version":[{"id":40095,"href":"https:\/\/www.orlandia.sp.gov.br\/novo\/wp-json\/wp\/v2\/pages\/8563\/revisions\/40095"}],"wp:attachment":[{"href":"https:\/\/www.orlandia.sp.gov.br\/novo\/wp-json\/wp\/v2\/media?parent=8563"}],"curies":[{"name":"wp","href":"https:\/\/api.w.org\/{rel}","templated":true}]}}