{"id":5416,"date":"2015-05-04T14:36:53","date_gmt":"2015-05-04T17:36:53","guid":{"rendered":"https:\/\/www.orlandia.sp.gov.br\/novo\/?page_id=5416"},"modified":"2024-06-14T09:31:48","modified_gmt":"2024-06-14T12:31:48","slug":"plano-municipal-de-educacao","status":"publish","type":"page","link":"https:\/\/www.orlandia.sp.gov.br\/novo\/plano-municipal-de-educacao","title":{"rendered":"Plano Municipal de Educa\u00e7\u00e3o"},"content":{"rendered":"<p><strong><span style=\"color: #000000;\"><a href=\"https:\/\/www.orlandia.sp.gov.br\/novo\/wp-content\/uploads\/2015\/05\/Plano-Nacional-de-Educa\u00e7\u00e3o.pdf\" target=\"_blank\" rel=\"\"><i class=\"fa fa-download\" style=\"margin-right: 10px; font-size: 15px; opacity: 0.5;\"><br \/>\n<\/i>Plano Nacional de Educa\u00e7\u00e3o<\/a><\/span><\/strong><\/p>\n<p><strong><span style=\"color: #000000;\"><a href=\"https:\/\/www.orlandia.sp.gov.br\/novo\/wp-content\/uploads\/2015\/05\/Plano-Municipal-de-Educa\u00e7\u00e3o-Diagn\u00f3stico1.pdf\" target=\"_blank\" rel=\"\"><i class=\"fa fa-download\" style=\"margin-right: 10px; font-size: 15px; opacity: 0.5;\"><\/i>Plano Municipal de Educa\u00e7\u00e3o &#8211; Diagn\u00f3stico<\/a><\/span><\/strong><\/p>\n<p><strong><span style=\"color: #000000;\"><a href=\"https:\/\/www.orlandia.sp.gov.br\/novo\/wp-content\/uploads\/2015\/05\/Plano-Municipal-de-Educa\u00e7\u00e3o-Metas-e-Estrat\u00e9gias.pdf\" target=\"_blank\" rel=\"\"><i class=\"fa fa-download\" style=\"margin-right: 10px; font-size: 15px; opacity: 0.5;\"><\/i>Plano Municipal de Educa\u00e7\u00e3o &#8211; Metas e Estrat\u00e9gias<\/a><\/span><\/strong><\/p>\n<p>&nbsp;<\/p>\n<p>\u00bb <a href=\"https:\/\/www.orlandia.sp.gov.br\/novo\/wp-content\/uploads\/2024\/06\/Parecer-CME-02-24.pdf\" target=\"_blank\">Parecer CME 02\/2024<\/a><\/p>\n<p><a href=\"https:\/\/www.orlandia.sp.gov.br\/novo\/wp-content\/uploads\/2015\/05\/PLANO-DE-GEST\u00c3O-EDUCA\u00c7\u00c3O-ESPECIAL-2024-11-1.pdf\">&gt;&gt; PLANO DE GEST\u00c3O EDUCA\u00c7\u00c3O ESPECIAL 2024 <\/a><\/p>\n<p><a href=\"https:\/\/www.orlandia.sp.gov.br\/novo\/wp-content\/uploads\/2015\/05\/PLANO-DE-A\u00c7\u00c3O-2024-1-11-1.pdf\">&gt;&gt;\u00a0 PLANO DE A\u00c7\u00c3O 2024<\/a><\/p>\n<p><a href=\"https:\/\/www.orlandia.sp.gov.br\/novo\/wp-content\/uploads\/2015\/05\/Manual-de-apoio-1-1-1_compressed.pdf\">&gt;&gt;\u00a0 MANUAL DE APOIO <\/a><\/p>\n","protected":false},"excerpt":{"rendered":"<p>Plano Nacional de Educa\u00e7\u00e3o Plano Municipal de Educa\u00e7\u00e3o &#8211; Diagn\u00f3stico Plano Municipal de Educa\u00e7\u00e3o &#8211; Metas e Estrat\u00e9gias &nbsp; \u00bb<\/p>\n","protected":false},"author":1,"featured_media":0,"parent":0,"menu_order":0,"comment_status":"open","ping_status":"open","template":"","meta":{"ngg_post_thumbnail":0,"footnotes":""},"magazineBlocksPostFeaturedMedia":{"thumbnail":false,"medium":false,"medium_large":false,"large":false,"1536x1536":false,"2048x2048":false,"colormag-highlighted-post":false,"colormag-featured-post-medium":false,"colormag-featured-post-small":false,"colormag-featured-image":false,"colormag-default-news":false,"colormag-featured-image-large":false},"magazineBlocksPostAuthor":{"name":"admin","avatar":"https:\/\/secure.gravatar.com\/avatar\/5140b312f1bcbe8516bfaa79917f11b3?s=96&d=mm&r=g"},"magazineBlocksPostCommentsNumber":false,"magazineBlocksPostExcerpt":"Plano Nacional de Educa\u00e7\u00e3o Plano Municipal de Educa\u00e7\u00e3o &#8211; Diagn\u00f3stico Plano Municipal de Educa\u00e7\u00e3o &#8211; Metas e Estrat\u00e9gias &nbsp; \u00bb","magazineBlocksPostCategories":[],"_links":{"self":[{"href":"https:\/\/www.orlandia.sp.gov.br\/novo\/wp-json\/wp\/v2\/pages\/5416"}],"collection":[{"href":"https:\/\/www.orlandia.sp.gov.br\/novo\/wp-json\/wp\/v2\/pages"}],"about":[{"href":"https:\/\/www.orlandia.sp.gov.br\/novo\/wp-json\/wp\/v2\/types\/page"}],"author":[{"embeddable":true,"href":"https:\/\/www.orlandia.sp.gov.br\/novo\/wp-json\/wp\/v2\/users\/1"}],"replies":[{"embeddable":true,"href":"https:\/\/www.orlandia.sp.gov.br\/novo\/wp-json\/wp\/v2\/comments?post=5416"}],"version-history":[{"count":22,"href":"https:\/\/www.orlandia.sp.gov.br\/novo\/wp-json\/wp\/v2\/pages\/5416\/revisions"}],"predecessor-version":[{"id":38577,"href":"https:\/\/www.orlandia.sp.gov.br\/novo\/wp-json\/wp\/v2\/pages\/5416\/revisions\/38577"}],"wp:attachment":[{"href":"https:\/\/www.orlandia.sp.gov.br\/novo\/wp-json\/wp\/v2\/media?parent=5416"}],"curies":[{"name":"wp","href":"https:\/\/api.w.org\/{rel}","templated":true}]}}