{"id":53,"date":"2013-09-19T19:39:20","date_gmt":"2013-09-19T22:39:20","guid":{"rendered":"https:\/\/www.orlandia.sp.gov.br\/novo\/?page_id=53"},"modified":"2017-01-26T09:18:00","modified_gmt":"2017-01-26T12:18:00","slug":"contato","status":"publish","type":"page","link":"https:\/\/www.orlandia.sp.gov.br\/novo\/contato","title":{"rendered":"Fale com o prefeito"},"content":{"rendered":"\n<div class=\"wpcf7 no-js\" id=\"wpcf7-f51-o1\" lang=\"pt-BR\" dir=\"ltr\">\n<div class=\"screen-reader-response\"><p role=\"status\" aria-live=\"polite\" aria-atomic=\"true\"><\/p> <ul><\/ul><\/div>\n<form action=\"\/novo\/wp-json\/wp\/v2\/pages\/53#wpcf7-f51-o1\" method=\"post\" class=\"wpcf7-form init\" aria-label=\"Formul\u00e1rios de contato\" novalidate=\"novalidate\" data-status=\"init\">\n<div style=\"display: none;\">\n<input type=\"hidden\" name=\"_wpcf7\" value=\"51\" \/>\n<input type=\"hidden\" name=\"_wpcf7_version\" value=\"5.9.6\" \/>\n<input type=\"hidden\" name=\"_wpcf7_locale\" value=\"pt_BR\" \/>\n<input type=\"hidden\" name=\"_wpcf7_unit_tag\" value=\"wpcf7-f51-o1\" \/>\n<input type=\"hidden\" name=\"_wpcf7_container_post\" value=\"0\" \/>\n<input type=\"hidden\" name=\"_wpcf7_posted_data_hash\" value=\"\" \/>\n<\/div>\n<p>A Prefeitura Municipal de Orl\u00e2ndia desenvolveu esta se\u00e7\u00e3o para criar um canal de comunica\u00e7\u00e3o com seus usu\u00e1rios.<br \/>\nEnvie sugest\u00f5es, reclama\u00e7\u00f5es e mensagens que podem auxiliar na administra\u00e7\u00e3o municipal.<br \/>\nPara sua seguran\u00e7a seus dados enviados e seu IP ser\u00e3o armazenados.\n<\/p>\n<p>Nome\n<\/p>\n<p><span class=\"wpcf7-form-control-wrap\" data-name=\"nome\"><input size=\"40\" maxlength=\"80\" class=\"wpcf7-form-control wpcf7-text wpcf7-validates-as-required\" aria-required=\"true\" aria-invalid=\"false\" value=\"\" type=\"text\" name=\"nome\" \/><\/span>\n<\/p>\n<p>E-mail\n<\/p>\n<p><span class=\"wpcf7-form-control-wrap\" data-name=\"email\"><input size=\"40\" maxlength=\"80\" class=\"wpcf7-form-control wpcf7-email wpcf7-validates-as-required wpcf7-text wpcf7-validates-as-email\" aria-required=\"true\" aria-invalid=\"false\" value=\"\" type=\"email\" name=\"email\" \/><\/span>\n<\/p>\n<p>Endere\u00e7o\n<\/p>\n<p><span class=\"wpcf7-form-control-wrap\" data-name=\"endereco\"><input size=\"40\" maxlength=\"80\" class=\"wpcf7-form-control wpcf7-text wpcf7-validates-as-required\" aria-required=\"true\" aria-invalid=\"false\" value=\"\" type=\"text\" name=\"endereco\" \/><\/span>\n<\/p>\n<p style=\"float: left; margin-right: 1px;\">Bairro\n<\/p>\n<p><span class=\"wpcf7-form-control-wrap\" data-name=\"bairro\"><input size=\"20\" maxlength=\"80\" class=\"wpcf7-form-control wpcf7-text wpcf7-validates-as-required\" aria-required=\"true\" aria-invalid=\"false\" value=\"\" type=\"text\" name=\"bairro\" \/><\/span>\n<\/p>\n<p style=\"float: right; margin-right: 335px;\">CEP\n<\/p>\n<p><span class=\"wpcf7-form-control-wrap\" data-name=\"cep\"><input size=\"10\" maxlength=\"80\" class=\"wpcf7-form-control wpcf7-text wpcf7-validates-as-required\" aria-required=\"true\" aria-invalid=\"false\" value=\"\" type=\"text\" name=\"cep\" \/><\/span>\n<\/p>\n<p>Cidade\n<\/p>\n<p><span class=\"wpcf7-form-control-wrap\" data-name=\"cidade\"><input size=\"20\" maxlength=\"80\" class=\"wpcf7-form-control wpcf7-text wpcf7-validates-as-required\" aria-required=\"true\" aria-invalid=\"false\" value=\"\" type=\"text\" name=\"cidade\" \/><\/span>\n<\/p>\n<p>Estado\n<\/p>\n<p><span class=\"wpcf7-form-control-wrap\" data-name=\"estado\"><select class=\"wpcf7-form-control wpcf7-select wpcf7-validates-as-required\" aria-required=\"true\" aria-invalid=\"false\" name=\"estado\"><option value=\"Selecione\">Selecione<\/option><option value=\"AC - Acre\">AC - Acre<\/option><option value=\"AL - Alagoas\">AL - Alagoas<\/option><option value=\"AP - Amap\u00e1\">AP - Amap\u00e1<\/option><option value=\"AM - Amazonas\">AM - Amazonas<\/option><option value=\"BA - Bahia\">BA - Bahia<\/option><option value=\"CE - Cear\u00e1\">CE - Cear\u00e1<\/option><option value=\"DF - Distrito Federal\">DF - Distrito Federal<\/option><option value=\"ES - Esp\u00edrito Santo\">ES - Esp\u00edrito Santo<\/option><option value=\"GO - Goi\u00e1s\">GO - Goi\u00e1s<\/option><option value=\"MA - Maranh\u00e3o\">MA - Maranh\u00e3o<\/option><option value=\"MT - Mato Grosso\">MT - Mato Grosso<\/option><option value=\"MS - Mato Grosso do Sul\">MS - Mato Grosso do Sul<\/option><option value=\"MG - Minas Gerais\">MG - Minas Gerais<\/option><option value=\"PA - Par\u00e1\">PA - Par\u00e1<\/option><option value=\"PB - Para\u00edba\">PB - Para\u00edba<\/option><option value=\"PR - Paran\u00e1\">PR - Paran\u00e1<\/option><option value=\"PE - Pernambuco\">PE - Pernambuco<\/option><option value=\"PI - Piau\u00ed\">PI - Piau\u00ed<\/option><option value=\"RJ - Rio de Janeiro\">RJ - Rio de Janeiro<\/option><option value=\"RN - Rio Grande do Norte\">RN - Rio Grande do Norte<\/option><option value=\"RS - Rio Grande do Sul\">RS - Rio Grande do Sul<\/option><option value=\"RO - Rond\u00f4nia\">RO - Rond\u00f4nia<\/option><option value=\"RR - Roraima\">RR - Roraima<\/option><option value=\"SC - Santa Catarina\">SC - Santa Catarina<\/option><option value=\"SP - S\u00e3o Paulo\">SP - S\u00e3o Paulo<\/option><option value=\"SE - Sergipe\">SE - Sergipe<\/option><option value=\"TO - Tocantins\">TO - Tocantins<\/option><\/select><\/span>\n<\/p>\n<p>Telefone\n<\/p>\n<p><span class=\"wpcf7-form-control-wrap\" data-name=\"telefone\"><input size=\"12\" maxlength=\"80\" class=\"wpcf7-form-control wpcf7-text wpcf7-validates-as-required\" aria-required=\"true\" aria-invalid=\"false\" value=\"\" type=\"text\" name=\"telefone\" \/><\/span>\n<\/p>\n<p>Departamento\n<\/p>\n<p><span class=\"wpcf7-form-control-wrap\" data-name=\"departamento\"><select class=\"wpcf7-form-control wpcf7-select wpcf7-validates-as-required\" aria-required=\"true\" aria-invalid=\"false\" name=\"departamento\"><option value=\"Selecione\">Selecione<\/option><option value=\"Administra\u00e7\u00e3o do site\">Administra\u00e7\u00e3o do site<\/option><option value=\"Coordenadoria da Educa\u00e7\u00e3o\">Coordenadoria da Educa\u00e7\u00e3o<\/option><option value=\"Coordenadoria de Esporte\">Coordenadoria de Esporte<\/option><option value=\"Coordenadoria de Finan\u00e7as\">Coordenadoria de Finan\u00e7as<\/option><option value=\"Coordenadoria do Meio Ambiente\">Coordenadoria do Meio Ambiente<\/option><option value=\"Coordenadoria Municipal da Cultura\">Coordenadoria Municipal da Cultura<\/option><option value=\"Coordenadoria de Planejamento Or\u00e7ament\u00e1rio\">Coordenadoria de Planejamento Or\u00e7ament\u00e1rio<\/option><option value=\"Coordenadoria de  Sa\u00fade\">Coordenadoria de  Sa\u00fade<\/option><option value=\"Departamento de Alimenta\u00e7\u00e3o Escolar\">Departamento de Alimenta\u00e7\u00e3o Escolar<\/option><option value=\"Departamento de Cadastro Imobili\u00e1rio\">Departamento de Cadastro Imobili\u00e1rio<\/option><option value=\"Departamento de Compras\">Departamento de Compras<\/option><option value=\"Departamento de Comunica\u00e7\u00e3o\">Departamento de Comunica\u00e7\u00e3o<\/option><option value=\"Departamento de Contabilidade\">Departamento de Contabilidade<\/option><option value=\"Departamento de Controle de Vetores\">Departamento de Controle de Vetores<\/option><option value=\"Departamento de Engenharia\">Departamento de Engenharia<\/option><option value=\"Departamento de Fiscaliza\u00e7\u00e3o\">Departamento de Fiscaliza\u00e7\u00e3o<\/option><option value=\"Departamento de Inform\u00e1tica\">Departamento de Inform\u00e1tica<\/option><option value=\"Departamento Jur\u00eddico\">Departamento Jur\u00eddico<\/option><option value=\"Departamento de Licita\u00e7\u00e3o\">Departamento de Licita\u00e7\u00e3o<\/option><option value=\"Departamento de Marketing\">Departamento de Marketing<\/option><option value=\"Departamento de Tr\u00e2nsito\">Departamento de Tr\u00e2nsito<\/option><option value=\"Departamento de Tributa\u00e7\u00e3o\">Departamento de Tributa\u00e7\u00e3o<\/option><option value=\"Fundo Social de Solidariedade\">Fundo Social de Solidariedade<\/option><option value=\"Gabinete\">Gabinete<\/option><\/select><\/span>\n<\/p>\n<p>Mensagem\n<\/p>\n<p><span class=\"wpcf7-form-control-wrap\" data-name=\"mensagem\"><textarea cols=\"40\" rows=\"10\" maxlength=\"400\" class=\"wpcf7-form-control wpcf7-textarea wpcf7-validates-as-required\" aria-required=\"true\" aria-invalid=\"false\" name=\"mensagem\"><\/textarea><\/span>\n<\/p>\n<p><input class=\"wpcf7-form-control wpcf7-submit has-spinner\" type=\"submit\" value=\"Enviar Contato\" \/>\n<\/p><div class=\"wpcf7-response-output\" aria-hidden=\"true\"><\/div>\n<\/form>\n<\/div>\n\n","protected":false},"excerpt":{"rendered":"A Prefeitura Municipal de Orl\u00e2ndia desenvolveu esta se\u00e7\u00e3o para criar um canal de comunica\u00e7\u00e3o com seus usu\u00e1rios. Envie sugest\u00f5es, reclama\u00e7\u00f5es","protected":false},"author":1,"featured_media":0,"parent":0,"menu_order":0,"comment_status":"open","ping_status":"open","template":"","meta":{"ngg_post_thumbnail":0,"footnotes":""},"magazineBlocksPostFeaturedMedia":{"thumbnail":false,"medium":false,"medium_large":false,"large":false,"1536x1536":false,"2048x2048":false,"colormag-highlighted-post":false,"colormag-featured-post-medium":false,"colormag-featured-post-small":false,"colormag-featured-image":false,"colormag-default-news":false,"colormag-featured-image-large":false},"magazineBlocksPostAuthor":{"name":"admin","avatar":"https:\/\/secure.gravatar.com\/avatar\/5140b312f1bcbe8516bfaa79917f11b3?s=96&d=mm&r=g"},"magazineBlocksPostCommentsNumber":false,"magazineBlocksPostExcerpt":"","magazineBlocksPostCategories":[],"_links":{"self":[{"href":"https:\/\/www.orlandia.sp.gov.br\/novo\/wp-json\/wp\/v2\/pages\/53"}],"collection":[{"href":"https:\/\/www.orlandia.sp.gov.br\/novo\/wp-json\/wp\/v2\/pages"}],"about":[{"href":"https:\/\/www.orlandia.sp.gov.br\/novo\/wp-json\/wp\/v2\/types\/page"}],"author":[{"embeddable":true,"href":"https:\/\/www.orlandia.sp.gov.br\/novo\/wp-json\/wp\/v2\/users\/1"}],"replies":[{"embeddable":true,"href":"https:\/\/www.orlandia.sp.gov.br\/novo\/wp-json\/wp\/v2\/comments?post=53"}],"version-history":[{"count":4,"href":"https:\/\/www.orlandia.sp.gov.br\/novo\/wp-json\/wp\/v2\/pages\/53\/revisions"}],"predecessor-version":[{"id":9993,"href":"https:\/\/www.orlandia.sp.gov.br\/novo\/wp-json\/wp\/v2\/pages\/53\/revisions\/9993"}],"wp:attachment":[{"href":"https:\/\/www.orlandia.sp.gov.br\/novo\/wp-json\/wp\/v2\/media?parent=53"}],"curies":[{"name":"wp","href":"https:\/\/api.w.org\/{rel}","templated":true}]}}