{"id":41395,"date":"2026-03-11T16:44:48","date_gmt":"2026-03-11T19:44:48","guid":{"rendered":"https:\/\/www.orlandia.sp.gov.br\/novo\/?page_id=41395"},"modified":"2026-03-11T16:51:31","modified_gmt":"2026-03-11T19:51:31","slug":"jornal-oficial-de-orlandia-marco-de-2026","status":"publish","type":"page","link":"https:\/\/www.orlandia.sp.gov.br\/novo\/jornal-oficial-de-orlandia-marco-de-2026","title":{"rendered":"Jornal Oficial de Orl\u00e2ndia \u2013 Mar\u00e7o de 2026"},"content":{"rendered":"<p><strong><a href=\"https:\/\/imprensaoficialmunicipal.com.br\/orlandia\" target=\"_blank\" rel=\"noopener\">Clique aqui<\/a><\/strong> para acessar as edi\u00e7\u00f5es de Mar\u00e7o<\/p>\n","protected":false},"excerpt":{"rendered":"<p>Clique aqui para acessar as edi\u00e7\u00f5es de Mar\u00e7o<\/p>\n","protected":false},"author":1,"featured_media":0,"parent":0,"menu_order":0,"comment_status":"closed","ping_status":"closed","template":"","meta":{"ngg_post_thumbnail":0,"footnotes":""},"magazineBlocksPostFeaturedMedia":{"thumbnail":false,"medium":false,"medium_large":false,"large":false,"1536x1536":false,"2048x2048":false,"colormag-highlighted-post":false,"colormag-featured-post-medium":false,"colormag-featured-post-small":false,"colormag-featured-image":false,"colormag-default-news":false,"colormag-featured-image-large":false},"magazineBlocksPostAuthor":{"name":"admin","avatar":"https:\/\/secure.gravatar.com\/avatar\/5140b312f1bcbe8516bfaa79917f11b3?s=96&d=mm&r=g"},"magazineBlocksPostCommentsNumber":false,"magazineBlocksPostExcerpt":"Clique aqui para acessar as edi\u00e7\u00f5es de Mar\u00e7o","magazineBlocksPostCategories":[],"_links":{"self":[{"href":"https:\/\/www.orlandia.sp.gov.br\/novo\/wp-json\/wp\/v2\/pages\/41395"}],"collection":[{"href":"https:\/\/www.orlandia.sp.gov.br\/novo\/wp-json\/wp\/v2\/pages"}],"about":[{"href":"https:\/\/www.orlandia.sp.gov.br\/novo\/wp-json\/wp\/v2\/types\/page"}],"author":[{"embeddable":true,"href":"https:\/\/www.orlandia.sp.gov.br\/novo\/wp-json\/wp\/v2\/users\/1"}],"replies":[{"embeddable":true,"href":"https:\/\/www.orlandia.sp.gov.br\/novo\/wp-json\/wp\/v2\/comments?post=41395"}],"version-history":[{"count":2,"href":"https:\/\/www.orlandia.sp.gov.br\/novo\/wp-json\/wp\/v2\/pages\/41395\/revisions"}],"predecessor-version":[{"id":41398,"href":"https:\/\/www.orlandia.sp.gov.br\/novo\/wp-json\/wp\/v2\/pages\/41395\/revisions\/41398"}],"wp:attachment":[{"href":"https:\/\/www.orlandia.sp.gov.br\/novo\/wp-json\/wp\/v2\/media?parent=41395"}],"curies":[{"name":"wp","href":"https:\/\/api.w.org\/{rel}","templated":true}]}}