{"id":41340,"date":"2026-03-09T14:36:59","date_gmt":"2026-03-09T17:36:59","guid":{"rendered":"https:\/\/www.orlandia.sp.gov.br\/novo\/?page_id=41340"},"modified":"2026-03-09T14:49:13","modified_gmt":"2026-03-09T17:49:13","slug":"fatec-protocolo-de-intencoes","status":"publish","type":"page","link":"https:\/\/www.orlandia.sp.gov.br\/novo\/fatec-protocolo-de-intencoes","title":{"rendered":"FATEC &#8211; PROTOCOLO DE INTEN\u00c7\u00d5ES"},"content":{"rendered":"<p><a href=\"https:\/\/www.orlandia.sp.gov.br\/novo\/wp-content\/uploads\/2026\/03\/1-FATEC-PROTOCOLO-DE-INTENCOES-ASSINADO-PELOS-MUNICIPIOS.pdf\" rel=\"noopener\" target=\"_blank\">1- FATEC &#8211; PROTOCOLO DE INTEN\u00c7\u00d5ES ASSINADO PELOS MUNICIPIOS<\/a><\/p>\n<p><a href=\"https:\/\/www.orlandia.sp.gov.br\/novo\/wp-content\/uploads\/2026\/03\/2-ADITIVO-DE-RETIFICACAO-DO-PROTOCOLO-DE-INTENCOES-CIDES-FATEC.pdf\" rel=\"noopener\" target=\"_blank\">2- ADITIVO DE RETIFICA\u00c7\u00c3O DO PROTOCOLO DE INTEN\u00c7\u00d5ES-CIDES-FATEC<\/a><\/p>\n","protected":false},"excerpt":{"rendered":"<p>1- FATEC &#8211; PROTOCOLO DE INTEN\u00c7\u00d5ES ASSINADO PELOS MUNICIPIOS 2- ADITIVO DE RETIFICA\u00c7\u00c3O DO PROTOCOLO DE INTEN\u00c7\u00d5ES-CIDES-FATEC<\/p>\n","protected":false},"author":1,"featured_media":0,"parent":0,"menu_order":0,"comment_status":"closed","ping_status":"closed","template":"","meta":{"ngg_post_thumbnail":0,"footnotes":""},"magazineBlocksPostFeaturedMedia":{"thumbnail":false,"medium":false,"medium_large":false,"large":false,"1536x1536":false,"2048x2048":false,"colormag-highlighted-post":false,"colormag-featured-post-medium":false,"colormag-featured-post-small":false,"colormag-featured-image":false,"colormag-default-news":false,"colormag-featured-image-large":false},"magazineBlocksPostAuthor":{"name":"admin","avatar":"https:\/\/secure.gravatar.com\/avatar\/5140b312f1bcbe8516bfaa79917f11b3?s=96&d=mm&r=g"},"magazineBlocksPostCommentsNumber":false,"magazineBlocksPostExcerpt":"1- FATEC &#8211; PROTOCOLO DE INTEN\u00c7\u00d5ES ASSINADO PELOS MUNICIPIOS 2- ADITIVO DE RETIFICA\u00c7\u00c3O DO PROTOCOLO DE INTEN\u00c7\u00d5ES-CIDES-FATEC","magazineBlocksPostCategories":[],"_links":{"self":[{"href":"https:\/\/www.orlandia.sp.gov.br\/novo\/wp-json\/wp\/v2\/pages\/41340"}],"collection":[{"href":"https:\/\/www.orlandia.sp.gov.br\/novo\/wp-json\/wp\/v2\/pages"}],"about":[{"href":"https:\/\/www.orlandia.sp.gov.br\/novo\/wp-json\/wp\/v2\/types\/page"}],"author":[{"embeddable":true,"href":"https:\/\/www.orlandia.sp.gov.br\/novo\/wp-json\/wp\/v2\/users\/1"}],"replies":[{"embeddable":true,"href":"https:\/\/www.orlandia.sp.gov.br\/novo\/wp-json\/wp\/v2\/comments?post=41340"}],"version-history":[{"count":6,"href":"https:\/\/www.orlandia.sp.gov.br\/novo\/wp-json\/wp\/v2\/pages\/41340\/revisions"}],"predecessor-version":[{"id":41348,"href":"https:\/\/www.orlandia.sp.gov.br\/novo\/wp-json\/wp\/v2\/pages\/41340\/revisions\/41348"}],"wp:attachment":[{"href":"https:\/\/www.orlandia.sp.gov.br\/novo\/wp-json\/wp\/v2\/media?parent=41340"}],"curies":[{"name":"wp","href":"https:\/\/api.w.org\/{rel}","templated":true}]}}