{"id":39726,"date":"2024-11-01T15:09:51","date_gmt":"2024-11-01T18:09:51","guid":{"rendered":"https:\/\/www.orlandia.sp.gov.br\/novo\/?page_id=39726"},"modified":"2024-11-29T16:01:47","modified_gmt":"2024-11-29T19:01:47","slug":"jornal-oficial-de-orlandia-novembro-de-2024","status":"publish","type":"page","link":"https:\/\/www.orlandia.sp.gov.br\/novo\/jornal-oficial-de-orlandia-novembro-de-2024","title":{"rendered":"Jornal Oficial de Orl\u00e2ndia \u2013 Novembro de 2024"},"content":{"rendered":"<p><strong><a href=\"https:\/\/imprensaoficialmunicipal.com.br\/orlandia\" target=\"_blank\" rel=\"noopener\">Clique aqui<\/a><\/strong> para Acessar as Edi\u00e7\u00f5es de Novembro<\/p>\n<p>&nbsp;<\/p>\n<p><a href=\"https:\/\/www.orlandia.sp.gov.br\/novo\/wp-content\/uploads\/2024\/11\/Edicao-1954-de-28-de-novembro-de-2024-Extraordinaria.pdf\">&gt;&gt; Edi\u00e7\u00e3o 1954 de 28 de novembro de 2024 &#8211; Extraordin\u00e1ria<\/a><\/p>\n<p><a href=\"https:\/\/www.orlandia.sp.gov.br\/novo\/wp-content\/uploads\/2024\/11\/Edicao-1953-de-27-de-novembro-de-2024-Extraordinaria.pdf\">&gt;&gt; Edi\u00e7\u00e3o 1953 de 27 de novembro de 2024 &#8211; Extraordin\u00e1ria<\/a><\/p>\n<p><a href=\"https:\/\/www.orlandia.sp.gov.br\/novo\/wp-content\/uploads\/2024\/11\/Edicao-1952-de-26-de-novembro-de-2024.pdf\">&gt;&gt; Edi\u00e7\u00e3o 1952 de 26 de novembro de 2024<\/a><\/p>\n<p><a href=\"https:\/\/www.orlandia.sp.gov.br\/novo\/wp-content\/uploads\/2024\/11\/Edicao-1951-de-25-de-novembro-de-2024-Extraordinaria.pdf\">&gt;&gt; Edi\u00e7\u00e3o 1951 de 25 de novembro de 2024 &#8211; Extraordin\u00e1ria<\/a><\/p>\n<p><a href=\"https:\/\/www.orlandia.sp.gov.br\/novo\/wp-content\/uploads\/2024\/11\/Edicao-1950-de-22-de-novembro-de-2024.pdf\">&gt;&gt; Edi\u00e7\u00e3o 1950 de 22 de novembro de 2024<\/a><\/p>\n<p><a href=\"https:\/\/www.orlandia.sp.gov.br\/novo\/wp-content\/uploads\/2024\/11\/Edicao-1949-de-21-de-novembro-de-2024-Extraordinaria.pdf\">&gt;&gt; Edi\u00e7\u00e3o 1949 de 21 de novembro de 2024 &#8211; Extraordin\u00e1ria<\/a><\/p>\n<p><a href=\"https:\/\/www.orlandia.sp.gov.br\/novo\/wp-content\/uploads\/2024\/11\/Edicao-1948-de-19-de-novembro-de-2024.pdf\">&gt;&gt; Edi\u00e7\u00e3o 1948 de 19 de novembro de 2024<\/a><\/p>\n<p><a href=\"https:\/\/www.orlandia.sp.gov.br\/novo\/wp-content\/uploads\/2024\/11\/Edicao-1947-de-18-de-novembro-de-2024-Extraordinaria.pdf\">&gt;&gt; Edi\u00e7\u00e3o 1947 de 18 de novembro de 2024 &#8211; Extraordin\u00e1ria<\/a><\/p>\n<p><a href=\"https:\/\/www.orlandia.sp.gov.br\/novo\/wp-content\/uploads\/2024\/11\/Edicao-1946-de-14-de-novembro-de-2024-Extraordinaria.pdf\">&gt;&gt; Edi\u00e7\u00e3o 1946 de 14 de novembro de 2024 &#8211; Extraordin\u00e1ria<\/a><\/p>\n<p><a href=\"https:\/\/www.orlandia.sp.gov.br\/novo\/wp-content\/uploads\/2024\/11\/Edicao-1945-de-13-de-novembro-de-2024-Extraordinaria.pdf\">&gt;&gt; Edi\u00e7\u00e3o 1945 de 13 de novembro de 2024 &#8211; Extraordin\u00e1ria<\/a><\/p>\n<p><a href=\"https:\/\/www.orlandia.sp.gov.br\/novo\/wp-content\/uploads\/2024\/11\/Edicao-1944-de-12-de-novembro-de-2024.pdf\">&gt;&gt; Edi\u00e7\u00e3o 1944 de 12 de novembro de 2024<\/a><\/p>\n<p><a href=\"https:\/\/www.orlandia.sp.gov.br\/novo\/wp-content\/uploads\/2024\/11\/Edicao-1943-de-11-de-novembro-de-2024-Extraordinaria.pdf\">&gt;&gt; Edi\u00e7\u00e3o 1943 de 11 de novembro de 2024 &#8211; Extraordin\u00e1ria<\/a><\/p>\n<p><a href=\"https:\/\/dosp.com.br\/exibe_do?i=NTY4OTc4\">&gt;&gt; Edi\u00e7\u00e3o 1942 de 08 de novembro de 2024<\/a><\/p>\n<p><a href=\"https:\/\/dosp.com.br\/exibe_do?i=NTY4MzY0\">&gt;&gt; Edi\u00e7\u00e3o 1941 de 07 de novembro de 2024 &#8211; Extraordin\u00e1ria<\/a><\/p>\n<p><a href=\"https:\/\/www.orlandia.sp.gov.br\/novo\/wp-content\/uploads\/2024\/11\/Edicao-1940-de-06-de-novembro-de-2024-Extraordinaria.pdf\">&gt;&gt; Edi\u00e7\u00e3o 1940 de 06 de novembro de 2024 &#8211; Extraordin\u00e1ria<\/a><\/p>\n<p><a href=\"https:\/\/www.orlandia.sp.gov.br\/novo\/wp-content\/uploads\/2024\/11\/Edicao-1939-de-05-de-novembro-de-2024.pdf\">&gt;&gt; Edi\u00e7\u00e3o 1939 de 05 de novembro de 2024<\/a><\/p>\n<p><a href=\"https:\/\/www.orlandia.sp.gov.br\/novo\/wp-content\/uploads\/2024\/11\/Edicao-1938-de-04-de-novembro-de-2024-Extraordinaria.pdf\">&gt;&gt; Edi\u00e7\u00e3o 1938 de 04 de novembro de 2024 &#8211; Extraordin\u00e1ria<\/a><\/p>\n<p><a href=\"https:\/\/www.orlandia.sp.gov.br\/novo\/wp-content\/uploads\/2024\/11\/Edicao-1937-de-01-de-novembro-de-2024.pdf\">&gt;&gt; Edi\u00e7\u00e3o 1937 de 01 de novembro de 2024<\/a><\/p>\n","protected":false},"excerpt":{"rendered":"<p>Clique aqui para Acessar as Edi\u00e7\u00f5es de Novembro &nbsp; &gt;&gt; Edi\u00e7\u00e3o 1954 de 28 de novembro de 2024 &#8211; Extraordin\u00e1ria<\/p>\n","protected":false},"author":1,"featured_media":0,"parent":0,"menu_order":0,"comment_status":"closed","ping_status":"closed","template":"","meta":{"ngg_post_thumbnail":0,"footnotes":""},"magazineBlocksPostFeaturedMedia":{"thumbnail":false,"medium":false,"medium_large":false,"large":false,"1536x1536":false,"2048x2048":false,"colormag-highlighted-post":false,"colormag-featured-post-medium":false,"colormag-featured-post-small":false,"colormag-featured-image":false,"colormag-default-news":false,"colormag-featured-image-large":false},"magazineBlocksPostAuthor":{"name":"admin","avatar":"https:\/\/secure.gravatar.com\/avatar\/5140b312f1bcbe8516bfaa79917f11b3?s=96&d=mm&r=g"},"magazineBlocksPostCommentsNumber":false,"magazineBlocksPostExcerpt":"Clique aqui para Acessar as Edi\u00e7\u00f5es de Novembro &nbsp; &gt;&gt; Edi\u00e7\u00e3o 1954 de 28 de novembro de 2024 &#8211; Extraordin\u00e1ria","magazineBlocksPostCategories":[],"_links":{"self":[{"href":"https:\/\/www.orlandia.sp.gov.br\/novo\/wp-json\/wp\/v2\/pages\/39726"}],"collection":[{"href":"https:\/\/www.orlandia.sp.gov.br\/novo\/wp-json\/wp\/v2\/pages"}],"about":[{"href":"https:\/\/www.orlandia.sp.gov.br\/novo\/wp-json\/wp\/v2\/types\/page"}],"author":[{"embeddable":true,"href":"https:\/\/www.orlandia.sp.gov.br\/novo\/wp-json\/wp\/v2\/users\/1"}],"replies":[{"embeddable":true,"href":"https:\/\/www.orlandia.sp.gov.br\/novo\/wp-json\/wp\/v2\/comments?post=39726"}],"version-history":[{"count":6,"href":"https:\/\/www.orlandia.sp.gov.br\/novo\/wp-json\/wp\/v2\/pages\/39726\/revisions"}],"predecessor-version":[{"id":39880,"href":"https:\/\/www.orlandia.sp.gov.br\/novo\/wp-json\/wp\/v2\/pages\/39726\/revisions\/39880"}],"wp:attachment":[{"href":"https:\/\/www.orlandia.sp.gov.br\/novo\/wp-json\/wp\/v2\/media?parent=39726"}],"curies":[{"name":"wp","href":"https:\/\/api.w.org\/{rel}","templated":true}]}}