{"id":39662,"date":"2024-10-01T14:04:24","date_gmt":"2024-10-01T17:04:24","guid":{"rendered":"https:\/\/www.orlandia.sp.gov.br\/novo\/?page_id=39662"},"modified":"2024-11-11T10:48:33","modified_gmt":"2024-11-11T13:48:33","slug":"jornal-oficial-de-orlandia-outubro-de-2024","status":"publish","type":"page","link":"https:\/\/www.orlandia.sp.gov.br\/novo\/jornal-oficial-de-orlandia-outubro-de-2024","title":{"rendered":"Jornal Oficial de Orl\u00e2ndia \u2013 Outubro de 2024"},"content":{"rendered":"<p><strong><a href=\"https:\/\/imprensaoficialmunicipal.com.br\/orlandia\" target=\"_blank\" rel=\"noopener\">Clique aqui<\/a><\/strong> para Acessar as Edi\u00e7\u00f5es de Outubro<\/p>\n<p>&nbsp;<\/p>\n<p><a href=\"https:\/\/www.orlandia.sp.gov.br\/novo\/wp-content\/uploads\/2024\/11\/Edicao-1936-de-31-de-outubro-de-2024-Extraordinaria.pdf\">&gt;&gt; Edi\u00e7\u00e3o 1936 de 31 de outubro de 2024 &#8211; Extraordin\u00e1ria<\/a><\/p>\n<p><a href=\"https:\/\/www.orlandia.sp.gov.br\/novo\/wp-content\/uploads\/2024\/11\/Edicao-1935-de-30-de-outubro-de-2024-Extraordinaria.pdf\">&gt;&gt;Edi\u00e7\u00e3o 1935 de 30 de outubro de 2024 &#8211; Extraordin\u00e1ria<\/a><\/p>\n<p><a href=\"https:\/\/www.orlandia.sp.gov.br\/novo\/wp-content\/uploads\/2024\/11\/Edicao-1934-de-29-de-outubro-de-2024.pdf\">&gt;&gt; Edi\u00e7\u00e3o 1934 de 29 de outubro de 2024<\/a><\/p>\n<p><a href=\"https:\/\/dosp.com.br\/exibe_do?i=NTYzODcx\">&gt;&gt; Edi\u00e7\u00e3o 1933 de 25 de outubro de 2024<\/a><\/p>\n<p><a href=\"https:\/\/www.orlandia.sp.gov.br\/novo\/wp-content\/uploads\/2024\/11\/Edicao-1932-de-24-de-outubro-de-2024-Extraordinaria.pdf\">&gt;&gt; Edi\u00e7\u00e3o 1932 de 24 de outubro de 2024 &#8211; Extraordin\u00e1ria<\/a><\/p>\n<p><a href=\"https:\/\/www.orlandia.sp.gov.br\/novo\/wp-content\/uploads\/2024\/11\/Edicao-1931-de-23-de-outubro-de-2024-Extraordinaria.pdf\">&gt;&gt; Edi\u00e7\u00e3o 1931 de 23 de outubro de 2024 &#8211; Extraordin\u00e1ria<\/a><\/p>\n<p><a href=\"https:\/\/www.orlandia.sp.gov.br\/novo\/wp-content\/uploads\/2024\/11\/Edicao-1930-de-22-de-outubro-de-2024.pdf\">&gt;&gt; Edi\u00e7\u00e3o 1930 de 22 de outubro de 2024<\/a><\/p>\n<p><a href=\"https:\/\/www.orlandia.sp.gov.br\/novo\/wp-content\/uploads\/2024\/11\/Edicao-1929-de-21-de-outubro-de-2024-Extraordinaria.pdf\">&gt;&gt; Edi\u00e7\u00e3o 1929 de 21 de outubro de 2024 &#8211; Extraordin\u00e1ria<\/a><\/p>\n<p><a href=\"https:\/\/www.orlandia.sp.gov.br\/novo\/wp-content\/uploads\/2024\/11\/Edicao-1928-de-18-de-outubro-de-2024.pdf\">&gt;&gt; Edi\u00e7\u00e3o 1928 de 18 de outubro de 2024<\/a><\/p>\n<p><a href=\"https:\/\/www.orlandia.sp.gov.br\/novo\/wp-content\/uploads\/2024\/11\/Edicao-1927-de-17-de-outubro-de-2024-Extraordinaria.pdf\">&gt;&gt; Edi\u00e7\u00e3o 1927 de 17 de outubro de 2024 &#8211; Extraordin\u00e1ria<\/a><\/p>\n<p><a href=\"https:\/\/www.orlandia.sp.gov.br\/novo\/wp-content\/uploads\/2024\/11\/Edicao-1926-de-16-de-outubro-de-2024-Extraordinaria.pdf\">&gt;&gt; Edi\u00e7\u00e3o 1926 de 16 de outubro de 2024 &#8211; Extraordin\u00e1ria<\/a><\/p>\n<p><a href=\"https:\/\/www.orlandia.sp.gov.br\/novo\/wp-content\/uploads\/2024\/11\/Edicao-1925-de-15-de-outubro-de-2024.pdf\">&gt;&gt; Edi\u00e7\u00e3o 1925 de 15 de outubro de 2024<\/a><\/p>\n<p><a href=\"https:\/\/www.orlandia.sp.gov.br\/novo\/wp-content\/uploads\/2024\/11\/Edicao-1924-de-14-de-outubro-de-2024-Extraordinaria.pdf\">&gt;&gt; Edi\u00e7\u00e3o 1924 de 14 de outubro de 2024 &#8211; Extraordin\u00e1ria<\/a><\/p>\n<p><a href=\"https:\/\/www.orlandia.sp.gov.br\/novo\/wp-content\/uploads\/2024\/11\/Edicao-1923-de-11-de-outubro-de-2024.pdf\">&gt;&gt; Edi\u00e7\u00e3o 1923 de 11 de outubro de 2024<\/a><\/p>\n<p><a href=\"https:\/\/www.orlandia.sp.gov.br\/novo\/wp-content\/uploads\/2024\/11\/Edicao-1922-de-10-de-outubro-de-2024-Extraordinaria.pdf\">&gt;&gt; Edi\u00e7\u00e3o 1922 de 10 de outubro de 2024 &#8211; Extraordin\u00e1ria<\/a><\/p>\n<p><a href=\"https:\/\/www.orlandia.sp.gov.br\/novo\/wp-content\/uploads\/2024\/11\/Edicao-1921-de-08-de-outubro-de-2024.pdf\">&gt;&gt; Edi\u00e7\u00e3o 1921 de 08 de outubro de 2024<\/a><\/p>\n<p><a href=\"https:\/\/www.orlandia.sp.gov.br\/novo\/wp-content\/uploads\/2024\/11\/Edicao-1920-de-07-de-outubro-de-2024-Extraordinaria.pdf\">&gt;&gt; Edi\u00e7\u00e3o 1920 de 07 de outubro de 2024 &#8211; Extraordin\u00e1ria<\/a><\/p>\n<p><a href=\"https:\/\/www.orlandia.sp.gov.br\/novo\/wp-content\/uploads\/2024\/11\/Edicao-1919-de-04-de-outubro-de-2024.pdf\">&gt;&gt; Edi\u00e7\u00e3o 1919 de 04 de outubro de 2024<\/a><\/p>\n<p><a href=\"https:\/\/www.orlandia.sp.gov.br\/novo\/wp-content\/uploads\/2024\/11\/Edicao-1918-de-03-de-outubro-de-2024-Extraordinaria.pdf\">&gt;&gt; Edi\u00e7\u00e3o 1918 de 03 de outubro de 2024 &#8211; Extraordin\u00e1ria<\/a><\/p>\n<p><a href=\"https:\/\/www.orlandia.sp.gov.br\/novo\/wp-content\/uploads\/2024\/11\/Edicao-1917-de-02-de-outubro-de-2024-Extraordinaria.pdf\">&gt;&gt; Edi\u00e7\u00e3o 1917 de 02 de outubro de 2024 &#8211; Extraordin\u00e1ria<\/a><\/p>\n<p><a href=\"https:\/\/www.orlandia.sp.gov.br\/novo\/wp-content\/uploads\/2024\/11\/Edicao-1916-de-01-de-outubro-de-2024.pdf\">&gt;&gt; Edi\u00e7\u00e3o 1916 de 01 de outubro de 2024<\/a><\/p>\n","protected":false},"excerpt":{"rendered":"<p>Clique aqui para Acessar as Edi\u00e7\u00f5es de Outubro &nbsp; &gt;&gt; Edi\u00e7\u00e3o 1936 de 31 de outubro de 2024 &#8211; Extraordin\u00e1ria<\/p>\n","protected":false},"author":1,"featured_media":0,"parent":0,"menu_order":0,"comment_status":"closed","ping_status":"closed","template":"","meta":{"ngg_post_thumbnail":0,"footnotes":""},"magazineBlocksPostFeaturedMedia":{"thumbnail":false,"medium":false,"medium_large":false,"large":false,"1536x1536":false,"2048x2048":false,"colormag-highlighted-post":false,"colormag-featured-post-medium":false,"colormag-featured-post-small":false,"colormag-featured-image":false,"colormag-default-news":false,"colormag-featured-image-large":false},"magazineBlocksPostAuthor":{"name":"admin","avatar":"https:\/\/secure.gravatar.com\/avatar\/5140b312f1bcbe8516bfaa79917f11b3?s=96&d=mm&r=g"},"magazineBlocksPostCommentsNumber":false,"magazineBlocksPostExcerpt":"Clique aqui para Acessar as Edi\u00e7\u00f5es de Outubro &nbsp; &gt;&gt; Edi\u00e7\u00e3o 1936 de 31 de outubro de 2024 &#8211; Extraordin\u00e1ria","magazineBlocksPostCategories":[],"_links":{"self":[{"href":"https:\/\/www.orlandia.sp.gov.br\/novo\/wp-json\/wp\/v2\/pages\/39662"}],"collection":[{"href":"https:\/\/www.orlandia.sp.gov.br\/novo\/wp-json\/wp\/v2\/pages"}],"about":[{"href":"https:\/\/www.orlandia.sp.gov.br\/novo\/wp-json\/wp\/v2\/types\/page"}],"author":[{"embeddable":true,"href":"https:\/\/www.orlandia.sp.gov.br\/novo\/wp-json\/wp\/v2\/users\/1"}],"replies":[{"embeddable":true,"href":"https:\/\/www.orlandia.sp.gov.br\/novo\/wp-json\/wp\/v2\/comments?post=39662"}],"version-history":[{"count":5,"href":"https:\/\/www.orlandia.sp.gov.br\/novo\/wp-json\/wp\/v2\/pages\/39662\/revisions"}],"predecessor-version":[{"id":39774,"href":"https:\/\/www.orlandia.sp.gov.br\/novo\/wp-json\/wp\/v2\/pages\/39662\/revisions\/39774"}],"wp:attachment":[{"href":"https:\/\/www.orlandia.sp.gov.br\/novo\/wp-json\/wp\/v2\/media?parent=39662"}],"curies":[{"name":"wp","href":"https:\/\/api.w.org\/{rel}","templated":true}]}}