{"id":39329,"date":"2024-08-01T11:52:45","date_gmt":"2024-08-01T14:52:45","guid":{"rendered":"https:\/\/www.orlandia.sp.gov.br\/novo\/?page_id=39329"},"modified":"2024-09-03T15:34:42","modified_gmt":"2024-09-03T18:34:42","slug":"jornal-oficial-de-orlandia-agosto-de-2024","status":"publish","type":"page","link":"https:\/\/www.orlandia.sp.gov.br\/novo\/jornal-oficial-de-orlandia-agosto-de-2024","title":{"rendered":"Jornal Oficial de Orl\u00e2ndia \u2013 Agosto de 2024"},"content":{"rendered":"<p><strong><a href=\"https:\/\/imprensaoficialmunicipal.com.br\/orlandia\" target=\"_blank\" rel=\"noopener\">Clique aqui<\/a><\/strong> para Acessar as Edi\u00e7\u00f5es de Agosto<\/p>\n<p>&nbsp;<\/p>\n<p><a href=\"https:\/\/www.orlandia.sp.gov.br\/novo\/wp-content\/uploads\/2024\/09\/Edicao-1894-de-30-de-agosto-de-2024.pdf\">&gt;&gt;\u00a0 Edi\u00e7\u00e3o 1894 de 30 de agosto de 2024<\/a><\/p>\n<p><a href=\"https:\/\/www.orlandia.sp.gov.br\/novo\/wp-content\/uploads\/2024\/09\/Edicao-1893-de-29-de-agosto-de-2024-Extraordinaria.pdf\">&gt;&gt;\u00a0 Edi\u00e7\u00e3o 1893 de 29 de agosto de 2024 &#8211; Extraordin\u00e1ria<\/a><\/p>\n<p><a href=\"https:\/\/www.orlandia.sp.gov.br\/novo\/wp-content\/uploads\/2024\/09\/Edicao-1892-de-28-de-agosto-de-2024-Extraordinaria.pdf\">&gt;&gt;\u00a0 Edi\u00e7\u00e3o 1892 de 28 de agosto de 2024 &#8211; Extraordin\u00e1ria<\/a><\/p>\n<p><a href=\"https:\/\/www.orlandia.sp.gov.br\/novo\/wp-content\/uploads\/2024\/09\/Edicao-1891-de-27-de-agosto-de-2024.pdf\">&gt;&gt;\u00a0 Edi\u00e7\u00e3o 1891 de 27 de agosto de 2024<\/a><\/p>\n<p><a href=\"https:\/\/www.orlandia.sp.gov.br\/novo\/wp-content\/uploads\/2024\/09\/Edicao-1890-de-26-de-agosto-de-2024-Extraordinaria.pdf\">&gt;&gt;\u00a0 Edi\u00e7\u00e3o 1890 de 26 de agosto de 2024 &#8211; Extraordin\u00e1ria<\/a><\/p>\n<p><a href=\"https:\/\/www.orlandia.sp.gov.br\/novo\/wp-content\/uploads\/2024\/09\/Edicao-1889-de-23-de-agosto-de-2024.pdf\">&gt;&gt;\u00a0 Edi\u00e7\u00e3o 1889 de 23 de agosto de 2024<\/a><\/p>\n<p><a href=\"https:\/\/www.orlandia.sp.gov.br\/novo\/wp-content\/uploads\/2024\/09\/Edicao-1888-de-22-de-agosto-de-2024-Extraordinaria_compressed.pdf\">&gt;&gt;\u00a0 Edi\u00e7\u00e3o 1888 de 22 de agosto de 2024 &#8211; Extraordin\u00e1ria<\/a><\/p>\n<p><a href=\"https:\/\/www.orlandia.sp.gov.br\/novo\/wp-content\/uploads\/2024\/09\/Edicao-1887-de-21-de-agosto-de-2024-Extraordinaria.pdf\">&gt;&gt;\u00a0 Edi\u00e7\u00e3o 1887 de 21 de agosto de 2024 &#8211; Extraordin\u00e1ria<\/a><\/p>\n<p><a href=\"https:\/\/www.orlandia.sp.gov.br\/novo\/wp-content\/uploads\/2024\/09\/Edicao-1886-de-20-de-agosto-de-2024.pdf\">&gt;&gt;\u00a0 Edi\u00e7\u00e3o 1886 de 20 de agosto de 2024<\/a><\/p>\n<p><a href=\"https:\/\/www.orlandia.sp.gov.br\/novo\/wp-content\/uploads\/2024\/09\/Edicao-1885-de-19-de-agosto-de-2024-Extraordinaria.pdf\">&gt;&gt;\u00a0 Edi\u00e7\u00e3o 1885 de 19 de agosto de 2024 &#8211; Extraordin\u00e1ria<\/a><\/p>\n<p><a href=\"https:\/\/www.orlandia.sp.gov.br\/novo\/wp-content\/uploads\/2024\/09\/Edicao-1884-de-16-de-agosto-de-2024.pdf\">&gt;&gt;\u00a0 Edi\u00e7\u00e3o 1884 de 16 de agosto de 2024<\/a><\/p>\n<p><a href=\"https:\/\/www.orlandia.sp.gov.br\/novo\/wp-content\/uploads\/2024\/09\/Edicao-1883-de-15-de-agosto-de-2024-Extraordinaria.pdf\">&gt;&gt;\u00a0 Edi\u00e7\u00e3o 1883 de 15 de agosto de 2024 &#8211; Extraordin\u00e1ria<\/a><\/p>\n<p><a href=\"https:\/\/www.orlandia.sp.gov.br\/novo\/wp-content\/uploads\/2024\/09\/Edicao-1882-de-14-de-agosto-de-2024-Extraordinaria.pdf\">&gt;&gt;\u00a0 Edi\u00e7\u00e3o 1882 de 14 de agosto de 2024 &#8211; Extraordin\u00e1ria<\/a><\/p>\n<p><a href=\"https:\/\/www.orlandia.sp.gov.br\/novo\/wp-content\/uploads\/2024\/09\/Edicao-1881-de-13-de-agosto-de-2024.pdf\">&gt;&gt;\u00a0 Edi\u00e7\u00e3o 1881 de 13 de agosto de 2024<\/a><\/p>\n<p><a href=\"https:\/\/www.orlandia.sp.gov.br\/novo\/wp-content\/uploads\/2024\/09\/Edicao-1880-de-12-de-agosto-de-2024-Extraordinaria.pdf\">&gt;&gt;\u00a0 Edi\u00e7\u00e3o 1880 de 12 de agosto de 2024 &#8211; Extraordin\u00e1ria<\/a><\/p>\n<p><a href=\"https:\/\/www.orlandia.sp.gov.br\/novo\/wp-content\/uploads\/2024\/09\/Edicao-1879-de-09-de-agosto-de-2024.pdf\">&gt;&gt;\u00a0 Edi\u00e7\u00e3o 1879 de 09 de agosto de 2024<\/a><\/p>\n<p><a href=\"https:\/\/www.orlandia.sp.gov.br\/novo\/wp-content\/uploads\/2024\/09\/Edicao-1878-de-08-de-agosto-de-2024-Extraordinaria.pdf\">&gt;&gt;\u00a0 Edi\u00e7\u00e3o 1878 de 08 de agosto de 2024 &#8211; Extraordin\u00e1ria<\/a><\/p>\n<p><a href=\"https:\/\/www.orlandia.sp.gov.br\/novo\/wp-content\/uploads\/2024\/09\/Edicao-1877-de-07-de-agosto-de-2024-Extraordinaria.pdf\">&gt;&gt;\u00a0 Edi\u00e7\u00e3o 1877 de 07 de agosto de 2024 &#8211; Extraordin\u00e1ria<\/a><\/p>\n<p><a href=\"https:\/\/www.orlandia.sp.gov.br\/novo\/wp-content\/uploads\/2024\/09\/Edicao-1876-de-06-de-agosto-de-2024.pdf\">&gt;&gt;\u00a0 Edi\u00e7\u00e3o 1876 de 06 de agosto de 2024<\/a><\/p>\n<p><a href=\"https:\/\/www.orlandia.sp.gov.br\/novo\/wp-content\/uploads\/2024\/09\/Edicao-1875-de-05-de-agosto-de-2024-Extraordinaria.pdf\">&gt;&gt;\u00a0 Edi\u00e7\u00e3o 1875 de 05 de agosto de 2024 &#8211; Extraordin\u00e1ria<\/a><\/p>\n<p><a href=\"https:\/\/www.orlandia.sp.gov.br\/novo\/wp-content\/uploads\/2024\/09\/Edicao-1874-de-02-de-agosto-de-2024.pdf\">&gt;&gt;\u00a0 Edi\u00e7\u00e3o 1874 de 02 de agosto de 2024<\/a><\/p>\n<p><a href=\"https:\/\/www.orlandia.sp.gov.br\/novo\/wp-content\/uploads\/2024\/09\/Edicao-1873-de-01-de-agosto-de-2024-Extraordinaria.pdf\">&gt;&gt;\u00a0 Edi\u00e7\u00e3o 1873 de 01 de agosto de 2024 &#8211; Extraordin\u00e1ria<\/a><\/p>\n","protected":false},"excerpt":{"rendered":"<p>Clique aqui para Acessar as Edi\u00e7\u00f5es de Agosto &nbsp; &gt;&gt;\u00a0 Edi\u00e7\u00e3o 1894 de 30 de agosto de 2024 &gt;&gt;\u00a0 Edi\u00e7\u00e3o<\/p>\n","protected":false},"author":1,"featured_media":0,"parent":0,"menu_order":0,"comment_status":"closed","ping_status":"closed","template":"","meta":{"ngg_post_thumbnail":0,"footnotes":""},"magazineBlocksPostFeaturedMedia":{"thumbnail":false,"medium":false,"medium_large":false,"large":false,"1536x1536":false,"2048x2048":false,"colormag-highlighted-post":false,"colormag-featured-post-medium":false,"colormag-featured-post-small":false,"colormag-featured-image":false,"colormag-default-news":false,"colormag-featured-image-large":false},"magazineBlocksPostAuthor":{"name":"admin","avatar":"https:\/\/secure.gravatar.com\/avatar\/5140b312f1bcbe8516bfaa79917f11b3?s=96&d=mm&r=g"},"magazineBlocksPostCommentsNumber":false,"magazineBlocksPostExcerpt":"Clique aqui para Acessar as Edi\u00e7\u00f5es de Agosto &nbsp; &gt;&gt;\u00a0 Edi\u00e7\u00e3o 1894 de 30 de agosto de 2024 &gt;&gt;\u00a0 Edi\u00e7\u00e3o","magazineBlocksPostCategories":[],"_links":{"self":[{"href":"https:\/\/www.orlandia.sp.gov.br\/novo\/wp-json\/wp\/v2\/pages\/39329"}],"collection":[{"href":"https:\/\/www.orlandia.sp.gov.br\/novo\/wp-json\/wp\/v2\/pages"}],"about":[{"href":"https:\/\/www.orlandia.sp.gov.br\/novo\/wp-json\/wp\/v2\/types\/page"}],"author":[{"embeddable":true,"href":"https:\/\/www.orlandia.sp.gov.br\/novo\/wp-json\/wp\/v2\/users\/1"}],"replies":[{"embeddable":true,"href":"https:\/\/www.orlandia.sp.gov.br\/novo\/wp-json\/wp\/v2\/comments?post=39329"}],"version-history":[{"count":3,"href":"https:\/\/www.orlandia.sp.gov.br\/novo\/wp-json\/wp\/v2\/pages\/39329\/revisions"}],"predecessor-version":[{"id":39579,"href":"https:\/\/www.orlandia.sp.gov.br\/novo\/wp-json\/wp\/v2\/pages\/39329\/revisions\/39579"}],"wp:attachment":[{"href":"https:\/\/www.orlandia.sp.gov.br\/novo\/wp-json\/wp\/v2\/media?parent=39329"}],"curies":[{"name":"wp","href":"https:\/\/api.w.org\/{rel}","templated":true}]}}