{"id":38696,"date":"2024-07-01T09:28:38","date_gmt":"2024-07-01T12:28:38","guid":{"rendered":"https:\/\/www.orlandia.sp.gov.br\/novo\/?page_id=38696"},"modified":"2024-08-28T11:15:45","modified_gmt":"2024-08-28T14:15:45","slug":"jornal-oficial-de-orlandia-julho-de-2024","status":"publish","type":"page","link":"https:\/\/www.orlandia.sp.gov.br\/novo\/jornal-oficial-de-orlandia-julho-de-2024","title":{"rendered":"Jornal Oficial de Orl\u00e2ndia \u2013 Julho de 2024"},"content":{"rendered":"<p><strong><a href=\"https:\/\/imprensaoficialmunicipal.com.br\/orlandia\" target=\"_blank\" rel=\"noopener\"> Clique aqui<\/a><\/strong>\u00a0para Acessar as Edi\u00e7\u00f5es de Julho<\/p>\n<p>&nbsp;<\/p>\n<p><a href=\"https:\/\/www.orlandia.sp.gov.br\/novo\/wp-content\/uploads\/2024\/08\/Edicao-1872-de-31-de-julho-de-2024-Extraordinaria.pdf\">&gt;&gt;\u00a0 Edi\u00e7\u00e3o 1872 de 31 de julho de 2024 &#8211; Extraordin\u00e1ria<\/a><\/p>\n<p><a href=\"https:\/\/www.orlandia.sp.gov.br\/novo\/wp-content\/uploads\/2024\/08\/Edicao-1871-de-30-de-julho-de-2024_compressed.pdf\">&gt;&gt;\u00a0 Edi\u00e7\u00e3o 1871 de 30 de julho de 2024<\/a><\/p>\n<p><a href=\"https:\/\/www.orlandia.sp.gov.br\/novo\/wp-content\/uploads\/2024\/08\/Edicao-1870-de-29-de-julho-de-2024-Extraordinaria.pdf\">&gt;&gt;\u00a0 Edi\u00e7\u00e3o 1870 de 29 de julho de 2024 &#8211; Extraordin\u00e1ria<\/a><\/p>\n<p><a href=\"https:\/\/www.orlandia.sp.gov.br\/novo\/wp-content\/uploads\/2024\/08\/Edicao-1869-de-26-de-julho-de-2024_compressed.pdf\">&gt;&gt;\u00a0 Edi\u00e7\u00e3o 1869 de 26 de julho de 2024<\/a><\/p>\n<p><a href=\"https:\/\/www.orlandia.sp.gov.br\/novo\/wp-content\/uploads\/2024\/08\/Edicao-1868-de-25-de-julho-de-2024-Extraordinaria.pdf\">&gt;&gt;\u00a0 Edi\u00e7\u00e3o 1868 de 25 de julho de 2024 &#8211; Extraordin\u00e1ria<\/a><\/p>\n<p><a href=\"https:\/\/www.orlandia.sp.gov.br\/novo\/wp-content\/uploads\/2024\/08\/Edicao-1867-de-24-de-julho-de-2024-Extraordinaria.pdf\">&gt;&gt;\u00a0 Edi\u00e7\u00e3o 1867 de 24 de julho de 2024 &#8211; Extraordin\u00e1ria<\/a><\/p>\n<p><a href=\"https:\/\/www.orlandia.sp.gov.br\/novo\/wp-content\/uploads\/2024\/08\/Edicao-1866-de-23-de-julho-de-2024.pdf\">&gt;&gt;\u00a0 Edi\u00e7\u00e3o 1866 de 23 de julho de 2024<\/a><\/p>\n<p><a href=\"https:\/\/www.orlandia.sp.gov.br\/novo\/wp-content\/uploads\/2024\/08\/Edicao-1865-de-22-de-julho-de-2024-Extraordinaria.pdf\">&gt;&gt;\u00a0 Edi\u00e7\u00e3o 1865 de 22 de julho de 2024 &#8211; Extraordin\u00e1ria<\/a><\/p>\n<p><a href=\"https:\/\/www.orlandia.sp.gov.br\/novo\/wp-content\/uploads\/2024\/08\/Edicao-1864-de-19-de-julho-de-2024.pdf\">&gt;&gt;\u00a0 Edi\u00e7\u00e3o 1864 de 19 de julho de 2024<\/a><\/p>\n<p><a href=\"https:\/\/www.orlandia.sp.gov.br\/novo\/wp-content\/uploads\/2024\/08\/Edicao-1863-de-18-de-julho-de-2024-Extraordinaria.pdf\">&gt;&gt;\u00a0 Edi\u00e7\u00e3o 1863 de 18 de julho de 2024 &#8211; Extraordin\u00e1ria<\/a><\/p>\n<p><a href=\"https:\/\/www.orlandia.sp.gov.br\/novo\/wp-content\/uploads\/2024\/08\/Edicao-1862-de-17-de-julho-de-2024-Extraordinaria.pdf\">&gt;&gt;\u00a0 Edi\u00e7\u00e3o 1862 de 17 de julho de 2024 &#8211; Extraordin\u00e1ria<\/a><\/p>\n<p><a href=\"https:\/\/www.orlandia.sp.gov.br\/novo\/wp-content\/uploads\/2024\/08\/Edicao-1861-de-16-de-julho-de-2024.pdf\">&gt;&gt;\u00a0 Edi\u00e7\u00e3o 1861 de 16 de julho de 2024<\/a><\/p>\n<p><a href=\"https:\/\/www.orlandia.sp.gov.br\/novo\/wp-content\/uploads\/2024\/08\/Edicao-1860-de-15-de-julho-de-2024-Extraordinaria.pdf\">&gt;&gt;\u00a0 Edi\u00e7\u00e3o 1860 de 15 de julho de 2024 &#8211; Extraordin\u00e1ria<\/a><\/p>\n<p><a href=\"https:\/\/www.orlandia.sp.gov.br\/novo\/wp-content\/uploads\/2024\/08\/Edicao-1859-de-12-de-julho-de-2024.pdf\">&gt;&gt;\u00a0 Edi\u00e7\u00e3o 1859 de 12 de julho de 2024<\/a><\/p>\n<p><a href=\"https:\/\/www.orlandia.sp.gov.br\/novo\/wp-content\/uploads\/2024\/08\/Edicao-1858-de-11-de-julho-de-2024-Extraordinaria_compressed.pdf\">&gt;&gt;\u00a0 Edi\u00e7\u00e3o 1858 de 11 de julho de 2024 &#8211; Extraordin\u00e1ria<\/a><\/p>\n<p><a href=\"https:\/\/www.orlandia.sp.gov.br\/novo\/wp-content\/uploads\/2024\/08\/Edicao-1857-de-10-de-julho-de-2024-Extraordinaria_compressed.pdf\">&gt;&gt;\u00a0 Edi\u00e7\u00e3o 1857 de 10 de julho de 2024 &#8211; Extraordin\u00e1ria<\/a><\/p>\n<p><a href=\"https:\/\/www.orlandia.sp.gov.br\/novo\/wp-content\/uploads\/2024\/08\/Edicao-1856-de-05-de-julho-de-2024.pdf\">&gt;&gt;\u00a0 Edi\u00e7\u00e3o 1856 de 05 de julho de 2024<\/a><\/p>\n<p><a href=\"https:\/\/www.orlandia.sp.gov.br\/novo\/wp-content\/uploads\/2024\/08\/Edicao-1855-de-04-de-julho-de-2024-Extraordinaria.pdf\">&gt;&gt;\u00a0 Edi\u00e7\u00e3o 1855 de 04 de julho de 2024 &#8211; Extraordin\u00e1ria<\/a><\/p>\n<p>&gt;&gt; Edi\u00e7\u00e3o 1854 de 03 de julho de 2024 &#8211; Extraordin\u00e1ria<\/p>\n<p><a href=\"https:\/\/www.orlandia.sp.gov.br\/novo\/wp-content\/uploads\/2024\/08\/Edicao-1853-de-02-de-julho-de-2024.pdf\">&gt;&gt;\u00a0 Edi\u00e7\u00e3o 1853 de 02 de julho de 2024<\/a><\/p>\n<p><a href=\"https:\/\/www.orlandia.sp.gov.br\/novo\/wp-content\/uploads\/2024\/08\/Edicao-1852-de-01-de-julho-de-2024-Extraordinaria.pdf\">&gt;&gt;\u00a0 Edi\u00e7\u00e3o 1852 de 01 de julho de 2024 &#8211; Extraordin\u00e1ria<\/a><\/p>\n","protected":false},"excerpt":{"rendered":"<p>Clique aqui\u00a0para Acessar as Edi\u00e7\u00f5es de Julho &nbsp; &gt;&gt;\u00a0 Edi\u00e7\u00e3o 1872 de 31 de julho de 2024 &#8211; Extraordin\u00e1ria &gt;&gt;\u00a0<\/p>\n","protected":false},"author":1,"featured_media":0,"parent":0,"menu_order":0,"comment_status":"closed","ping_status":"closed","template":"","meta":{"ngg_post_thumbnail":0,"footnotes":""},"magazineBlocksPostFeaturedMedia":{"thumbnail":false,"medium":false,"medium_large":false,"large":false,"1536x1536":false,"2048x2048":false,"colormag-highlighted-post":false,"colormag-featured-post-medium":false,"colormag-featured-post-small":false,"colormag-featured-image":false,"colormag-default-news":false,"colormag-featured-image-large":false},"magazineBlocksPostAuthor":{"name":"admin","avatar":"https:\/\/secure.gravatar.com\/avatar\/5140b312f1bcbe8516bfaa79917f11b3?s=96&d=mm&r=g"},"magazineBlocksPostCommentsNumber":false,"magazineBlocksPostExcerpt":"Clique aqui\u00a0para Acessar as Edi\u00e7\u00f5es de Julho &nbsp; &gt;&gt;\u00a0 Edi\u00e7\u00e3o 1872 de 31 de julho de 2024 &#8211; Extraordin\u00e1ria &gt;&gt;\u00a0","magazineBlocksPostCategories":[],"_links":{"self":[{"href":"https:\/\/www.orlandia.sp.gov.br\/novo\/wp-json\/wp\/v2\/pages\/38696"}],"collection":[{"href":"https:\/\/www.orlandia.sp.gov.br\/novo\/wp-json\/wp\/v2\/pages"}],"about":[{"href":"https:\/\/www.orlandia.sp.gov.br\/novo\/wp-json\/wp\/v2\/types\/page"}],"author":[{"embeddable":true,"href":"https:\/\/www.orlandia.sp.gov.br\/novo\/wp-json\/wp\/v2\/users\/1"}],"replies":[{"embeddable":true,"href":"https:\/\/www.orlandia.sp.gov.br\/novo\/wp-json\/wp\/v2\/comments?post=38696"}],"version-history":[{"count":4,"href":"https:\/\/www.orlandia.sp.gov.br\/novo\/wp-json\/wp\/v2\/pages\/38696\/revisions"}],"predecessor-version":[{"id":39535,"href":"https:\/\/www.orlandia.sp.gov.br\/novo\/wp-json\/wp\/v2\/pages\/38696\/revisions\/39535"}],"wp:attachment":[{"href":"https:\/\/www.orlandia.sp.gov.br\/novo\/wp-json\/wp\/v2\/media?parent=38696"}],"curies":[{"name":"wp","href":"https:\/\/api.w.org\/{rel}","templated":true}]}}