{"id":38609,"date":"2024-06-18T11:49:11","date_gmt":"2024-06-18T14:49:11","guid":{"rendered":"https:\/\/www.orlandia.sp.gov.br\/novo\/?page_id=38609"},"modified":"2024-08-21T09:32:09","modified_gmt":"2024-08-21T12:32:09","slug":"lei-aldir-blanc","status":"publish","type":"page","link":"https:\/\/www.orlandia.sp.gov.br\/novo\/lei-aldir-blanc","title":{"rendered":"Lei Aldir Blanc"},"content":{"rendered":"<p><a href=\"https:\/\/www.orlandia.sp.gov.br\/novo\/wp-content\/uploads\/2024\/06\/edital-lei-aldir-blanc-2024.pdf\">\u00a0&#8211; EDITAL &#8211; LEI ALDIR BLANC 2024 <\/a><\/p>\n<p><a href=\"https:\/\/www.orlandia.sp.gov.br\/novo\/wp-content\/uploads\/2024\/06\/anexo-i-categorias.pdf\">&#8211; ANEXO I &#8211; Categorias<\/a><\/p>\n<p><a href=\"https:\/\/www.orlandia.sp.gov.br\/novo\/wp-content\/uploads\/2024\/06\/anexo-ii-formulario-de-inscricao-e-plano-de-trabalho.pdf\">&#8211; ANEXO II &#8211; Formul\u00e1rio de inscri\u00e7\u00e3o e plano de trabalho<\/a><\/p>\n<p><a href=\"https:\/\/www.orlandia.sp.gov.br\/novo\/wp-content\/uploads\/2024\/06\/anexo-iii-criterios-de-avaliacao.pdf\">&#8211; ANEXO III &#8211; Crit\u00e9rios de Avalia\u00e7\u00e3o<\/a><\/p>\n<p><a href=\"https:\/\/www.orlandia.sp.gov.br\/novo\/wp-content\/uploads\/2024\/06\/anexo-iv-termo-de-execucao-cultural.pdf\">&#8211; ANEXO IV &#8211; Termo de execu\u00e7\u00e3o cultural <\/a><\/p>\n<p><a href=\"https:\/\/www.orlandia.sp.gov.br\/novo\/wp-content\/uploads\/2024\/06\/anexo-v-relatorio-de-execucao-do-objeto.pdf\">&#8211; ANEXO V &#8211; Relat\u00f3rio de execu\u00e7\u00e3o do objeto <\/a><\/p>\n<p><a href=\"https:\/\/www.orlandia.sp.gov.br\/novo\/wp-content\/uploads\/2024\/06\/anexo-vi-declaracao-para-coletivo-sem-cnpj.pdf\">&#8211; ANEXO VI &#8211; Declara\u00e7\u00e3o para coletivo sem CNPJ <\/a><\/p>\n<p><a href=\"https:\/\/www.orlandia.sp.gov.br\/novo\/wp-content\/uploads\/2024\/06\/anexo-vii-declaracao-para-cotas-pessoas-negras-e-indigenas.pdf\">&#8211; ANEXO VII &#8211; Declara\u00e7\u00e3o para cotas pessoas negras e ind\u00edgenas <\/a><\/p>\n<p><a href=\"https:\/\/www.orlandia.sp.gov.br\/novo\/wp-content\/uploads\/2024\/06\/anexo-viii-declaracao-para-cotas-pcd.pdf\">&#8211; ANEXO VIII &#8211; Declara\u00e7\u00e3o para cotas PCDA <\/a><\/p>\n<p><a href=\"https:\/\/www.orlandia.sp.gov.br\/novo\/wp-content\/uploads\/2024\/06\/anexo-ix-formulario-de-recurso.pdf\">&#8211; ANEXO IX &#8211; Formul\u00e1rio de recurso<\/a><\/p>\n<p>&#8212;&#8212;&#8212;&#8212;&#8212;&#8212;&#8212;&#8212;&#8212;&#8212;&#8212;&#8212;&#8212;&#8212;&#8212;&#8212;&#8212;&#8212;&#8212;&#8212;&#8212;&#8212;&#8212;&#8212;&#8212;&#8212;&#8212;&#8212;&#8212;&#8212;&#8212;&#8212;&#8212;&#8212;&#8212;&#8212;&#8212;&#8212;&#8212;&#8212;&#8212;&#8212;&#8211;<\/p>\n<p><a href=\"https:\/\/www.orlandia.sp.gov.br\/novo\/wp-content\/uploads\/2024\/07\/9HA8UA1SSP-MUNICIPIO-DE-ORLANDIA.pdf\">&#8211; Plano Anual de Aplica\u00e7\u00e3o dos Recursos Munic\u00edpio de Orl\u00e2ndia<\/a><\/p>\n<p><a href=\"https:\/\/www.orlandia.sp.gov.br\/novo\/wp-content\/uploads\/2024\/07\/01-PUBLICACAO-01-novos-valores-lei-aldir-blanc-2024.pdf\">&#8211; NOVOS VALORES LEI ALDIR BLANC 2024<\/a><\/p>\n<p><a href=\"https:\/\/www.orlandia.sp.gov.br\/novo\/wp-content\/uploads\/2024\/07\/02-PUBLICACAO-02-Resultado-Provisorio-Texto.pdf\">&#8211; RESULTADO PROVIS\u00d3RIO<\/a><\/p>\n<p><a href=\"https:\/\/www.orlandia.sp.gov.br\/novo\/wp-content\/uploads\/2024\/07\/03-PUBLICACAO-03-PONTUACAO-ALDIR-BLANC-2024-2.pdf\">&#8211; PONTUA\u00c7\u00c3O ALDIR BLANC 2024<\/a><\/p>\n<p><a href=\"https:\/\/www.orlandia.sp.gov.br\/novo\/wp-content\/uploads\/2024\/07\/04-PUBLICACAO-04-PONTUACAO-ALDIR-BLANC-2024-2-ALFABETICA.pdf\">&#8211; PONTUA\u00c7\u00c3O ALDIR BLANC 2024 &#8211; ORDEM ALFAB\u00c9TICA<\/a><\/p>\n<hr \/>\n<p><a href=\"https:\/\/www.orlandia.sp.gov.br\/novo\/wp-content\/uploads\/2024\/08\/resultado-dos-recursos.odt\">&#8211; RESULTADO DE RECURSO<\/a><\/p>\n<p><a href=\"https:\/\/www.orlandia.sp.gov.br\/novo\/wp-content\/uploads\/2024\/08\/ETAPA-DE-HABILITACAO.odt\">&#8211; ETAPA DE HABILITA\u00c7\u00c3O<\/a><\/p>\n<p><a href=\"https:\/\/www.orlandia.sp.gov.br\/novo\/wp-content\/uploads\/2024\/08\/PONTUACAO-ALDIR-BLANC-2024-RESULTADO-FINAL-1.pdf\">&#8211; PONTUA\u00c7\u00c3O\u00a0 FINAL ALDIR BLANC 2024<\/a><\/p>\n<p><a href=\"https:\/\/www.orlandia.sp.gov.br\/novo\/wp-content\/uploads\/2024\/08\/Resuldo-final-em-ordem-alfabetica-Lei-Aldir-Blanc-2024.pdf\">&#8211; RESULTADO FINAL\u00a0 ALDIR BLANC &#8211; ORDEM ALFAB\u00c9TICA<\/a><\/p>\n<hr \/>\n<p><a href=\"https:\/\/www.orlandia.sp.gov.br\/novo\/wp-content\/uploads\/2024\/08\/LISTA-FINAL-HABILITACAO.pdf\">&#8211; LISTA FINAL &#8211; HABILITA\u00c7\u00c3O<\/a><\/p>\n<p>&nbsp;<\/p>\n<p>&nbsp;<\/p>\n","protected":false},"excerpt":{"rendered":"<p>\u00a0&#8211; EDITAL &#8211; LEI ALDIR BLANC 2024 &#8211; ANEXO I &#8211; Categorias &#8211; ANEXO II &#8211; Formul\u00e1rio de inscri\u00e7\u00e3o e<\/p>\n","protected":false},"author":19,"featured_media":0,"parent":0,"menu_order":0,"comment_status":"closed","ping_status":"closed","template":"","meta":{"ngg_post_thumbnail":0,"footnotes":""},"magazineBlocksPostFeaturedMedia":{"thumbnail":false,"medium":false,"medium_large":false,"large":false,"1536x1536":false,"2048x2048":false,"colormag-highlighted-post":false,"colormag-featured-post-medium":false,"colormag-featured-post-small":false,"colormag-featured-image":false,"colormag-default-news":false,"colormag-featured-image-large":false},"magazineBlocksPostAuthor":{"name":"Comunica\u00e7\u00e3o Orl\u00e2ndia","avatar":"https:\/\/secure.gravatar.com\/avatar\/dbf3566212456c0996c41c5350acfaa4?s=96&d=mm&r=g"},"magazineBlocksPostCommentsNumber":false,"magazineBlocksPostExcerpt":"\u00a0&#8211; EDITAL &#8211; LEI ALDIR BLANC 2024 &#8211; ANEXO I &#8211; Categorias &#8211; ANEXO II &#8211; Formul\u00e1rio de inscri\u00e7\u00e3o e","magazineBlocksPostCategories":[],"_links":{"self":[{"href":"https:\/\/www.orlandia.sp.gov.br\/novo\/wp-json\/wp\/v2\/pages\/38609"}],"collection":[{"href":"https:\/\/www.orlandia.sp.gov.br\/novo\/wp-json\/wp\/v2\/pages"}],"about":[{"href":"https:\/\/www.orlandia.sp.gov.br\/novo\/wp-json\/wp\/v2\/types\/page"}],"author":[{"embeddable":true,"href":"https:\/\/www.orlandia.sp.gov.br\/novo\/wp-json\/wp\/v2\/users\/19"}],"replies":[{"embeddable":true,"href":"https:\/\/www.orlandia.sp.gov.br\/novo\/wp-json\/wp\/v2\/comments?post=38609"}],"version-history":[{"count":7,"href":"https:\/\/www.orlandia.sp.gov.br\/novo\/wp-json\/wp\/v2\/pages\/38609\/revisions"}],"predecessor-version":[{"id":39473,"href":"https:\/\/www.orlandia.sp.gov.br\/novo\/wp-json\/wp\/v2\/pages\/38609\/revisions\/39473"}],"wp:attachment":[{"href":"https:\/\/www.orlandia.sp.gov.br\/novo\/wp-json\/wp\/v2\/media?parent=38609"}],"curies":[{"name":"wp","href":"https:\/\/api.w.org\/{rel}","templated":true}]}}