{"id":38505,"date":"2024-06-03T10:22:54","date_gmt":"2024-06-03T13:22:54","guid":{"rendered":"https:\/\/www.orlandia.sp.gov.br\/novo\/?page_id=38505"},"modified":"2024-08-12T15:39:17","modified_gmt":"2024-08-12T18:39:17","slug":"jornal-oficial-de-orlandia-junho-de-2024","status":"publish","type":"page","link":"https:\/\/www.orlandia.sp.gov.br\/novo\/jornal-oficial-de-orlandia-junho-de-2024","title":{"rendered":"Jornal Oficial de Orl\u00e2ndia \u2013 Junho de 2024"},"content":{"rendered":"<p><strong><a href=\"https:\/\/imprensaoficialmunicipal.com.br\/orlandia\" target=\"_blank\" rel=\"noopener\">Clique aqui<\/a><\/strong>\u00a0para Acessar as Edi\u00e7\u00f5es de Junho<\/p>\n<p>&nbsp;<\/p>\n<p><a href=\"https:\/\/www.orlandia.sp.gov.br\/novo\/wp-content\/uploads\/2024\/08\/Edicao-1851-de-28-de-junho-de-2024.pdf\">&gt;&gt;Edi\u00e7\u00e3o 1851 de 28 de junho de 2024<\/a><\/p>\n<p><a href=\"https:\/\/www.orlandia.sp.gov.br\/novo\/wp-content\/uploads\/2024\/08\/Edicao-1850-de-27-de-junho-de-2024-Extraordinaria.pdf\">&gt;&gt; Edi\u00e7\u00e3o 1850 de 27 de junho de 2024 &#8211; Extraordin\u00e1ria<\/a><\/p>\n<p><a href=\"https:\/\/www.orlandia.sp.gov.br\/novo\/wp-content\/uploads\/2024\/08\/Edicao-1849-de-26-de-junho-de-2024-Extraordinaria.pdf\">&gt;&gt;\u00a0 Edi\u00e7\u00e3o 1849 de 26 de junho de 2024 &#8211; Extraordin\u00e1ria<\/a><\/p>\n<p><a href=\"https:\/\/www.orlandia.sp.gov.br\/novo\/wp-content\/uploads\/2024\/08\/Edicao-1848-de-25-de-junho-de-2024.pdf\">&gt;&gt;\u00a0 Edi\u00e7\u00e3o 1848 de 25 de junho de 2024<\/a><\/p>\n<p><a href=\"https:\/\/www.orlandia.sp.gov.br\/novo\/wp-content\/uploads\/2024\/08\/Edicao-1847-de-24-de-junho-de-2024-Extraordinaria.pdf\">&gt;&gt;\u00a0 Edi\u00e7\u00e3o 1847 de 24 de junho de 2024 &#8211; Extraordin\u00e1ria<\/a><\/p>\n<p><a href=\"https:\/\/www.orlandia.sp.gov.br\/novo\/wp-content\/uploads\/2024\/08\/Edicao-1846-de-21-de-junho-de-2024.pdf\">&gt;&gt;\u00a0 Edi\u00e7\u00e3o 1846 de 21 de junho de 2024<\/a><\/p>\n<p><a href=\"https:\/\/www.orlandia.sp.gov.br\/novo\/wp-content\/uploads\/2024\/08\/Edicao-1845-de-20-de-junho-de-2024-Extraordinaria.pdf\">&gt;&gt;\u00a0 Edi\u00e7\u00e3o 1845 de 20 de junho de 2024 &#8211; Extraordin\u00e1ria<\/a><\/p>\n<p><a href=\"https:\/\/www.orlandia.sp.gov.br\/novo\/wp-content\/uploads\/2024\/08\/Edicao-1844-de-19-de-junho-de-2024-Extraordinaria.pdf\">&gt;&gt;\u00a0 Edi\u00e7\u00e3o 1844 de 19 de junho de 2024 &#8211; Extraordin\u00e1ria<\/a><\/p>\n<p><a href=\"https:\/\/www.orlandia.sp.gov.br\/novo\/wp-content\/uploads\/2024\/08\/Edicao-1843-de-18-de-junho-de-2024.pdf\">&gt;&gt;\u00a0 Edi\u00e7\u00e3o 1843 de 18 de junho de 2024<\/a><\/p>\n<p><a href=\"https:\/\/www.orlandia.sp.gov.br\/novo\/wp-content\/uploads\/2024\/08\/Edicao-1842-de-17-de-junho-de-2024-Extraordinaria_compressed.pdf\">&gt;&gt;\u00a0 Edi\u00e7\u00e3o 1842 de 17 de junho de 2024 &#8211; Extraordin\u00e1ria<\/a><\/p>\n<p><a href=\"https:\/\/www.orlandia.sp.gov.br\/novo\/wp-content\/uploads\/2024\/08\/Edicao-1841-de-14-de-junho-de-2024.pdf\">&gt;&gt;\u00a0 Edi\u00e7\u00e3o 1841 de 14 de junho de 2024<\/a><\/p>\n<p><a href=\"https:\/\/dosp.com.br\/exibe_do?i=NTA3Njk1\">&gt;&gt;\u00a0 Edi\u00e7\u00e3o 1840 de 13 de junho de 2024 &#8211; Extraordin\u00e1ria<\/a><\/p>\n<p><a href=\"https:\/\/www.orlandia.sp.gov.br\/novo\/wp-content\/uploads\/2024\/08\/Edicao-1839-de-12-de-junho-de-2024-Extraordinaria_compressed.pdf\">&gt;&gt;\u00a0 Edi\u00e7\u00e3o 1839 de 12 de junho de 2024 &#8211; Extraordin\u00e1ria<\/a><\/p>\n<p><a href=\"https:\/\/www.orlandia.sp.gov.br\/novo\/wp-content\/uploads\/2024\/08\/Edicao-1838-de-11-de-junho-de-2024.pdf\">&gt;&gt;\u00a0 Edi\u00e7\u00e3o 1838 de 11 de junho de 2024<\/a><\/p>\n<p><a href=\"https:\/\/www.orlandia.sp.gov.br\/novo\/wp-content\/uploads\/2024\/08\/Edicao-1837-de-10-de-junho-de-2024-Extraordinaria.pdf\">&gt;&gt;\u00a0 Edi\u00e7\u00e3o 1837 de 10 de junho de 2024 &#8211; Extraordin\u00e1ria<\/a><\/p>\n<p><a href=\"https:\/\/www.orlandia.sp.gov.br\/novo\/wp-content\/uploads\/2024\/08\/Edicao-1836-de-07-de-junho-de-2024.pdf\">&gt;&gt;\u00a0 Edi\u00e7\u00e3o 1836 de 07 de junho de 2024<\/a><\/p>\n<p><a href=\"https:\/\/www.orlandia.sp.gov.br\/novo\/wp-content\/uploads\/2024\/08\/Edicao-1835-de-06-de-junho-de-2024-Extraordinaria.pdf\">&gt;&gt;\u00a0 Edi\u00e7\u00e3o 1835 de 06 de junho de 2024 &#8211; Extraordin\u00e1ria<\/a><\/p>\n<p><a href=\"https:\/\/www.orlandia.sp.gov.br\/novo\/wp-content\/uploads\/2024\/08\/Edicao-1834-de-05-de-junho-de-2024-Extraordinaria.pdf\">&gt;&gt;\u00a0 Edi\u00e7\u00e3o 1834 de 05 de junho de 2024 &#8211; Extraordin\u00e1ria<\/a><\/p>\n<p><a href=\"https:\/\/www.orlandia.sp.gov.br\/novo\/wp-content\/uploads\/2024\/08\/Edicao-1833-de-04-de-junho-de-2024.pdf\">&gt;&gt;\u00a0 Edi\u00e7\u00e3o 1833 de 04 de junho de 2024<\/a><\/p>\n<p><a href=\"https:\/\/www.orlandia.sp.gov.br\/novo\/wp-content\/uploads\/2024\/08\/Edicao-1832-de-03-de-junho-de-2024-Extraordinaria.pdf\">&gt;&gt;\u00a0 Edi\u00e7\u00e3o 1832 de 03 de junho de 2024 &#8211; Extraordin\u00e1ria<\/a><\/p>\n<p>&nbsp;<\/p>\n<p>&nbsp;<\/p>\n<p>&nbsp;<\/p>\n<p>&nbsp;<\/p>\n<p>&nbsp;<\/p>\n<p>&nbsp;<\/p>\n<p>&nbsp;<\/p>\n<p>&nbsp;<\/p>\n<p>&nbsp;<\/p>\n<p>&nbsp;<\/p>\n<p>&nbsp;<\/p>\n<p>&nbsp;<\/p>\n<p>&nbsp;<\/p>\n<p>&nbsp;<\/p>\n<p>&nbsp;<\/p>\n<p>&nbsp;<\/p>\n","protected":false},"excerpt":{"rendered":"<p>Clique aqui\u00a0para Acessar as Edi\u00e7\u00f5es de Junho &nbsp; &gt;&gt;Edi\u00e7\u00e3o 1851 de 28 de junho de 2024 &gt;&gt; Edi\u00e7\u00e3o 1850 de<\/p>\n","protected":false},"author":1,"featured_media":0,"parent":0,"menu_order":0,"comment_status":"closed","ping_status":"closed","template":"","meta":{"ngg_post_thumbnail":0,"footnotes":""},"magazineBlocksPostFeaturedMedia":{"thumbnail":false,"medium":false,"medium_large":false,"large":false,"1536x1536":false,"2048x2048":false,"colormag-highlighted-post":false,"colormag-featured-post-medium":false,"colormag-featured-post-small":false,"colormag-featured-image":false,"colormag-default-news":false,"colormag-featured-image-large":false},"magazineBlocksPostAuthor":{"name":"admin","avatar":"https:\/\/secure.gravatar.com\/avatar\/5140b312f1bcbe8516bfaa79917f11b3?s=96&d=mm&r=g"},"magazineBlocksPostCommentsNumber":false,"magazineBlocksPostExcerpt":"Clique aqui\u00a0para Acessar as Edi\u00e7\u00f5es de Junho &nbsp; &gt;&gt;Edi\u00e7\u00e3o 1851 de 28 de junho de 2024 &gt;&gt; Edi\u00e7\u00e3o 1850 de","magazineBlocksPostCategories":[],"_links":{"self":[{"href":"https:\/\/www.orlandia.sp.gov.br\/novo\/wp-json\/wp\/v2\/pages\/38505"}],"collection":[{"href":"https:\/\/www.orlandia.sp.gov.br\/novo\/wp-json\/wp\/v2\/pages"}],"about":[{"href":"https:\/\/www.orlandia.sp.gov.br\/novo\/wp-json\/wp\/v2\/types\/page"}],"author":[{"embeddable":true,"href":"https:\/\/www.orlandia.sp.gov.br\/novo\/wp-json\/wp\/v2\/users\/1"}],"replies":[{"embeddable":true,"href":"https:\/\/www.orlandia.sp.gov.br\/novo\/wp-json\/wp\/v2\/comments?post=38505"}],"version-history":[{"count":6,"href":"https:\/\/www.orlandia.sp.gov.br\/novo\/wp-json\/wp\/v2\/pages\/38505\/revisions"}],"predecessor-version":[{"id":38510,"href":"https:\/\/www.orlandia.sp.gov.br\/novo\/wp-json\/wp\/v2\/pages\/38505\/revisions\/38510"}],"wp:attachment":[{"href":"https:\/\/www.orlandia.sp.gov.br\/novo\/wp-json\/wp\/v2\/media?parent=38505"}],"curies":[{"name":"wp","href":"https:\/\/api.w.org\/{rel}","templated":true}]}}