{"id":38288,"date":"2024-05-02T14:46:12","date_gmt":"2024-05-02T17:46:12","guid":{"rendered":"https:\/\/www.orlandia.sp.gov.br\/novo\/?page_id=38288"},"modified":"2024-08-12T15:22:08","modified_gmt":"2024-08-12T18:22:08","slug":"jornal-oficial-de-orlandia-maio-de-2024","status":"publish","type":"page","link":"https:\/\/www.orlandia.sp.gov.br\/novo\/jornal-oficial-de-orlandia-maio-de-2024","title":{"rendered":"Jornal Oficial de Orl\u00e2ndia \u2013 Maio de 2024"},"content":{"rendered":"<p><strong><a href=\"https:\/\/imprensaoficialmunicipal.com.br\/orlandia\" target=\"_blank\" rel=\"noopener\">Clique aqui<\/a><\/strong>\u00a0para Acessar as Edi\u00e7\u00f5es de Maio<\/p>\n<p>&nbsp;<\/p>\n<p><a href=\"https:\/\/www.orlandia.sp.gov.br\/novo\/wp-content\/uploads\/2024\/08\/Edicao-1831-de-29-de-maio-de-2024-Extraordinaria.pdf\">&gt;&gt;\u00a0 Edi\u00e7\u00e3o 1831 de 29 de maio de 2024 &#8211; Extraordin\u00e1ria<\/a><\/p>\n<p><a href=\"https:\/\/www.orlandia.sp.gov.br\/novo\/wp-content\/uploads\/2024\/08\/Edicao-1830-de-28-de-maio-de-2024_compressed.pdf\">&gt;&gt;\u00a0 Edi\u00e7\u00e3o 1830 de 28 de maio de 2024<\/a><\/p>\n<p><a href=\"https:\/\/www.orlandia.sp.gov.br\/novo\/wp-content\/uploads\/2024\/08\/Edicao-1829-de-27-de-maio-de-2024-Extraordinaria_compressed.pdf\">&gt;&gt;\u00a0 Edi\u00e7\u00e3o 1829 de 27 de maio de 2024 &#8211; Extraordin\u00e1ria<\/a><\/p>\n<p><a href=\"https:\/\/www.orlandia.sp.gov.br\/novo\/wp-content\/uploads\/2024\/08\/Edicao-1828-de-24-de-maio-de-2024_compressed.pdf\">&gt;&gt;\u00a0 Edi\u00e7\u00e3o 1828 de 24 de maio de 2024<\/a><\/p>\n<p><a href=\"https:\/\/www.orlandia.sp.gov.br\/novo\/wp-content\/uploads\/2024\/08\/Edicao-1827-de-23-de-maio-de-2024-Extraordinaria_compressed.pdf\">&gt;&gt;\u00a0 Edi\u00e7\u00e3o 1827 de 23 de maio de 2024 &#8211; Extraordin\u00e1ria<\/a><\/p>\n<p><a href=\"https:\/\/www.orlandia.sp.gov.br\/novo\/wp-content\/uploads\/2024\/08\/Edicao-1826-de-22-de-maio-de-2024-Extraordinaria_compressed.pdf\">&gt;&gt;\u00a0 Edi\u00e7\u00e3o 1826 de 22 de maio de 2024 &#8211; Extraordin\u00e1ria<\/a><\/p>\n<p><a href=\"https:\/\/www.orlandia.sp.gov.br\/novo\/wp-content\/uploads\/2024\/08\/Edicao-1825-de-21-de-maio-de-2024_compressed.pdf\">&gt;&gt;\u00a0 Edi\u00e7\u00e3o 1825 de 21 de maio de 2024<\/a><\/p>\n<p><a href=\"https:\/\/www.orlandia.sp.gov.br\/novo\/wp-content\/uploads\/2024\/08\/Edicao-1824-de-20-de-maio-de-2024-Extraordinaria_compressed.pdf\">&gt;&gt;\u00a0 Edi\u00e7\u00e3o 1824 de 20 de maio de 2024 &#8211; Extraordin\u00e1ria<\/a><\/p>\n<p><a href=\"https:\/\/www.orlandia.sp.gov.br\/novo\/wp-content\/uploads\/2024\/08\/Edicao-1823-de-17-de-maio-de-2024_compressed-1.pdf\">&gt;&gt;\u00a0 Edi\u00e7\u00e3o 1823 de 17 de maio de 2024<\/a><\/p>\n<p><a href=\"https:\/\/www.orlandia.sp.gov.br\/novo\/wp-content\/uploads\/2024\/08\/Edicao-1822-de-16-de-maio-de-2024-Extraordinaria_compressed-1.pdf\">&gt;&gt;\u00a0 Edi\u00e7\u00e3o 1822 de 16 de maio de 2024 &#8211; Extraordin\u00e1ria<\/a><\/p>\n<p><a href=\"https:\/\/www.orlandia.sp.gov.br\/novo\/wp-content\/uploads\/2024\/08\/Edicao-1821-de-15-de-maio-de-2024-Extraordinaria_compressed.pdf\">&gt;&gt;\u00a0 Edi\u00e7\u00e3o 1821 de 15 de maio de 2024 &#8211; Extraordin\u00e1ria<\/a><\/p>\n<p><a href=\"https:\/\/www.orlandia.sp.gov.br\/novo\/wp-content\/uploads\/2024\/08\/Edicao-1820-de-14-de-maio-de-2024_compressed-1.pdf\">&gt;&gt;\u00a0 Edi\u00e7\u00e3o 1820 de 14 de maio de 2024<\/a><\/p>\n<p><a href=\"https:\/\/www.orlandia.sp.gov.br\/novo\/wp-content\/uploads\/2024\/08\/Edicao-1819-de-13-de-maio-de-2024-Extraordinaria.pdf\">&gt;&gt;\u00a0 Edi\u00e7\u00e3o 1819 de 13 de maio de 2024 &#8211; Extraordin\u00e1ria<\/a><\/p>\n<p><a href=\"https:\/\/www.orlandia.sp.gov.br\/novo\/wp-content\/uploads\/2024\/08\/Edicao-1818-de-10-de-maio-de-2024_compressed.pdf\">&gt;&gt;\u00a0 Edi\u00e7\u00e3o 1818 de 10 de maio de 2024<\/a><\/p>\n<p><a href=\"https:\/\/www.orlandia.sp.gov.br\/novo\/wp-content\/uploads\/2024\/08\/Edicao-1817-de-09-de-maio-de-2024-Extraordinaria_compressed.pdf\">&gt;&gt;\u00a0 Edi\u00e7\u00e3o 1817 de 09 de maio de 2024 &#8211; Extraordin\u00e1ria<\/a><\/p>\n<p><a href=\"https:\/\/www.orlandia.sp.gov.br\/novo\/wp-content\/uploads\/2024\/08\/Edicao-1816-de-08-de-maio-de-2024-Extraordinaria.pdf\">&gt;&gt;\u00a0 Edi\u00e7\u00e3o 1816 de 08 de maio de 2024 &#8211; Extraordin\u00e1ria<\/a><\/p>\n<p><a href=\"https:\/\/www.orlandia.sp.gov.br\/novo\/wp-content\/uploads\/2024\/08\/Edicao-1815-de-07-de-maio-de-2024.pdf\">&gt;&gt;\u00a0 Edi\u00e7\u00e3o 1815 de 07 de maio de 2024<\/a><\/p>\n<p><a href=\"https:\/\/www.orlandia.sp.gov.br\/novo\/wp-content\/uploads\/2024\/08\/Edicao-1814-de-06-de-maio-de-2024-Extraordinaria.pdf\">&gt;&gt;\u00a0 Edi\u00e7\u00e3o 1814 de 06 de maio de 2024 &#8211; Extraordin\u00e1ria<\/a><\/p>\n<p><a href=\"https:\/\/www.orlandia.sp.gov.br\/novo\/wp-content\/uploads\/2024\/08\/Edicao-1813-de-03-de-maio-de-2024.pdf\">&gt;&gt;\u00a0 Edi\u00e7\u00e3o 1813 de 03 de maio de 2024<\/a><\/p>\n<p><a href=\"https:\/\/www.orlandia.sp.gov.br\/novo\/wp-content\/uploads\/2024\/08\/Edicao-1812-de-02-de-maio-de-2024-Extraordinaria.pdf\">&gt;&gt;\u00a0 Edi\u00e7\u00e3o 1812 de 02 de maio de 2024 &#8211; Extraordin\u00e1ria<\/a><\/p>\n<p>&nbsp;<\/p>\n<p>&nbsp;<\/p>\n<p>&nbsp;<\/p>\n<p>&nbsp;<\/p>\n<p>&nbsp;<\/p>\n<p>&nbsp;<\/p>\n<p>&nbsp;<\/p>\n<p>&nbsp;<\/p>\n","protected":false},"excerpt":{"rendered":"<p>Clique aqui\u00a0para Acessar as Edi\u00e7\u00f5es de Maio &nbsp; &gt;&gt;\u00a0 Edi\u00e7\u00e3o 1831 de 29 de maio de 2024 &#8211; Extraordin\u00e1ria &gt;&gt;\u00a0<\/p>\n","protected":false},"author":1,"featured_media":0,"parent":0,"menu_order":0,"comment_status":"closed","ping_status":"closed","template":"","meta":{"ngg_post_thumbnail":0,"footnotes":""},"magazineBlocksPostFeaturedMedia":{"thumbnail":false,"medium":false,"medium_large":false,"large":false,"1536x1536":false,"2048x2048":false,"colormag-highlighted-post":false,"colormag-featured-post-medium":false,"colormag-featured-post-small":false,"colormag-featured-image":false,"colormag-default-news":false,"colormag-featured-image-large":false},"magazineBlocksPostAuthor":{"name":"admin","avatar":"https:\/\/secure.gravatar.com\/avatar\/5140b312f1bcbe8516bfaa79917f11b3?s=96&d=mm&r=g"},"magazineBlocksPostCommentsNumber":false,"magazineBlocksPostExcerpt":"Clique aqui\u00a0para Acessar as Edi\u00e7\u00f5es de Maio &nbsp; &gt;&gt;\u00a0 Edi\u00e7\u00e3o 1831 de 29 de maio de 2024 &#8211; Extraordin\u00e1ria &gt;&gt;\u00a0","magazineBlocksPostCategories":[],"_links":{"self":[{"href":"https:\/\/www.orlandia.sp.gov.br\/novo\/wp-json\/wp\/v2\/pages\/38288"}],"collection":[{"href":"https:\/\/www.orlandia.sp.gov.br\/novo\/wp-json\/wp\/v2\/pages"}],"about":[{"href":"https:\/\/www.orlandia.sp.gov.br\/novo\/wp-json\/wp\/v2\/types\/page"}],"author":[{"embeddable":true,"href":"https:\/\/www.orlandia.sp.gov.br\/novo\/wp-json\/wp\/v2\/users\/1"}],"replies":[{"embeddable":true,"href":"https:\/\/www.orlandia.sp.gov.br\/novo\/wp-json\/wp\/v2\/comments?post=38288"}],"version-history":[{"count":6,"href":"https:\/\/www.orlandia.sp.gov.br\/novo\/wp-json\/wp\/v2\/pages\/38288\/revisions"}],"predecessor-version":[{"id":39406,"href":"https:\/\/www.orlandia.sp.gov.br\/novo\/wp-json\/wp\/v2\/pages\/38288\/revisions\/39406"}],"wp:attachment":[{"href":"https:\/\/www.orlandia.sp.gov.br\/novo\/wp-json\/wp\/v2\/media?parent=38288"}],"curies":[{"name":"wp","href":"https:\/\/api.w.org\/{rel}","templated":true}]}}