{"id":37961,"date":"2024-04-01T10:03:10","date_gmt":"2024-04-01T13:03:10","guid":{"rendered":"https:\/\/www.orlandia.sp.gov.br\/novo\/?page_id=37961"},"modified":"2024-08-28T10:55:11","modified_gmt":"2024-08-28T13:55:11","slug":"jornal-oficial-de-orlandia-abril-de-2024","status":"publish","type":"page","link":"https:\/\/www.orlandia.sp.gov.br\/novo\/jornal-oficial-de-orlandia-abril-de-2024","title":{"rendered":"Jornal Oficial de Orl\u00e2ndia \u2013 Abril de 2024"},"content":{"rendered":"<p><strong><a href=\"https:\/\/imprensaoficialmunicipal.com.br\/orlandia\" target=\"_blank\" rel=\"noopener\">Clique aqui<\/a><\/strong>\u00a0para Acessar as Edi\u00e7\u00f5es de Abril<\/p>\n<p>&nbsp;<\/p>\n<p><a href=\"https:\/\/www.orlandia.sp.gov.br\/novo\/wp-content\/uploads\/2024\/08\/Edicao-1810-de-29-de-abril-de-2024-Extraordinaria.pdf\">&gt;&gt;\u00a0 Edi\u00e7\u00e3o 1810 de 29 de abril de 2024 &#8211; Extraordin\u00e1ria<\/a><\/p>\n<p><a href=\"https:\/\/www.orlandia.sp.gov.br\/novo\/wp-content\/uploads\/2024\/08\/Edicao-1809-de-26-de-abril-de-2024.pdf\">&gt;&gt;\u00a0 Edi\u00e7\u00e3o 1809 de 26 de abril de 2024<\/a><\/p>\n<p><a href=\"https:\/\/www.orlandia.sp.gov.br\/novo\/wp-content\/uploads\/2024\/08\/Edicao-1808-de-25-de-abril-de-2024-Extraordinaria.pdf\">&gt;&gt;\u00a0 Edi\u00e7\u00e3o 1808 de 25 de abril de 2024 &#8211; Extraordin\u00e1ria<\/a><\/p>\n<p><a href=\"https:\/\/www.orlandia.sp.gov.br\/novo\/wp-content\/uploads\/2024\/08\/Edicao-1807-de-24-de-abril-de-2024-Extraordinaria.pdf\">&gt;&gt;\u00a0 Edi\u00e7\u00e3o 1807 de 24 de abril de 2024 &#8211; Extraordin\u00e1ria<\/a><\/p>\n<p><a href=\"https:\/\/www.orlandia.sp.gov.br\/novo\/wp-content\/uploads\/2024\/08\/Edicao-1806-de-23-de-abril-de-2024.pdf\">&gt;&gt;\u00a0 Edi\u00e7\u00e3o 1806 de 23 de abril de 2024<\/a><\/p>\n<p><a href=\"https:\/\/www.orlandia.sp.gov.br\/novo\/wp-content\/uploads\/2024\/08\/Edicao-1805-de-22-de-abril-de-2024-Extraordinaria.pdf\">&gt;&gt;\u00a0 Edi\u00e7\u00e3o 1805 de 22 de abril de 2024 &#8211; Extraordin\u00e1ria<\/a><\/p>\n<p><a href=\"https:\/\/www.orlandia.sp.gov.br\/novo\/wp-content\/uploads\/2024\/08\/Edicao-1804-de-19-de-abril-de-2024.pdf\">&gt;&gt;\u00a0 Edi\u00e7\u00e3o 1804 de 19 de abril de 2024<\/a><\/p>\n<p><a href=\"https:\/\/www.orlandia.sp.gov.br\/novo\/wp-content\/uploads\/2024\/08\/Edicao-1803-de-18-de-abril-de-2024-Extraordinaria_compressed.pdf\">&gt;&gt;\u00a0 Edi\u00e7\u00e3o 1803 de 18 de abril de 2024 &#8211; Extraordin\u00e1ria<\/a><\/p>\n<p><a href=\"https:\/\/www.orlandia.sp.gov.br\/novo\/wp-content\/uploads\/2024\/08\/Edicao-1802-de-17-de-abril-de-2024-Extraordinaria_compressed.pdf\">&gt;&gt;\u00a0 Edi\u00e7\u00e3o 1802 de 17 de abril de 2024 &#8211; Extraordin\u00e1ria<\/a><\/p>\n<p><a href=\"https:\/\/www.orlandia.sp.gov.br\/novo\/wp-content\/uploads\/2024\/08\/Edicao-1801-de-16-de-abril-de-2024.pdf\">&gt;&gt;\u00a0 Edi\u00e7\u00e3o 1801 de 16 de abril de 2024<\/a><\/p>\n<p><a href=\"https:\/\/www.orlandia.sp.gov.br\/novo\/wp-content\/uploads\/2024\/08\/Edicao-1800-de-15-de-abril-de-2024-Extraordinaria.pdf\">&gt;&gt;\u00a0 Edi\u00e7\u00e3o 1800 de 15 de abril de 2024 &#8211; Extraordin\u00e1ria<\/a><\/p>\n<p><a href=\"https:\/\/www.orlandia.sp.gov.br\/novo\/wp-content\/uploads\/2024\/08\/Edicao-1799-de-12-de-abril-de-2024_compressed.pdf\">&gt;&gt;\u00a0 Edi\u00e7\u00e3o 1799 de 14 de abril de 2024<\/a><\/p>\n<p><a href=\"https:\/\/www.orlandia.sp.gov.br\/novo\/wp-content\/uploads\/2024\/08\/Edicao-1798-de-11-de-abril-de-2024-Extraordinaria_compressed.pdf\">&gt;&gt;\u00a0 Edi\u00e7\u00e3o 1798 de 13 de abril de 2024 &#8211; Extraordin\u00e1ria<\/a><\/p>\n<p><a href=\"https:\/\/www.orlandia.sp.gov.br\/novo\/wp-content\/uploads\/2024\/08\/Edicao-1797-de-10-de-abril-de-2024-Extraordinaria_compressed.pdf\">&gt;&gt;\u00a0 Edi\u00e7\u00e3o 1797 de 10 de abril de 2024<\/a><\/p>\n<p><a href=\"https:\/\/www.orlandia.sp.gov.br\/novo\/wp-content\/uploads\/2024\/08\/Edicao-1796-de-09-de-abril-de-2024_compressed.pdf\">&gt;&gt;\u00a0 Edi\u00e7\u00e3o 1796 de 09 de abril de 2024 &#8211; Extraordin\u00e1ria<\/a><\/p>\n<p><a href=\"https:\/\/www.orlandia.sp.gov.br\/novo\/wp-content\/uploads\/2024\/08\/Edicao-1795-de-08-de-abril-de-2024-Extraordinaria.pdf\">&gt;&gt;\u00a0 Edi\u00e7\u00e3o 1795 de 08 de abril de 2024 &#8211; Extraordin\u00e1ria<\/a><\/p>\n<p><a href=\"https:\/\/www.orlandia.sp.gov.br\/novo\/wp-content\/uploads\/2024\/08\/Edicao-1794-de-05-de-abril-de-2024.pdf\">&gt;&gt;\u00a0 Edi\u00e7\u00e3o 1794 de 05 de abril de 2024<\/a><\/p>\n<p><a href=\"https:\/\/www.orlandia.sp.gov.br\/novo\/wp-content\/uploads\/2024\/08\/Edicao-1793-de-04-de-abril-de-2024-Extraordinaria.pdf\">&gt;&gt;\u00a0 Edi\u00e7\u00e3o 1793 de 04 de abril de 2024 &#8211; Extraordin\u00e1ria<\/a><\/p>\n<p><a href=\"https:\/\/www.orlandia.sp.gov.br\/novo\/wp-content\/uploads\/2024\/08\/Edicao-1792-de-03-de-abril-de-2024-Extraordinaria.pdf\">&gt;&gt;\u00a0 Edi\u00e7\u00e3o 1792 de 03 de abril de 2024 &#8211; Extraordin\u00e1ria<\/a><\/p>\n<p><a href=\"https:\/\/www.orlandia.sp.gov.br\/novo\/wp-content\/uploads\/2024\/08\/Edicao-1791-de-02-de-abril-de-2024.pdf\">&gt;&gt;\u00a0 Edi\u00e7\u00e3o 1791 de 02 de abril de 2024<\/a><\/p>\n<p><a href=\"https:\/\/www.orlandia.sp.gov.br\/novo\/wp-content\/uploads\/2024\/08\/Edicao-1790-de-01-de-abril-de-2024-Extraordinaria.pdf\">&gt;&gt;\u00a0 Edi\u00e7\u00e3o 1790 de 01 de abril de 2024 &#8211; Extraordin\u00e1ria<\/a><\/p>\n","protected":false},"excerpt":{"rendered":"<p>Clique aqui\u00a0para Acessar as Edi\u00e7\u00f5es de Abril &nbsp; &gt;&gt;\u00a0 Edi\u00e7\u00e3o 1810 de 29 de abril de 2024 &#8211; Extraordin\u00e1ria &gt;&gt;\u00a0<\/p>\n","protected":false},"author":1,"featured_media":0,"parent":0,"menu_order":0,"comment_status":"closed","ping_status":"closed","template":"","meta":{"ngg_post_thumbnail":0,"footnotes":""},"magazineBlocksPostFeaturedMedia":{"thumbnail":false,"medium":false,"medium_large":false,"large":false,"1536x1536":false,"2048x2048":false,"colormag-highlighted-post":false,"colormag-featured-post-medium":false,"colormag-featured-post-small":false,"colormag-featured-image":false,"colormag-default-news":false,"colormag-featured-image-large":false},"magazineBlocksPostAuthor":{"name":"admin","avatar":"https:\/\/secure.gravatar.com\/avatar\/5140b312f1bcbe8516bfaa79917f11b3?s=96&d=mm&r=g"},"magazineBlocksPostCommentsNumber":false,"magazineBlocksPostExcerpt":"Clique aqui\u00a0para Acessar as Edi\u00e7\u00f5es de Abril &nbsp; &gt;&gt;\u00a0 Edi\u00e7\u00e3o 1810 de 29 de abril de 2024 &#8211; Extraordin\u00e1ria &gt;&gt;\u00a0","magazineBlocksPostCategories":[],"_links":{"self":[{"href":"https:\/\/www.orlandia.sp.gov.br\/novo\/wp-json\/wp\/v2\/pages\/37961"}],"collection":[{"href":"https:\/\/www.orlandia.sp.gov.br\/novo\/wp-json\/wp\/v2\/pages"}],"about":[{"href":"https:\/\/www.orlandia.sp.gov.br\/novo\/wp-json\/wp\/v2\/types\/page"}],"author":[{"embeddable":true,"href":"https:\/\/www.orlandia.sp.gov.br\/novo\/wp-json\/wp\/v2\/users\/1"}],"replies":[{"embeddable":true,"href":"https:\/\/www.orlandia.sp.gov.br\/novo\/wp-json\/wp\/v2\/comments?post=37961"}],"version-history":[{"count":6,"href":"https:\/\/www.orlandia.sp.gov.br\/novo\/wp-json\/wp\/v2\/pages\/37961\/revisions"}],"predecessor-version":[{"id":39517,"href":"https:\/\/www.orlandia.sp.gov.br\/novo\/wp-json\/wp\/v2\/pages\/37961\/revisions\/39517"}],"wp:attachment":[{"href":"https:\/\/www.orlandia.sp.gov.br\/novo\/wp-json\/wp\/v2\/media?parent=37961"}],"curies":[{"name":"wp","href":"https:\/\/api.w.org\/{rel}","templated":true}]}}