{"id":37898,"date":"2024-03-01T13:52:06","date_gmt":"2024-03-01T16:52:06","guid":{"rendered":"https:\/\/www.orlandia.sp.gov.br\/novo\/?page_id=37898"},"modified":"2024-05-02T14:17:21","modified_gmt":"2024-05-02T17:17:21","slug":"jornal-oficial-de-orlandia-marco-de-2024","status":"publish","type":"page","link":"https:\/\/www.orlandia.sp.gov.br\/novo\/jornal-oficial-de-orlandia-marco-de-2024","title":{"rendered":"Jornal Oficial de Orl\u00e2ndia \u2013 Mar\u00e7o de 2024"},"content":{"rendered":"<p><strong><a href=\"https:\/\/imprensaoficialmunicipal.com.br\/orlandia\" target=\"_blank\">Clique aqui<\/a><\/strong>\u00a0para Acessar as Edi\u00e7\u00f5es de Mar\u00e7o<\/p>\n<p>&nbsp;<\/p>\n<p><a href=\"https:\/\/www.orlandia.sp.gov.br\/novo\/wp-content\/uploads\/2024\/03\/Edi\u00e7\u00e3o-1789-de-27-de-mar\u00e7o-de-2024-Extraordin\u00e1ria.pdf\">&gt;&gt; Edi\u00e7\u00e3o 1789 de 27 de mar\u00e7o de 2024 &#8211; Extraordin\u00e1ria<\/a><\/p>\n<p><a href=\"https:\/\/www.orlandia.sp.gov.br\/novo\/wp-content\/uploads\/2024\/03\/Edi\u00e7\u00e3o-1788-de-26-de-mar\u00e7o-de-2024.pdf\">&gt;&gt; Edi\u00e7\u00e3o 1788 de 26 de mar\u00e7o de 2024<\/a><\/p>\n<p><a href=\"https:\/\/www.orlandia.sp.gov.br\/novo\/wp-content\/uploads\/2024\/03\/Edi\u00e7\u00e3o-1787-de-25-de-mar\u00e7o-de-2024-Extraordin\u00e1ria.pdf\">&gt;&gt; Edi\u00e7\u00e3o 1787 de 25 de mar\u00e7o de 2024 &#8211; Extraordin\u00e1ria<\/a><\/p>\n<p><a href=\"https:\/\/www.orlandia.sp.gov.br\/novo\/wp-content\/uploads\/2024\/03\/Edi\u00e7\u00e3o-1786-de-22-de-mar\u00e7o-de-2024.pdf\">&gt;&gt; Edi\u00e7\u00e3o 1786 de 22 de mar\u00e7o de 2024<\/a><\/p>\n<p><a href=\"https:\/\/www.orlandia.sp.gov.br\/novo\/wp-content\/uploads\/2024\/03\/Edi\u00e7\u00e3o-1785-de-21-de-mar\u00e7o-de-2024-Extraordin\u00e1ria.pdf\">&gt;&gt; Edi\u00e7\u00e3o 1785 de 21 de mar\u00e7o de 2024 &#8211; Extraordin\u00e1ria<\/a><\/p>\n<p><a href=\"https:\/\/www.orlandia.sp.gov.br\/novo\/wp-content\/uploads\/2024\/03\/Edi\u00e7\u00e3o-1784-de-20-de-mar\u00e7o-de-2024-Extraordin\u00e1ria.pdf\">&gt;&gt; Edi\u00e7\u00e3o 1784 de 20 de mar\u00e7o de 2024 &#8211; Extraordin\u00e1ria<\/a><\/p>\n<p><a href=\"https:\/\/www.orlandia.sp.gov.br\/novo\/wp-content\/uploads\/2024\/03\/Edi\u00e7\u00e3o-1783-de-15-de-mar\u00e7o-de-2024.pdf\">&gt;&gt; Edi\u00e7\u00e3o 1783 de 15 de mar\u00e7o de 2024<\/a><\/p>\n<p><a href=\"https:\/\/www.orlandia.sp.gov.br\/novo\/wp-content\/uploads\/2024\/03\/Edi\u00e7\u00e3o-1782-de-14-de-mar\u00e7o-de-2024-Extraordin\u00e1ria.pdf\">&gt;&gt; Edi\u00e7\u00e3o 1782 de 14 de mar\u00e7o de 2024 &#8211; Extraordin\u00e1ria<\/a><\/p>\n<p><a href=\"https:\/\/www.orlandia.sp.gov.br\/novo\/wp-content\/uploads\/2024\/03\/Edi\u00e7\u00e3o-1780-de-12-de-mar\u00e7o-de-2024.pdf\">&gt;&gt; Edi\u00e7\u00e3o 1781 de 13 de mar\u00e7o de 2024 &#8211; Extraordin\u00e1ria<\/a><\/p>\n<p><a href=\"https:\/\/www.orlandia.sp.gov.br\/novo\/wp-content\/uploads\/2024\/03\/Edi\u00e7\u00e3o-1781-de-13-de-mar\u00e7o-de-2024-Extraordin\u00e1ria.pdf\">&gt;&gt; Edi\u00e7\u00e3o 1780 de 12 de mar\u00e7o de 2024<\/a><\/p>\n<p><a href=\"https:\/\/www.orlandia.sp.gov.br\/novo\/wp-content\/uploads\/2024\/03\/Edi\u00e7\u00e3o-1779-de-11-de-mar\u00e7o-de-2024-Extraordin\u00e1ria.pdf\">&gt;&gt; Edi\u00e7\u00e3o 1779 de 11 de mar\u00e7o de 2024 &#8211; Extraordin\u00e1ria<\/a><\/p>\n<p><a href=\"https:\/\/www.orlandia.sp.gov.br\/novo\/wp-content\/uploads\/2024\/03\/Edi\u00e7\u00e3o-1778-de-08-de-mar\u00e7o-de-2024.pdf\">&gt;&gt; Edi\u00e7\u00e3o 1778 de 08 de mar\u00e7o de 2024<\/a><\/p>\n<p><a href=\"https:\/\/www.orlandia.sp.gov.br\/novo\/wp-content\/uploads\/2024\/03\/Edi\u00e7\u00e3o-1777-de-07-de-mar\u00e7o-de-2024-Extraordin\u00e1ria.pdf\">&gt;&gt; Edi\u00e7\u00e3o 1777 de 07 de mar\u00e7o de 2024 &#8211; Extraordin\u00e1ria<\/a><\/p>\n<p><a href=\"https:\/\/www.orlandia.sp.gov.br\/novo\/wp-content\/uploads\/2024\/03\/Edi\u00e7\u00e3o-1776-de-06-de-mar\u00e7o-de-2024-Extraordin\u00e1ria.pdf\">&gt;&gt; Edi\u00e7\u00e3o 1776 de 06 de mar\u00e7o de 2024 &#8211; Extraordin\u00e1ria<\/a><\/p>\n<p><a href=\"https:\/\/www.orlandia.sp.gov.br\/novo\/wp-content\/uploads\/2024\/03\/Edi\u00e7\u00e3o-1775-de-05-de-mar\u00e7o-de-2024.pdf\">&gt;&gt; Edi\u00e7\u00e3o 1775 de 05 de mar\u00e7o de 2024<\/a><\/p>\n<p><a href=\"https:\/\/www.orlandia.sp.gov.br\/novo\/wp-content\/uploads\/2024\/03\/Edi\u00e7\u00e3o-1774-de-04-de-mar\u00e7o-de-2024-Extraordin\u00e1ria.pdf\">&gt;&gt; Edi\u00e7\u00e3o 1774 de 04 de mar\u00e7o de 2024 &#8211; Extraordin\u00e1ria<\/a><\/p>\n<p><a href=\"https:\/\/www.orlandia.sp.gov.br\/novo\/wp-content\/uploads\/2024\/03\/Edi\u00e7\u00e3o-1773-de-01-de-mar\u00e7o-de-2024.pdf\">&gt;&gt; Edi\u00e7\u00e3o 1773 de 01 de mar\u00e7o de 2024<\/a><\/p>\n","protected":false},"excerpt":{"rendered":"<p>Clique aqui\u00a0para Acessar as Edi\u00e7\u00f5es de Mar\u00e7o &nbsp; &gt;&gt; Edi\u00e7\u00e3o 1789 de 27 de mar\u00e7o de 2024 &#8211; Extraordin\u00e1ria &gt;&gt;<\/p>\n","protected":false},"author":1,"featured_media":0,"parent":0,"menu_order":0,"comment_status":"closed","ping_status":"closed","template":"","meta":{"ngg_post_thumbnail":0,"footnotes":""},"magazineBlocksPostFeaturedMedia":{"thumbnail":false,"medium":false,"medium_large":false,"large":false,"1536x1536":false,"2048x2048":false,"colormag-highlighted-post":false,"colormag-featured-post-medium":false,"colormag-featured-post-small":false,"colormag-featured-image":false,"colormag-default-news":false,"colormag-featured-image-large":false},"magazineBlocksPostAuthor":{"name":"admin","avatar":"https:\/\/secure.gravatar.com\/avatar\/5140b312f1bcbe8516bfaa79917f11b3?s=96&d=mm&r=g"},"magazineBlocksPostCommentsNumber":false,"magazineBlocksPostExcerpt":"Clique aqui\u00a0para Acessar as Edi\u00e7\u00f5es de Mar\u00e7o &nbsp; &gt;&gt; Edi\u00e7\u00e3o 1789 de 27 de mar\u00e7o de 2024 &#8211; Extraordin\u00e1ria &gt;&gt;","magazineBlocksPostCategories":[],"_links":{"self":[{"href":"https:\/\/www.orlandia.sp.gov.br\/novo\/wp-json\/wp\/v2\/pages\/37898"}],"collection":[{"href":"https:\/\/www.orlandia.sp.gov.br\/novo\/wp-json\/wp\/v2\/pages"}],"about":[{"href":"https:\/\/www.orlandia.sp.gov.br\/novo\/wp-json\/wp\/v2\/types\/page"}],"author":[{"embeddable":true,"href":"https:\/\/www.orlandia.sp.gov.br\/novo\/wp-json\/wp\/v2\/users\/1"}],"replies":[{"embeddable":true,"href":"https:\/\/www.orlandia.sp.gov.br\/novo\/wp-json\/wp\/v2\/comments?post=37898"}],"version-history":[{"count":5,"href":"https:\/\/www.orlandia.sp.gov.br\/novo\/wp-json\/wp\/v2\/pages\/37898\/revisions"}],"predecessor-version":[{"id":38286,"href":"https:\/\/www.orlandia.sp.gov.br\/novo\/wp-json\/wp\/v2\/pages\/37898\/revisions\/38286"}],"wp:attachment":[{"href":"https:\/\/www.orlandia.sp.gov.br\/novo\/wp-json\/wp\/v2\/media?parent=37898"}],"curies":[{"name":"wp","href":"https:\/\/api.w.org\/{rel}","templated":true}]}}