{"id":37811,"date":"2024-02-01T13:35:09","date_gmt":"2024-02-01T16:35:09","guid":{"rendered":"https:\/\/www.orlandia.sp.gov.br\/novo\/?page_id=37811"},"modified":"2024-05-02T13:58:08","modified_gmt":"2024-05-02T16:58:08","slug":"jornal-oficial-de-orlandia-fevereiro-de-2024","status":"publish","type":"page","link":"https:\/\/www.orlandia.sp.gov.br\/novo\/jornal-oficial-de-orlandia-fevereiro-de-2024","title":{"rendered":"Jornal Oficial de Orl\u00e2ndia \u2013 Fevereiro de 2024"},"content":{"rendered":"<p><strong><a href=\"https:\/\/imprensaoficialmunicipal.com.br\/orlandia\" target=\"_blank\"> Clique aqui<\/a><\/strong>\u00a0para Acessar as Edi\u00e7\u00f5es de Fevereiro<\/p>\n<p>&nbsp;<\/p>\n<p><a href=\"https:\/\/www.orlandia.sp.gov.br\/novo\/wp-content\/uploads\/2024\/02\/Edi\u00e7\u00e3o-1772-de-29-de-fevereiro-de-2024-Extraordin\u00e1ria.pdf\">&gt;&gt; Edi\u00e7\u00e3o 1772 de 29 de fevereiro de 2024 &#8211; Extraordin\u00e1ria<\/a><\/p>\n<p><a href=\"https:\/\/www.orlandia.sp.gov.br\/novo\/wp-content\/uploads\/2024\/02\/Edi\u00e7\u00e3o-1771-de-28-de-fevereiro-de-2024-Extraordin\u00e1ria.pdf\">&gt;&gt; Edi\u00e7\u00e3o 1771 de 28 de fevereiro de 2024 &#8211; Extraordin\u00e1ria<\/a><\/p>\n<p><a href=\"https:\/\/www.orlandia.sp.gov.br\/novo\/wp-content\/uploads\/2024\/02\/Edi\u00e7\u00e3o-1770-de-27-de-fevereiro-de-2024.pdf\">&gt;&gt; Edi\u00e7\u00e3o 1770 de 27 de fevereiro de 2024<\/a><\/p>\n<p><a href=\"https:\/\/www.orlandia.sp.gov.br\/novo\/wp-content\/uploads\/2024\/02\/Edi\u00e7\u00e3o-1769-de-26-de-fevereiro-de-2024-Extraordin\u00e1ria.pdf\">&gt;&gt; Edi\u00e7\u00e3o 1769 de 26 de fevereiro de 2024 &#8211; Extraordin\u00e1ria<\/a><\/p>\n<p><a href=\"https:\/\/www.orlandia.sp.gov.br\/novo\/wp-content\/uploads\/2024\/02\/Edi\u00e7\u00e3o-1768-de-23-de-fevereiro-de-2024.pdf\">&gt;&gt; Edi\u00e7\u00e3o 1768 de 23 de fevereiro de 2024<\/a><\/p>\n<p><a href=\"https:\/\/www.orlandia.sp.gov.br\/novo\/wp-content\/uploads\/2024\/02\/Edi\u00e7\u00e3o-1767-de-22-de-fevereiro-de-2024-Extraordin\u00e1ria.pdf\">&gt;&gt; Edi\u00e7\u00e3o 1767 de 22 de fevereiro de 2024 &#8211; Extraordin\u00e1ria<\/a><\/p>\n<p><a href=\"https:\/\/www.orlandia.sp.gov.br\/novo\/wp-content\/uploads\/2024\/02\/Edi\u00e7\u00e3o-1766-de-21-de-fevereiro-de-2024-Extraordin\u00e1ria.pdf\">&gt;&gt; Edi\u00e7\u00e3o 1766 de 21 de fevereiro de 2024 &#8211; Extraordin\u00e1ria<\/a><\/p>\n<p><a href=\"https:\/\/www.orlandia.sp.gov.br\/novo\/wp-content\/uploads\/2024\/02\/Edi\u00e7\u00e3o-1765-de-20-de-fevereiro-de-2024.pdf\">&gt;&gt; Edi\u00e7\u00e3o 1765 de 20 de fevereiro de 2024<\/a><\/p>\n<p><a href=\"https:\/\/www.orlandia.sp.gov.br\/novo\/wp-content\/uploads\/2024\/02\/Edi\u00e7\u00e3o-1764-de-19-de-fevereiro-de-2024-Extraordin\u00e1ria.pdf\">&gt;&gt; Edi\u00e7\u00e3o 1764 de 19 de fevereiro de 2024 &#8211; Extraordin\u00e1ria<\/a><\/p>\n<p><a href=\"https:\/\/www.orlandia.sp.gov.br\/novo\/wp-content\/uploads\/2024\/02\/Edi\u00e7\u00e3o-1763-de-16-de-fevereiro-de-2024.pdf\">&gt;&gt; Edi\u00e7\u00e3o 1763 de 16 de fevereiro de 2024<\/a><\/p>\n<p><a href=\"https:\/\/www.orlandia.sp.gov.br\/novo\/wp-content\/uploads\/2024\/02\/Edi\u00e7\u00e3o-1762-de-15-de-fevereiro-de-2024-Extraordin\u00e1ria.pdf\">&gt;&gt; Edi\u00e7\u00e3o 1762 de 15 de fevereiro de 2024 &#8211; Extraordin\u00e1ria<\/a><\/p>\n<p><a href=\"https:\/\/www.orlandia.sp.gov.br\/novo\/wp-content\/uploads\/2024\/02\/Edi\u00e7\u00e3o-1761-de-14-de-fevereiro-de-2024-Extraordin\u00e1ria.pdf\">&gt;&gt; Edi\u00e7\u00e3o 1761 de 14 de fevereiro de 2024 &#8211; Extraordin\u00e1ria<\/a><\/p>\n<p><a href=\"https:\/\/www.orlandia.sp.gov.br\/novo\/wp-content\/uploads\/2024\/02\/Edi\u00e7\u00e3o-1760-de-09-de-fevereiro-de-2024.pdf\">&gt;&gt; Edi\u00e7\u00e3o 1760 de 09 de fevereiro de 2024<\/a><\/p>\n<p><a href=\"https:\/\/www.orlandia.sp.gov.br\/novo\/wp-content\/uploads\/2024\/02\/Edi\u00e7\u00e3o-1759-de-08-de-fevereiro-de-2024-Extraordin\u00e1ria.pdf\">&gt;&gt; Edi\u00e7\u00e3o 1759 de 08 de fevereiro de 2024 &#8211; Extraordin\u00e1ria<\/a><\/p>\n<p><a href=\"https:\/\/www.orlandia.sp.gov.br\/novo\/wp-content\/uploads\/2024\/02\/Edi\u00e7\u00e3o-1758-de-07-de-fevereiro-de-2024-Extraordin\u00e1ria.pdf\">&gt;&gt; Edi\u00e7\u00e3o 1758 de 07 de fevereiro de 2024 &#8211; Extraordin\u00e1ria<\/a><\/p>\n<p><a href=\"https:\/\/www.orlandia.sp.gov.br\/novo\/wp-content\/uploads\/2024\/02\/Edi\u00e7\u00e3o-1757-de-06-de-fevereiro-de-2024.pdf\">&gt;&gt; Edi\u00e7\u00e3o 1757 de 06 de fevereiro de 2024<\/a><\/p>\n<p><a href=\"https:\/\/www.orlandia.sp.gov.br\/novo\/wp-content\/uploads\/2024\/02\/Edi\u00e7\u00e3o-1756-de-05-de-fevereiro-de-2024-Extraordin\u00e1ria.pdf\">&gt;&gt; Edi\u00e7\u00e3o 1756 de 05 de fevereiro de 2024 &#8211; Extraordin\u00e1ria<\/a><\/p>\n<p><a href=\"https:\/\/www.orlandia.sp.gov.br\/novo\/wp-content\/uploads\/2024\/02\/Edi\u00e7\u00e3o-1755-de-02-de-fevereiro-de-2024.pdf\">&gt;&gt; Edi\u00e7\u00e3o 1755 de 02 de fevereiro de 2024<\/a><\/p>\n<p><a href=\"https:\/\/www.orlandia.sp.gov.br\/novo\/wp-content\/uploads\/2024\/02\/Edi\u00e7\u00e3o-1754-de-01-de-fevereiro-de-2024-Extraordin\u00e1ria.pdf\">&gt;&gt; Edi\u00e7\u00e3o 1754 de 01 de fevereiro de 2024 &#8211; Extraordin\u00e1ria<\/a><\/p>\n","protected":false},"excerpt":{"rendered":"<p>Clique aqui\u00a0para Acessar as Edi\u00e7\u00f5es de Fevereiro &nbsp; &gt;&gt; Edi\u00e7\u00e3o 1772 de 29 de fevereiro de 2024 &#8211; Extraordin\u00e1ria &gt;&gt;<\/p>\n","protected":false},"author":1,"featured_media":0,"parent":0,"menu_order":0,"comment_status":"closed","ping_status":"closed","template":"","meta":{"ngg_post_thumbnail":0,"footnotes":""},"magazineBlocksPostFeaturedMedia":{"thumbnail":false,"medium":false,"medium_large":false,"large":false,"1536x1536":false,"2048x2048":false,"colormag-highlighted-post":false,"colormag-featured-post-medium":false,"colormag-featured-post-small":false,"colormag-featured-image":false,"colormag-default-news":false,"colormag-featured-image-large":false},"magazineBlocksPostAuthor":{"name":"admin","avatar":"https:\/\/secure.gravatar.com\/avatar\/5140b312f1bcbe8516bfaa79917f11b3?s=96&d=mm&r=g"},"magazineBlocksPostCommentsNumber":false,"magazineBlocksPostExcerpt":"Clique aqui\u00a0para Acessar as Edi\u00e7\u00f5es de Fevereiro &nbsp; &gt;&gt; Edi\u00e7\u00e3o 1772 de 29 de fevereiro de 2024 &#8211; Extraordin\u00e1ria &gt;&gt;","magazineBlocksPostCategories":[],"_links":{"self":[{"href":"https:\/\/www.orlandia.sp.gov.br\/novo\/wp-json\/wp\/v2\/pages\/37811"}],"collection":[{"href":"https:\/\/www.orlandia.sp.gov.br\/novo\/wp-json\/wp\/v2\/pages"}],"about":[{"href":"https:\/\/www.orlandia.sp.gov.br\/novo\/wp-json\/wp\/v2\/types\/page"}],"author":[{"embeddable":true,"href":"https:\/\/www.orlandia.sp.gov.br\/novo\/wp-json\/wp\/v2\/users\/1"}],"replies":[{"embeddable":true,"href":"https:\/\/www.orlandia.sp.gov.br\/novo\/wp-json\/wp\/v2\/comments?post=37811"}],"version-history":[{"count":4,"href":"https:\/\/www.orlandia.sp.gov.br\/novo\/wp-json\/wp\/v2\/pages\/37811\/revisions"}],"predecessor-version":[{"id":38266,"href":"https:\/\/www.orlandia.sp.gov.br\/novo\/wp-json\/wp\/v2\/pages\/37811\/revisions\/38266"}],"wp:attachment":[{"href":"https:\/\/www.orlandia.sp.gov.br\/novo\/wp-json\/wp\/v2\/media?parent=37811"}],"curies":[{"name":"wp","href":"https:\/\/api.w.org\/{rel}","templated":true}]}}