{"id":34698,"date":"2024-01-02T11:21:48","date_gmt":"2024-01-02T14:21:48","guid":{"rendered":"https:\/\/www.orlandia.sp.gov.br\/novo\/?page_id=34698"},"modified":"2024-04-01T11:05:11","modified_gmt":"2024-04-01T14:05:11","slug":"jornal-oficial-de-orlandia-janeiro-de-2024","status":"publish","type":"page","link":"https:\/\/www.orlandia.sp.gov.br\/novo\/jornal-oficial-de-orlandia-janeiro-de-2024","title":{"rendered":"Jornal Oficial de Orl\u00e2ndia \u2013 Janeiro de 2024"},"content":{"rendered":"<p><strong><a href=\"https:\/\/imprensaoficialmunicipal.com.br\/orlandia\" target=\"_blank\">Clique aqui<\/a><\/strong>\u00a0para Acessar as Edi\u00e7\u00f5es de Janeiro<\/p>\n<p>&nbsp;<\/p>\n<p><a href=\"https:\/\/www.orlandia.sp.gov.br\/novo\/wp-content\/uploads\/2024\/01\/Edi\u00e7\u00e3o-1753-de-31-de-janeiro-de-2024-Extraordin\u00e1ria.pdf\">&gt;&gt; Edi\u00e7\u00e3o 1753 de 31 de janeiro de 2024 &#8211; Extraordin\u00e1ria<\/a><\/p>\n<p><a href=\"https:\/\/www.orlandia.sp.gov.br\/novo\/wp-content\/uploads\/2024\/01\/Edi\u00e7\u00e3o-1752-de-30-de-janeiro-de-2024.pdf\">&gt;&gt; Edi\u00e7\u00e3o 1752 de 30 de janeiro de 2024<\/a><\/p>\n<p><a href=\"https:\/\/www.orlandia.sp.gov.br\/novo\/wp-content\/uploads\/2024\/01\/Edi\u00e7\u00e3o-1751-de-29-de-janeiro-de-2024-Extraordin\u00e1ria.pdf\">&gt;&gt; Edi\u00e7\u00e3o 1751 de 29 de janeiro de 2024 &#8211; Extraordin\u00e1ria<\/a><\/p>\n<p><a href=\"https:\/\/www.orlandia.sp.gov.br\/novo\/wp-content\/uploads\/2024\/01\/Edi\u00e7\u00e3o-1750-de-26-de-janeiro-de-2024.pdf\">&gt;&gt; Edi\u00e7\u00e3o 1750 de 26 de janeiro de 2024<\/a><\/p>\n<p><a href=\"https:\/\/www.orlandia.sp.gov.br\/novo\/wp-content\/uploads\/2024\/01\/Edi\u00e7\u00e3o-1749-de-25-de-janeiro-de-2024-Extraordin\u00e1ria.pdf\">&gt;&gt; Edi\u00e7\u00e3o 1749 de 25 de janeiro de 2024 &#8211; Extraordin\u00e1ria<\/a><\/p>\n<p><a href=\"https:\/\/www.orlandia.sp.gov.br\/novo\/wp-content\/uploads\/2024\/01\/Edi\u00e7\u00e3o-1748-de-24-de-janeiro-de-2024-Extraordin\u00e1ria.pdf\">&gt;&gt; Edi\u00e7\u00e3o 1748 de 24 de janeiro de 2024 &#8211; Extraordin\u00e1ria<\/a><\/p>\n<p><a href=\"https:\/\/www.orlandia.sp.gov.br\/novo\/wp-content\/uploads\/2024\/01\/Edi\u00e7\u00e3o-1747-de-23-de-janeiro-de-2024.pdf\">&gt;&gt; Edi\u00e7\u00e3o 1747 de 23 de janeiro de 2024<\/a><\/p>\n<p><a href=\"https:\/\/www.orlandia.sp.gov.br\/novo\/wp-content\/uploads\/2024\/01\/Edi\u00e7\u00e3o-1746-de-22-de-janeiro-de-2024-Extraordin\u00e1ria.pdf\">&gt;&gt; Edi\u00e7\u00e3o 1746 de 22 de janeiro de 2024 &#8211; Extraordin\u00e1ria<\/a><\/p>\n<p><a href=\"https:\/\/www.orlandia.sp.gov.br\/novo\/wp-content\/uploads\/2024\/01\/Edi\u00e7\u00e3o-1745-de-19-de-janeiro-de-2024.pdf\">&gt;&gt; Edi\u00e7\u00e3o 1745 de 19 de janeiro de 2024<\/a><\/p>\n<p><a href=\"https:\/\/www.orlandia.sp.gov.br\/novo\/wp-content\/uploads\/2024\/01\/Edi\u00e7\u00e3o-1718-de-18-de-janeiro-de-2024-Extraordin\u00e1ria.pdf\">&gt;&gt; Edi\u00e7\u00e3o 1744 de 18 de janeiro de 2024 &#8211; Extraordin\u00e1ria<\/a><\/p>\n<p><a href=\"https:\/\/www.orlandia.sp.gov.br\/novo\/wp-content\/uploads\/2024\/01\/Edi\u00e7\u00e3o-1743-de-17-de-janeiro-de-2024-Extraordin\u00e1ria.pdf\">&gt;&gt; Edi\u00e7\u00e3o 1743 de 17 de janeiro de 2024 &#8211; Extraordin\u00e1ria<\/a><\/p>\n<p><a href=\"https:\/\/www.orlandia.sp.gov.br\/novo\/wp-content\/uploads\/2024\/01\/Edi\u00e7\u00e3o-1742-de-16-de-janeiro-de-2024.pdf\">&gt;&gt; Edi\u00e7\u00e3o 1742 de 16 de janeiro de 2024<\/a><\/p>\n<p><a href=\"https:\/\/www.orlandia.sp.gov.br\/novo\/wp-content\/uploads\/2024\/01\/Edi\u00e7\u00e3o-1741-de-15-de-janeiro-de-2024-Extraordin\u00e1ria.pdf\">&gt;&gt; Edi\u00e7\u00e3o 1741 de 15 de janeiro de 2024 &#8211; Extraordin\u00e1ria<\/a><\/p>\n<p><a href=\"https:\/\/www.orlandia.sp.gov.br\/novo\/wp-content\/uploads\/2024\/01\/Edi\u00e7\u00e3o-1740-de-12-de-janeiro-de-2024.pdf\">&gt;&gt; Edi\u00e7\u00e3o 1740 de 12 de janeiro de 2024<\/a><\/p>\n<p><a href=\"https:\/\/www.orlandia.sp.gov.br\/novo\/wp-content\/uploads\/2024\/01\/Edi\u00e7\u00e3o-1739-de-11-de-janeiro-de-2024-Extraordin\u00e1ria.pdf\">&gt;&gt; Edi\u00e7\u00e3o 1739 de 11 de janeiro de 2024 &#8211; Extraordin\u00e1ria<\/a><\/p>\n<p><a href=\"https:\/\/www.orlandia.sp.gov.br\/novo\/wp-content\/uploads\/2024\/01\/Edi\u00e7\u00e3o-1738-de-10-de-janeiro-de-2024-Extraordin\u00e1ria.pdf\">&gt;&gt; Edi\u00e7\u00e3o 1738 de 10 de janeiro de 2024 &#8211; Extraordin\u00e1ria<\/a><\/p>\n<p><a href=\"https:\/\/www.orlandia.sp.gov.br\/novo\/wp-content\/uploads\/2024\/01\/Edi\u00e7\u00e3o-1737-de-09-de-janeiro-de-2024.pdf\">&gt;&gt; Edi\u00e7\u00e3o 1737 de 09 de janeiro de 2024<\/a><\/p>\n<p><a href=\"https:\/\/www.orlandia.sp.gov.br\/novo\/wp-content\/uploads\/2024\/01\/Edi\u00e7\u00e3o-1736-de-08-de-janeiro-de-2024-Extraordin\u00e1ria.pdf\">&gt;&gt; Edi\u00e7\u00e3o 1736 de 08 de janeiro de 2024 &#8211; Extraordin\u00e1ria<\/a><\/p>\n<p><a href=\"https:\/\/www.orlandia.sp.gov.br\/novo\/wp-content\/uploads\/2024\/01\/Edi\u00e7\u00e3o-1735-de-05-de-janeiro-de-2024.pdf\">&gt;&gt; Edi\u00e7\u00e3o 1735 de 05 de janeiro de 2024<\/a><\/p>\n<p><a href=\"https:\/\/www.orlandia.sp.gov.br\/novo\/wp-content\/uploads\/2024\/01\/Edi\u00e7\u00e3o-1734-de-04-de-janeiro-de-2024-Extraordin\u00e1ria.pdf\">&gt;&gt; Edi\u00e7\u00e3o 1734 de 04 de janeiro de 2024 &#8211; Extraordin\u00e1ria<\/a><\/p>\n<p><a href=\"https:\/\/www.orlandia.sp.gov.br\/novo\/wp-content\/uploads\/2024\/01\/Edi\u00e7\u00e3o-1733-de-03-de-janeiro-de-2024-Extraordin\u00e1ria.pdf\">&gt;&gt; Edi\u00e7\u00e3o 1733 de 03 de janeiro de 2024 &#8211; Extraordin\u00e1ria<\/a><\/p>\n<p><a href=\"https:\/\/www.orlandia.sp.gov.br\/novo\/wp-content\/uploads\/2024\/01\/Edi\u00e7\u00e3o-1732-de-02-de-janeiro-de-2024.pdf\">&gt;&gt; Edi\u00e7\u00e3o 1732 de 02 de janeiro de 2024<\/a><\/p>\n<p>&nbsp;<\/p>\n<p>&nbsp;<\/p>\n<p>&nbsp;<\/p>\n<p>&nbsp;<\/p>\n","protected":false},"excerpt":{"rendered":"<p>Clique aqui\u00a0para Acessar as Edi\u00e7\u00f5es de Janeiro &nbsp; &gt;&gt; Edi\u00e7\u00e3o 1753 de 31 de janeiro de 2024 &#8211; Extraordin\u00e1ria &gt;&gt;<\/p>\n","protected":false},"author":1,"featured_media":0,"parent":0,"menu_order":0,"comment_status":"closed","ping_status":"closed","template":"","meta":{"ngg_post_thumbnail":0,"footnotes":""},"magazineBlocksPostFeaturedMedia":{"thumbnail":false,"medium":false,"medium_large":false,"large":false,"1536x1536":false,"2048x2048":false,"colormag-highlighted-post":false,"colormag-featured-post-medium":false,"colormag-featured-post-small":false,"colormag-featured-image":false,"colormag-default-news":false,"colormag-featured-image-large":false},"magazineBlocksPostAuthor":{"name":"admin","avatar":"https:\/\/secure.gravatar.com\/avatar\/5140b312f1bcbe8516bfaa79917f11b3?s=96&d=mm&r=g"},"magazineBlocksPostCommentsNumber":false,"magazineBlocksPostExcerpt":"Clique aqui\u00a0para Acessar as Edi\u00e7\u00f5es de Janeiro &nbsp; &gt;&gt; Edi\u00e7\u00e3o 1753 de 31 de janeiro de 2024 &#8211; Extraordin\u00e1ria &gt;&gt;","magazineBlocksPostCategories":[],"_links":{"self":[{"href":"https:\/\/www.orlandia.sp.gov.br\/novo\/wp-json\/wp\/v2\/pages\/34698"}],"collection":[{"href":"https:\/\/www.orlandia.sp.gov.br\/novo\/wp-json\/wp\/v2\/pages"}],"about":[{"href":"https:\/\/www.orlandia.sp.gov.br\/novo\/wp-json\/wp\/v2\/types\/page"}],"author":[{"embeddable":true,"href":"https:\/\/www.orlandia.sp.gov.br\/novo\/wp-json\/wp\/v2\/users\/1"}],"replies":[{"embeddable":true,"href":"https:\/\/www.orlandia.sp.gov.br\/novo\/wp-json\/wp\/v2\/comments?post=34698"}],"version-history":[{"count":4,"href":"https:\/\/www.orlandia.sp.gov.br\/novo\/wp-json\/wp\/v2\/pages\/34698\/revisions"}],"predecessor-version":[{"id":37965,"href":"https:\/\/www.orlandia.sp.gov.br\/novo\/wp-json\/wp\/v2\/pages\/34698\/revisions\/37965"}],"wp:attachment":[{"href":"https:\/\/www.orlandia.sp.gov.br\/novo\/wp-json\/wp\/v2\/media?parent=34698"}],"curies":[{"name":"wp","href":"https:\/\/api.w.org\/{rel}","templated":true}]}}