{"id":28284,"date":"2023-10-02T16:02:57","date_gmt":"2023-10-02T19:02:57","guid":{"rendered":"https:\/\/www.orlandia.sp.gov.br\/novo\/?page_id=28284"},"modified":"2023-12-06T11:44:37","modified_gmt":"2023-12-06T14:44:37","slug":"jornal-oficial-de-orlandia-outubro-de-2023","status":"publish","type":"page","link":"https:\/\/www.orlandia.sp.gov.br\/novo\/jornal-oficial-de-orlandia-outubro-de-2023","title":{"rendered":"Jornal Oficial de Orl\u00e2ndia \u2013 Outubro de 2023"},"content":{"rendered":"<p><strong><a href=\"https:\/\/imprensaoficialmunicipal.com.br\/orlandia\" target=\"_blank\">Clique aqui<\/a><\/strong>\u00a0para Acessar as Edi\u00e7\u00f5es de Outubro<\/p>\n<p><a href=\"https:\/\/www.orlandia.sp.gov.br\/novo\/wp-content\/uploads\/2023\/10\/Edi\u00e7\u00e3o-1692-de-31-de-outubro-de-2023.pdf\">&gt;&gt;\u00a0 Edi\u00e7\u00e3o 1692 de 31 de outubro de 2023<\/a><\/p>\n<p><a href=\"https:\/\/www.orlandia.sp.gov.br\/novo\/wp-content\/uploads\/2023\/10\/Edi\u00e7\u00e3o-1691-de-30-de-outubro-de-2023-Edi\u00e7\u00e3o-Extraordin\u00e1ria.pdf\">&gt;&gt;\u00a0 Edi\u00e7\u00e3o 1691 de 30 de outubro de 2023 &#8211; Edi\u00e7\u00e3o Extraordin\u00e1ria<\/a><\/p>\n<p><a href=\"https:\/\/www.orlandia.sp.gov.br\/novo\/wp-content\/uploads\/2023\/10\/Edi\u00e7\u00e3o-1690-de-26-de-outubro-de-2023-Edi\u00e7\u00e3o-Extraordin\u00e1ria.pdf\">&gt;&gt;\u00a0 Edi\u00e7\u00e3o 1690 de 26 de outubro de 2023 &#8211; Edi\u00e7\u00e3o Extraordin\u00e1ria<\/a><\/p>\n<p><a href=\"https:\/\/www.orlandia.sp.gov.br\/novo\/wp-content\/uploads\/2023\/10\/Edi\u00e7\u00e3o-1689-de-25-de-outubro-de-2023-Edi\u00e7\u00e3o-Extraordin\u00e1ria.pdf\">&gt;&gt;\u00a0 Edi\u00e7\u00e3o 1689 de 25 de outubro de 2023 &#8211; Edi\u00e7\u00e3o Extraordin\u00e1ria<\/a><\/p>\n<p><a href=\"https:\/\/www.orlandia.sp.gov.br\/novo\/wp-content\/uploads\/2023\/10\/Edi\u00e7\u00e3o-1688-de-24-de-outubro-de-2023-Edi\u00e7\u00e3o-Extraordin\u00e1ria.pdf\">&gt;&gt;\u00a0 Edi\u00e7\u00e3o 1688 de 24 de outubro de 2023 &#8211; Edi\u00e7\u00e3o Extraordin\u00e1ria<\/a><\/p>\n<p><a href=\"https:\/\/www.orlandia.sp.gov.br\/novo\/wp-content\/uploads\/2023\/10\/Edi\u00e7\u00e3o-1687-de-24-de-outubro-de-2023.pdf\">&gt;&gt;\u00a0 Edi\u00e7\u00e3o 1687 de 24 de outubro de 2023<\/a><\/p>\n<p><a href=\"https:\/\/www.orlandia.sp.gov.br\/novo\/wp-content\/uploads\/2023\/10\/Edi\u00e7\u00e3o-1686-de-23-de-outubro-de-2023-Edi\u00e7\u00e3o-Extraordin\u00e1ria.pdf\">&gt;&gt;\u00a0 Edi\u00e7\u00e3o 1686 de 23 de outubro de 2023 &#8211; Edi\u00e7\u00e3o Extraordin\u00e1ria<\/a><\/p>\n<p><a href=\"https:\/\/www.orlandia.sp.gov.br\/novo\/wp-content\/uploads\/2023\/10\/Edi\u00e7\u00e3o-1685-de-20-de-outubro-de-2023.pdf\">&gt;&gt;\u00a0 Edi\u00e7\u00e3o 1685 de 20 de outubro de 2023<\/a><\/p>\n<p><a href=\"https:\/\/www.orlandia.sp.gov.br\/novo\/wp-content\/uploads\/2023\/10\/Edi\u00e7\u00e3o-1684-de-19-de-outubro-de-2023-Edi\u00e7\u00e3o-Extraordin\u00e1ria.pdf\">&gt;&gt;\u00a0 Edi\u00e7\u00e3o 1684 de 19 de outubro de 2023 &#8211; Edi\u00e7\u00e3o Extraordin\u00e1ria<\/a><\/p>\n<p><a href=\"https:\/\/www.orlandia.sp.gov.br\/novo\/wp-content\/uploads\/2023\/10\/Edi\u00e7\u00e3o-1683-de-18-de-outubro-de-2023-Edi\u00e7\u00e3o-Extraordin\u00e1ria.pdf\">&gt;&gt;\u00a0 Edi\u00e7\u00e3o 1683 de 18 de outubro de 2023 &#8211; Edi\u00e7\u00e3o Extraordin\u00e1ria<\/a><\/p>\n<p><a href=\"https:\/\/www.orlandia.sp.gov.br\/novo\/wp-content\/uploads\/2023\/10\/Edi\u00e7\u00e3o-1682-de-17-de-outubro-de-2023.pdf\">&gt;&gt;\u00a0 Edi\u00e7\u00e3o 1682 de 17 de outubro de 2023<\/a><\/p>\n<p><a href=\"https:\/\/www.orlandia.sp.gov.br\/novo\/wp-content\/uploads\/2023\/10\/Edi\u00e7\u00e3o-1681-de-16-de-outubro-de-2023-Edi\u00e7\u00e3o-Extraordin\u00e1ria.pdf\">&gt;&gt;\u00a0 Edi\u00e7\u00e3o 1681 de 16 de outubro de 2023 &#8211; Edi\u00e7\u00e3o Extraordin\u00e1ria<\/a><\/p>\n<p><a href=\"https:\/\/www.orlandia.sp.gov.br\/novo\/wp-content\/uploads\/2023\/10\/Edi\u00e7\u00e3o-1680-de-11-de-outubro-de-2023-Edi\u00e7\u00e3o-Extraordin\u00e1ria.pdf\">&gt;&gt;\u00a0 Edi\u00e7\u00e3o 1680 de 11 de outubro de 2023 &#8211; Edi\u00e7\u00e3o Extraordin\u00e1ria<\/a><\/p>\n<p><a href=\"https:\/\/www.orlandia.sp.gov.br\/novo\/wp-content\/uploads\/2023\/10\/Edi\u00e7\u00e3o-1679-de-10-de-outubro-de-2023.pdf\">&gt;&gt;\u00a0 Edi\u00e7\u00e3o 1679 de 10 de outubro de 2023<\/a><\/p>\n<p><a href=\"https:\/\/www.orlandia.sp.gov.br\/novo\/wp-content\/uploads\/2023\/10\/Edi\u00e7\u00e3o-1678-de-09-de-outubro-de-2023-Edi\u00e7\u00e3o-Extraordin\u00e1ria.pdf\">&gt;&gt;\u00a0 Edi\u00e7\u00e3o 1678 de 09 de outubro de 2023 &#8211; Edi\u00e7\u00e3o Extraordin\u00e1ria<\/a><\/p>\n<p><a href=\"https:\/\/www.orlandia.sp.gov.br\/novo\/wp-content\/uploads\/2023\/10\/Edi\u00e7\u00e3o-1677-de-06-de-outubro-de-2023.pdf\">&gt;&gt;\u00a0 Edi\u00e7\u00e3o 1677 de 06 de outubro de 2023<\/a><\/p>\n<p><a href=\"https:\/\/www.orlandia.sp.gov.br\/novo\/wp-content\/uploads\/2023\/10\/Edi\u00e7\u00e3o-1676-de-05-de-outubro-de-2023-Edi\u00e7\u00e3o-Extraordin\u00e1ria.pdf\">&gt;&gt;\u00a0 Edi\u00e7\u00e3o 1676 de 05 de outubro de 2023 &#8211; Edi\u00e7\u00e3o Extraordin\u00e1ria<\/a><\/p>\n<p><a href=\"https:\/\/www.orlandia.sp.gov.br\/novo\/wp-content\/uploads\/2023\/10\/Edi\u00e7\u00e3o-1675-de-04-de-outubro-de-2023-Edi\u00e7\u00e3o-Extraordin\u00e1ria.pdf\">&gt;&gt;\u00a0 Edi\u00e7\u00e3o 1675 de 04 de outubro de 2023 &#8211; Edi\u00e7\u00e3o Extraordin\u00e1ria<\/a><\/p>\n<p><a href=\"https:\/\/www.orlandia.sp.gov.br\/novo\/wp-content\/uploads\/2023\/10\/Edi\u00e7\u00e3o-1674-de-03-de-outubro-de-2023.pdf\">&gt;&gt;\u00a0 Edi\u00e7\u00e3o 1674 de 03 de outubro de 2023<\/a><\/p>\n<p><a href=\"https:\/\/www.orlandia.sp.gov.br\/novo\/wp-content\/uploads\/2023\/10\/Edi\u00e7\u00e3o-1673-de-02-de-outubro-de-2023-Edi\u00e7\u00e3o-Extraordin\u00e1ria.pdf\">&gt;&gt;\u00a0 Edi\u00e7\u00e3o 1673 de 02 de outubro de 2023 &#8211; Edi\u00e7\u00e3o Extraordin\u00e1ria<\/a><\/p>\n","protected":false},"excerpt":{"rendered":"<p>Clique aqui\u00a0para Acessar as Edi\u00e7\u00f5es de Outubro &gt;&gt;\u00a0 Edi\u00e7\u00e3o 1692 de 31 de outubro de 2023 &gt;&gt;\u00a0 Edi\u00e7\u00e3o 1691 de<\/p>\n","protected":false},"author":1,"featured_media":0,"parent":0,"menu_order":0,"comment_status":"closed","ping_status":"closed","template":"","meta":{"ngg_post_thumbnail":0,"footnotes":""},"magazineBlocksPostFeaturedMedia":{"thumbnail":false,"medium":false,"medium_large":false,"large":false,"1536x1536":false,"2048x2048":false,"colormag-highlighted-post":false,"colormag-featured-post-medium":false,"colormag-featured-post-small":false,"colormag-featured-image":false,"colormag-default-news":false,"colormag-featured-image-large":false},"magazineBlocksPostAuthor":{"name":"admin","avatar":"https:\/\/secure.gravatar.com\/avatar\/5140b312f1bcbe8516bfaa79917f11b3?s=96&d=mm&r=g"},"magazineBlocksPostCommentsNumber":false,"magazineBlocksPostExcerpt":"Clique aqui\u00a0para Acessar as Edi\u00e7\u00f5es de Outubro &gt;&gt;\u00a0 Edi\u00e7\u00e3o 1692 de 31 de outubro de 2023 &gt;&gt;\u00a0 Edi\u00e7\u00e3o 1691 de","magazineBlocksPostCategories":[],"_links":{"self":[{"href":"https:\/\/www.orlandia.sp.gov.br\/novo\/wp-json\/wp\/v2\/pages\/28284"}],"collection":[{"href":"https:\/\/www.orlandia.sp.gov.br\/novo\/wp-json\/wp\/v2\/pages"}],"about":[{"href":"https:\/\/www.orlandia.sp.gov.br\/novo\/wp-json\/wp\/v2\/types\/page"}],"author":[{"embeddable":true,"href":"https:\/\/www.orlandia.sp.gov.br\/novo\/wp-json\/wp\/v2\/users\/1"}],"replies":[{"embeddable":true,"href":"https:\/\/www.orlandia.sp.gov.br\/novo\/wp-json\/wp\/v2\/comments?post=28284"}],"version-history":[{"count":5,"href":"https:\/\/www.orlandia.sp.gov.br\/novo\/wp-json\/wp\/v2\/pages\/28284\/revisions"}],"predecessor-version":[{"id":34493,"href":"https:\/\/www.orlandia.sp.gov.br\/novo\/wp-json\/wp\/v2\/pages\/28284\/revisions\/34493"}],"wp:attachment":[{"href":"https:\/\/www.orlandia.sp.gov.br\/novo\/wp-json\/wp\/v2\/media?parent=28284"}],"curies":[{"name":"wp","href":"https:\/\/api.w.org\/{rel}","templated":true}]}}