{"id":2793,"date":"2015-03-04T10:37:12","date_gmt":"2015-03-04T13:37:12","guid":{"rendered":"https:\/\/www.orlandia.sp.gov.br\/novo\/?page_id=2793"},"modified":"2024-07-15T11:04:00","modified_gmt":"2024-07-15T14:04:00","slug":"contas-publicas-de-2015","status":"publish","type":"page","link":"https:\/\/www.orlandia.sp.gov.br\/novo\/servicos\/contas-publicas-2\/contas-publicas-de-2015","title":{"rendered":"Contas P\u00fablicas de 2015"},"content":{"rendered":"<div class=\"wpb-content-wrapper\"><p>[vc_row][vc_column][vc_column_text]<span style=\"line-height: 1.5em;\">Veja os Balancetes e os Balan\u00e7os Anuais da Prefeitura, consulte as licita\u00e7\u00f5es efetuadas pela Prefeitura e obtenha outras informa\u00e7\u00f5es sobre as contas municipais.<\/span>[\/vc_column_text][\/vc_column][\/vc_row][vc_row][vc_column][vc_column_text]<\/p>\n<table style=\"width: 100%;\">\n<tbody>\n<tr style=\"height: 85px;\">\n<td style=\"border: 10px #fff solid; background-color: #dfdfdf; font-size: 20px; text-align: center; width: 323px;\"><a style=\"display: block; width: 100%; height: 30px; padding-top: 10px;\" href=\"https:\/\/www.orlandia.sp.gov.br\/novo\/contas-publicas-de-2015-ppa-ldo-loa\">PPA-LDO-LOA<\/a><\/td>\n<td style=\"border: 10px #fff solid; background-color: #dfdfdf; font-size: 20px; text-align: center; width: 323px;\"><a style=\"display: block; width: 100%; height: 30px; padding-top: 10px;\" href=\"https:\/\/www.orlandia.sp.gov.br\/novo\/wp-content\/uploads\/2015\/03\/LEI-DE-SUBVEN%C3%87%C3%95ES-2015.pdf\" target=\"_blank\" rel=\"noopener\">Lei de Subven\u00e7\u00f5es<\/a><\/td>\n<td style=\"border: 10px #fff solid; background-color: #dfdfdf; font-size: 20px; text-align: center; width: 323px;\"><a style=\"display: block; width: 100%; height: 30px; padding-top: 10px;\" href=\"https:\/\/www.orlandia.sp.gov.br\/novo\/contas-publicas-de-2015-recursos-recebidos\">Recursos Recebidos<\/a><\/td>\n<\/tr>\n<tr style=\"height: 85px;\">\n<td style=\"border: 10px #fff solid; background-color: #dfdfdf; font-size: 20px; text-align: center; width: 323px;\"><a style=\"display: block; width: 100%; height: 30px; padding-top: 10px;\" href=\"https:\/\/www.orlandia.sp.gov.br\/novo\/contas-publicas-de-2015-tributos-arrecadados\">Tributos Arrecadados<\/a><\/td>\n<td style=\"border: 10px #fff solid; background-color: #dfdfdf; font-size: 20px; text-align: center; width: 323px;\"><a style=\"display: block; width: 100%; height: 30px; padding-top: 10px;\" href=\"https:\/\/www.orlandia.sp.gov.br\/novo\/contas-publicas-de-2015-relacao-mensal-de-compras\">Rela\u00e7\u00e3o Mensal de Compras<\/a><\/td>\n<td style=\"border: 10px #fff solid; background-color: #dfdfdf; font-size: 19px; text-align: center; width: 323px;\"><a style=\"display: block; width: 100%; height: 30px; padding-top: 10px;\" href=\"https:\/\/www.orlandia.sp.gov.br\/novo\/contas-publicas-de-2015-demonstrativo-da-receita-e-despesas\">Demonstrativo da Receita e Despesas<\/a><\/td>\n<\/tr>\n<tr style=\"height: 85px;\">\n<td style=\"border: 10px #fff solid; background-color: #dfdfdf; font-size: 20px; text-align: center; width: 323px;\"><a style=\"display: block; width: 100%; height: 30px; padding-top: 10px;\" href=\"https:\/\/www.orlandia.sp.gov.br\/novo\/contas-publicas-de-2015-l-r-f\">Lei de Responsabilidade Fiscal<\/a><\/td>\n<td style=\"border: 10px #fff solid; background-color: #dfdfdf; font-size: 20px; text-align: center; width: 323px;\"><a style=\"display: block; width: 100%; height: 30px; padding-top: 10px;\" href=\"https:\/\/www.orlandia.sp.gov.br\/novo\/contas-publicas-de-2015-demonstrativo-da-despesas-e-receitas-do-ensino\">Despesas e Receitas do Ensino<\/a><\/td>\n<\/tr>\n<\/tbody>\n<\/table>\n<p>[\/vc_column_text][\/vc_column][\/vc_row]<\/p>\n<\/div>","protected":false},"excerpt":{"rendered":"<p>[vc_row][vc_column][vc_column_text]Veja os Balancetes e os Balan\u00e7os Anuais da Prefeitura, consulte as licita\u00e7\u00f5es efetuadas pela Prefeitura e obtenha outras informa\u00e7\u00f5es sobre<\/p>\n","protected":false},"author":10,"featured_media":0,"parent":1446,"menu_order":0,"comment_status":"closed","ping_status":"closed","template":"","meta":{"ngg_post_thumbnail":0,"footnotes":""},"magazineBlocksPostFeaturedMedia":{"thumbnail":false,"medium":false,"medium_large":false,"large":false,"1536x1536":false,"2048x2048":false,"colormag-highlighted-post":false,"colormag-featured-post-medium":false,"colormag-featured-post-small":false,"colormag-featured-image":false,"colormag-default-news":false,"colormag-featured-image-large":false},"magazineBlocksPostAuthor":{"name":"Licita\u00e7\u00e3o","avatar":"https:\/\/secure.gravatar.com\/avatar\/510039dcf0c0f298820adcefb2dc032d?s=96&d=mm&r=g"},"magazineBlocksPostCommentsNumber":false,"magazineBlocksPostExcerpt":"[vc_row][vc_column][vc_column_text]Veja os Balancetes e os Balan\u00e7os Anuais da Prefeitura, consulte as licita\u00e7\u00f5es efetuadas pela Prefeitura e obtenha outras informa\u00e7\u00f5es sobre","magazineBlocksPostCategories":[],"_links":{"self":[{"href":"https:\/\/www.orlandia.sp.gov.br\/novo\/wp-json\/wp\/v2\/pages\/2793"}],"collection":[{"href":"https:\/\/www.orlandia.sp.gov.br\/novo\/wp-json\/wp\/v2\/pages"}],"about":[{"href":"https:\/\/www.orlandia.sp.gov.br\/novo\/wp-json\/wp\/v2\/types\/page"}],"author":[{"embeddable":true,"href":"https:\/\/www.orlandia.sp.gov.br\/novo\/wp-json\/wp\/v2\/users\/10"}],"replies":[{"embeddable":true,"href":"https:\/\/www.orlandia.sp.gov.br\/novo\/wp-json\/wp\/v2\/comments?post=2793"}],"version-history":[{"count":68,"href":"https:\/\/www.orlandia.sp.gov.br\/novo\/wp-json\/wp\/v2\/pages\/2793\/revisions"}],"predecessor-version":[{"id":39174,"href":"https:\/\/www.orlandia.sp.gov.br\/novo\/wp-json\/wp\/v2\/pages\/2793\/revisions\/39174"}],"up":[{"embeddable":true,"href":"https:\/\/www.orlandia.sp.gov.br\/novo\/wp-json\/wp\/v2\/pages\/1446"}],"wp:attachment":[{"href":"https:\/\/www.orlandia.sp.gov.br\/novo\/wp-json\/wp\/v2\/media?parent=2793"}],"curies":[{"name":"wp","href":"https:\/\/api.w.org\/{rel}","templated":true}]}}