{"id":2746,"date":"2014-02-20T11:07:40","date_gmt":"2014-02-20T14:07:40","guid":{"rendered":"https:\/\/www.orlandia.sp.gov.br\/novo\/?page_id=2746"},"modified":"2024-07-15T11:02:02","modified_gmt":"2024-07-15T14:02:02","slug":"contas-publicas-de-2014","status":"publish","type":"page","link":"https:\/\/www.orlandia.sp.gov.br\/novo\/servicos\/contas-publicas-2\/contas-publicas-de-2014","title":{"rendered":"Contas P\u00fablicas de 2014"},"content":{"rendered":"<div class=\"wpb-content-wrapper\"><p>[vc_row][vc_column][vc_column_text]<\/p>\n<p style=\"text-align: justify;\">Veja os Balancetes e os Balan\u00e7os Anuais da Prefeitura, consulte as licita\u00e7\u00f5es efetuadas pela Prefeitura e obtenha outras informa\u00e7\u00f5es sobre as contas municipais.<\/p>\n<p>[\/vc_column_text][\/vc_column][\/vc_row][vc_row][vc_column][vc_column_text css=&#8221;&#8221;]<\/p>\n<table style=\"width: 100%;\">\n<tbody>\n<tr style=\"height: 85px;\">\n<td style=\"border: 10px #fff solid; background-color: #dfdfdf; font-size: 20px; text-align: center;\"><a style=\"display: block; width: 100%; height: 30px; padding-top: 10px;\" href=\"https:\/\/www.orlandia.sp.gov.br\/novo\/contas-publicas-de-2014-ppa-ldo-loa\">PPA-LDO-LOA<\/a><\/td>\n<td style=\"border: 10px #fff solid; background-color: #dfdfdf; font-size: 20px; text-align: center;\"><a style=\"display: block; width: 100%; height: 30px; padding-top: 10px;\" href=\"https:\/\/www.orlandia.sp.gov.br\/novo\/contas-publicas-de-2014-subvencoes\">Subven\u00e7\u00f5es<\/a><\/td>\n<td style=\"border: 10px #fff solid; background-color: #dfdfdf; font-size: 20px; text-align: center;\"><a style=\"display: block; width: 100%; height: 30px; padding-top: 10px;\" href=\"https:\/\/www.orlandia.sp.gov.br\/novo\/contas-publicas-de-2014-lei-de-responsabilidade-fiscal\">Lei de Responsabilidade Fiscal<\/a><\/td>\n<\/tr>\n<tr style=\"height: 85px;\">\n<td style=\"border: 10px #fff solid; background-color: #dfdfdf; font-size: 20px; text-align: center;\"><a style=\"display: block; width: 100%; height: 30px; padding-top: 10px;\" href=\"https:\/\/www.orlandia.sp.gov.br\/novo\/contas-publicas-de-2014-receitas-e-despesas-do-ensino\">Receitas e Despesas do Ensino<\/a><\/td>\n<td style=\"border: 10px #fff solid; background-color: #dfdfdf; font-size: 20px; text-align: center;\"><a style=\"display: block; width: 100%; height: 30px; padding-top: 10px;\" href=\"https:\/\/www.orlandia.sp.gov.br\/novo\/contas-publicas-de-2014-recursos-recebidos\">Recursos Recebidos<\/a><\/td>\n<td style=\"border: 10px #fff solid; background-color: #dfdfdf; font-size: 20px; text-align: center;\"><a style=\"display: block; width: 100%; height: 30px; padding-top: 10px;\" href=\"https:\/\/www.orlandia.sp.gov.br\/novo\/contas-publicas-de-2014-tributos-arrecadados\">Tributos Arrecadados<\/a><\/td>\n<\/tr>\n<tr style=\"height: 85px;\">\n<td style=\"border: 10px #fff solid; background-color: #dfdfdf; font-size: 20px; text-align: center;\"><a style=\"display: block; width: 100%; height: 30px; padding-top: 10px;\" href=\"https:\/\/www.orlandia.sp.gov.br\/novo\/contas-publicas-de-2014-relacao-mensal-de-compras\">Rela\u00e7\u00e3o Mensal de Compras<\/a><\/td>\n<td style=\"border: 10px #fff solid; background-color: #dfdfdf; font-size: 20px; text-align: center;\"><a style=\"display: block; width: 100%; height: 30px; padding-top: 10px;\" href=\"https:\/\/www.orlandia.sp.gov.br\/novo\/contas-publicas-de-2014-demonstrativo-da-receita-e-despesa\">Demonstrativo da Receita e Despesa<\/a><\/td>\n<\/tr>\n<\/tbody>\n<\/table>\n<p>[\/vc_column_text][\/vc_column][\/vc_row]<\/p>\n<\/div>","protected":false},"excerpt":{"rendered":"<p>[vc_row][vc_column][vc_column_text] Veja os Balancetes e os Balan\u00e7os Anuais da Prefeitura, consulte as licita\u00e7\u00f5es efetuadas pela Prefeitura e obtenha outras informa\u00e7\u00f5es<\/p>\n","protected":false},"author":1,"featured_media":0,"parent":1446,"menu_order":0,"comment_status":"closed","ping_status":"closed","template":"","meta":{"ngg_post_thumbnail":0,"footnotes":""},"magazineBlocksPostFeaturedMedia":{"thumbnail":false,"medium":false,"medium_large":false,"large":false,"1536x1536":false,"2048x2048":false,"colormag-highlighted-post":false,"colormag-featured-post-medium":false,"colormag-featured-post-small":false,"colormag-featured-image":false,"colormag-default-news":false,"colormag-featured-image-large":false},"magazineBlocksPostAuthor":{"name":"admin","avatar":"https:\/\/secure.gravatar.com\/avatar\/5140b312f1bcbe8516bfaa79917f11b3?s=96&d=mm&r=g"},"magazineBlocksPostCommentsNumber":false,"magazineBlocksPostExcerpt":"[vc_row][vc_column][vc_column_text] Veja os Balancetes e os Balan\u00e7os Anuais da Prefeitura, consulte as licita\u00e7\u00f5es efetuadas pela Prefeitura e obtenha outras informa\u00e7\u00f5es","magazineBlocksPostCategories":[],"_links":{"self":[{"href":"https:\/\/www.orlandia.sp.gov.br\/novo\/wp-json\/wp\/v2\/pages\/2746"}],"collection":[{"href":"https:\/\/www.orlandia.sp.gov.br\/novo\/wp-json\/wp\/v2\/pages"}],"about":[{"href":"https:\/\/www.orlandia.sp.gov.br\/novo\/wp-json\/wp\/v2\/types\/page"}],"author":[{"embeddable":true,"href":"https:\/\/www.orlandia.sp.gov.br\/novo\/wp-json\/wp\/v2\/users\/1"}],"replies":[{"embeddable":true,"href":"https:\/\/www.orlandia.sp.gov.br\/novo\/wp-json\/wp\/v2\/comments?post=2746"}],"version-history":[{"count":79,"href":"https:\/\/www.orlandia.sp.gov.br\/novo\/wp-json\/wp\/v2\/pages\/2746\/revisions"}],"predecessor-version":[{"id":39172,"href":"https:\/\/www.orlandia.sp.gov.br\/novo\/wp-json\/wp\/v2\/pages\/2746\/revisions\/39172"}],"up":[{"embeddable":true,"href":"https:\/\/www.orlandia.sp.gov.br\/novo\/wp-json\/wp\/v2\/pages\/1446"}],"wp:attachment":[{"href":"https:\/\/www.orlandia.sp.gov.br\/novo\/wp-json\/wp\/v2\/media?parent=2746"}],"curies":[{"name":"wp","href":"https:\/\/api.w.org\/{rel}","templated":true}]}}