{"id":26366,"date":"2023-07-13T09:56:54","date_gmt":"2023-07-13T12:56:54","guid":{"rendered":"https:\/\/www.orlandia.sp.gov.br\/novo\/?page_id=26366"},"modified":"2024-01-08T13:56:04","modified_gmt":"2024-01-08T16:56:04","slug":"estudante-universitario","status":"publish","type":"page","link":"https:\/\/www.orlandia.sp.gov.br\/novo\/estudante-universitario","title":{"rendered":"Estudante Universit\u00e1rio"},"content":{"rendered":"<p><strong>ATEN\u00c7\u00c3O:<\/strong>\u00a0&#8220;O pr\u00e9 cadastro estar\u00e1 dispon\u00edvel no per\u00edodo de 15 de janeiro a 19 de janeiro de 2024, LEMBRANDO QUE, ap\u00f3s o pr\u00e9 cadastro o candidato dever\u00e1 se apresentar na secretaria municipal de educa\u00e7\u00e3o em igual per\u00edodo, das 9h \u00e0s 11h &#8211; das 13h30min \u00e0s 16h pra devida efetiva\u00e7\u00e3o e emiss\u00e3o da carteirinha de estudante.&#8221;<\/p>\n<p><strong>&gt;&gt;&gt;\u00a0<a href=\"https:\/\/www.orlandia.sp.gov.br\/novo\/wp-content\/uploads\/2023\/07\/Dec-5258_23-Altera-o-Decreto-4740_2018.pdf\" target=\"_blank\">Decreto 5258 23(Altera o Decreto 4740 2018)<\/a>\u00a0<\/strong><\/p>\n<p><strong>&gt;&gt;&gt;\u00a0<a href=\"https:\/\/www.orlandia.sp.gov.br\/novo\/wp-content\/uploads\/2023\/07\/Dec_4740_18-Regulamento-Transporte-de-Estudantes_2018-1.pdf\" target=\"_blank\">Decreto 4740 18(Regulamento Transporte De Estudantes 2018)<\/a><\/strong><\/p>\n<p><strong>&gt;&gt;&gt; <a href=\"https:\/\/www.orlandia.sp.gov.br\/novo\/wp-content\/uploads\/2023\/07\/Dec-5320_24-Gratuidade-da-Tarifa-Transporte-de-Estudantes_1-semestre_2024.pdf\">Dec 5320_24 (Gratuidade da Tarifa Transporte de Estudantes_1 semestre_2024)<\/a><\/strong><\/p>\n<p><strong>&gt;&gt;&gt;\u00a0<a href=\"https:\/\/www.orlandia.sp.gov.br\/novo\/wp-content\/uploads\/2023\/07\/Lei-4350_2023-Altera-Lei-4019_2015_Transporte-Universit\u00e1rio.pdf\" target=\"_blank\">Lei 4350\u00a0 2023(Altera Lei 4019\u00a0 2015\u00a0 Transporte Universit\u00e1rio)<\/a><\/strong><\/p>\n<p><strong>&gt;&gt;&gt;\u00a0<a href=\"https:\/\/www.orlandia.sp.gov.br\/novo\/wp-content\/uploads\/2023\/07\/Requerimento-transporte-intermunicipal.pdf\" target=\"_blank\">Requerimento &#8211; Transporte Intermunicipal<\/a><\/strong><\/p>\n<p><strong>&gt;&gt;&gt;\u00a0<a href=\"https:\/\/lista-espera-online.betha.cloud\/#\/eyJkYXRhYmFzZUlkIjozODExLCJlbnRpdHlJZCI6NDAyMCwiYW5vTGV0aXZvIjoxMDQ2Mn0=\">Pr\u00e9 &#8211; Cadastro<\/a><\/strong><\/p>\n<p><strong>&gt;&gt;&gt;\u00a0<a href=\"https:\/\/www.orlandia.sp.gov.br\/novo\/formulario-estudantil\">Envio de documentos<\/a>\u00a0<\/strong><\/p>\n<p>&nbsp;<\/p>\n","protected":false},"excerpt":{"rendered":"<p>ATEN\u00c7\u00c3O:\u00a0&#8220;O pr\u00e9 cadastro estar\u00e1 dispon\u00edvel no per\u00edodo de 15 de janeiro a 19 de janeiro de 2024, LEMBRANDO QUE, ap\u00f3s<\/p>\n","protected":false},"author":1,"featured_media":0,"parent":0,"menu_order":0,"comment_status":"closed","ping_status":"closed","template":"","meta":{"ngg_post_thumbnail":0,"footnotes":""},"magazineBlocksPostFeaturedMedia":{"thumbnail":false,"medium":false,"medium_large":false,"large":false,"1536x1536":false,"2048x2048":false,"colormag-highlighted-post":false,"colormag-featured-post-medium":false,"colormag-featured-post-small":false,"colormag-featured-image":false,"colormag-default-news":false,"colormag-featured-image-large":false},"magazineBlocksPostAuthor":{"name":"admin","avatar":"https:\/\/secure.gravatar.com\/avatar\/5140b312f1bcbe8516bfaa79917f11b3?s=96&d=mm&r=g"},"magazineBlocksPostCommentsNumber":false,"magazineBlocksPostExcerpt":"ATEN\u00c7\u00c3O:\u00a0&#8220;O pr\u00e9 cadastro estar\u00e1 dispon\u00edvel no per\u00edodo de 15 de janeiro a 19 de janeiro de 2024, LEMBRANDO QUE, ap\u00f3s","magazineBlocksPostCategories":[],"_links":{"self":[{"href":"https:\/\/www.orlandia.sp.gov.br\/novo\/wp-json\/wp\/v2\/pages\/26366"}],"collection":[{"href":"https:\/\/www.orlandia.sp.gov.br\/novo\/wp-json\/wp\/v2\/pages"}],"about":[{"href":"https:\/\/www.orlandia.sp.gov.br\/novo\/wp-json\/wp\/v2\/types\/page"}],"author":[{"embeddable":true,"href":"https:\/\/www.orlandia.sp.gov.br\/novo\/wp-json\/wp\/v2\/users\/1"}],"replies":[{"embeddable":true,"href":"https:\/\/www.orlandia.sp.gov.br\/novo\/wp-json\/wp\/v2\/comments?post=26366"}],"version-history":[{"count":12,"href":"https:\/\/www.orlandia.sp.gov.br\/novo\/wp-json\/wp\/v2\/pages\/26366\/revisions"}],"predecessor-version":[{"id":34744,"href":"https:\/\/www.orlandia.sp.gov.br\/novo\/wp-json\/wp\/v2\/pages\/26366\/revisions\/34744"}],"wp:attachment":[{"href":"https:\/\/www.orlandia.sp.gov.br\/novo\/wp-json\/wp\/v2\/media?parent=26366"}],"curies":[{"name":"wp","href":"https:\/\/api.w.org\/{rel}","templated":true}]}}