{"id":24214,"date":"2022-11-30T16:50:55","date_gmt":"2022-11-30T19:50:55","guid":{"rendered":"https:\/\/www.orlandia.sp.gov.br\/novo\/?page_id=24214"},"modified":"2023-01-02T13:29:01","modified_gmt":"2023-01-02T16:29:01","slug":"jornal-oficial-de-orlandia-dezembro-de-2022","status":"publish","type":"page","link":"https:\/\/www.orlandia.sp.gov.br\/novo\/jornal-oficial-de-orlandia-dezembro-de-2022","title":{"rendered":"Jornal Oficial de Orl\u00e2ndia \u2013 Dezembro de 2022"},"content":{"rendered":"<p><strong><a href=\"https:\/\/imprensaoficialmunicipal.com.br\/orlandia\" target=\"_blank\">Clique aqui<\/a><\/strong> para Acessar as Edi\u00e7\u00f5es de Dezembro<\/p>\n<p>&nbsp;<\/p>\n<p><a href=\"https:\/\/www.orlandia.sp.gov.br\/novo\/wp-content\/uploads\/2022\/11\/Edi\u00e7\u00e3o-1484-de-29-de-Dezembro-de-2022-Edi\u00e7\u00e3o-Extraordin\u00e1ria.pdf\">&gt;&gt;\u00a0 Edi\u00e7\u00e3o 1484 de 29 de Dezembro de 2022 &#8211; Edi\u00e7\u00e3o Extraordin\u00e1ria<\/a><\/p>\n<p><a href=\"https:\/\/www.orlandia.sp.gov.br\/novo\/wp-content\/uploads\/2022\/11\/Edi\u00e7\u00e3o-1483-de-28-de-Dezembro-de-2022-Edi\u00e7\u00e3o-Extraordin\u00e1ria.pdf\">&gt;&gt;\u00a0 Edi\u00e7\u00e3o 1483 de 28 de Dezembro de 2022 &#8211; Edi\u00e7\u00e3o Extraordin\u00e1ria<\/a><\/p>\n<p><a href=\"https:\/\/www.orlandia.sp.gov.br\/novo\/wp-content\/uploads\/2022\/11\/Edi\u00e7\u00e3o-1482-de-27-de-Dezembro-de-2022.pdf\">&gt;&gt;\u00a0 Edi\u00e7\u00e3o 1482 de 27 de Dezembro de 2022<\/a><\/p>\n<p><a href=\"https:\/\/www.orlandia.sp.gov.br\/novo\/wp-content\/uploads\/2022\/11\/Edi\u00e7\u00e3o-1481-de-26-de-Dezembro-de-2022-Edi\u00e7\u00e3o-Extraordin\u00e1ria.pdf\">&gt;&gt;\u00a0 Edi\u00e7\u00e3o 1481 de 26 de Dezembro de 2022 &#8211; Edi\u00e7\u00e3o Extraordin\u00e1ria<\/a><\/p>\n<p><a href=\"https:\/\/www.orlandia.sp.gov.br\/novo\/wp-content\/uploads\/2022\/11\/Edi\u00e7\u00e3o-1480-de-23-de-Dezembro-de-2022.pdf\">&gt;&gt;\u00a0 Edi\u00e7\u00e3o 1480 de 23 de Dezembro de 2022<\/a><\/p>\n<p><a href=\"https:\/\/www.orlandia.sp.gov.br\/novo\/wp-content\/uploads\/2022\/11\/Edi\u00e7\u00e3o-1479-de-22-de-Dezembro-de-2022-Edi\u00e7\u00e3o-Extraordin\u00e1ria.pdf\">&gt;&gt;\u00a0 Edi\u00e7\u00e3o 1479 de 22 de Dezembro de 2022 &#8211; Edi\u00e7\u00e3o Extraordin\u00e1ria<\/a><\/p>\n<p><a href=\"https:\/\/www.orlandia.sp.gov.br\/novo\/wp-content\/uploads\/2022\/11\/Edi\u00e7\u00e3o-1478-de-21-de-Dezembro-de-2022-Edi\u00e7\u00e3o-Extraordin\u00e1ria.pdf\">&gt;&gt;\u00a0 Edi\u00e7\u00e3o 1478 de 21 de Dezembro de 2022 &#8211; Edi\u00e7\u00e3o Extraordin\u00e1ria<\/a><\/p>\n<p><a href=\"https:\/\/www.orlandia.sp.gov.br\/novo\/wp-content\/uploads\/2022\/11\/Edi\u00e7\u00e3o-1477-de-20-de-Dezembro-de-2022.pdf\">&gt;&gt;\u00a0 Edi\u00e7\u00e3o 1477 de 20 de Dezembro de 2022<\/a><\/p>\n<p><a href=\"https:\/\/www.orlandia.sp.gov.br\/novo\/wp-content\/uploads\/2022\/11\/Edi\u00e7\u00e3o-1476-de-19-de-Dezembro-de-2022-Edi\u00e7\u00e3o-Extraordin\u00e1ria.pdf\">&gt;&gt;\u00a0 Edi\u00e7\u00e3o 1476 de 19 de Dezembro de 2022 &#8211; Edi\u00e7\u00e3o Extraordin\u00e1ria<\/a><\/p>\n<p><a href=\"https:\/\/www.orlandia.sp.gov.br\/novo\/wp-content\/uploads\/2022\/11\/Edi\u00e7\u00e3o-1475-de-16-de-Dezembro-de-2022.pdf\">&gt;&gt;\u00a0 Edi\u00e7\u00e3o 1475 de 16 de Dezembro de 2022<\/a><\/p>\n<p><a href=\"https:\/\/www.orlandia.sp.gov.br\/novo\/wp-content\/uploads\/2022\/11\/Edi\u00e7\u00e3o-1474-de-15-de-Dezembro-de-2022-Edi\u00e7\u00e3o-Extraordin\u00e1ria.pdf\">&gt;&gt;\u00a0 Edi\u00e7\u00e3o 1474 de 15 de Dezembro de 2022 &#8211; Edi\u00e7\u00e3o Extraordin\u00e1ria<\/a><\/p>\n<p><a href=\"https:\/\/www.orlandia.sp.gov.br\/novo\/wp-content\/uploads\/2022\/11\/Edi\u00e7\u00e3o-1473-de-14-de-Dezembro-de-2022-Edi\u00e7\u00e3o-Extraordin\u00e1ria.pdf\">&gt;&gt;\u00a0 Edi\u00e7\u00e3o 1473 de 14 de Dezembro de 2022 &#8211; Edi\u00e7\u00e3o Extraordin\u00e1ria<\/a><\/p>\n<p><a href=\"https:\/\/www.orlandia.sp.gov.br\/novo\/wp-content\/uploads\/2022\/11\/Edi\u00e7\u00e3o-1472-de-13-de-Dezembro-de-2022-Edi\u00e7\u00e3o-Extraordin\u00e1ria.pdf\">&gt;&gt;\u00a0\u00a0 Edi\u00e7\u00e3o 1472 de 13 de Dezembro de 2022 &#8211; Edi\u00e7\u00e3o Extraordin\u00e1ria<\/a><\/p>\n<p><a href=\"https:\/\/www.orlandia.sp.gov.br\/novo\/wp-content\/uploads\/2022\/11\/Edi\u00e7\u00e3o-1471-de-12-de-Dezembro-de-2022-Edi\u00e7\u00e3o-Extraordin\u00e1ria.pdf\">&gt;&gt;\u00a0\u00a0 Edi\u00e7\u00e3o 1471 de 12 de Dezembro de 2022 &#8211; Edi\u00e7\u00e3o Extraordin\u00e1ria<\/a><\/p>\n<p><a href=\"https:\/\/www.orlandia.sp.gov.br\/novo\/wp-content\/uploads\/2022\/11\/Edi\u00e7\u00e3o-1470-de-09-de-Dezembro-de-2022.pdf\">&gt;&gt;\u00a0\u00a0 Edi\u00e7\u00e3o 1470 de 09 de Dezembro de 2022<\/a><\/p>\n<p><a href=\"https:\/\/www.orlandia.sp.gov.br\/novo\/wp-content\/uploads\/2022\/11\/Edi\u00e7\u00e3o-1469-de-08-de-Dezembro-de-2022-Edi\u00e7\u00e3o-Extraordin\u00e1ria.pdf\">&gt;&gt;\u00a0\u00a0 Edi\u00e7\u00e3o 1469 de 08 de Dezembro de 2022 &#8211; Edi\u00e7\u00e3o Extraordin\u00e1ria<\/a><\/p>\n<p><a href=\"https:\/\/www.orlandia.sp.gov.br\/novo\/wp-content\/uploads\/2022\/11\/Edi\u00e7\u00e3o-1468-de-07-de-Dezembro-de-2022-Edi\u00e7\u00e3o-Extraordin\u00e1ria.pdf\">&gt;&gt;\u00a0\u00a0 Edi\u00e7\u00e3o 1468 de 07 de Dezembro de 2022 &#8211; Edi\u00e7\u00e3o Extraordin\u00e1ria<\/a><\/p>\n<p><a href=\"https:\/\/www.orlandia.sp.gov.br\/novo\/wp-content\/uploads\/2022\/11\/Edi\u00e7\u00e3o-1467-de-06-de-Dezembro-de-2022.pdf\">&gt;&gt;\u00a0\u00a0 Edi\u00e7\u00e3o 1467 de 06 de Dezembro de 2022<\/a><\/p>\n<p><a href=\"https:\/\/www.orlandia.sp.gov.br\/novo\/wp-content\/uploads\/2022\/11\/Edi\u00e7\u00e3o-1466-de-05-de-Dezembro-de-2022-Edi\u00e7\u00e3o-Extraordin\u00e1ria.pdf\">&gt;&gt;\u00a0\u00a0 Edi\u00e7\u00e3o 1466 de 05 de Dezembro de 2022 &#8211; Edi\u00e7\u00e3o Extraordin\u00e1ria<\/a><\/p>\n<p><a href=\"https:\/\/www.orlandia.sp.gov.br\/novo\/wp-content\/uploads\/2022\/11\/Edi\u00e7\u00e3o-1465-de-02-de-Dezembro-de-2022.pdf\">&gt;&gt;\u00a0\u00a0 Edi\u00e7\u00e3o 1465 de 02 de Dezembro de 2022<\/a><\/p>\n<p><a href=\"https:\/\/www.orlandia.sp.gov.br\/novo\/wp-content\/uploads\/2022\/11\/Edi\u00e7\u00e3o-1464-de-01-de-Dezembro-de-2022-Edi\u00e7\u00e3o-Extraordin\u00e1ria.pdf\">&gt;&gt;\u00a0\u00a0 Edi\u00e7\u00e3o 1464 de 01 de Dezembro de 2022 &#8211; Edi\u00e7\u00e3o Extraordin\u00e1ria<\/a><\/p>\n","protected":false},"excerpt":{"rendered":"<p>Clique aqui para Acessar as Edi\u00e7\u00f5es de Dezembro &nbsp; &gt;&gt;\u00a0 Edi\u00e7\u00e3o 1484 de 29 de Dezembro de 2022 &#8211; Edi\u00e7\u00e3o<\/p>\n","protected":false},"author":1,"featured_media":0,"parent":0,"menu_order":0,"comment_status":"closed","ping_status":"closed","template":"","meta":{"ngg_post_thumbnail":0,"footnotes":""},"magazineBlocksPostFeaturedMedia":{"thumbnail":false,"medium":false,"medium_large":false,"large":false,"1536x1536":false,"2048x2048":false,"colormag-highlighted-post":false,"colormag-featured-post-medium":false,"colormag-featured-post-small":false,"colormag-featured-image":false,"colormag-default-news":false,"colormag-featured-image-large":false},"magazineBlocksPostAuthor":{"name":"admin","avatar":"https:\/\/secure.gravatar.com\/avatar\/5140b312f1bcbe8516bfaa79917f11b3?s=96&d=mm&r=g"},"magazineBlocksPostCommentsNumber":false,"magazineBlocksPostExcerpt":"Clique aqui para Acessar as Edi\u00e7\u00f5es de Dezembro &nbsp; &gt;&gt;\u00a0 Edi\u00e7\u00e3o 1484 de 29 de Dezembro de 2022 &#8211; Edi\u00e7\u00e3o","magazineBlocksPostCategories":[],"_links":{"self":[{"href":"https:\/\/www.orlandia.sp.gov.br\/novo\/wp-json\/wp\/v2\/pages\/24214"}],"collection":[{"href":"https:\/\/www.orlandia.sp.gov.br\/novo\/wp-json\/wp\/v2\/pages"}],"about":[{"href":"https:\/\/www.orlandia.sp.gov.br\/novo\/wp-json\/wp\/v2\/types\/page"}],"author":[{"embeddable":true,"href":"https:\/\/www.orlandia.sp.gov.br\/novo\/wp-json\/wp\/v2\/users\/1"}],"replies":[{"embeddable":true,"href":"https:\/\/www.orlandia.sp.gov.br\/novo\/wp-json\/wp\/v2\/comments?post=24214"}],"version-history":[{"count":4,"href":"https:\/\/www.orlandia.sp.gov.br\/novo\/wp-json\/wp\/v2\/pages\/24214\/revisions"}],"predecessor-version":[{"id":24440,"href":"https:\/\/www.orlandia.sp.gov.br\/novo\/wp-json\/wp\/v2\/pages\/24214\/revisions\/24440"}],"wp:attachment":[{"href":"https:\/\/www.orlandia.sp.gov.br\/novo\/wp-json\/wp\/v2\/media?parent=24214"}],"curies":[{"name":"wp","href":"https:\/\/api.w.org\/{rel}","templated":true}]}}