{"id":23656,"date":"2022-09-20T15:55:08","date_gmt":"2022-09-20T18:55:08","guid":{"rendered":"https:\/\/www.orlandia.sp.gov.br\/novo\/?page_id=23656"},"modified":"2023-05-12T14:27:50","modified_gmt":"2023-05-12T17:27:50","slug":"projeto-simplificado-do-contorno-2022","status":"publish","type":"page","link":"https:\/\/www.orlandia.sp.gov.br\/novo\/projeto-simplificado-do-contorno-2022","title":{"rendered":"Projeto simplificado do contorno 2022"},"content":{"rendered":"<p><a href=\"https:\/\/www.orlandia.sp.gov.br\/novo\/wp-content\/uploads\/2022\/09\/Decreto-5157-2022.pdf\">&gt;&gt;\u00a0 Decreto 5157-2022<\/a><\/p>\n<p><a href=\"https:\/\/www.orlandia.sp.gov.br\/novo\/wp-content\/uploads\/2022\/09\/FORMUL\u00c1RIO-I_REQUERIMENTO-Dec_5082_21-Projeto-Simplificado-.docx\">&gt;&gt;\u00a0 FORMUL\u00c1RIO-I_REQUERIMENTO-Dec_5082_21-Projeto-Simplificado<\/a><\/p>\n<p><a href=\"https:\/\/www.orlandia.sp.gov.br\/novo\/wp-content\/uploads\/2022\/09\/FORMUL\u00c1RIO-II-A_DECLARA\u00c7\u00c3O-DE-PROCED\u00caNCIA-DA-MADEIRA-UTILIZADA-NA-OBRA-Dec_5082_21-Projeto-Simplificado-.docx\">&gt;&gt;\u00a0 FORMUL\u00c1RIO-II-A_DECLARA\u00c7\u00c3O-DE-PROCED\u00caNCIA-DA-MADEIRA-UTILIZADA-NA-OBRA-Dec_5082_21-Projeto-Simplificado<\/a><\/p>\n<p><a href=\"https:\/\/www.orlandia.sp.gov.br\/novo\/wp-content\/uploads\/2022\/09\/FORMUL\u00c1RIO-II-B_DECLARA\u00c7\u00c3O-DE-PROCED\u00caNCIA-DA-MADEIRA-UTILIZADA-NA-OBRA-Dec_5082_21-Projeto-Simplificado-Copia.docx\">&gt;&gt;\u00a0 FORMUL\u00c1RIO-II-B_DECLARA\u00c7\u00c3O-DE-PROCED\u00caNCIA-DA-MADEIRA-UTILIZADA-NA-OBRA-Dec_5082_21-Projeto-Simplificado<\/a><\/p>\n<p><a href=\"https:\/\/www.orlandia.sp.gov.br\/novo\/wp-content\/uploads\/2022\/09\/FORMUL\u00c1RIO-II-C_DECLARA\u00c7\u00c3O-DE-PROCED\u00caNCIA-DA-MADEIRA-UTILIZADA-NA-OBRA-Dec_5082_21-Projeto-Simplificado-Copia.docx\">&gt;&gt;\u00a0 FORMUL\u00c1RIO-II-C_DECLARA\u00c7\u00c3O-DE-PROCED\u00caNCIA-DA-MADEIRA-UTILIZADA-NA-OBRA-Dec_5082_21-Projeto-Simplificado<\/a><\/p>\n<p><a href=\"https:\/\/www.orlandia.sp.gov.br\/novo\/wp-content\/uploads\/2022\/09\/FORMUL\u00c1RIO-II-D_DECLARA\u00c7\u00c3O-DE-PROCED\u00caNCIA-DA-MADEIRA-UTILIZADA-NA-OBRA-Dec_5082_21-Projeto-Simplificado-Copia.docx\">&gt;&gt;\u00a0 FORMUL\u00c1RIO-II-D_DECLARA\u00c7\u00c3O-DE-PROCED\u00caNCIA-DA-MADEIRA-UTILIZADA-NA-OBRA-Dec_5082_21-Projeto-Simplificado<\/a><\/p>\n<p><a href=\"https:\/\/www.orlandia.sp.gov.br\/novo\/wp-content\/uploads\/2022\/09\/FORMUL\u00c1RIO-III_-TERMO-DE-RESPONSABILIDADE-Dec_5082_21-Projeto-Simplificado-.docx\">&gt;&gt;\u00a0 FORMUL\u00c1RIO-III_-TERMO-DE-RESPONSABILIDADE-Dec_5082_21-Projeto-Simplificado<\/a><\/p>\n<p><a href=\"https:\/\/www.orlandia.sp.gov.br\/novo\/wp-content\/uploads\/2022\/09\/FORMUL\u00c1RIO-IV_ORIENTA\u00c7\u00d5ES-PARA-ELABORA\u00c7\u00c3O-DO-PROJETO-SIMPLIFICADO-DE-CONTORNO-Dec_5082_21-Projeto-Simplificado-.docx\">&gt;&gt;\u00a0 FORMUL\u00c1RIO-IV_ORIENTA\u00c7\u00d5ES-PARA-ELABORA\u00c7\u00c3O-DO-PROJETO-SIMPLIFICADO-DE-CONTORNO-Dec_5082_21-Projeto-Simplificado<\/a><\/p>\n<p><a href=\"https:\/\/www.orlandia.sp.gov.br\/novo\/wp-content\/uploads\/2022\/09\/FORMUL\u00c1RIO-V_REQUERIMENTO-DE-\u201cHABITE-SE\u201d-E-TERMO-DE-RESPONSABILIDADE-Dec_5082_21-Projeto-Simplificado-.docx\">&gt;&gt;\u00a0 FORMUL\u00c1RIO-V_REQUERIMENTO-DE-\u201cHABITE-SE\u201d-E-TERMO-DE-RESPONSABILIDADE-Dec_5082_21-Projeto-Simplificado<\/a><\/p>\n<p><a href=\"https:\/\/www.orlandia.sp.gov.br\/novo\/wp-content\/uploads\/2022\/09\/FORMUL\u00c1RIO-VI_DECLARA\u00c7\u00c3O-DE-CONSTRU\u00c7\u00c3O.docx\">&gt;&gt;\u00a0 FORMUL\u00c1RIO- VI_DECLARA\u00c7\u00c3O -DE-CONSTRU\u00c7\u00c3O<\/a><\/p>\n<p><a href=\"https:\/\/www.orlandia.sp.gov.br\/novo\/wp-content\/uploads\/2022\/09\/FORMUL\u00c1RIO-VII_DECLARA\u00c7\u00c3O-DE-RECUOS.docx\">&gt;&gt;\u00a0 FORMUL\u00c1RIO- VII_DECLARA\u00c7\u00c3O-DE-RECUOS<\/a><\/p>\n<p><a href=\"https:\/\/www.orlandia.sp.gov.br\/novo\/wp-content\/uploads\/2022\/09\/FORMUL\u00c1RIO-VIII_ESTATUTO-DO-IDOSO.docx\">&gt;&gt;\u00a0 FORMUL\u00c1RIO VIII_ESTATUTO-DO-IDOSO<\/a><\/p>\n<p><a href=\"https:\/\/www.orlandia.sp.gov.br\/novo\/wp-content\/uploads\/2022\/09\/Projeto-Modelo-Dec_5082_21-e-5157_2022-Modelo.pdf\">&gt;&gt;\u00a0 Projeto Modelo &#8211; Dec_5082_21 e 5157_2022-Modelo<\/a><\/p>\n<p><a href=\"https:\/\/www.orlandia.sp.gov.br\/novo\/wp-content\/uploads\/2023\/05\/CHECKLIST-CONSTRU\u00c7\u00c3O-REFORMA-E-AMPLIA\u00c7\u00c3O.xls\">&gt;&gt;\u00a0 CHECKLIST &#8211; CONSTRU\u00c7\u00c3O, REFORMA E AMPLIA\u00c7\u00c3O<\/a><\/p>\n<p><a href=\"https:\/\/www.orlandia.sp.gov.br\/novo\/wp-content\/uploads\/2023\/05\/CHECKLIST-REGULARIZA\u00c7\u00c3O-DE-ACORDO-COM-O-C\u00d3DIGO-SANIT\u00c1RIO.xls\">&gt;&gt;\u00a0 CHECKLIST &#8211; REGULARIZA\u00c7\u00c3O DE ACORDO COM O C\u00d3DIGO SANIT\u00c1RIO<\/a><\/p>\n<p><a href=\"https:\/\/www.orlandia.sp.gov.br\/novo\/wp-content\/uploads\/2023\/05\/CHECKLIST-REGULARIZA\u00c7\u00c3O-EM-DESACORDO-COM-O-C\u00d3DIGO-SANIT\u00c1RIO.xls\">&gt;&gt;\u00a0 CHECKLIST &#8211; REGULARIZA\u00c7\u00c3O EM DESACORDO COM O C\u00d3DIGO SANIT\u00c1RIO<\/a><\/p>\n<p>&nbsp;<\/p>\n<p>&nbsp;<\/p>\n","protected":false},"excerpt":{"rendered":"<p>&gt;&gt;\u00a0 Decreto 5157-2022 &gt;&gt;\u00a0 FORMUL\u00c1RIO-I_REQUERIMENTO-Dec_5082_21-Projeto-Simplificado &gt;&gt;\u00a0 FORMUL\u00c1RIO-II-A_DECLARA\u00c7\u00c3O-DE-PROCED\u00caNCIA-DA-MADEIRA-UTILIZADA-NA-OBRA-Dec_5082_21-Projeto-Simplificado &gt;&gt;\u00a0 FORMUL\u00c1RIO-II-B_DECLARA\u00c7\u00c3O-DE-PROCED\u00caNCIA-DA-MADEIRA-UTILIZADA-NA-OBRA-Dec_5082_21-Projeto-Simplificado &gt;&gt;\u00a0 FORMUL\u00c1RIO-II-C_DECLARA\u00c7\u00c3O-DE-PROCED\u00caNCIA-DA-MADEIRA-UTILIZADA-NA-OBRA-Dec_5082_21-Projeto-Simplificado &gt;&gt;\u00a0 FORMUL\u00c1RIO-II-D_DECLARA\u00c7\u00c3O-DE-PROCED\u00caNCIA-DA-MADEIRA-UTILIZADA-NA-OBRA-Dec_5082_21-Projeto-Simplificado &gt;&gt;\u00a0 FORMUL\u00c1RIO-III_-TERMO-DE-RESPONSABILIDADE-Dec_5082_21-Projeto-Simplificado &gt;&gt;\u00a0 FORMUL\u00c1RIO-IV_ORIENTA\u00c7\u00d5ES-PARA-ELABORA\u00c7\u00c3O-DO-PROJETO-SIMPLIFICADO-DE-CONTORNO-Dec_5082_21-Projeto-Simplificado &gt;&gt;\u00a0 FORMUL\u00c1RIO-V_REQUERIMENTO-DE-\u201cHABITE-SE\u201d-E-TERMO-DE-RESPONSABILIDADE-Dec_5082_21-Projeto-Simplificado &gt;&gt;\u00a0<\/p>\n","protected":false},"author":1,"featured_media":0,"parent":0,"menu_order":0,"comment_status":"closed","ping_status":"closed","template":"","meta":{"ngg_post_thumbnail":0,"footnotes":""},"magazineBlocksPostFeaturedMedia":{"thumbnail":false,"medium":false,"medium_large":false,"large":false,"1536x1536":false,"2048x2048":false,"colormag-highlighted-post":false,"colormag-featured-post-medium":false,"colormag-featured-post-small":false,"colormag-featured-image":false,"colormag-default-news":false,"colormag-featured-image-large":false},"magazineBlocksPostAuthor":{"name":"admin","avatar":"https:\/\/secure.gravatar.com\/avatar\/5140b312f1bcbe8516bfaa79917f11b3?s=96&d=mm&r=g"},"magazineBlocksPostCommentsNumber":false,"magazineBlocksPostExcerpt":"&gt;&gt;\u00a0 Decreto 5157-2022 &gt;&gt;\u00a0 FORMUL\u00c1RIO-I_REQUERIMENTO-Dec_5082_21-Projeto-Simplificado &gt;&gt;\u00a0 FORMUL\u00c1RIO-II-A_DECLARA\u00c7\u00c3O-DE-PROCED\u00caNCIA-DA-MADEIRA-UTILIZADA-NA-OBRA-Dec_5082_21-Projeto-Simplificado &gt;&gt;\u00a0 FORMUL\u00c1RIO-II-B_DECLARA\u00c7\u00c3O-DE-PROCED\u00caNCIA-DA-MADEIRA-UTILIZADA-NA-OBRA-Dec_5082_21-Projeto-Simplificado &gt;&gt;\u00a0 FORMUL\u00c1RIO-II-C_DECLARA\u00c7\u00c3O-DE-PROCED\u00caNCIA-DA-MADEIRA-UTILIZADA-NA-OBRA-Dec_5082_21-Projeto-Simplificado &gt;&gt;\u00a0 FORMUL\u00c1RIO-II-D_DECLARA\u00c7\u00c3O-DE-PROCED\u00caNCIA-DA-MADEIRA-UTILIZADA-NA-OBRA-Dec_5082_21-Projeto-Simplificado &gt;&gt;\u00a0 FORMUL\u00c1RIO-III_-TERMO-DE-RESPONSABILIDADE-Dec_5082_21-Projeto-Simplificado &gt;&gt;\u00a0 FORMUL\u00c1RIO-IV_ORIENTA\u00c7\u00d5ES-PARA-ELABORA\u00c7\u00c3O-DO-PROJETO-SIMPLIFICADO-DE-CONTORNO-Dec_5082_21-Projeto-Simplificado &gt;&gt;\u00a0 FORMUL\u00c1RIO-V_REQUERIMENTO-DE-\u201cHABITE-SE\u201d-E-TERMO-DE-RESPONSABILIDADE-Dec_5082_21-Projeto-Simplificado &gt;&gt;\u00a0","magazineBlocksPostCategories":[],"_links":{"self":[{"href":"https:\/\/www.orlandia.sp.gov.br\/novo\/wp-json\/wp\/v2\/pages\/23656"}],"collection":[{"href":"https:\/\/www.orlandia.sp.gov.br\/novo\/wp-json\/wp\/v2\/pages"}],"about":[{"href":"https:\/\/www.orlandia.sp.gov.br\/novo\/wp-json\/wp\/v2\/types\/page"}],"author":[{"embeddable":true,"href":"https:\/\/www.orlandia.sp.gov.br\/novo\/wp-json\/wp\/v2\/users\/1"}],"replies":[{"embeddable":true,"href":"https:\/\/www.orlandia.sp.gov.br\/novo\/wp-json\/wp\/v2\/comments?post=23656"}],"version-history":[{"count":6,"href":"https:\/\/www.orlandia.sp.gov.br\/novo\/wp-json\/wp\/v2\/pages\/23656\/revisions"}],"predecessor-version":[{"id":25775,"href":"https:\/\/www.orlandia.sp.gov.br\/novo\/wp-json\/wp\/v2\/pages\/23656\/revisions\/25775"}],"wp:attachment":[{"href":"https:\/\/www.orlandia.sp.gov.br\/novo\/wp-json\/wp\/v2\/media?parent=23656"}],"curies":[{"name":"wp","href":"https:\/\/api.w.org\/{rel}","templated":true}]}}