{"id":23410,"date":"2022-09-01T14:53:25","date_gmt":"2022-09-01T17:53:25","guid":{"rendered":"https:\/\/www.orlandia.sp.gov.br\/novo\/?page_id=23410"},"modified":"2022-10-03T09:10:55","modified_gmt":"2022-10-03T12:10:55","slug":"jornal-oficial-de-orlandia-setembro-de-2022","status":"publish","type":"page","link":"https:\/\/www.orlandia.sp.gov.br\/novo\/jornal-oficial-de-orlandia-setembro-de-2022","title":{"rendered":"Jornal Oficial de Orl\u00e2ndia \u2013 Setembro de 2022"},"content":{"rendered":"<p><strong><a href=\"https:\/\/imprensaoficialmunicipal.com.br\/orlandia\" target=\"_blank\">Clique aqui<\/a><\/strong> para Acessar as Edi\u00e7\u00f5es de Setembro<\/p>\n<p>&nbsp;<\/p>\n<p><strong><a href=\"https:\/\/www.orlandia.sp.gov.br\/novo\/wp-content\/uploads\/2022\/09\/Edi\u00e7\u00e3o-1426-de-30-de-Setembro-de-2022.pdf\">&gt;&gt;\u00a0 Edi\u00e7\u00e3o 1426 de 30 de Setembro de 2022<\/a><\/strong><\/p>\n<p><strong><a href=\"https:\/\/www.orlandia.sp.gov.br\/novo\/wp-content\/uploads\/2022\/09\/Edi\u00e7\u00e3o-1425-de-29-de-Setembro-de-2022-Edi\u00e7\u00e3o-Extraordin\u00e1ria.pdf\">&gt;&gt;\u00a0 Edi\u00e7\u00e3o 1425 de 29 de Setembro de 2022 &#8211; Edi\u00e7\u00e3o Extraordin\u00e1ria<\/a><\/strong><\/p>\n<p><strong><a href=\"https:\/\/www.orlandia.sp.gov.br\/novo\/wp-content\/uploads\/2022\/09\/Edi\u00e7\u00e3o-1424-de-28-de-Setembro-de-2022-Edi\u00e7\u00e3o-Extraordin\u00e1ria.pdf\">&gt;&gt;\u00a0 Edi\u00e7\u00e3o 1424 de 28 de Setembro de 2022 &#8211; Edi\u00e7\u00e3o Extraordin\u00e1ria<\/a><\/strong><\/p>\n<p><strong><a href=\"https:\/\/www.orlandia.sp.gov.br\/novo\/wp-content\/uploads\/2022\/09\/Edi\u00e7\u00e3o-1423-de-27-de-Setembro-de-2022.pdf\">&gt;&gt;\u00a0 Edi\u00e7\u00e3o 1423 de 27 de Setembro de 2022<\/a><\/strong><\/p>\n<p><strong><a href=\"https:\/\/www.orlandia.sp.gov.br\/novo\/wp-content\/uploads\/2022\/09\/Edi\u00e7\u00e3o-1422-de-26-de-Setembro-de-2022-Edi\u00e7\u00e3o-Extraordin\u00e1ria.pdf\">&gt;&gt;\u00a0 Edi\u00e7\u00e3o 1422 de 26 de Setembro de 2022 &#8211; Edi\u00e7\u00e3o Extraordin\u00e1ria<\/a><\/strong><\/p>\n<p><strong><a href=\"https:\/\/www.orlandia.sp.gov.br\/novo\/wp-content\/uploads\/2022\/09\/Edi\u00e7\u00e3o-1421-de-23-de-Setembro-de-2022.pdf\">&gt;&gt;\u00a0 Edi\u00e7\u00e3o 1421 de 23 de Setembro de 2022<\/a><\/strong><\/p>\n<p><strong><a href=\"https:\/\/www.orlandia.sp.gov.br\/novo\/wp-content\/uploads\/2022\/09\/Edi\u00e7\u00e3o-1420-de-22-de-Setembro-de-2022-Edi\u00e7\u00e3o-Extraordin\u00e1ria.pdf\">&gt;&gt;\u00a0 Edi\u00e7\u00e3o 1420 de 22 de Setembro de 2022 &#8211; Edi\u00e7\u00e3o Extraordin\u00e1ria<\/a><\/strong><\/p>\n<p><strong><a href=\"https:\/\/www.orlandia.sp.gov.br\/novo\/wp-content\/uploads\/2022\/09\/Edi\u00e7\u00e3o-1419-de-21-de-Setembro-de-2022-Edi\u00e7\u00e3o-Extraordin\u00e1ria.pdf\">&gt;&gt;\u00a0 Edi\u00e7\u00e3o 1419 de 21 de Setembro de 2022 &#8211; Edi\u00e7\u00e3o Extraordin\u00e1ria<\/a><\/strong><\/p>\n<p><strong><a href=\"https:\/\/www.orlandia.sp.gov.br\/novo\/wp-content\/uploads\/2022\/09\/Edi\u00e7\u00e3o-1418-de-20-de-Setembro-de-2022.pdf\">&gt;&gt;\u00a0 Edi\u00e7\u00e3o 1418 de 20 de Setembro de 2022<\/a><\/strong><\/p>\n<p><strong><a href=\"https:\/\/www.orlandia.sp.gov.br\/novo\/wp-content\/uploads\/2022\/09\/Edi\u00e7\u00e3o-1417-de-19-de-Setembro-de-2022-Edi\u00e7\u00e3o-Extraordin\u00e1ria.pdf\">&gt;&gt;\u00a0 Edi\u00e7\u00e3o 1417 de 19 de Setembro de 2022 &#8211; Edi\u00e7\u00e3o Extraordin\u00e1ria<\/a><\/strong><\/p>\n<p><strong><a href=\"https:\/\/www.orlandia.sp.gov.br\/novo\/wp-content\/uploads\/2022\/09\/Edi\u00e7\u00e3o-1416-de-16-de-Setembro-de-2022.pdf\">&gt;&gt;\u00a0 Edi\u00e7\u00e3o 1416 de 16 de Setembro de 2022<\/a><\/strong><\/p>\n<p><strong><a href=\"https:\/\/www.orlandia.sp.gov.br\/novo\/wp-content\/uploads\/2022\/09\/Edi\u00e7\u00e3o-1415-de-15-de-Setembro-de-2022-Edi\u00e7\u00e3o-Extraordin\u00e1ria.pdf\">&gt;&gt;\u00a0 Edi\u00e7\u00e3o 1415 de 15 de Setembro de 2022 &#8211; Edi\u00e7\u00e3o Extraordin\u00e1ria<\/a><\/strong><\/p>\n<p><strong><a href=\"https:\/\/www.orlandia.sp.gov.br\/novo\/wp-content\/uploads\/2022\/09\/Edi\u00e7\u00e3o-1414-de-14-de-Setembro-de-2022-Edi\u00e7\u00e3o-Extraordin\u00e1ria.pdf\">&gt;&gt;\u00a0 Edi\u00e7\u00e3o 1414 de 14 de Setembro de 2022 &#8211; Edi\u00e7\u00e3o Extraordin\u00e1ria<\/a><\/strong><\/p>\n<p><strong><a href=\"https:\/\/www.orlandia.sp.gov.br\/novo\/wp-content\/uploads\/2022\/09\/Edi\u00e7\u00e3o-1413-de-13-de-Setembro-de-2022.pdf\">&gt;&gt;\u00a0 Edi\u00e7\u00e3o 1413 de 13 de Setembro de 2022<\/a><\/strong><\/p>\n<p><strong><a href=\"https:\/\/www.orlandia.sp.gov.br\/novo\/wp-content\/uploads\/2022\/09\/Edi\u00e7\u00e3o-1412-de-12-de-Setembro-de-2022-Edi\u00e7\u00e3o-Extraordin\u00e1ria.pdf\">&gt;&gt;\u00a0 Edi\u00e7\u00e3o 1412 de 12 de Setembro de 2022 &#8211; Edi\u00e7\u00e3o Extraordin\u00e1ria<\/a><\/strong><\/p>\n<p><strong><a href=\"https:\/\/www.orlandia.sp.gov.br\/novo\/wp-content\/uploads\/2022\/09\/Edi\u00e7\u00e3o-1411-de-09-de-Setembro-de-2022.pdf\">&gt;&gt;\u00a0 Edi\u00e7\u00e3o 1411 de 09 de Setembro de 2022<\/a><\/strong><\/p>\n<p><strong><a href=\"https:\/\/www.orlandia.sp.gov.br\/novo\/wp-content\/uploads\/2022\/09\/Edi\u00e7\u00e3o-1410-de-08-de-Setembro-de-2022-Edi\u00e7\u00e3o-Extraordin\u00e1ria.pdf\">&gt;&gt;\u00a0 Edi\u00e7\u00e3o 1410 de 08 de Setembro de 2022 &#8211; Edi\u00e7\u00e3o Extraordin\u00e1ria<\/a><\/strong><\/p>\n<p><strong><a href=\"https:\/\/www.orlandia.sp.gov.br\/novo\/wp-content\/uploads\/2022\/09\/Edi\u00e7\u00e3o-1409-de-06-de-Setembro-de-2022.pdf\">&gt;&gt;\u00a0 Edi\u00e7\u00e3o 1409 de 06 de Setembro de 2022<\/a><\/strong><\/p>\n<p><strong><a href=\"https:\/\/www.orlandia.sp.gov.br\/novo\/wp-content\/uploads\/2022\/09\/Edi\u00e7\u00e3o-1408-de-05-de-Setembro-de-2022-Edi\u00e7\u00e3o-Extraordin\u00e1ria.pdf\">&gt;&gt;\u00a0 Edi\u00e7\u00e3o 1408 de 05 de Setembro de 2022 &#8211; Edi\u00e7\u00e3o Extraordin\u00e1ria<\/a><\/strong><\/p>\n<p><strong><a href=\"https:\/\/www.orlandia.sp.gov.br\/novo\/wp-content\/uploads\/2022\/09\/Edi\u00e7\u00e3o-1407-de-02-de-Setembro-de-2022.pdf\">&gt;&gt;\u00a0 Edi\u00e7\u00e3o 1407 de 02 de Setembro de 2022<\/a><\/strong><\/p>\n<p><strong><a href=\"https:\/\/www.orlandia.sp.gov.br\/novo\/wp-content\/uploads\/2022\/09\/Edi\u00e7\u00e3o-1406-de-01-de-Setembro-de-2022-Edi\u00e7\u00e3o-Extraordin\u00e1ria.pdf\">&gt;&gt;\u00a0 Edi\u00e7\u00e3o 1406 de 01 de Setembro de 2022 &#8211; Edi\u00e7\u00e3o Extraordin\u00e1ria<\/a><\/strong><\/p>\n<p>&nbsp;<\/p>\n<p>&nbsp;<\/p>\n<p>&nbsp;<\/p>\n<p>&nbsp;<\/p>\n<p>&nbsp;<\/p>\n","protected":false},"excerpt":{"rendered":"<p>Clique aqui para Acessar as Edi\u00e7\u00f5es de Setembro &nbsp; &gt;&gt;\u00a0 Edi\u00e7\u00e3o 1426 de 30 de Setembro de 2022 &gt;&gt;\u00a0 Edi\u00e7\u00e3o<\/p>\n","protected":false},"author":1,"featured_media":0,"parent":0,"menu_order":0,"comment_status":"closed","ping_status":"closed","template":"","meta":{"ngg_post_thumbnail":0,"footnotes":""},"magazineBlocksPostFeaturedMedia":{"thumbnail":false,"medium":false,"medium_large":false,"large":false,"1536x1536":false,"2048x2048":false,"colormag-highlighted-post":false,"colormag-featured-post-medium":false,"colormag-featured-post-small":false,"colormag-featured-image":false,"colormag-default-news":false,"colormag-featured-image-large":false},"magazineBlocksPostAuthor":{"name":"admin","avatar":"https:\/\/secure.gravatar.com\/avatar\/5140b312f1bcbe8516bfaa79917f11b3?s=96&d=mm&r=g"},"magazineBlocksPostCommentsNumber":false,"magazineBlocksPostExcerpt":"Clique aqui para Acessar as Edi\u00e7\u00f5es de Setembro &nbsp; &gt;&gt;\u00a0 Edi\u00e7\u00e3o 1426 de 30 de Setembro de 2022 &gt;&gt;\u00a0 Edi\u00e7\u00e3o","magazineBlocksPostCategories":[],"_links":{"self":[{"href":"https:\/\/www.orlandia.sp.gov.br\/novo\/wp-json\/wp\/v2\/pages\/23410"}],"collection":[{"href":"https:\/\/www.orlandia.sp.gov.br\/novo\/wp-json\/wp\/v2\/pages"}],"about":[{"href":"https:\/\/www.orlandia.sp.gov.br\/novo\/wp-json\/wp\/v2\/types\/page"}],"author":[{"embeddable":true,"href":"https:\/\/www.orlandia.sp.gov.br\/novo\/wp-json\/wp\/v2\/users\/1"}],"replies":[{"embeddable":true,"href":"https:\/\/www.orlandia.sp.gov.br\/novo\/wp-json\/wp\/v2\/comments?post=23410"}],"version-history":[{"count":3,"href":"https:\/\/www.orlandia.sp.gov.br\/novo\/wp-json\/wp\/v2\/pages\/23410\/revisions"}],"predecessor-version":[{"id":23776,"href":"https:\/\/www.orlandia.sp.gov.br\/novo\/wp-json\/wp\/v2\/pages\/23410\/revisions\/23776"}],"wp:attachment":[{"href":"https:\/\/www.orlandia.sp.gov.br\/novo\/wp-json\/wp\/v2\/media?parent=23410"}],"curies":[{"name":"wp","href":"https:\/\/api.w.org\/{rel}","templated":true}]}}