{"id":23238,"date":"2022-08-01T15:06:38","date_gmt":"2022-08-01T18:06:38","guid":{"rendered":"https:\/\/www.orlandia.sp.gov.br\/novo\/?page_id=23238"},"modified":"2022-09-02T10:30:12","modified_gmt":"2022-09-02T13:30:12","slug":"jornal-oficial-de-orlandia-agosto-de-2022","status":"publish","type":"page","link":"https:\/\/www.orlandia.sp.gov.br\/novo\/jornal-oficial-de-orlandia-agosto-de-2022","title":{"rendered":"Jornal Oficial de Orl\u00e2ndia \u2013 Agosto de 2022"},"content":{"rendered":"<p><strong><a href=\"https:\/\/imprensaoficialmunicipal.com.br\/orlandia\" target=\"_blank\">Clique aqui<\/a><\/strong> para Acessar as Edi\u00e7\u00f5es de Agosto<\/p>\n<p>&nbsp;<\/p>\n<p><a href=\"https:\/\/www.orlandia.sp.gov.br\/novo\/wp-content\/uploads\/2022\/08\/Edi\u00e7\u00e3o-1405-de-31-de-Agosto-de-2022-Edi\u00e7\u00e3o-Extraordin\u00e1ria.pdf\">&gt;&gt;\u00a0 Edi\u00e7\u00e3o 1405 de 31 de Agosto de 2022 &#8211; Edi\u00e7\u00e3o Extraordin\u00e1ria<\/a><\/p>\n<p><a href=\"https:\/\/www.orlandia.sp.gov.br\/novo\/wp-content\/uploads\/2022\/08\/Edi\u00e7\u00e3o-1404-de-30-de-Agosto-de-2022.pdf\">&gt;&gt;\u00a0 Edi\u00e7\u00e3o 1404 de 30 de Agosto de 2022<\/a><\/p>\n<p><a href=\"https:\/\/www.orlandia.sp.gov.br\/novo\/wp-content\/uploads\/2022\/08\/Edi\u00e7\u00e3o-1403-de-29-de-Agosto-de-2022-Edi\u00e7\u00e3o-Extraordin\u00e1ria.pdf\">&gt;&gt;\u00a0 Edi\u00e7\u00e3o 1403 de 29 de Agosto de 2022 &#8211; Edi\u00e7\u00e3o Extraordin\u00e1ria<\/a><\/p>\n<p><a href=\"https:\/\/www.orlandia.sp.gov.br\/novo\/wp-content\/uploads\/2022\/08\/Edi\u00e7\u00e3o-1402-de-26-de-Agosto-de-2022.pdf\">&gt;&gt;\u00a0 Edi\u00e7\u00e3o 1402 de 26 de Agosto de 2022<\/a><\/p>\n<p><a href=\"https:\/\/www.orlandia.sp.gov.br\/novo\/wp-content\/uploads\/2022\/08\/Edi\u00e7\u00e3o-1401-de-25-de-Agosto-de-2022-Edi\u00e7\u00e3o-Extraordin\u00e1ria.pdf\">&gt;&gt;\u00a0 Edi\u00e7\u00e3o 1401 de 25 de Agosto de 2022 &#8211; Edi\u00e7\u00e3o Extraordin\u00e1ria<\/a><\/p>\n<p><a href=\"https:\/\/www.orlandia.sp.gov.br\/novo\/wp-content\/uploads\/2022\/08\/Edi\u00e7\u00e3o-1400-de-24-de-Agosto-de-2022-Edi\u00e7\u00e3o-Extraordin\u00e1ria.pdf\">&gt;&gt;\u00a0 Edi\u00e7\u00e3o 1400 de 24 de Agosto de 2022 &#8211; Edi\u00e7\u00e3o Extraordin\u00e1ria<\/a><\/p>\n<p><a href=\"https:\/\/www.orlandia.sp.gov.br\/novo\/wp-content\/uploads\/2022\/08\/Edi\u00e7\u00e3o-1399-de-23-de-Agosto-de-2022.pdf\">&gt;&gt;\u00a0 Edi\u00e7\u00e3o 1399 de 23 de Agosto de 2022<\/a><\/p>\n<p><a href=\"https:\/\/www.orlandia.sp.gov.br\/novo\/wp-content\/uploads\/2022\/08\/Edi\u00e7\u00e3o-1398-de-22-de-Agosto-de-2022-Edi\u00e7\u00e3o-Extraordin\u00e1ria.pdf\">&gt;&gt;\u00a0 Edi\u00e7\u00e3o 1398 de 22 de Agosto de 2022 &#8211; Edi\u00e7\u00e3o Extraordin\u00e1ria<\/a><\/p>\n<p><a href=\"https:\/\/www.orlandia.sp.gov.br\/novo\/wp-content\/uploads\/2022\/08\/Edi\u00e7\u00e3o-1397-de-19-de-Agosto-de-2022.pdf\">&gt;&gt;\u00a0 Edi\u00e7\u00e3o 1397 de 19 de Agosto de 2022<\/a><\/p>\n<p><a href=\"https:\/\/www.orlandia.sp.gov.br\/novo\/wp-content\/uploads\/2022\/08\/Edi\u00e7\u00e3o-1396-de-18-de-Agosto-de-2022-Edi\u00e7\u00e3o-Extraordin\u00e1ria.pdf\">&gt;&gt;\u00a0 Edi\u00e7\u00e3o 1396 de 18 de Agosto de 2022 &#8211; Edi\u00e7\u00e3o Extraordin\u00e1ria<\/a><\/p>\n<p><a href=\"https:\/\/www.orlandia.sp.gov.br\/novo\/wp-content\/uploads\/2022\/08\/Edi\u00e7\u00e3o-1395-de-17-de-Agosto-de-2022-Edi\u00e7\u00e3o-Extraordin\u00e1ria.pdf\">&gt;&gt;\u00a0 Edi\u00e7\u00e3o 1395 de 17 de Agosto de 2022 &#8211; Edi\u00e7\u00e3o Extraordin\u00e1ria<\/a><\/p>\n<p><a href=\"https:\/\/www.orlandia.sp.gov.br\/novo\/wp-content\/uploads\/2022\/08\/Edi\u00e7\u00e3o-1394-de-16-de-Agosto-de-2022-Edi\u00e7\u00e3o-Extraordin\u00e1ria.pdf\">&gt;&gt;\u00a0 Edi\u00e7\u00e3o 1394 de 16 de Agosto de 2022 &#8211; Edi\u00e7\u00e3o Extraordin\u00e1ria<\/a><\/p>\n<p><a href=\"https:\/\/www.orlandia.sp.gov.br\/novo\/wp-content\/uploads\/2022\/08\/Edi\u00e7\u00e3o-1393-de-16-de-Agosto-de-2022.pdf\">&gt;&gt;\u00a0 Edi\u00e7\u00e3o 1393 de 16 de Agosto de 2022<\/a><\/p>\n<p><a href=\"https:\/\/www.orlandia.sp.gov.br\/novo\/wp-content\/uploads\/2022\/08\/Edi\u00e7\u00e3o-1392-de-15-de-Agosto-de-2022-Edi\u00e7\u00e3o-Extraordin\u00e1ria.pdf\">&gt;&gt;\u00a0 Edi\u00e7\u00e3o 1392 de 15 de Agosto de 2022 &#8211; Edi\u00e7\u00e3o Extraordin\u00e1ria<\/a><\/p>\n<p><a href=\"https:\/\/www.orlandia.sp.gov.br\/novo\/wp-content\/uploads\/2022\/08\/Edi\u00e7\u00e3o-1391-de-12-de-Agosto-de-2022.pdf\">&gt;&gt;\u00a0 Edi\u00e7\u00e3o 1391 de 12 de Agosto de 2022<\/a><\/p>\n<p><a href=\"https:\/\/www.orlandia.sp.gov.br\/novo\/wp-content\/uploads\/2022\/08\/Edi\u00e7\u00e3o-1390-de-11-de-Agosto-de-2022-Edi\u00e7\u00e3o-Extraordin\u00e1ria.pdf\">&gt;&gt;\u00a0 Edi\u00e7\u00e3o 1390 de 11 de Agosto de 2022 &#8211; Edi\u00e7\u00e3o Extraordin\u00e1ria<\/a><\/p>\n<p><a href=\"https:\/\/www.orlandia.sp.gov.br\/novo\/wp-content\/uploads\/2022\/08\/Edi\u00e7\u00e3o-1389-de-10-de-Agosto-de-2022-Edi\u00e7\u00e3o-Extraordin\u00e1ria.pdf\">&gt;&gt;\u00a0 Edi\u00e7\u00e3o 1389 de 10 de Agosto de 2022 &#8211; Edi\u00e7\u00e3o Extraordin\u00e1ria<\/a><\/p>\n<p><a href=\"https:\/\/www.orlandia.sp.gov.br\/novo\/wp-content\/uploads\/2022\/08\/Edi\u00e7\u00e3o-1388-de-09-de-Agosto-de-2022.pdf\">&gt;&gt;\u00a0 Edi\u00e7\u00e3o 1388 de 09 de Agosto de 2022<\/a><\/p>\n<p><a href=\"https:\/\/www.orlandia.sp.gov.br\/novo\/wp-content\/uploads\/2022\/08\/Edi\u00e7\u00e3o-1387-de-08-de-Agosto-de-2022-Edi\u00e7\u00e3o-Extraordin\u00e1ria.pdf\">&gt;&gt;\u00a0 Edi\u00e7\u00e3o 1387 de 08 de Agosto de 2022 &#8211; Edi\u00e7\u00e3o Extraordin\u00e1ria<\/a><\/p>\n<p><a href=\"https:\/\/www.orlandia.sp.gov.br\/novo\/wp-content\/uploads\/2022\/08\/Edi\u00e7\u00e3o-1386-de-06-de-Agosto-de-2022.pdf\">&gt;&gt;\u00a0 Edi\u00e7\u00e3o 1386 de 06 de Agosto de 2022<\/a><\/p>\n<p><a href=\"https:\/\/www.orlandia.sp.gov.br\/novo\/wp-content\/uploads\/2022\/08\/Edi\u00e7\u00e3o-1385-de-04-de-Agosto-de-2022-Edi\u00e7\u00e3o-Extraordin\u00e1ria.pdf\">&gt;&gt;\u00a0 Edi\u00e7\u00e3o 1385 de 04 de Agosto de 2022 &#8211; Edi\u00e7\u00e3o Extraordin\u00e1ria<\/a><\/p>\n<p><a href=\"https:\/\/www.orlandia.sp.gov.br\/novo\/wp-content\/uploads\/2022\/08\/Edi\u00e7\u00e3o-1384-de-03-de-Agosto-de-2022-Edi\u00e7\u00e3o-Extraordin\u00e1ria.pdf\">&gt;&gt;\u00a0 Edi\u00e7\u00e3o 1384 de 03 de Agosto de 2022 &#8211; Edi\u00e7\u00e3o Extraordin\u00e1ria<\/a><\/p>\n<p><a href=\"https:\/\/www.orlandia.sp.gov.br\/novo\/wp-content\/uploads\/2022\/08\/Edi\u00e7\u00e3o-1383-de-02-de-Agosto-de-2022.pdf\">&gt;&gt;\u00a0 Edi\u00e7\u00e3o 1383 de 02 de Agosto de 2022<\/a><\/p>\n<p><a href=\"https:\/\/www.orlandia.sp.gov.br\/novo\/wp-content\/uploads\/2022\/08\/Edi\u00e7\u00e3o-1382-de-01-de-Agosto-de-2022-Edi\u00e7\u00e3o-Extraordin\u00e1ria.pdf\">&gt;&gt;\u00a0 Edi\u00e7\u00e3o 1382 de 01 de Agosto de 2022 &#8211; Edi\u00e7\u00e3o Extraordin\u00e1ria<\/a><\/p>\n<p>&nbsp;<\/p>\n<p>&nbsp;<\/p>\n<p>&nbsp;<\/p>\n<p>&nbsp;<\/p>\n<p>&nbsp;<\/p>\n","protected":false},"excerpt":{"rendered":"<p>Clique aqui para Acessar as Edi\u00e7\u00f5es de Agosto &nbsp; &gt;&gt;\u00a0 Edi\u00e7\u00e3o 1405 de 31 de Agosto de 2022 &#8211; Edi\u00e7\u00e3o<\/p>\n","protected":false},"author":1,"featured_media":0,"parent":0,"menu_order":0,"comment_status":"closed","ping_status":"closed","template":"","meta":{"ngg_post_thumbnail":0,"footnotes":""},"magazineBlocksPostFeaturedMedia":{"thumbnail":false,"medium":false,"medium_large":false,"large":false,"1536x1536":false,"2048x2048":false,"colormag-highlighted-post":false,"colormag-featured-post-medium":false,"colormag-featured-post-small":false,"colormag-featured-image":false,"colormag-default-news":false,"colormag-featured-image-large":false},"magazineBlocksPostAuthor":{"name":"admin","avatar":"https:\/\/secure.gravatar.com\/avatar\/5140b312f1bcbe8516bfaa79917f11b3?s=96&d=mm&r=g"},"magazineBlocksPostCommentsNumber":false,"magazineBlocksPostExcerpt":"Clique aqui para Acessar as Edi\u00e7\u00f5es de Agosto &nbsp; &gt;&gt;\u00a0 Edi\u00e7\u00e3o 1405 de 31 de Agosto de 2022 &#8211; Edi\u00e7\u00e3o","magazineBlocksPostCategories":[],"_links":{"self":[{"href":"https:\/\/www.orlandia.sp.gov.br\/novo\/wp-json\/wp\/v2\/pages\/23238"}],"collection":[{"href":"https:\/\/www.orlandia.sp.gov.br\/novo\/wp-json\/wp\/v2\/pages"}],"about":[{"href":"https:\/\/www.orlandia.sp.gov.br\/novo\/wp-json\/wp\/v2\/types\/page"}],"author":[{"embeddable":true,"href":"https:\/\/www.orlandia.sp.gov.br\/novo\/wp-json\/wp\/v2\/users\/1"}],"replies":[{"embeddable":true,"href":"https:\/\/www.orlandia.sp.gov.br\/novo\/wp-json\/wp\/v2\/comments?post=23238"}],"version-history":[{"count":4,"href":"https:\/\/www.orlandia.sp.gov.br\/novo\/wp-json\/wp\/v2\/pages\/23238\/revisions"}],"predecessor-version":[{"id":23520,"href":"https:\/\/www.orlandia.sp.gov.br\/novo\/wp-json\/wp\/v2\/pages\/23238\/revisions\/23520"}],"wp:attachment":[{"href":"https:\/\/www.orlandia.sp.gov.br\/novo\/wp-json\/wp\/v2\/media?parent=23238"}],"curies":[{"name":"wp","href":"https:\/\/api.w.org\/{rel}","templated":true}]}}