{"id":23055,"date":"2022-07-01T16:22:19","date_gmt":"2022-07-01T19:22:19","guid":{"rendered":"https:\/\/www.orlandia.sp.gov.br\/novo\/?page_id=23055"},"modified":"2022-09-02T10:20:56","modified_gmt":"2022-09-02T13:20:56","slug":"jornal-oficial-de-orlandia-julho-de-2022","status":"publish","type":"page","link":"https:\/\/www.orlandia.sp.gov.br\/novo\/jornal-oficial-de-orlandia-julho-de-2022","title":{"rendered":"Jornal Oficial de Orl\u00e2ndia \u2013 Julho de 2022"},"content":{"rendered":"<p><strong><a href=\"https:\/\/imprensaoficialmunicipal.com.br\/orlandia\" target=\"_blank\">Clique aqui<\/a><\/strong> para Acessar as Edi\u00e7\u00f5es de Julho<\/p>\n<p>&nbsp;<\/p>\n<p><a href=\"https:\/\/www.orlandia.sp.gov.br\/novo\/wp-content\/uploads\/2022\/07\/Edi\u00e7\u00e3o-1381-de-29-de-Julho-de-2022.pdf\">&gt;&gt;\u00a0 Edi\u00e7\u00e3o 1381 de 29 de Julho de 2022<\/a><\/p>\n<p><a href=\"https:\/\/www.orlandia.sp.gov.br\/novo\/wp-content\/uploads\/2022\/07\/Edi\u00e7\u00e3o-1380-de-28-de-Julho-de-2022-Edi\u00e7\u00e3o-Extraordin\u00e1ria.pdf\">&gt;&gt;\u00a0 Edi\u00e7\u00e3o 1380 de 28 de Julho de 2022 &#8211; Edi\u00e7\u00e3o Extraordin\u00e1ria<\/a><\/p>\n<p><a href=\"https:\/\/www.orlandia.sp.gov.br\/novo\/wp-content\/uploads\/2022\/07\/Edi\u00e7\u00e3o-1379-de-27-de-Julho-de-2022-Edi\u00e7\u00e3o-Extraordin\u00e1ria.pdf\">&gt;&gt;\u00a0 Edi\u00e7\u00e3o 1379 de 27 de Julho de 2022 &#8211; Edi\u00e7\u00e3o Extraordin\u00e1ria<\/a><\/p>\n<p><a href=\"https:\/\/www.orlandia.sp.gov.br\/novo\/wp-content\/uploads\/2022\/07\/Edi\u00e7\u00e3o-1378-de-26-de-Julho-de-2022.pdf\">&gt;&gt;\u00a0 Edi\u00e7\u00e3o 1378 de 26 de Julho de 2022<\/a><\/p>\n<p><a href=\"https:\/\/www.orlandia.sp.gov.br\/novo\/wp-content\/uploads\/2022\/07\/Edi\u00e7\u00e3o-1377-de-25-de-Julho-de-2022-Edi\u00e7\u00e3o-Extraordin\u00e1ria.pdf\">&gt;&gt;\u00a0 Edi\u00e7\u00e3o 1377 de 25 de Julho de 2022 &#8211; Edi\u00e7\u00e3o Extraordin\u00e1ria<\/a><\/p>\n<p><a href=\"https:\/\/www.orlandia.sp.gov.br\/novo\/wp-content\/uploads\/2022\/07\/Edi\u00e7\u00e3o-1376-de-22-de-Julho-de-2022.pdf\">&gt;&gt;\u00a0 Edi\u00e7\u00e3o 1376 de 22 de Julho de 2022<\/a><\/p>\n<p><a href=\"https:\/\/www.orlandia.sp.gov.br\/novo\/wp-content\/uploads\/2022\/07\/Edi\u00e7\u00e3o-1375-de-21-de-Julho-de-2022-Edi\u00e7\u00e3o-Extraordin\u00e1ria.pdf\">&gt;&gt;\u00a0 Edi\u00e7\u00e3o 1375 de 21 de Julho de 2022 &#8211; Edi\u00e7\u00e3o Extraordin\u00e1ria<\/a><\/p>\n<p><a href=\"https:\/\/www.orlandia.sp.gov.br\/novo\/wp-content\/uploads\/2022\/07\/Edi\u00e7\u00e3o-1374-de-20-de-Julho-de-2022-Edi\u00e7\u00e3o-Extraordin\u00e1ria.pdf\">&gt;&gt;\u00a0 Edi\u00e7\u00e3o 1374 de 20 de Julho de 2022 &#8211; Edi\u00e7\u00e3o Extraordin\u00e1ria<\/a><\/p>\n<p><a href=\"https:\/\/www.orlandia.sp.gov.br\/novo\/wp-content\/uploads\/2022\/07\/Edi\u00e7\u00e3o-1373-de-19-de-Julho-de-2022.pdf\">&gt;&gt;\u00a0 Edi\u00e7\u00e3o 1373 de 19 de Julho de 2022<\/a><\/p>\n<p><a href=\"https:\/\/www.orlandia.sp.gov.br\/novo\/wp-content\/uploads\/2022\/07\/Edi\u00e7\u00e3o-1372-de-18-de-Julho-de-2022-Edi\u00e7\u00e3o-Extraordin\u00e1ria.pdf\">&gt;&gt;\u00a0 Edi\u00e7\u00e3o 1372 de 18 de Julho de 2022 &#8211; Edi\u00e7\u00e3o Extraordin\u00e1ria<\/a><\/p>\n<p><a href=\"https:\/\/www.orlandia.sp.gov.br\/novo\/wp-content\/uploads\/2022\/07\/Edi\u00e7\u00e3o-1371-de-15-de-Julho-de-2022.pdf\">&gt;&gt;\u00a0 Edi\u00e7\u00e3o 1371 de 15 de Julho de 2022<\/a><\/p>\n<p><a href=\"https:\/\/www.orlandia.sp.gov.br\/novo\/wp-content\/uploads\/2022\/07\/Edi\u00e7\u00e3o-1370-de-14-de-Julho-de-2022-Edi\u00e7\u00e3o-Extraordin\u00e1ria.pdf\">&gt;&gt;\u00a0 Edi\u00e7\u00e3o 1370 de 14 de Julho de 2022 &#8211; Edi\u00e7\u00e3o Extraordin\u00e1ria<\/a><\/p>\n<p><a href=\"https:\/\/www.orlandia.sp.gov.br\/novo\/wp-content\/uploads\/2022\/07\/Edi\u00e7\u00e3o-1369-de-13-de-Julho-de-2022-Edi\u00e7\u00e3o-Extraordin\u00e1ria.pdf\">&gt;&gt;\u00a0 Edi\u00e7\u00e3o 1369 de 13 de Julho de 2022 &#8211; Edi\u00e7\u00e3o Extraordin\u00e1ria<\/a><\/p>\n<p><a href=\"https:\/\/www.orlandia.sp.gov.br\/novo\/wp-content\/uploads\/2022\/07\/Edi\u00e7\u00e3o-1368-de-12-de-Julho-de-2022.pdf\">&gt;&gt;\u00a0 Edi\u00e7\u00e3o 1368 de 12 de Julho de 2022<\/a><\/p>\n<p><a href=\"https:\/\/www.orlandia.sp.gov.br\/novo\/wp-content\/uploads\/2022\/07\/Edi\u00e7\u00e3o-1367-de-11-de-Julho-de-2022-Edi\u00e7\u00e3o-Extraordin\u00e1ria.pdf\">&gt;&gt;\u00a0 Edi\u00e7\u00e3o 1367 de 11 de Julho de 2022 &#8211; Edi\u00e7\u00e3o Extraordin\u00e1ria<\/a><\/p>\n<p><a href=\"https:\/\/www.orlandia.sp.gov.br\/novo\/wp-content\/uploads\/2022\/07\/Edi\u00e7\u00e3o-1366-de-08-de-Julho-de-2022.pdf\">&gt;&gt;\u00a0 Edi\u00e7\u00e3o 1366 de 08 de Julho de 2022<\/a><\/p>\n<p><a href=\"https:\/\/www.orlandia.sp.gov.br\/novo\/wp-content\/uploads\/2022\/07\/Edi\u00e7\u00e3o-1365-de-07-de-Julho-de-2022-Edi\u00e7\u00e3o-Extraordin\u00e1ria.pdf\">&gt;&gt;\u00a0 Edi\u00e7\u00e3o 1365 de 07 de Julho de 2022 &#8211; Edi\u00e7\u00e3o Extraordin\u00e1ria<\/a><\/p>\n<p><a href=\"https:\/\/www.orlandia.sp.gov.br\/novo\/wp-content\/uploads\/2022\/07\/Edi\u00e7\u00e3o-1364-de-06-de-Julho-de-2022-Edi\u00e7\u00e3o-Extraordin\u00e1ria.pdf\">&gt;&gt;\u00a0 Edi\u00e7\u00e3o 1364 de 06 de Julho de 2022 &#8211; Edi\u00e7\u00e3o Extraordin\u00e1ria<\/a><\/p>\n<p><a href=\"https:\/\/www.orlandia.sp.gov.br\/novo\/wp-content\/uploads\/2022\/07\/Edi\u00e7\u00e3o-1363-de-05-de-Julho-de-2022-Edi\u00e7\u00e3o-Extraordin\u00e1ria.pdf\">&gt;&gt;\u00a0 Edi\u00e7\u00e3o 1363 de 05 de Julho de 2022 &#8211; Edi\u00e7\u00e3o Extraordin\u00e1ria<\/a><\/p>\n<p><a href=\"https:\/\/www.orlandia.sp.gov.br\/novo\/wp-content\/uploads\/2022\/07\/Edi\u00e7\u00e3o-1362-de-04-de-Julho-de-2022-Edi\u00e7\u00e3o-Extraordin\u00e1ria.pdf\">&gt;&gt;\u00a0 Edi\u00e7\u00e3o 1362 de 04 de Julho de 2022 &#8211; Edi\u00e7\u00e3o Extraordin\u00e1ria<\/a><\/p>\n<p><a href=\"https:\/\/www.orlandia.sp.gov.br\/novo\/wp-content\/uploads\/2022\/07\/Edi\u00e7\u00e3o-1361-de-01-de-Julho-de-2022.pdf\">&gt;&gt;\u00a0 Edi\u00e7\u00e3o 1361 de 01 de Julho de 2022<\/a><\/p>\n<p>&nbsp;<\/p>\n<p>&nbsp;<\/p>\n<p>&nbsp;<\/p>\n<p>&nbsp;<\/p>\n<p>&nbsp;<\/p>\n<p>&nbsp;<\/p>\n<p>&nbsp;<\/p>\n<p>&nbsp;<\/p>\n","protected":false},"excerpt":{"rendered":"<p>Clique aqui para Acessar as Edi\u00e7\u00f5es de Julho &nbsp; &gt;&gt;\u00a0 Edi\u00e7\u00e3o 1381 de 29 de Julho de 2022 &gt;&gt;\u00a0 Edi\u00e7\u00e3o<\/p>\n","protected":false},"author":1,"featured_media":0,"parent":0,"menu_order":0,"comment_status":"closed","ping_status":"closed","template":"","meta":{"ngg_post_thumbnail":0,"footnotes":""},"magazineBlocksPostFeaturedMedia":{"thumbnail":false,"medium":false,"medium_large":false,"large":false,"1536x1536":false,"2048x2048":false,"colormag-highlighted-post":false,"colormag-featured-post-medium":false,"colormag-featured-post-small":false,"colormag-featured-image":false,"colormag-default-news":false,"colormag-featured-image-large":false},"magazineBlocksPostAuthor":{"name":"admin","avatar":"https:\/\/secure.gravatar.com\/avatar\/5140b312f1bcbe8516bfaa79917f11b3?s=96&d=mm&r=g"},"magazineBlocksPostCommentsNumber":false,"magazineBlocksPostExcerpt":"Clique aqui para Acessar as Edi\u00e7\u00f5es de Julho &nbsp; &gt;&gt;\u00a0 Edi\u00e7\u00e3o 1381 de 29 de Julho de 2022 &gt;&gt;\u00a0 Edi\u00e7\u00e3o","magazineBlocksPostCategories":[],"_links":{"self":[{"href":"https:\/\/www.orlandia.sp.gov.br\/novo\/wp-json\/wp\/v2\/pages\/23055"}],"collection":[{"href":"https:\/\/www.orlandia.sp.gov.br\/novo\/wp-json\/wp\/v2\/pages"}],"about":[{"href":"https:\/\/www.orlandia.sp.gov.br\/novo\/wp-json\/wp\/v2\/types\/page"}],"author":[{"embeddable":true,"href":"https:\/\/www.orlandia.sp.gov.br\/novo\/wp-json\/wp\/v2\/users\/1"}],"replies":[{"embeddable":true,"href":"https:\/\/www.orlandia.sp.gov.br\/novo\/wp-json\/wp\/v2\/comments?post=23055"}],"version-history":[{"count":4,"href":"https:\/\/www.orlandia.sp.gov.br\/novo\/wp-json\/wp\/v2\/pages\/23055\/revisions"}],"predecessor-version":[{"id":23497,"href":"https:\/\/www.orlandia.sp.gov.br\/novo\/wp-json\/wp\/v2\/pages\/23055\/revisions\/23497"}],"wp:attachment":[{"href":"https:\/\/www.orlandia.sp.gov.br\/novo\/wp-json\/wp\/v2\/media?parent=23055"}],"curies":[{"name":"wp","href":"https:\/\/api.w.org\/{rel}","templated":true}]}}